{"id":9141,"date":"2025-04-01T14:05:03","date_gmt":"2025-04-01T06:05:03","guid":{"rendered":"https:\/\/zojopackaging.com\/?post_type=product&#038;p=9141"},"modified":"2025-04-01T14:27:26","modified_gmt":"2025-04-01T06:27:26","slug":"custom-magnetic-essential-oil-cosmetic-packaging-gift-box","status":"publish","type":"product","link":"https:\/\/zojopackaging.com\/pt\/product\/custom-magnetic-essential-oil-cosmetic-packaging-gift-box\/","title":{"rendered":"Caixa de presente magn\u00e9tica personalizada para embalagem de \u00f3leo essencial para cosm\u00e9ticos"},"content":{"rendered":"<h2 id=\"-1-magnetic-embedded-design-upgraded-safety-protection-\"><strong>1. Design magn\u00e9tico incorporado, prote\u00e7\u00e3o de seguran\u00e7a melhorada<\/strong><\/h2>\n<p>Adoptando uma estrutura de cobertura magn\u00e9tica patenteada, o \u00edman \u00e9 incorporado atrav\u00e9s de um inv\u00f3lucro de ferro e de uma folha de ferro galvanizado para evitar que o \u00edman fique exposto e desgastado, ao mesmo tempo que aumenta a for\u00e7a de adsor\u00e7\u00e3o unilateral. Concebida para frascos fr\u00e1geis de \u00f3leo essencial, abre e fecha suavemente e com firmeza, reduzindo a perda de \u00edmanes causada pela abertura frequente e prolongando a vida \u00fatil da embalagem. O revestimento \u00e9 feito de material EVA de alta densidade, combinado com tecnologia de amortecimento magn\u00e9tico para dispersar o impacto do transporte e proteger o frasco de \u00f3leo essencial de vidro de danos causados por vibra\u00e7\u00f5es em todas as direc\u00e7\u00f5es.<\/p>\n<h2 id=\"-2-double-sided-visual-enhancement-accurate-communication-of-brand-and-ingredients-\"><strong>2. Refor\u00e7o visual de dupla face, comunica\u00e7\u00e3o exacta da marca e dos ingredientes<\/strong><\/h2>\n<ul>\n<li><strong>Desenho frontal<\/strong>: Utilizar a tecnologia de impress\u00e3o offset de alta precis\u00e3o para apresentar o LOGOTIPO da marca e os principais elementos visuais, e combinar o processo de estampagem a quente\/UV para real\u00e7ar a textura luxuosa.<\/li>\n<li><strong>Desenho do dorso<\/strong>: Apresentar a lista de ingredientes do produto, as instru\u00e7\u00f5es de utiliza\u00e7\u00e3o e o log\u00f3tipo de certifica\u00e7\u00e3o ambiental num estilo minimalista, e utilizar a impress\u00e3o a cores diretas para garantir que o texto \u00e9 claro e sem manchas. O design diferenciado de dupla face tem em conta tanto a aquisi\u00e7\u00e3o de informa\u00e7\u00e3o do consumidor como a memoriza\u00e7\u00e3o da imagem da marca, e aumenta a atratividade da exposi\u00e7\u00e3o nas prateleiras.<\/li>\n<\/ul>\n<h2 id=\"-3-red-and-black-contrast-aesthetics-classic-and-tense-\"><strong>3. Contraste est\u00e9tico vermelho e preto, cl\u00e1ssico e tenso<\/strong><\/h2>\n<ul>\n<li><strong>Correspond\u00eancia de cores<\/strong>: A cor principal \u00e9 o preto mate vermelho chin\u00eas, com o preto mate como cor de embelezamento, formando um forte contraste visual.<\/li>\n<li><strong>Desempenho dos materiais<\/strong>: A parte preta utiliza papel revestido C2S de 157 g com pel\u00edcula mate e a \u00e1rea vermelha utiliza serigrafia e verniz local para melhorar a sensa\u00e7\u00e3o de camadas e diferen\u00e7as t\u00e1cteis, o que est\u00e1 em conformidade com a procura de requinte da ind\u00fastria cosm\u00e9tica.<\/li>\n<\/ul>\n<h2 id=\"-4-precise-printing-process-rigorous-quality-endorsement-\"><strong>4. Processo de impress\u00e3o preciso, controlo de qualidade rigoroso<\/strong><\/h2>\n<p>Adoptando a m\u00e1quina de impress\u00e3o alem\u00e3 Heidelberg de 6 cores, o controlo da diferen\u00e7a de cor \u0394E\u22641,5 (muito inferior ao padr\u00e3o da ind\u00fastria \u0394E\u22643), suportando cores diretas Pantone e modos de mistura de quatro cores. Todas as liga\u00e7\u00f5es de impress\u00e3o s\u00e3o calibradas e totalmente inspeccionadas 3 vezes para garantir que as arestas do padr\u00e3o s\u00e3o n\u00edtidas e a satura\u00e7\u00e3o da cor \u00e9 consistente, transmitindo o controlo rigoroso dos detalhes da marca e refor\u00e7ando a confian\u00e7a do consumidor.<\/p>\n<h2 id=\"-5-highly-flexible-customization-to-meet-diverse-needs-\"><strong>5. Personaliza\u00e7\u00e3o altamente flex\u00edvel para atender a diversas necessidades<\/strong><\/h2>\n<ul>\n<li><strong>Sele\u00e7\u00e3o do tipo de caixa<\/strong>: S\u00e3o fornecidos 12 tipos b\u00e1sicos de caixas, incluindo caixa flip, caixa de livros, caixa de gavetas, etc., e a personaliza\u00e7\u00e3o de estruturas com formas especiais \u00e9 suportada (como porta de suc\u00e7\u00e3o magn\u00e9tica em forma de arco ou janela oca).<\/li>\n<li><strong>Combina\u00e7\u00e3o de materiais<\/strong>: A caixa exterior \u00e9 uma placa cinzenta r\u00edgida de 1200g (resist\u00eancia \u00e0 compress\u00e3o \u2265800N), o forro \u00e9 feito de algod\u00e3o p\u00e9rola EPE degrad\u00e1vel e a superf\u00edcie \u00e9 coberta com um revestimento ecol\u00f3gico \u00e0 base de \u00e1gua, que cumpre as normas REACH da UE.<\/li>\n<li><strong>Expans\u00e3o do processo<\/strong>: Mais de 20 processos de tratamento de superf\u00edcie, como estampagem a quente, grava\u00e7\u00e3o em relevo e grava\u00e7\u00e3o a laser, s\u00e3o opcionais, e materiais como papel mate\/brilhante\/texturizado s\u00e3o suportados para se adaptarem a diferentes tons de produtos.<\/li>\n<\/ul>\n<h2 id=\"-6-precision-lining-cutting-zero-displacement-protection-\"><strong>6. Corte de precis\u00e3o do revestimento, prote\u00e7\u00e3o contra deslocamento zero<\/strong><\/h2>\n<p>Com base na modela\u00e7\u00e3o 3D e na tecnologia de corte a laser, o revestimento \u00e9 moldado 1:1 de acordo com a forma do frasco de \u00f3leo essencial, com uma toler\u00e2ncia controlada de \u00b10,1 mm para conseguir uma \"fixa\u00e7\u00e3o incorporada\". Para conjuntos de combina\u00e7\u00f5es de v\u00e1rias garrafas, podem ser concebidas ranhuras independentes para cart\u00f5es em camadas e a disposi\u00e7\u00e3o pode ser ajustada livremente com divis\u00f3rias magn\u00e9ticas para garantir zero vibra\u00e7\u00f5es durante o transporte.<\/p>\n<h2 id=\"-7-environmentally-friendly-and-sustainable-packaging-practicing-green-responsibility-\"><strong>7. Embalagens sustent\u00e1veis e amigas do ambiente, praticando a responsabilidade ecol\u00f3gica<\/strong><\/h2>\n<ul>\n<li><strong>Material principal<\/strong>: 157g de papel revestido C2S (certificado FSC) + 1200g de cart\u00e3o cinzento reciclado (taxa de reciclagem \u226585%), a embalagem global \u00e9 completamente degrad\u00e1vel.<\/li>\n<li><strong>Tinta<\/strong>: \u00c9 utilizada tinta ecol\u00f3gica \u00e0 base de soja, sem metais pesados e emiss\u00f5es de COV, e passou nos testes e na certifica\u00e7\u00e3o da SGS.<\/li>\n<li><strong>Conce\u00e7\u00e3o de redu\u00e7\u00e3o de pl\u00e1stico<\/strong>: A suc\u00e7\u00e3o magn\u00e9tica \u00e0 base de papel substitui as fivelas de pl\u00e1stico tradicionais, reduzindo a pegada de carbono em 40%.<\/li>\n<\/ul>\n<h2 id=\"-8-direct-supply-from-the-source-factory-efficient-service-guarantee-\"><strong>8. Fornecimento direto da f\u00e1brica de origem, garantia de servi\u00e7o eficiente<\/strong><\/h2>\n<ul>\n<li><strong>Vantagens do servi\u00e7o<\/strong>: Liga\u00e7\u00e3o direta com a f\u00e1brica de origem na China, apoio ao design gratuito, produ\u00e7\u00e3o de amostras em 3 dias,<\/li>\n<li><strong>Apoio total ao processo<\/strong>: Desde a comunica\u00e7\u00e3o da procura, passando pela sele\u00e7\u00e3o dos materiais, at\u00e9 \u00e0 produ\u00e7\u00e3o em s\u00e9rie, equipados com gestores de projeto exclusivos e equipas de inspe\u00e7\u00e3o da qualidade, proporcionando devolu\u00e7\u00f5es e trocas em 15 dias e uma garantia genu\u00edna.<\/li>\n<\/ul>","protected":false},"excerpt":{"rendered":"<p>Amplificador de marca - Converta a embalagem numa narrativa t\u00e1til com luxo a condizer.<br \/>\nEleg\u00e2ncia funcional - O selo magn\u00e9tico seguro evita derrames durante o transporte e armazenamento.<br \/>\n\ud83c\udf3f Design centrado no aroma - O forro de veludo protege os \u00f3leos delicados enquanto complementa as viagens de aromaterapia.<br \/>\nPronto para B2B - Pr\u00e9-configurado para encomendas a granel (MOQ 500 unidades) com entrega r\u00e1pida em 14 dias.<br \/>\n\u267b\ufe0f Green Prestige - Os materiais certificados pelo FSC cumprem as normas de conformidade grossista a n\u00edvel mundial.<\/p>","protected":false},"featured_media":9142,"template":"","meta":[],"product_brand":[],"product_cat":[30,390,424,31],"product_tag":[1083,775,616],"class_list":{"0":"post-9141","1":"product","2":"type-product","3":"status-publish","4":"has-post-thumbnail","6":"product_cat-by-industry","7":"product_cat-custom-cosmetics-boxes","8":"product_cat-magnetic-closure-boxes","9":"product_cat-paper-box-style","10":"product_tag-cosmetic-packaging-gift-box","11":"product_tag-custom-cosmetic-packaging","12":"product_tag-essential-oil-packaging","14":"first","15":"instock","16":"shipping-taxable","17":"product-type-simple"},"_links":{"self":[{"href":"https:\/\/zojopackaging.com\/pt\/wp-json\/wp\/v2\/product\/9141","targetHints":{"allow":["GET"]}}],"collection":[{"href":"https:\/\/zojopackaging.com\/pt\/wp-json\/wp\/v2\/product"}],"about":[{"href":"https:\/\/zojopackaging.com\/pt\/wp-json\/wp\/v2\/types\/product"}],"version-history":[{"count":1,"href":"https:\/\/zojopackaging.com\/pt\/wp-json\/wp\/v2\/product\/9141\/revisions"}],"predecessor-version":[{"id":9155,"href":"https:\/\/zojopackaging.com\/pt\/wp-json\/wp\/v2\/product\/9141\/revisions\/9155"}],"wp:featuredmedia":[{"embeddable":true,"href":"https:\/\/zojopackaging.com\/pt\/wp-json\/wp\/v2\/media\/9142"}],"wp:attachment":[{"href":"https:\/\/zojopackaging.com\/pt\/wp-json\/wp\/v2\/media?parent=9141"}],"wp:term":[{"taxonomy":"product_brand","embeddable":true,"href":"https:\/\/zojopackaging.com\/pt\/wp-json\/wp\/v2\/product_brand?post=9141"},{"taxonomy":"product_cat","embeddable":true,"href":"https:\/\/zojopackaging.com\/pt\/wp-json\/wp\/v2\/product_cat?post=9141"},{"taxonomy":"product_tag","embeddable":true,"href":"https:\/\/zojopackaging.com\/pt\/wp-json\/wp\/v2\/product_tag?post=9141"}],"curies":[{"name":"wp","href":"https:\/\/api.w.org\/{rel}","templated":true}]}}