{"id":9156,"date":"2025-04-01T14:28:09","date_gmt":"2025-04-01T06:28:09","guid":{"rendered":"https:\/\/zojopackaging.com\/?post_type=product&#038;p=9156"},"modified":"2025-04-01T14:51:48","modified_gmt":"2025-04-01T06:51:48","slug":"custom-logo-empty-cuticle-oil-pen-packaging-boxes-wholesale","status":"publish","type":"product","link":"https:\/\/zojopackaging.com\/pt\/product\/custom-logo-empty-cuticle-oil-pen-packaging-boxes-wholesale\/","title":{"rendered":"Logotipo personalizado Caixas de embalagem de caneta de \u00f3leo de cut\u00edcula vazias por atacado"},"content":{"rendered":"<h2 id=\"-designed-for-high-end-skincare-brands-a-packaging-solution-that-combines-environmental-protection-and-luxury-\"><strong>Concebida para marcas de cuidados de pele topo de gama, uma solu\u00e7\u00e3o de embalagem que combina prote\u00e7\u00e3o ambiental e luxo<\/strong><\/h2>\n<p>Como uma f\u00e1brica com 16 anos de experi\u00eancia na produ\u00e7\u00e3o de caixas de embalagem de caneta de \u00f3leo de cut\u00edcula, estamos empenhados em fornecer \u00e0s marcas globais de cuidados com a pele servi\u00e7os personalizados de uma paragem, desde o design at\u00e9 aos produtos acabados, e utilizando embalagens de alta qualidade para ajudar a aumentar o valor da marca. As vantagens principais do produto s\u00e3o as seguintes:<\/p>\n<h2 id=\"-1-high-density-environmentally-friendly-materials-to-protect-product-safety-\"><strong>1. Materiais ecol\u00f3gicos de alta densidade para proteger a seguran\u00e7a do produto<\/strong><\/h2>\n<p>A caixa de embalagem \u00e9 feita de cart\u00e3o ecol\u00f3gico de alta densidade e de materiais degrad\u00e1veis, que s\u00e3o fortes, resistentes \u00e0 press\u00e3o e ao impacto, garantindo que os produtos l\u00edquidos ou fr\u00e1geis, tais como ess\u00eancias, toners, \u00f3leos essenciais, etc., s\u00e3o protegidos contra a compress\u00e3o, a fuga ou a deteriora\u00e7\u00e3o durante o transporte e o armazenamento, transmitindo simultaneamente o conceito de prote\u00e7\u00e3o ambiental da marca.<\/p>\n<h2 id=\"-2-double-sided-creative-design-to-enhance-brand-communication-\"><strong>2. Design criativo de dupla face para melhorar a comunica\u00e7\u00e3o da marca<\/strong><\/h2>\n<p>-\u00a0<strong>Lado de exposi\u00e7\u00e3o dos ingredientes<\/strong>: A apresenta\u00e7\u00e3o cient\u00edfica apresenta as f\u00f3rmulas dos produtos, a sua efic\u00e1cia e as instru\u00e7\u00f5es de utiliza\u00e7\u00e3o para refor\u00e7ar o profissionalismo e a confian\u00e7a dos consumidores. -\u00a0<strong>Lado da imagem de marca<\/strong>: Atrav\u00e9s do LOGOTIPO art\u00edstico, dos slogans ou do design da hist\u00f3ria da marca, s\u00e3o criados pontos de mem\u00f3ria visual de alta qualidade para aprofundar as impress\u00f5es dos clientes. O design de dupla face maximiza a utiliza\u00e7\u00e3o do espa\u00e7o da embalagem, tendo em conta tanto o car\u00e1cter pr\u00e1tico como o valor comercial.<\/p>\n<h2 id=\"-3-magnetic-opening-and-closing-structure-to-create-a-light-luxury-experience-\"><strong>3. Estrutura magn\u00e9tica de abertura e fecho para criar uma experi\u00eancia de luxo leve<\/strong><\/h2>\n<p>- A caixa est\u00e1 equipada com um design de fivela magn\u00e9tica forte, que abre e fecha de forma suave e silenciosa, e \u00e9 reutiliz\u00e1vel sem desgaste, o que satisfaz as necessidades de produtos de cuidados da pele de alta qualidade e embalagens de presente para uma sensa\u00e7\u00e3o de ritual. - A superf\u00edcie \u00e9 coberta por uma pel\u00edcula t\u00e1til delicada, com cantos de corte precisos, real\u00e7ando o estilo requintado da marca.<\/p>\n<h2 id=\"-4-natural-warm-brown-tone-conveying-organic-concept-\"><strong>4. Tom castanho quente natural, transmitindo um conceito org\u00e2nico<\/strong><\/h2>\n<p>A cor principal da embalagem utiliza tons de terra, como o castanho quente e o caqui, combinados com textura mate ou tecnologia de textura parcial, para transmitir intuitivamente a imagem de marca natural, pura e sustent\u00e1vel, e atrair com precis\u00e3o grupos de consumidores amigos do ambiente.<\/p>\n<h2 id=\"-5-spot-uv-technology-efficient-production-and-visual-upgrade-\"><strong>5. Tecnologia Spot UV, produ\u00e7\u00e3o eficiente e atualiza\u00e7\u00e3o visual<\/strong><\/h2>\n<p>A tecnologia de impress\u00e3o UV local \u00e9 utilizada para obter o efeito tridimensional de alto brilho\/matte do LOGOTIPO, padr\u00e3o ou texto, com uma velocidade de cura r\u00e1pida e uma forte ader\u00eancia, o que reduz significativamente o ciclo de entrega. O processo \u00e9 compat\u00edvel com a impress\u00e3o cont\u00ednua de padr\u00f5es complexos, o que ajuda a satisfazer eficazmente encomendas de grandes volumes.<\/p>\n<h2 id=\"-6-all-round-customization-precise-adaptation-to-product-needs-\"><strong>6. Personaliza\u00e7\u00e3o total, adapta\u00e7\u00e3o exacta \u00e0s necessidades do produto<\/strong><\/h2>\n<p>-\u00a0<strong>Tipo e tamanho da caixa<\/strong>: Suporta v\u00e1rias estruturas, tais como caixas flip, caixas de gavetas, caixas em forma de livro, etc., e pode ser personalizada de forma flex\u00edvel de acordo com o tamanho do produto para minimizar o desperd\u00edcio de espa\u00e7o. -\u00a0<strong>Processo de revestimento interior<\/strong>: Moldar com precis\u00e3o de acordo com a forma da caneta de \u00f3leo para cut\u00edculas ou do frasco de \u00f3leo essencial, utilizar uma esponja EVA ou um revestimento de flocagem para fixar o produto, obter uma prote\u00e7\u00e3o de \"movimento zero\" e eliminar os danos causados pelos solavancos do transporte. -\u00a0<strong>Impress\u00e3o e material<\/strong>: Efeitos de superf\u00edcie personaliz\u00e1veis, tais como estampagem a quente, grava\u00e7\u00e3o em relevo, laser, etc., fornecem papel mate, papel art\u00edstico, papel canelado e outras op\u00e7\u00f5es de material.<\/p>\n<h2 id=\"-7-16-years-of-one-stop-service-quality-and-efficiency-double-guarantee-\"><strong>7. 16 anos de servi\u00e7o \u00fanico, dupla garantia de qualidade e efici\u00eancia<\/strong><\/h2>\n<p>Desde a proposta de design, testes de materiais, confirma\u00e7\u00e3o de provas at\u00e9 \u00e0 produ\u00e7\u00e3o em massa, todo o processo \u00e9 acompanhado profissionalmente por uma equipa s\u00e9nior para garantir que a caixa de embalagem atinge o melhor equil\u00edbrio entre fun\u00e7\u00e3o, beleza e custo, ajudando a marca a conquistar rapidamente o mercado.<\/p>\n<p><strong>Processo de coopera\u00e7\u00e3o<\/strong>: comunica\u00e7\u00e3o da procura \u2192 proposta de conce\u00e7\u00e3o \u2192 confirma\u00e7\u00e3o da prova 3D \u2192 entrega da produ\u00e7\u00e3o em massa\u00a0<strong>Quantidade m\u00ednima de encomenda flex\u00edvel<\/strong>: apoiar encomendas experimentais de pequenos e m\u00e9dios lotes e vendas por grosso em grande escala para satisfazer as necessidades das marcas em diferentes fases de desenvolvimento.<\/p>\n<p>Atrav\u00e9s de uma embalagem profissional para refor\u00e7ar o valor da marca, estamos ansiosos por trabalhar consigo para criar uma experi\u00eancia de cuidados da pele inesquec\u00edvel!<\/p>","protected":false},"excerpt":{"rendered":"<ul>\n<li>\ud83d\udee1\ufe0f Design protetor\uff1aProtege os \u00f3leos da luz UV, fugas e danos f\u00edsicos durante o transporte.<\/li>\n<li>Amplifica\u00e7\u00e3o da marca\uff1aA coloca\u00e7\u00e3o de log\u00f3tipo proeminente e os acabamentos personalizados elevam a autoridade da marca.<\/li>\n<li>Solu\u00e7\u00f5es escal\u00e1veis: Pre\u00e7os a granel e entrega r\u00e1pida para atacadistas; marca flex\u00edvel para startups.<\/li>\n<li>\u267b\ufe0f Eco-Consciente\uff1aOs materiais recicl\u00e1veis satisfazem as exig\u00eancias de embalagens sustent\u00e1veis.<\/li>\n<\/ul>","protected":false},"featured_media":9157,"template":"","meta":[],"product_brand":[],"product_cat":[30,390,424,31],"product_tag":[1084,1086,1085],"class_list":{"0":"post-9156","1":"product","2":"type-product","3":"status-publish","4":"has-post-thumbnail","6":"product_cat-by-industry","7":"product_cat-custom-cosmetics-boxes","8":"product_cat-magnetic-closure-boxes","9":"product_cat-paper-box-style","10":"product_tag-custom-cuticle-oil-packaging","11":"product_tag-cuticle-oil-packaging-wholesale","12":"product_tag-cuticle-oil-pen-packaging-boxes","14":"first","15":"instock","16":"shipping-taxable","17":"product-type-simple"},"_links":{"self":[{"href":"https:\/\/zojopackaging.com\/pt\/wp-json\/wp\/v2\/product\/9156","targetHints":{"allow":["GET"]}}],"collection":[{"href":"https:\/\/zojopackaging.com\/pt\/wp-json\/wp\/v2\/product"}],"about":[{"href":"https:\/\/zojopackaging.com\/pt\/wp-json\/wp\/v2\/types\/product"}],"version-history":[{"count":1,"href":"https:\/\/zojopackaging.com\/pt\/wp-json\/wp\/v2\/product\/9156\/revisions"}],"predecessor-version":[{"id":9163,"href":"https:\/\/zojopackaging.com\/pt\/wp-json\/wp\/v2\/product\/9156\/revisions\/9163"}],"wp:featuredmedia":[{"embeddable":true,"href":"https:\/\/zojopackaging.com\/pt\/wp-json\/wp\/v2\/media\/9157"}],"wp:attachment":[{"href":"https:\/\/zojopackaging.com\/pt\/wp-json\/wp\/v2\/media?parent=9156"}],"wp:term":[{"taxonomy":"product_brand","embeddable":true,"href":"https:\/\/zojopackaging.com\/pt\/wp-json\/wp\/v2\/product_brand?post=9156"},{"taxonomy":"product_cat","embeddable":true,"href":"https:\/\/zojopackaging.com\/pt\/wp-json\/wp\/v2\/product_cat?post=9156"},{"taxonomy":"product_tag","embeddable":true,"href":"https:\/\/zojopackaging.com\/pt\/wp-json\/wp\/v2\/product_tag?post=9156"}],"curies":[{"name":"wp","href":"https:\/\/api.w.org\/{rel}","templated":true}]}}