{"id":9164,"date":"2025-04-01T14:52:06","date_gmt":"2025-04-01T06:52:06","guid":{"rendered":"https:\/\/zojopackaging.com\/?post_type=product&#038;p=9164"},"modified":"2025-04-01T16:12:18","modified_gmt":"2025-04-01T08:12:18","slug":"custom-printed-jewelry-rigid-gift-box-wholesale-with-window","status":"publish","type":"product","link":"https:\/\/zojopackaging.com\/pt\/product\/custom-printed-jewelry-rigid-gift-box-wholesale-with-window\/","title":{"rendered":"Caixa de oferta r\u00edgida para j\u00f3ias com impress\u00e3o personalizada por atacado com janela"},"content":{"rendered":"<h2 id=\"-exclusive-custom-jewelry-hard-pull-out-gift-box-create-a-high-end-display-and-protection-experience-for-your-jewelry-\"><strong>Caixa de presente de papel de gaveta r\u00edgida para j\u00f3ias personalizada exclusiva\u00a0<\/strong><\/h2>\n<h2 id=\"1-convenient-pull-out-design-clear-at-a-glance-\">1.\u00a0<strong>Design c\u00f3modo da caixa de gavetas, clara \u00e0 primeira vista<\/strong><\/h2>\n<p>Com uma estrutura de extra\u00e7\u00e3o suave, todas as j\u00f3ias da caixa podem ser facilmente expostas com um leve pux\u00e3o, o que \u00e9 conveniente para a arruma\u00e7\u00e3o e evita a abertura e o fecho frequentes. O corpo da caixa \u00e9 est\u00e1vel e dur\u00e1vel, combinado com as necessidades de armazenamento de j\u00f3ias, para proteger as j\u00f3ias preciosas de choques e oxida\u00e7\u00e3o.<\/p>\n<h2 id=\"2-transparent-window-quick-product-positioning-\">2.\u00a0<strong>Janela transparente, posicionamento r\u00e1pido do produto<\/strong><\/h2>\n<p>A superf\u00edcie da caixa \u00e9 incrustada com uma janela em acr\u00edlico altamente transparente\/pvc ecol\u00f3gico, que permite visualizar claramente as j\u00f3ias interiores sem abrir a caixa, poupando tempo aos clientes para selecionar, ao mesmo tempo que aumenta o apelo da exposi\u00e7\u00e3o.<\/p>\n<h2 id=\"3-exquisite-ribbon-details-showing-luxurious-texture-\">3.\u00a0<strong>Detalhes requintados de fitas, com uma textura luxuosa<\/strong><\/h2>\n<p>O corpo da caixa \u00e9 combinado com uma fita de cetim mate\/brilhante (a cor pode ser personalizada), que pode ser utilizada como elemento auxiliar ou decorativo, dando \u00e0 caixa de oferta um toque elegante e um n\u00edvel visual, e melhorando a sensa\u00e7\u00e3o de cerim\u00f3nia ao abrir a caixa.<\/p>\n<h2 id=\"4-classic-black-box-body-highlighting-the-brand-style-\">4.\u00a0<strong>Corpo cl\u00e1ssico em caixa preta, real\u00e7ando o estilo da marca<\/strong><\/h2>\n<p>O corpo da caixa \u00e9 feito de cart\u00e3o duro preto de alta qualidade\/materiais especiais, com tratamento de superf\u00edcie opcional mate, brilhante ou texturado (como estampagem a quente, grava\u00e7\u00e3o em relevo, processo UV), que real\u00e7a o posicionamento de alta qualidade das j\u00f3ias de uma forma discreta.<\/p>\n<h2 id=\"5-three-dimensional-pillow-lining-professional-jewelry-display-\">5.\u00a0<strong>Forro de almofada tridimensional, exposi\u00e7\u00e3o profissional de j\u00f3ias<\/strong><\/h2>\n<p>Esponja de alta densidade incorporada + forro de flanela de PVC\/PU, ranhura personalizada ou design convexo de acordo com o contorno das j\u00f3ias, suporte est\u00e1vel e apresenta\u00e7\u00e3o tridimensional dos produtos, evita a agita\u00e7\u00e3o e o desgaste e real\u00e7a a beleza da exposi\u00e7\u00e3o.<\/p>\n<h2 id=\"-exclusive-customization-service-deep-matching-brand-needs-\"><strong>Servi\u00e7o de personaliza\u00e7\u00e3o exclusivo - correspond\u00eancia profunda com as necessidades da marca<\/strong><\/h2>\n<ul>\n<li><strong>Op\u00e7\u00f5es de personaliza\u00e7\u00e3o flex\u00edveis<\/strong>: o tipo de caixa (extra\u00edvel\/tipo de livro\/base e tampa inferior), o tamanho, o material (cart\u00e3o ecol\u00f3gico\/madeira\/borda met\u00e1lica), a cor (restaura\u00e7\u00e3o exacta do n\u00famero de cor Pantone), o processo de impress\u00e3o (estampagem a quente do LOGOTIPO\/serigrafia\/embossing) podem ser concebidos a pedido.<\/li>\n<li><strong>Desenho personalizado do forro<\/strong>: De acordo com a categoria de j\u00f3ias (colares, an\u00e9is, brincos, etc.) e o tom da marca, fornecemos solu\u00e7\u00f5es como grelhas, ranhuras com formas especiais, revestimentos da cor da marca, LOGOTIPO bordado, etc., para melhorar o reconhecimento do produto.<\/li>\n<li><strong>Adapta\u00e7\u00e3o do posicionamento no mercado<\/strong>: Desde o minimalismo de luxo ligeiro ao luxo retro, combinamos a sua base de clientes e a hist\u00f3ria da sua marca para criar uma solu\u00e7\u00e3o de embalagem totalmente ligada, desde a caixa exterior ao forro, para melhorar a experi\u00eancia de desembalagem e o pr\u00e9mio da marca.<\/li>\n<\/ul>\n<h3 id=\"-16-years-of-production-experience-quality-assurance-worry-free-service-\"><strong>16 anos de experi\u00eancia de produ\u00e7\u00e3o - garantia de qualidade, servi\u00e7o sem preocupa\u00e7\u00f5es<\/strong><\/h3>\n<p>Como uma f\u00e1brica poderosa com 16 anos de cultivo profundo na ind\u00fastria de embalagens de j\u00f3ias, n\u00f3s fornecemos: \u2705\u00a0<strong>Servi\u00e7o de balc\u00e3o \u00fanico<\/strong>: Design, prova, produ\u00e7\u00e3o, inspe\u00e7\u00e3o de qualidade, controle total da log\u00edstica, entrega r\u00e1pida de 15 dias. \u2705\u00a0<strong>Materiais rigorosamente selecionados<\/strong>: Materiais amigos do ambiente certificados pela SGS, em conformidade com as normas internacionais de transporte, dur\u00e1veis e \u00e0 prova de humidade. \u2705\u00a0<strong>Vantagens da personaliza\u00e7\u00e3o em massa<\/strong>: Apoio a encomendas experimentais de pequenos lotes at\u00e9 \u00e0 produ\u00e7\u00e3o de grandes lotes, com uma boa rela\u00e7\u00e3o custo-efic\u00e1cia e qualidade.<\/p>","protected":false},"excerpt":{"rendered":"<p>\u2705 Servi\u00e7o de uma paragem: Design, prova, produ\u00e7\u00e3o, inspe\u00e7\u00e3o de qualidade, controle total de log\u00edstica, 15 dias de entrega r\u00e1pida. Materiais rigorosamente selecionados: Materiais ecol\u00f3gicos certificados pela SGS, de acordo com os padr\u00f5es internacionais de transporte, dur\u00e1veis e \u00e0 prova de umidade.<br \/>\nVantagens da personaliza\u00e7\u00e3o em massa: Apoie pedidos de teste de pequenos lotes para produ\u00e7\u00e3o de grandes lotes, com custo-benef\u00edcio e qualidade.<\/p>","protected":false},"featured_media":9166,"template":"","meta":[],"product_brand":[],"product_cat":[30,415,31,426],"product_tag":[1093,1094,1092],"class_list":{"0":"post-9164","1":"product","2":"type-product","3":"status-publish","4":"has-post-thumbnail","6":"product_cat-by-industry","7":"product_cat-custom-jewelry-boxes-by-industry","8":"product_cat-paper-box-style","9":"product_cat-paper-drawer-boxes","10":"product_tag-custom-jewelry-gift-box","11":"product_tag-jewelry-gift-box-wholesale","12":"product_tag-jewelry-rigid-box","14":"first","15":"instock","16":"shipping-taxable","17":"product-type-simple"},"_links":{"self":[{"href":"https:\/\/zojopackaging.com\/pt\/wp-json\/wp\/v2\/product\/9164","targetHints":{"allow":["GET"]}}],"collection":[{"href":"https:\/\/zojopackaging.com\/pt\/wp-json\/wp\/v2\/product"}],"about":[{"href":"https:\/\/zojopackaging.com\/pt\/wp-json\/wp\/v2\/types\/product"}],"version-history":[{"count":1,"href":"https:\/\/zojopackaging.com\/pt\/wp-json\/wp\/v2\/product\/9164\/revisions"}],"predecessor-version":[{"id":9173,"href":"https:\/\/zojopackaging.com\/pt\/wp-json\/wp\/v2\/product\/9164\/revisions\/9173"}],"wp:featuredmedia":[{"embeddable":true,"href":"https:\/\/zojopackaging.com\/pt\/wp-json\/wp\/v2\/media\/9166"}],"wp:attachment":[{"href":"https:\/\/zojopackaging.com\/pt\/wp-json\/wp\/v2\/media?parent=9164"}],"wp:term":[{"taxonomy":"product_brand","embeddable":true,"href":"https:\/\/zojopackaging.com\/pt\/wp-json\/wp\/v2\/product_brand?post=9164"},{"taxonomy":"product_cat","embeddable":true,"href":"https:\/\/zojopackaging.com\/pt\/wp-json\/wp\/v2\/product_cat?post=9164"},{"taxonomy":"product_tag","embeddable":true,"href":"https:\/\/zojopackaging.com\/pt\/wp-json\/wp\/v2\/product_tag?post=9164"}],"curies":[{"name":"wp","href":"https:\/\/api.w.org\/{rel}","templated":true}]}}