{"id":9174,"date":"2025-04-01T15:31:41","date_gmt":"2025-04-01T07:31:41","guid":{"rendered":"https:\/\/zojopackaging.com\/?post_type=product&#038;p=9174"},"modified":"2025-04-01T16:13:25","modified_gmt":"2025-04-01T08:13:25","slug":"custom-sun-sunscreen-protection-cream-packaging-box-wholesale","status":"publish","type":"product","link":"https:\/\/zojopackaging.com\/pt\/product\/custom-sun-sunscreen-protection-cream-packaging-box-wholesale\/","title":{"rendered":"Caixa de embalagem de creme de prote\u00e7\u00e3o solar personalizada por atacado"},"content":{"rendered":"<h2 id=\"-professional-customized-sunscreen-magnetic-packaging-box-protecting-quality-and-highlighting-brand-value-\"><strong>Caixa de embalagem magn\u00e9tica de prote\u00e7\u00e3o solar personalizada profissional - proteger a qualidade e real\u00e7ar o valor da marca<\/strong><\/h2>\n<p>Como a fonte da f\u00e1brica de embalagens de cosm\u00e9ticos para prote\u00e7\u00e3o solar na China, concentramo-nos em fornecer aos clientes globais\u00a0<strong>alta rentabilidade e altamente personalizado<\/strong>\u00a0solu\u00e7\u00f5es de caixas de embalagem de protectores solares. A seguir est\u00e3o as principais vantagens e descri\u00e7\u00f5es de produtos da nossa caixa de embalagem de protetor solar por atacado, que ir\u00e1 ajud\u00e1-lo a melhorar a sua imagem de marca, garantir a seguran\u00e7a do transporte do produto e aproveitar as oportunidades de mercado!<\/p>\n<h2 id=\"-product-highlights-humanized-design-all-round-protection-\"><strong>Destaques do produto: design humanizado + prote\u00e7\u00e3o total<\/strong><\/h2>\n<h3 id=\"1-magnetic-opening-and-closing-design-easy-operation-with-one-hand-\">1.\u00a0<strong>Design magn\u00e9tico de abertura e fecho, f\u00e1cil de utilizar com uma m\u00e3o<\/strong><\/h3>\n<ul>\n<li>Estrutura inovadora da tampa da caixa magn\u00e9tica, que pode ser aberta e fechada rapidamente com uma m\u00e3o, melhorando a conveni\u00eancia dos consumidores;<\/li>\n<li>Alinham-se e adsorvem-se automaticamente quando fechadas, com uma forte veda\u00e7\u00e3o para evitar que o protetor solar se derrame ou contamine devido a uma abertura acidental da tampa;<\/li>\n<li>Controlo magn\u00e9tico preciso, dur\u00e1vel, a abertura e o fecho repetidos n\u00e3o afectam o efeito de fecho<\/li>\n<li><strong>A impress\u00e3o frente e verso refor\u00e7a a marca e a transmiss\u00e3o de informa\u00e7\u00f5es<\/strong><\/li>\n<li><strong>Lado A: Impacto visual da marca<\/strong>\u00a0Utilizar a tecnologia de impress\u00e3o de alta defini\u00e7\u00e3o para apresentar o LOGOTIPO da marca, a vis\u00e3o principal e os principais pontos de venda, e refor\u00e7ar a mem\u00f3ria da marca por parte dos clientes;<\/li>\n<li><strong>Lado B: Visualiza\u00e7\u00e3o profissional param\u00e9trica<\/strong>\u00a0Assinale claramente as informa\u00e7\u00f5es essenciais, como o valor FPS do protetor solar, o grau PA, os ingredientes e os m\u00e9todos de utiliza\u00e7\u00e3o, para aumentar o profissionalismo do produto e a confian\u00e7a do consumidor.<\/li>\n<li><strong>Impress\u00e3o de superf\u00edcie azul amiga do ambiente, transmitindo conceitos sustent\u00e1veis<\/strong>\u00a0-Utilizando tintas ecol\u00f3gicas e materiais recicl\u00e1veis, a superf\u00edcie apresenta um efeito azul mate\/brilhante de alta qualidade, que se enquadra no tema da prote\u00e7\u00e3o do ambiente marinho; - Suporta n\u00fameros de cores Pantone personalizados para garantir a unidade visual da marca e real\u00e7ar a imagem de responsabilidade social da empresa.<\/li>\n<li><strong>Forro antiss\u00edsmico em EVA, prote\u00e7\u00e3o de transporte de 360<\/strong>\u00a0-Revestimento em material EVA de alta densidade, abertura de molde precisa para se adaptar \u00e0 forma do produto, dispersar eficazmente a for\u00e7a de impacto externa; -Excelente absor\u00e7\u00e3o de choques e desempenho de amortecimento, resistindo aos solavancos do transporte e aos riscos de queda, garantindo que o frasco de protetor solar chega intacto ao terminal.<\/li>\n<\/ul>\n<h2 id=\"-core-advantages-precise-customization-cost-reduction-and-efficiency-improvement-\"><strong>Principais vantagens: personaliza\u00e7\u00e3o precisa, redu\u00e7\u00e3o de custos e melhoria da efici\u00eancia<\/strong><\/h2>\n<ol>\n<li><strong>Servi\u00e7o de personaliza\u00e7\u00e3o num \u00fanico local altamente flex\u00edvel<\/strong><\/li>\n<li><strong>Adapta\u00e7\u00e3o do tipo de caixa<\/strong>: Est\u00e1 dispon\u00edvel uma variedade de tipos de caixas, tais como tampas superiores e inferiores, caixas de gavetas e caixas em forma de livro;<\/li>\n<li><strong>Correspond\u00eancia exacta de tamanhos<\/strong>: Personalizar o forro e o corpo da caixa de acordo com o tamanho do frasco de protetor solar (tubo\/lata\/spray) para conseguir uma fixa\u00e7\u00e3o com deslocamento zero;<\/li>\n<li><strong>Atualiza\u00e7\u00e3o do material<\/strong>: O cart\u00e3o branco, o papel canelado, o papel art\u00edstico especial, etc. est\u00e3o dispon\u00edveis para satisfazer diferentes requisitos de custo e textura;<\/li>\n<li><strong>Apoio ao artesanato<\/strong>: Estampagem a quente, verniz local UV, estampagem, relevo e outros processos de superf\u00edcie para criar uma experi\u00eancia de embalagem diferenciada<\/li>\n<li><strong>Fornecimento direto da f\u00e1brica de origem, resposta r\u00e1pida em 3 dias<\/strong><\/li>\n<li><strong>Servi\u00e7o de conce\u00e7\u00e3o gratuito<\/strong>: A equipa profissional fornece apoio \u00e0 estrutura da embalagem e ao design gr\u00e1fico, e optimiza o plano at\u00e9 ficar satisfeito;<\/li>\n<li><strong>Confirma\u00e7\u00e3o de amostra gr\u00e1tis<\/strong>: Prova completa no prazo de 3 dias \u00fateis e produ\u00e7\u00e3o em massa ap\u00f3s verifica\u00e7\u00e3o f\u00edsica da qualidade;<\/li>\n<li><strong>Melhor cota\u00e7\u00e3o de custos<\/strong>: As vendas diretas na f\u00e1brica eliminam a diferen\u00e7a de pre\u00e7os dos intermedi\u00e1rios e beneficiam de descontos escalonados para encomendas a granel para o ajudar a reduzir os custos de embalagem.<\/li>\n<\/ol>\n<h2 id=\"-service-commitment-quality-based-worry-free-cooperation-\"><strong>Compromisso de servi\u00e7o: Coopera\u00e7\u00e3o baseada na qualidade e sem preocupa\u00e7\u00f5es<\/strong><\/h2>\n<ul>\n<li><strong>Controlo total da qualidade do processo<\/strong>: Desde a sele\u00e7\u00e3o do material at\u00e9 \u00e0 produ\u00e7\u00e3o, a certifica\u00e7\u00e3o do sistema de gest\u00e3o da qualidade ISO9001 foi aprovada;<\/li>\n<li><strong>Garantia de transporte sem preocupa\u00e7\u00f5es<\/strong>: Inspe\u00e7\u00e3o de qualidade rigorosa antes de sair da f\u00e1brica, log\u00edstica de apoio, entrega direta global;<\/li>\n<li><strong>Resposta r\u00e1pida p\u00f3s-venda<\/strong>: A equipa profissional de apoio ao cliente est\u00e1 online 7\u00d724 horas por dia para resolver as suas preocupa\u00e7\u00f5es.<\/li>\n<\/ul>\n<p><strong>Agir agora e aproveitar a oportunidade de mercado!\u00a0<\/strong>Contacte-nos para obter planos de conce\u00e7\u00e3o e amostras gratuitas, prova r\u00e1pida de 3 dias, deixe o seu protetor solar conquistar os consumidores com embalagens mais seguras e apelativas!\u00a0<strong>Fabricado na China, qualidade global - protegemos a sua embalagem de protetor solar at\u00e9 ao fim!<\/strong><\/p>","protected":false},"excerpt":{"rendered":"<p>100% Materiais recicl\u00e1veis: Cumpre as normas globais de sustentabilidade para marcas preocupadas com o ambiente.<br \/>\nMarca personalizada: Suporta cores Pantone, grava\u00e7\u00e3o em relevo e integra\u00e7\u00e3o de c\u00f3digos QR.<\/p>","protected":false},"featured_media":9175,"template":"","meta":[],"product_brand":[],"product_cat":[30,390,424,31],"product_tag":[1096,1095,1097],"class_list":{"0":"post-9174","1":"product","2":"type-product","3":"status-publish","4":"has-post-thumbnail","6":"product_cat-by-industry","7":"product_cat-custom-cosmetics-boxes","8":"product_cat-magnetic-closure-boxes","9":"product_cat-paper-box-style","10":"product_tag-custom-sun-cream-packaging","11":"product_tag-custom-sunscreen-packaging","12":"product_tag-sun-protection-box","14":"first","15":"instock","16":"shipping-taxable","17":"product-type-simple"},"_links":{"self":[{"href":"https:\/\/zojopackaging.com\/pt\/wp-json\/wp\/v2\/product\/9174","targetHints":{"allow":["GET"]}}],"collection":[{"href":"https:\/\/zojopackaging.com\/pt\/wp-json\/wp\/v2\/product"}],"about":[{"href":"https:\/\/zojopackaging.com\/pt\/wp-json\/wp\/v2\/types\/product"}],"version-history":[{"count":1,"href":"https:\/\/zojopackaging.com\/pt\/wp-json\/wp\/v2\/product\/9174\/revisions"}],"predecessor-version":[{"id":9181,"href":"https:\/\/zojopackaging.com\/pt\/wp-json\/wp\/v2\/product\/9174\/revisions\/9181"}],"wp:featuredmedia":[{"embeddable":true,"href":"https:\/\/zojopackaging.com\/pt\/wp-json\/wp\/v2\/media\/9175"}],"wp:attachment":[{"href":"https:\/\/zojopackaging.com\/pt\/wp-json\/wp\/v2\/media?parent=9174"}],"wp:term":[{"taxonomy":"product_brand","embeddable":true,"href":"https:\/\/zojopackaging.com\/pt\/wp-json\/wp\/v2\/product_brand?post=9174"},{"taxonomy":"product_cat","embeddable":true,"href":"https:\/\/zojopackaging.com\/pt\/wp-json\/wp\/v2\/product_cat?post=9174"},{"taxonomy":"product_tag","embeddable":true,"href":"https:\/\/zojopackaging.com\/pt\/wp-json\/wp\/v2\/product_tag?post=9174"}],"curies":[{"name":"wp","href":"https:\/\/api.w.org\/{rel}","templated":true}]}}