{"id":9182,"date":"2025-04-01T15:52:07","date_gmt":"2025-04-01T07:52:07","guid":{"rendered":"https:\/\/zojopackaging.com\/?post_type=product&#038;p=9182"},"modified":"2025-04-01T16:10:43","modified_gmt":"2025-04-01T08:10:43","slug":"quality-custom-children-newborn-baby-clothing-packaging-box","status":"publish","type":"product","link":"https:\/\/zojopackaging.com\/pt\/product\/quality-custom-children-newborn-baby-clothing-packaging-box\/","title":{"rendered":"Caixa de embalagem de roupa de beb\u00e9 rec\u00e9m-nascido de qualidade personalizada para crian\u00e7as"},"content":{"rendered":"<h2 id=\"-1-magnetic-opening-and-closing-system-convenience-and-quality-\"><strong>1. Sistema magn\u00e9tico de abertura e fecho - comodidade e qualidade<\/strong><\/h2>\n<p>- O dispositivo magn\u00e9tico de alta precis\u00e3o \u00e9 utilizado, e a tampa \u00e9 automaticamente alinhada e adsorvida. Pode ser facilmente aberta e fechada com uma m\u00e3o, evitando a opera\u00e7\u00e3o inc\u00f3moda das embalagens tradicionais. \u00c9 especialmente adequada para os pais de rec\u00e9m-nascidos tirarem rapidamente a roupa. - A for\u00e7a de suc\u00e7\u00e3o magn\u00e9tica pode ser ajustada para garantir uma experi\u00eancia tranquila ap\u00f3s v\u00e1rias utiliza\u00e7\u00f5es, real\u00e7ando a busca m\u00e1xima da marca pelos pormenores.<\/p>\n<h2 id=\"-2-healing-macaron-color-system-conveying-a-gentle-first-impression-\"><strong>2. Sistema de cores do macaron de cura - transmitir uma primeira impress\u00e3o suave<\/strong><\/h2>\n<p>- Sele\u00e7\u00e3o de cores de macaron de baixa satura\u00e7\u00e3o (azul rosa, amarelo ganso, verde menta, etc.), atrav\u00e9s da psicologia da cor para reduzir a opress\u00e3o visual, criar uma atmosfera de marca pura e quente. - Suporta a personaliza\u00e7\u00e3o do n\u00famero de cor Pantone, corresponde exatamente ao sistema VI da marca e melhora a unidade visual.<\/p>\n<h2 id=\"-3-aesthetic-upgrade-exquisite-balance-of-ribbon-and-window-\"><strong>3. Atualiza\u00e7\u00e3o est\u00e9tica - equil\u00edbrio requintado entre a fita e a janela<\/strong><\/h2>\n<p>- O corpo da caixa \u00e9 combinado com uma fita de textura mate, que pode ser personalizada com cores e texturas exclusivas da marca. A posi\u00e7\u00e3o de estampagem a quente do log\u00f3tipo est\u00e1 reservada na fivela para melhorar a sensa\u00e7\u00e3o de cerim\u00f3nia de desembalagem e o reconhecimento da marca. - Design de janela transparente PET de qualidade alimentar, visualiza\u00e7\u00e3o de 360\u00b0 dos detalhes da roupa, isolando o p\u00f3 e o contacto com as m\u00e3os, garantindo a seguran\u00e7a e a higiene da roupa para rec\u00e9m-nascidos.<\/p>\n<h2 id=\"-4-deep-customized-service-comprehensive-empowerment-from-function-to-emotion-\"><strong>4. Servi\u00e7o personalizado profundo - capacita\u00e7\u00e3o abrangente da fun\u00e7\u00e3o \u00e0 emo\u00e7\u00e3o<\/strong><\/h2>\n<ul>\n<li><strong>Tipo e estrutura da caixa<\/strong>: Fornece mais de 10 tipos de caixas, tais como tampa superior e inferior, caixa em forma de livro, caixa de gavetas, etc., suporta o corte de formas especiais e o design de caixas interiores com v\u00e1rias camadas para satisfazer as necessidades dos conjuntos de caixas de oferta.<\/li>\n<li><strong>Artesanato do forro interior<\/strong>: Utilizar esponja EVA ou suporte interior de flanela, abrir com precis\u00e3o o molde de acordo com o tamanho da roupa, fixar a roupa e evitar que se desloque, e a superf\u00edcie do forro pode ser bordada com o log\u00f3tipo da marca.<\/li>\n<li><strong>Impress\u00e3o e artesanato<\/strong>: Suporte para estampagem UV, estampagem a quente, estampagem e outros tratamentos de superf\u00edcie, a superf\u00edcie da caixa pode ser impressa com ilustra\u00e7\u00f5es da hist\u00f3ria da marca ou b\u00ean\u00e7\u00e3os personalizadas pelo cliente para criar uma caixa de presente comemorativa \u00fanica.<\/li>\n<\/ul>\n<h2 id=\"-5-emotional-value-added-design-let-the-packaging-become-a-carrier-of-thoughts-\"><strong>5. Conce\u00e7\u00e3o com valor acrescentado emocional - deixar que a embalagem se torne num portador de pensamentos<\/strong><\/h2>\n<p>- Inclui uma ranhura destac\u00e1vel para cart\u00f5es de felicita\u00e7\u00f5es, cart\u00f5es de felicita\u00e7\u00f5es em relevo em papel art\u00edstico a condizer, suporta applets de marca de liga\u00e7\u00e3o por c\u00f3digo QR ou b\u00ean\u00e7\u00e3os de voz personalizadas e melhora a intera\u00e7\u00e3o do utilizador e a comunica\u00e7\u00e3o social. - A camada interior da caixa de oferta pode ser concebida com cita\u00e7\u00f5es de b\u00ean\u00e7\u00e3o ocultas ou dicas de cuidados a ter com o rec\u00e9m-nascido para transmitir o calor e o profissionalismo da marca.<\/p>\n<h2 id=\"-supply-chain-advantages-\"><strong>Vantagens da cadeia de abastecimento<\/strong><\/h2>\n<p>\u2705\u00a0<strong>Shenzhen Smart Manufacturing-Global Standard<\/strong>: F\u00e1brica inteligente de 20.000\u33a1 auto-constru\u00edda, passou a certifica\u00e7\u00e3o ambiental ISO9001 e FSC, os materiais podem ser papel\u00e3o branco, papel ondulado, PLA degrad\u00e1vel, levando em conta tanto a textura quanto a prote\u00e7\u00e3o ambiental. \u2705\u00a0<strong>Desempenho de alto custo - Resposta r\u00e1pida<\/strong>: Contando com o cluster da cadeia de suprimentos da \u00e1rea da Grande Ba\u00eda, o pre\u00e7o \u00e9 15% mais baixo do que a ind\u00fastria, apoiando a prova de 48 horas, entrega expressa de 7 dias e atendimento exclusivo ao cliente 24 horas para resolver problemas de personaliza\u00e7\u00e3o. \u2705\u00a0<strong>Servi\u00e7o sem preocupa\u00e7\u00f5es<\/strong>: Fornecer uma solu\u00e7\u00e3o \u00fanica de conce\u00e7\u00e3o-prova-produ\u00e7\u00e3o em massa-log\u00edstica, armazenamento e distribui\u00e7\u00e3o gratuitos, para o ajudar a funcionar com invent\u00e1rio zero.<\/p>\n<h2 id=\"-application-scenarios-\"><strong>Cen\u00e1rios de aplica\u00e7\u00e3o<\/strong><\/h2>\n<p>\u2728 Caixa de presente da marca de roupas rec\u00e9m-nascidas de alta qualidade \u2728 Presente de lua cheia, banquete de cem dias e outros presentes de celebra\u00e7\u00e3o \u2728 Modelos personalizados conjuntos da marca m\u00e3e e beb\u00ea<\/p>","protected":false},"excerpt":{"rendered":"<p>Criamos caixas de presente com embalagens personalizadas de alta qualidade para marcas de vestu\u00e1rio para rec\u00e9m-nascidos, integrando fun\u00e7\u00f5es pr\u00e1ticas e valores est\u00e9ticos com um design engenhoso para melhorar a imagem da marca e a experi\u00eancia do utilizador em todos os aspectos. Desde materiais amigos do ambiente a detalhes emocionais, cada design transmite um cuidado delicado com a vida dos rec\u00e9m-nascidos, criando uma \"cerim\u00f3nia de desembalagem\" inesquec\u00edvel para os seus clientes.<\/p>","protected":false},"featured_media":9184,"template":"","meta":[],"product_brand":[],"product_cat":[30,414,424,31],"product_tag":[1091,477,1090],"class_list":{"0":"post-9182","1":"product","2":"type-product","3":"status-publish","4":"has-post-thumbnail","6":"product_cat-by-industry","7":"product_cat-custom-apparel-boxes","8":"product_cat-magnetic-closure-boxes","9":"product_cat-paper-box-style","10":"product_tag-baby-clothing-packaging-box","11":"product_tag-custom-clothing-packaging","12":"product_tag-newborn-clothing-packaging-box","14":"first","15":"instock","16":"shipping-taxable","17":"product-type-simple"},"_links":{"self":[{"href":"https:\/\/zojopackaging.com\/pt\/wp-json\/wp\/v2\/product\/9182","targetHints":{"allow":["GET"]}}],"collection":[{"href":"https:\/\/zojopackaging.com\/pt\/wp-json\/wp\/v2\/product"}],"about":[{"href":"https:\/\/zojopackaging.com\/pt\/wp-json\/wp\/v2\/types\/product"}],"version-history":[{"count":1,"href":"https:\/\/zojopackaging.com\/pt\/wp-json\/wp\/v2\/product\/9182\/revisions"}],"predecessor-version":[{"id":9189,"href":"https:\/\/zojopackaging.com\/pt\/wp-json\/wp\/v2\/product\/9182\/revisions\/9189"}],"wp:featuredmedia":[{"embeddable":true,"href":"https:\/\/zojopackaging.com\/pt\/wp-json\/wp\/v2\/media\/9184"}],"wp:attachment":[{"href":"https:\/\/zojopackaging.com\/pt\/wp-json\/wp\/v2\/media?parent=9182"}],"wp:term":[{"taxonomy":"product_brand","embeddable":true,"href":"https:\/\/zojopackaging.com\/pt\/wp-json\/wp\/v2\/product_brand?post=9182"},{"taxonomy":"product_cat","embeddable":true,"href":"https:\/\/zojopackaging.com\/pt\/wp-json\/wp\/v2\/product_cat?post=9182"},{"taxonomy":"product_tag","embeddable":true,"href":"https:\/\/zojopackaging.com\/pt\/wp-json\/wp\/v2\/product_tag?post=9182"}],"curies":[{"name":"wp","href":"https:\/\/api.w.org\/{rel}","templated":true}]}}