{"id":9190,"date":"2025-04-01T16:13:49","date_gmt":"2025-04-01T08:13:49","guid":{"rendered":"https:\/\/zojopackaging.com\/?post_type=product&#038;p=9190"},"modified":"2025-04-01T16:44:15","modified_gmt":"2025-04-01T08:44:15","slug":"wholesale-order-makeup-brush-cosmetic-set-packaging-boxes","status":"publish","type":"product","link":"https:\/\/zojopackaging.com\/pt\/product\/wholesale-order-makeup-brush-cosmetic-set-packaging-boxes\/","title":{"rendered":"Caixas de embalagem de conjunto de cosm\u00e9ticos de escova de maquilhagem de ordem por atacado"},"content":{"rendered":"<h2 id=\"-product-highlights-ingenious-design-quality-first-\"><strong>Destaques do produto: design engenhoso, qualidade em primeiro lugar<\/strong><\/h2>\n<h3 id=\"1-magnetic-box-design-high-end-opening-and-closing-experience-\">1.\u00a0<strong>Design de caixa com fecho magn\u00e9tico, experi\u00eancia de abertura e fecho de alta qualidade<\/strong><\/h3>\n<p>A estrutura magn\u00e9tica incorporada e o design do fecho magn\u00e9tico oculto evitam o desgaste do \u00edman, e o fecho \u00e9 est\u00e1vel e suave, mostrando uma sensa\u00e7\u00e3o elegante de ritual entre a abertura e o fecho. A textura mate combinada com linhas suaves confere \u00e0 caixa de embalagem um temperamento discreto e luxuoso de topo de gama.<\/p>\n<h3 id=\"2-deep-black-box-body-interpreting-the-brand-style-\">2.\u00a0<strong>Corpo em caixa preta profunda, interpretando o estilo da marca<\/strong><\/h3>\n<p>O corpo da caixa utiliza tons cl\u00e1ssicos de preto puro, com um revestimento de toque delicado, visualmente calmo e misterioso, e um toque sofisticado e delicado. O preto, como cor simb\u00f3lica das embalagens de luxo, pode refor\u00e7ar o posicionamento de topo de gama da marca, transmitir arte e qualidade e criar uma experi\u00eancia de \"surpresa ao abrir a caixa\" para os consumidores.<\/p>\n<h3 id=\"3-environmentally-friendly-materials-both-sturdy-and-sustainable-\">3.\u00a0<strong>Materiais amigos do ambiente, robustos e sustent\u00e1veis<\/strong><\/h3>\n<p>O material principal \u00e9\u00a0<strong>Papel de arte revestido C2S de 157 g + cart\u00e3o duro de 1200 g<\/strong>que possui simultaneamente uma elevada rigidez e propriedades de prote\u00e7\u00e3o ambiental. O papel tem certifica\u00e7\u00e3o FSC, \u00e9 recicl\u00e1vel e degrad\u00e1vel, em conformidade com as normas ambientais internacionais, ajudando as marcas a cumprirem as suas responsabilidades sociais, assegurando ao mesmo tempo que a embalagem \u00e9 forte em termos de capacidade de carga, resistente \u00e0 press\u00e3o e n\u00e3o se deforma.<\/p>\n<h3 id=\"4-eva-lining-protection-comprehensive-product-protection-\">4.\u00a0<strong>Prote\u00e7\u00e3o do forro em EVA, prote\u00e7\u00e3o completa do produto<\/strong><\/h3>\n<p>O revestimento em EVA personalizado, macio e altamente el\u00e1stico, adapta-se perfeitamente \u00e0 forma dos pinc\u00e9is de maquilhagem e dos cosm\u00e9ticos, amortece eficazmente a vibra\u00e7\u00e3o e a extrus\u00e3o durante o transporte e evita a desloca\u00e7\u00e3o, a deforma\u00e7\u00e3o ou o desgaste do produto. O revestimento pode ser concebido de forma flex\u00edvel como uma estrutura em camadas, adequada para uma combina\u00e7\u00e3o de pinc\u00e9is de v\u00e1rias especifica\u00e7\u00f5es, e melhora a sensa\u00e7\u00e3o de ordem na exposi\u00e7\u00e3o do produto.<\/p>\n<h2 id=\"-core-advantage-deep-customization-empowering-brand-value-\"><strong>Vantagem principal: personaliza\u00e7\u00e3o profunda, refor\u00e7o do valor da marca<\/strong><\/h2>\n<h3 id=\"5-all-round-customization-service-to-meet-personalized-needs-\">5.\u00a0<strong>Servi\u00e7o de personaliza\u00e7\u00e3o completo para satisfazer necessidades personalizadas<\/strong><\/h3>\n<ul>\n<li><strong>Tipo de caixa<\/strong>: suporta a personaliza\u00e7\u00e3o de v\u00e1rios tipos de caixas, tais como flip box, book box, drawer box, etc;<\/li>\n<li><strong>Tamanho<\/strong>: concebido com precis\u00e3o em fun\u00e7\u00e3o da quantidade e das especifica\u00e7\u00f5es do produto para otimizar a utiliza\u00e7\u00e3o do espa\u00e7o;<\/li>\n<li><strong>Artesanato<\/strong>: tratamentos de superf\u00edcie tais como estampagem a quente, estampagem, UV, serigrafia, etc., com efeitos opcionais mate\/brilhantes;<\/li>\n<li><strong>Cor e material<\/strong>Al\u00e9m do preto normal, suporta a personaliza\u00e7\u00e3o de cores diretas Pantone, que podem ser actualizadas para papel especial, como textura de couro e textura met\u00e1lica.<\/li>\n<\/ul>\n<h3 id=\"6-precise-adaptation-of-lining-to-strengthen-brand-memory-\">6.\u00a0<strong>Adapta\u00e7\u00e3o precisa do revestimento para refor\u00e7ar a mem\u00f3ria da marca<\/strong><\/h3>\n<p>De acordo com o comprimento, o di\u00e2metro e a disposi\u00e7\u00e3o do conjunto de pinc\u00e9is de maquilhagem, a disposi\u00e7\u00e3o das ranhuras de revestimento \u00e9 adaptada e o log\u00f3tipo da marca ou o slogan em relevo podem ser incorporados. Atrav\u00e9s de uma linguagem visual unificada e de um design pormenorizado, o reconhecimento do profissionalismo da marca por parte dos consumidores \u00e9 refor\u00e7ado e a fidelidade de recompra \u00e9 melhorada.<\/p>","protected":false},"excerpt":{"rendered":"<ul>\n<li><strong>Prova gratuita<\/strong>: Fornecer entrega de amostras no prazo de 3-5 dias \u00fateis, experimentar intuitivamente a qualidade;<\/li>\n<li><strong>Conce\u00e7\u00e3o livre<\/strong>: A equipa profissional apoia o diagrama de estrutura 3D e a personaliza\u00e7\u00e3o gr\u00e1fica;<\/li>\n<li><strong>Desempenho de custo elevado<\/strong>: Produ\u00e7\u00e3o em grande escala + cadeia de abastecimento de origem, o pre\u00e7o \u00e9 15% inferior ao do sector;<\/li>\n<li><strong>Resposta 24 horas por dia<\/strong>: Servi\u00e7o personalizado ao cliente durante todo o processo, acompanhamento desde a conce\u00e7\u00e3o at\u00e9 \u00e0 entrega, apoio \u00e0s encomendas urgentes.<\/li>\n<\/ul>","protected":false},"featured_media":9191,"template":"","meta":[],"product_brand":[],"product_cat":[30,390,424,31],"product_tag":[1099,1098,1100],"class_list":{"0":"post-9190","1":"product","2":"type-product","3":"status-publish","4":"has-post-thumbnail","6":"product_cat-by-industry","7":"product_cat-custom-cosmetics-boxes","8":"product_cat-magnetic-closure-boxes","9":"product_cat-paper-box-style","10":"product_tag-cosmetic-brush-set-packaging","11":"product_tag-makeup-brush-packaging","12":"product_tag-wholesale-makeup-brush-boxes","14":"first","15":"instock","16":"shipping-taxable","17":"product-type-simple"},"_links":{"self":[{"href":"https:\/\/zojopackaging.com\/pt\/wp-json\/wp\/v2\/product\/9190","targetHints":{"allow":["GET"]}}],"collection":[{"href":"https:\/\/zojopackaging.com\/pt\/wp-json\/wp\/v2\/product"}],"about":[{"href":"https:\/\/zojopackaging.com\/pt\/wp-json\/wp\/v2\/types\/product"}],"version-history":[{"count":2,"href":"https:\/\/zojopackaging.com\/pt\/wp-json\/wp\/v2\/product\/9190\/revisions"}],"predecessor-version":[{"id":9197,"href":"https:\/\/zojopackaging.com\/pt\/wp-json\/wp\/v2\/product\/9190\/revisions\/9197"}],"wp:featuredmedia":[{"embeddable":true,"href":"https:\/\/zojopackaging.com\/pt\/wp-json\/wp\/v2\/media\/9191"}],"wp:attachment":[{"href":"https:\/\/zojopackaging.com\/pt\/wp-json\/wp\/v2\/media?parent=9190"}],"wp:term":[{"taxonomy":"product_brand","embeddable":true,"href":"https:\/\/zojopackaging.com\/pt\/wp-json\/wp\/v2\/product_brand?post=9190"},{"taxonomy":"product_cat","embeddable":true,"href":"https:\/\/zojopackaging.com\/pt\/wp-json\/wp\/v2\/product_cat?post=9190"},{"taxonomy":"product_tag","embeddable":true,"href":"https:\/\/zojopackaging.com\/pt\/wp-json\/wp\/v2\/product_tag?post=9190"}],"curies":[{"name":"wp","href":"https:\/\/api.w.org\/{rel}","templated":true}]}}