{"id":9198,"date":"2025-04-01T16:44:23","date_gmt":"2025-04-01T08:44:23","guid":{"rendered":"https:\/\/zojopackaging.com\/?post_type=product&#038;p=9198"},"modified":"2025-04-01T17:04:27","modified_gmt":"2025-04-01T09:04:27","slug":"custom-stereo-earphone-bluetooth-earbuds-gift-box-packaging","status":"publish","type":"product","link":"https:\/\/zojopackaging.com\/pt\/product\/custom-stereo-earphone-bluetooth-earbuds-gift-box-packaging\/","title":{"rendered":"Embalagem de caixa de oferta de auriculares est\u00e9reo personalizados Bluetooth Earbuds"},"content":{"rendered":"<h2 id=\"-i-design-concept-luxury-experience-all-in-the-moment-of-unboxing-\"><strong>1. Conceito de design: Experi\u00eancia de luxo, tudo no momento do unboxing<\/strong><\/h2>\n<p>Este produto foi concebido para auscultadores Bluetooth est\u00e9reo de topo de gama, tendo como n\u00facleo \"unboxing is a sense of ritual\". As tampas superior e inferior s\u00e3o separadas atrav\u00e9s da\u00a0<strong>estrutura em forma de caixa das tampas superior e inferior<\/strong>e pode ser aberta de forma elegante com um simples toque de m\u00e3o. As linhas da caixa s\u00e3o simples e cuidadas, e o sentido de amortecimento da abertura e do fecho foi ajustado com precis\u00e3o para garantir que cada desembalagem \u00e9 cheia de expectativas, criando uma experi\u00eancia imersiva da vis\u00e3o ao toque para os clientes.<\/p>\n<h2 id=\"-ii-materials-and-craftsmanship-the-ultimate-balance-between-environmental-protection-and-quality-\"><strong>2. Materiais e artesanato: O derradeiro equil\u00edbrio entre prote\u00e7\u00e3o ambiental e qualidade<\/strong><\/h2>\n<ol>\n<li><strong>Substrato amigo do ambiente<\/strong><\/li>\n<li><strong>Caixa exterior<\/strong>: \u00c9 utilizado um cart\u00e3o de alta resist\u00eancia de 1200 g, resistente \u00e0 press\u00e3o e \u00e0 colis\u00e3o para garantir a seguran\u00e7a do transporte.<\/li>\n<li><strong>Embarca\u00e7\u00f5es de superf\u00edcie<\/strong>: 157 g de papel revestido C2S de alto brilho, tato delicado, com\u00a0<strong>hot stamping ouro vermelho artesanato<\/strong>\u00a0(vers\u00e3o parcial\/completa opcional), atrav\u00e9s do forte contraste entre o brilho met\u00e1lico e o corpo da caixa totalmente preto, para criar um foco visual e transmitir o posicionamento topo de gama da marca.<\/li>\n<li><strong>Corpo da caixa totalmente preto<\/strong>: Base em preto mate com revestimento micro-p\u00e9rola, tecnologia discreta e moderna, combinada com tecnologia de estampagem a quente, interpreta na perfei\u00e7\u00e3o a filosofia de design \"luxo sem publicidade\".<\/li>\n<li><strong>Forro amigo do ambiente<\/strong><\/li>\n<li>Forro em cart\u00e3o degrad\u00e1vel cortado, adaptado com precis\u00e3o ao tamanho dos auriculares, proporcionando um suporte est\u00e1vel;<\/li>\n<li>Apoio\u00a0<strong>marca de escava\u00e7\u00e3o personalizada<\/strong>\u00a0(como a grava\u00e7\u00e3o do log\u00f3tipo ou do slogan), refor\u00e7am a sensa\u00e7\u00e3o de exclusividade do produto;<\/li>\n<li>A superf\u00edcie do revestimento \u00e9 coberta com um revestimento ecol\u00f3gico \u00e0 base de \u00e1gua, que \u00e9 resistente ao desgaste e f\u00e1cil de limpar.<\/li>\n<\/ol>\n<h2 id=\"-three-highly-customized-services-empowering-brands-\"><strong>3. Servi\u00e7os altamente personalizados: dar poder \u00e0s marcas<\/strong><\/h2>\n<ol>\n<li><strong>Tipo e tamanho da caixa<\/strong><\/li>\n<li>Suporta uma variedade de estruturas, tais como tampas superiores e inferiores, caixas em forma de livro, caixas de gavetas, etc., que podem combinar com os auscultadores TWS, auscultadores e outros produtos;<\/li>\n<li>Ajuste flex\u00edvel do tamanho, precis\u00e3o de erro \u22640,5 mm, ajuste perfeito para o produto.<\/li>\n<li><strong>Personaliza\u00e7\u00e3o visual e t\u00e1til<\/strong><\/li>\n<li><strong>Cor<\/strong>: Para al\u00e9m do preto cl\u00e1ssico, fornecemos solu\u00e7\u00f5es personalizadas, tais como cores especiais Pantone, UV gradiente e revestimento perolado;<\/li>\n<li><strong>Efeito de superf\u00edcie<\/strong>: Combina\u00e7\u00e3o livre de estampagem a quente\/prata\/laser, grava\u00e7\u00e3o em relevo, serigrafia, verniz local e outros processos;<\/li>\n<li><strong>Fun\u00e7\u00e3o do revestimento interior<\/strong>: Pode ser atualizado para esponja EVA, tabuleiro interior em flocagem e compat\u00edvel com acess\u00f3rios como o compartimento de carregamento sem fios.<\/li>\n<li><strong>Implanta\u00e7\u00e3o da marca em profundidade<\/strong><\/li>\n<li>O interior da tampa da caixa pode ser impresso com hist\u00f3rias da marca ou guias do utilizador, e um c\u00f3digo de rastreabilidade anti-falsifica\u00e7\u00e3o \u00e9 adicionado ao fundo da caixa exterior;<\/li>\n<li>Suporte ao design \"uma caixa para m\u00faltiplas utiliza\u00e7\u00f5es\", como a disponibiliza\u00e7\u00e3o de ranhuras para tamp\u00f5es de ouvido de substitui\u00e7\u00e3o e camadas de armazenamento de acess\u00f3rios, para aumentar a ader\u00eancia do utilizador.<\/li>\n<\/ol>\n<h2 id=\"-fourth-supply-chain-advantages-one-stop-service-in-shenzhen-factory-\"><strong>4. Vantagens da cadeia de abastecimento: servi\u00e7o de balc\u00e3o \u00fanico na f\u00e1brica de Shenzhen<\/strong><\/h2>\n<ul>\n<li><strong>Prova gratuita<\/strong>: Fornecer amostra de entrega dentro de 3-5 dias \u00fateis, o que voc\u00ea v\u00ea \u00e9 o que voc\u00ea recebe;<\/li>\n<li><strong>Vantagem de pre\u00e7o<\/strong>: A produ\u00e7\u00e3o em grande escala reduz os custos e a quantidade m\u00ednima de encomenda por caixa \u00e9 de apenas 500 unidades;<\/li>\n<li><strong>Garantia de qualidade<\/strong>: Passou a certifica\u00e7\u00e3o ISO 9001, apoia o relat\u00f3rio de teste de prote\u00e7\u00e3o ambiental da SGS;<\/li>\n<li><strong>Resposta r\u00e1pida<\/strong>: Servi\u00e7o exclusivo de apoio ao cliente 24 horas por dia, conce\u00e7\u00e3o, produ\u00e7\u00e3o e log\u00edstica, acompanhamento integral do processo.<\/li>\n<\/ul>","protected":false},"excerpt":{"rendered":"<p>\u2705\u00a0<strong>Ritual de abertura da caixa com uma s\u00f3 m\u00e3o<\/strong> \u2192 Melhorar a experi\u00eancia do utilizador<br \/>\n\u2705\u00a0<strong>Materiais amigos do ambiente + forro de precis\u00e3o<\/strong>\u00a0\u2192 Aprova\u00e7\u00e3o da responsabilidade social da marca<br \/>\n\u2705\u00a0<strong>Personaliza\u00e7\u00e3o profunda + resposta r\u00e1pida<\/strong>\u00a0\u2192 Reduzir os custos de desenvolvimento da marca<\/p>","protected":false},"featured_media":9199,"template":"","meta":[],"product_brand":[],"product_cat":[30,413,425,31],"product_tag":[1102,1103,1101],"class_list":{"0":"post-9198","1":"product","2":"type-product","3":"status-publish","4":"has-post-thumbnail","6":"product_cat-by-industry","7":"product_cat-consumer-electronics-boxes","8":"product_cat-lid-and-base-gift-box","9":"product_cat-paper-box-style","10":"product_tag-cable-earphone-box-paper-packaging","11":"product_tag-custom-earbuds-lid-and-base-box","12":"product_tag-stereo-earphones-packaging-boxes","14":"first","15":"instock","16":"shipping-taxable","17":"product-type-simple"},"_links":{"self":[{"href":"https:\/\/zojopackaging.com\/pt\/wp-json\/wp\/v2\/product\/9198","targetHints":{"allow":["GET"]}}],"collection":[{"href":"https:\/\/zojopackaging.com\/pt\/wp-json\/wp\/v2\/product"}],"about":[{"href":"https:\/\/zojopackaging.com\/pt\/wp-json\/wp\/v2\/types\/product"}],"version-history":[{"count":1,"href":"https:\/\/zojopackaging.com\/pt\/wp-json\/wp\/v2\/product\/9198\/revisions"}],"predecessor-version":[{"id":9213,"href":"https:\/\/zojopackaging.com\/pt\/wp-json\/wp\/v2\/product\/9198\/revisions\/9213"}],"wp:featuredmedia":[{"embeddable":true,"href":"https:\/\/zojopackaging.com\/pt\/wp-json\/wp\/v2\/media\/9199"}],"wp:attachment":[{"href":"https:\/\/zojopackaging.com\/pt\/wp-json\/wp\/v2\/media?parent=9198"}],"wp:term":[{"taxonomy":"product_brand","embeddable":true,"href":"https:\/\/zojopackaging.com\/pt\/wp-json\/wp\/v2\/product_brand?post=9198"},{"taxonomy":"product_cat","embeddable":true,"href":"https:\/\/zojopackaging.com\/pt\/wp-json\/wp\/v2\/product_cat?post=9198"},{"taxonomy":"product_tag","embeddable":true,"href":"https:\/\/zojopackaging.com\/pt\/wp-json\/wp\/v2\/product_tag?post=9198"}],"curies":[{"name":"wp","href":"https:\/\/api.w.org\/{rel}","templated":true}]}}