{"id":9205,"date":"2025-04-01T16:52:52","date_gmt":"2025-04-01T08:52:52","guid":{"rendered":"https:\/\/zojopackaging.com\/?post_type=product&#038;p=9205"},"modified":"2025-04-01T17:28:33","modified_gmt":"2025-04-01T09:28:33","slug":"customization-logo-perfume-foil-folding-carton-boxes-manufacturer","status":"publish","type":"product","link":"https:\/\/zojopackaging.com\/pt\/product\/customization-logo-perfume-foil-folding-carton-boxes-manufacturer\/","title":{"rendered":"Personaliza\u00e7\u00e3o Logotipo Perfume Folha Caixas de papel\u00e3o dobr\u00e1vel Fabricante"},"content":{"rendered":"<p>Como empresa de refer\u00eancia na ind\u00fastria de embalagens da China, a ZOJO Print concentra-se no fornecimento de solu\u00e7\u00f5es de cart\u00e3o personalizadas para marcas de topo de gama. Seguem-se as 7 principais vantagens da sua caixa de cart\u00e3o dobr\u00e1vel em folha de alum\u00ednio para perfumes, combinadas com as normas t\u00e9cnicas da ind\u00fastria e os conceitos de design:<\/p>\n<h3 id=\"1-four-color-printing-hot-stamping-process-visual-expression-of-high-end-image-\">1.\u00a0<strong>Impress\u00e3o a quatro cores + processo de estampagem a quente: express\u00e3o visual da imagem topo de gama<\/strong><\/h3>\n<p>A tecnologia de impress\u00e3o a quatro cores \u00e9 utilizada para obter uma reprodu\u00e7\u00e3o precisa das cores CMYK, e o processo de estampagem a quente \u00e9 utilizado para adicionar log\u00f3tipos de marcas, padr\u00f5es e outros elementos ao corpo ou ao forro da caixa, e a textura met\u00e1lica brilha \u00e0 luz. A superf\u00edcie do cart\u00e3o branco \u00e9 lisa e a tinta tem uma forte ader\u00eancia, garantindo que o padr\u00e3o \u00e9 delicado e n\u00e3o tem rebarbas. Por exemplo, uma marca internacional de fragr\u00e2ncias aumentou a taxa de pr\u00e9mio dos seus produtos em 25% depois de passar por este processo.<\/p>\n<h3 id=\"2-application-of-color-psychology-emotional-visual-experience-\">2.\u00a0<strong>Aplica\u00e7\u00e3o da psicologia da cor: experi\u00eancia visual emocional<\/strong><\/h3>\n<p>Criar uma atmosfera calorosa atrav\u00e9s de tons quentes de baixa satura\u00e7\u00e3o (como o dourado \u00e2mbar e o rosa flor de cerejeira) e um design de transi\u00e7\u00e3o gradiente. A hierarquia de cores segue os princ\u00edpios da psicologia da cor da FPA, que n\u00e3o s\u00f3 transmite o tom da marca como tamb\u00e9m vai ao encontro das prefer\u00eancias est\u00e9ticas das consumidoras. Dados experimentais mostram que as embalagens de tons suaves aumentam o tempo de perman\u00eancia dos consumidores em 37%.<\/p>\n<h3 id=\"3-innovation-of-card-insertion-structure-interactive-opening-and-closing-experience-\">3.\u00a0<strong>Inova\u00e7\u00e3o da estrutura de inser\u00e7\u00e3o do cart\u00e3o: experi\u00eancia interactiva de abertura e fecho<\/strong><\/h3>\n<p>Rompendo com o tradicional tipo de caixa flip-top, adopta uma estrutura de inser\u00e7\u00e3o de cart\u00e3o duplo: a caixa exterior \u00e9 fixada por suc\u00e7\u00e3o magn\u00e9tica ou fivela oculta, e o m\u00e9todo de abertura de inser\u00e7\u00e3o de cart\u00e3o da caixa interior mant\u00e9m o sentido de cerim\u00f3nia e \u00e9 f\u00e1cil de exibir. A tampa da caixa est\u00e1 ligada \u00e0 placa posterior com um design ergon\u00f3mico e o \u00e2ngulo de abertura \u00e0 direita est\u00e1 optimizado para 110\u00b0, o que \u00e9 adequado para 90% dos utilizadores.<\/p>\n<h3 id=\"4-350g-white-card-material-the-golden-balance-of-strength-and-cost-\">4.\u00a0<strong>Material de cart\u00e3o branco 350g: o equil\u00edbrio de ouro entre resist\u00eancia e custo<\/strong><\/h3>\n<p>\u00c9 selecionado papel de cart\u00e3o branco importado de 350g\/m\u00b2, com uma resist\u00eancia \u00e0 press\u00e3o do anel de 800N\/m, que pode suportar o teste de queda vertical de frascos de perfume (com um peso de cerca de 100g). Em compara\u00e7\u00e3o com as caixas de metal, reduz o peso em 60%, reduz os custos log\u00edsticos em 35% e passa a certifica\u00e7\u00e3o FSC para cumprir as normas ambientais da UE.<\/p>\n<h3 id=\"5-modular-size-customization-precise-adaptation-to-product-characteristics-\">5.\u00a0<strong>Personaliza\u00e7\u00e3o modular de tamanhos: adapta\u00e7\u00e3o precisa \u00e0s carater\u00edsticas do produto<\/strong><\/h3>\n<p>Suporta a personaliza\u00e7\u00e3o de toler\u00e2ncia de tamanho de \u00b10,5 mm e gera rapidamente desenhos estruturais atrav\u00e9s de sistemas de modela\u00e7\u00e3o digital. Por exemplo, a caixa para mini-frascos de 15 ml personalizada para uma marca de fragr\u00e2ncias de nicho adopta um tamanho compacto de 175\u00d780\u00d745 mm, e a taxa de utiliza\u00e7\u00e3o do espa\u00e7o \u00e9 aumentada em 40%.<\/p>\n<h3 id=\"6-box-design-language-visual-carrier-of-brand-assets-\">6.\u00a0<strong>Linguagem de design da caixa: suporte visual dos activos da marca<\/strong><\/h3>\n<p>Adotar de forma inovadora o tipo de caixa \"garrafa flutuante\": o tabuleiro interior \u00e9 suspenso para reduzir a colis\u00e3o e a caixa exterior apresenta um efeito gradiente de luz e sombra atrav\u00e9s de um revestimento UV. Uma marca de luxo ganhou o pr\u00e9mio Red Dot Award por este design, e a taxa de recompra dos utilizadores aumentou 22%.<\/p>\n<h3 id=\"7-multi-functional-inner-tray-system-double-guarantee-of-safety-and-aesthetics-\">7.\u00a0<strong>Sistema de tabuleiro interior multifuncional: dupla garantia de seguran\u00e7a e est\u00e9tica<\/strong><\/h3>\n<p>O tabuleiro interior de papel canelado, que envolve o produto em seis lados, tem um efeito de amortecimento e garante uma taxa de aprova\u00e7\u00e3o no teste de queda de 99,7%.<\/p>","protected":false},"excerpt":{"rendered":"<p>A ZOJO Print fornece \u00e0s marcas de perfumes uma solu\u00e7\u00e3o completa, desde o conceito at\u00e9 \u00e0 produ\u00e7\u00e3o em massa, atrav\u00e9s de uma combina\u00e7\u00e3o profunda de ci\u00eancia dos materiais, ergonomia e est\u00e9tica da marca. A sua capacidade de produ\u00e7\u00e3o di\u00e1ria de mais de 60.000 unidades e o sistema de certifica\u00e7\u00e3o ISO 9001 podem satisfazer as necessidades de personaliza\u00e7\u00e3o de marcas em fase de arranque a marcas internacionais, ajudando os clientes a estabelecer uma competitividade diferenciada no mercado terminal.<\/p>","protected":false},"featured_media":9212,"template":"","meta":[],"product_brand":[],"product_cat":[30,417,430,31],"product_tag":[1104,1105,1106],"class_list":{"0":"post-9205","1":"product","2":"type-product","3":"status-publish","4":"has-post-thumbnail","6":"product_cat-by-industry","7":"product_cat-custom-perfume-boxes-by-industry","8":"product_cat-folding-cartons","9":"product_cat-paper-box-style","10":"product_tag-customization-logo-boxes","11":"product_tag-folding-carton-boxes-manufacturer","12":"product_tag-perfume-foil-folding-carton-boxes","14":"first","15":"instock","16":"shipping-taxable","17":"product-type-grouped"},"_links":{"self":[{"href":"https:\/\/zojopackaging.com\/pt\/wp-json\/wp\/v2\/product\/9205","targetHints":{"allow":["GET"]}}],"collection":[{"href":"https:\/\/zojopackaging.com\/pt\/wp-json\/wp\/v2\/product"}],"about":[{"href":"https:\/\/zojopackaging.com\/pt\/wp-json\/wp\/v2\/types\/product"}],"version-history":[{"count":1,"href":"https:\/\/zojopackaging.com\/pt\/wp-json\/wp\/v2\/product\/9205\/revisions"}],"predecessor-version":[{"id":9220,"href":"https:\/\/zojopackaging.com\/pt\/wp-json\/wp\/v2\/product\/9205\/revisions\/9220"}],"wp:featuredmedia":[{"embeddable":true,"href":"https:\/\/zojopackaging.com\/pt\/wp-json\/wp\/v2\/media\/9212"}],"wp:attachment":[{"href":"https:\/\/zojopackaging.com\/pt\/wp-json\/wp\/v2\/media?parent=9205"}],"wp:term":[{"taxonomy":"product_brand","embeddable":true,"href":"https:\/\/zojopackaging.com\/pt\/wp-json\/wp\/v2\/product_brand?post=9205"},{"taxonomy":"product_cat","embeddable":true,"href":"https:\/\/zojopackaging.com\/pt\/wp-json\/wp\/v2\/product_cat?post=9205"},{"taxonomy":"product_tag","embeddable":true,"href":"https:\/\/zojopackaging.com\/pt\/wp-json\/wp\/v2\/product_tag?post=9205"}],"curies":[{"name":"wp","href":"https:\/\/api.w.org\/{rel}","templated":true}]}}