{"id":9214,"date":"2025-04-01T17:04:56","date_gmt":"2025-04-01T09:04:56","guid":{"rendered":"https:\/\/zojopackaging.com\/?post_type=product&#038;p=9214"},"modified":"2025-04-01T17:31:32","modified_gmt":"2025-04-01T09:31:32","slug":"custom-whisky-champagne-packaging-boxes-wholesale","status":"publish","type":"product","link":"https:\/\/zojopackaging.com\/pt\/product\/custom-whisky-champagne-packaging-boxes-wholesale\/","title":{"rendered":"Caixas de embalagem personalizadas para u\u00edsque e champanhe por atacado"},"content":{"rendered":"<h2 id=\"-i-core-advantages-of-the-product-\"><strong>1. Principais vantagens do produto<\/strong><\/h2>\n<h3 id=\"1-magnetic-opening-and-closing-design-\">1.\u00a0<strong>Design magn\u00e9tico de abertura e fecho<\/strong><\/h3>\n<p>A tecnologia de adsor\u00e7\u00e3o de \u00edmanes incorporada \u00e9 utilizada para conseguir uma abertura e um fecho suave, silencioso e duradouro da caixa de embalagem. N\u00e3o \u00e9 f\u00e1cil desgastar-se ap\u00f3s uma utiliza\u00e7\u00e3o repetida, dando aos produtos vin\u00edcolas de gama alta uma sensa\u00e7\u00e3o de ritual nobre e conveni\u00eancia pr\u00e1tica, e \u00e9 adequada para as necessidades de embalagem de vinhos finos como o u\u00edsque e o champanhe.<\/p>\n<h3 id=\"2-double-sided-printing-process-\">2.\u00a0<strong>Processo de impress\u00e3o frente e verso<\/strong><\/h3>\n<p>Suporta a impress\u00e3o de alta defini\u00e7\u00e3o em ambos os lados do corpo da caixa, refor\u00e7ando o LOGOTIPO da marca e os elementos visuais principais na parte da frente e apresentando informa\u00e7\u00f5es alargadas, tais como hist\u00f3rias de produtos, detalhes de processos ou c\u00f3digos QR na parte de tr\u00e1s, melhorando a efici\u00eancia do transporte de informa\u00e7\u00f5es da embalagem e criando uma experi\u00eancia de comunica\u00e7\u00e3o imersiva da marca.<\/p>\n<h3 id=\"3-brand-exclusive-blue-tone-\">3.\u00a0<strong>Tom azul exclusivo da marca<\/strong><\/h3>\n<p>A cor principal do corpo da caixa adopta um sistema azul profundo, que simboliza o sentido de confian\u00e7a e tecnologia da marca e transmite uma imagem est\u00e1vel, profissional e de alta qualidade. Suporta a calibra\u00e7\u00e3o de cores diretas Pantone para garantir cores precisas e consistentes e melhorar o reconhecimento visual da marca.<\/p>\n<h3 id=\"4-precise-eva-lining-customization-\">4.\u00a0<strong>Personaliza\u00e7\u00e3o precisa do forro em EVA<\/strong><\/h3>\n<p>De acordo com os dados relativos ao tamanho da garrafa de vinho fornecidos pelo cliente, o revestimento \u00e9 cortado com precis\u00e3o com material EVA de alta densidade, que se ajusta firmemente \u00e0 garrafa, \u00e9 \u00e0 prova de choque e resistente \u00e0 press\u00e3o, e garante a seguran\u00e7a do transporte; ao mesmo tempo, a disposi\u00e7\u00e3o do espa\u00e7o \u00e9 optimizada, as lacunas redundantes s\u00e3o reduzidas e a compacidade e a prote\u00e7\u00e3o ambiental da embalagem s\u00e3o melhoradas.<\/p>\n<h2 id=\"-second-highly-customized-service-\"><strong>2. Servi\u00e7o altamente personalizado<\/strong><\/h2>\n<ul>\n<li><strong>Adapta\u00e7\u00e3o flex\u00edvel da caixa<\/strong>: Para al\u00e9m da caixa de suc\u00e7\u00e3o magn\u00e9tica padr\u00e3o, suporta uma variedade de personaliza\u00e7\u00f5es de caixas, tais como caixas flip book e caixas de gavetas, para satisfazer as necessidades de diferentes posicionamentos de produtos.<\/li>\n<li><strong>Correspond\u00eancia exacta de tamanhos<\/strong>: Os servi\u00e7os de modela\u00e7\u00e3o em tamanho 1:1 podem ser fornecidos para garrafas de formato especial e vinhos de edi\u00e7\u00e3o limitada, de modo a obter um ajuste perfeito entre a embalagem e os produtos.<\/li>\n<li><strong>Sele\u00e7\u00e3o diversificada de materiais<\/strong>: Fornecer op\u00e7\u00f5es de materiais topo de gama, tais como papel especial, papel art\u00edstico, papel com textura de couro, cart\u00e3o composto de metal, etc., tendo em conta a textura e a funcionalidade.<\/li>\n<li><strong>Atualiza\u00e7\u00e3o do processo de superf\u00edcie<\/strong>: Op\u00e7\u00e3o de estampagem a quente\/prata, grava\u00e7\u00e3o UV, grava\u00e7\u00e3o em relevo, serigrafia e outros processos para melhorar o n\u00edvel t\u00e1til e visual e real\u00e7ar o tom sofisticado da marca.<\/li>\n<\/ul>\n<h2 id=\"-iii-professional-support-\"><strong>3. Apoio profissional<\/strong><\/h2>\n<ul>\n<li><strong>16 anos de experi\u00eancia em embalagens<\/strong>: 16 anos de experi\u00eancia em embalagens e impress\u00e3o, servindo mais de 500 marcas mundiais de vinho, familiarizados com as normas da ind\u00fastria e as tend\u00eancias de inova\u00e7\u00e3o, fornecendo solu\u00e7\u00f5es completas, desde a conce\u00e7\u00e3o, prova at\u00e9 \u00e0 produ\u00e7\u00e3o em massa.<\/li>\n<li><strong>Encomenda de pequenos lotes + entrega r\u00e1pida<\/strong>: Apoio a 50 pe\u00e7as de encomenda m\u00ednima, 15-20 dias de ciclo de entrega, resposta flex\u00edvel \u00e0s necessidades urgentes do cliente.<\/li>\n<li><strong>Garantia de controlo de qualidade total do processo<\/strong>: Aprova\u00e7\u00e3o da certifica\u00e7\u00e3o do sistema de gest\u00e3o da qualidade ISO 9001, controlo rigoroso das principais liga\u00e7\u00f5es, tais como mat\u00e9rias-primas, diferen\u00e7a de cor de impress\u00e3o, resist\u00eancia do produto acabado, etc., para garantir a consist\u00eancia da produ\u00e7\u00e3o em massa.<\/li>\n<\/ul>\n<h2 id=\"-iv-application-scenarios-\"><strong>4. Cen\u00e1rios de aplica\u00e7\u00e3o<\/strong><\/h2>\n<p>Aplic\u00e1vel a cen\u00e1rios de topo de gama, tais como caixas de oferta de whisky\/champagne, edi\u00e7\u00f5es limitadas de f\u00e9rias, edi\u00e7\u00f5es co-branded, vinhos de cole\u00e7\u00e3o, etc., para ajudar as marcas a aumentar o valor acrescentado e refor\u00e7ar os pontos de mem\u00f3ria da experi\u00eancia de unboxing dos consumidores.<\/p>","protected":false},"excerpt":{"rendered":"<ol>\n<li>Apresentar os requisitos (tamanho do produto, dire\u00e7\u00e3o da personaliza\u00e7\u00e3o, quantidade);<\/li>\n<li>Conce\u00e7\u00e3o e prova gratuitas (3-5 dias \u00fateis);<\/li>\n<li>Produ\u00e7\u00e3o em massa ap\u00f3s confirma\u00e7\u00e3o do projeto;<\/li>\n<li>Entrega log\u00edstica ap\u00f3s inspe\u00e7\u00e3o de qualidade.<\/li>\n<\/ol>","protected":false},"featured_media":9218,"template":"","meta":[],"product_brand":[],"product_cat":[30,419,424,31],"product_tag":[1108,1107,1109],"class_list":{"0":"post-9214","1":"product","2":"type-product","3":"status-publish","4":"has-post-thumbnail","6":"product_cat-by-industry","7":"product_cat-custom-wines-spirits-boxes","8":"product_cat-magnetic-closure-boxes","9":"product_cat-paper-box-style","10":"product_tag-champagne-packaging-boxes","11":"product_tag-custom-whisky-packaging","12":"product_tag-whisky-champagne-boxes-wholesale","14":"first","15":"instock","16":"shipping-taxable","17":"product-type-simple"},"_links":{"self":[{"href":"https:\/\/zojopackaging.com\/pt\/wp-json\/wp\/v2\/product\/9214","targetHints":{"allow":["GET"]}}],"collection":[{"href":"https:\/\/zojopackaging.com\/pt\/wp-json\/wp\/v2\/product"}],"about":[{"href":"https:\/\/zojopackaging.com\/pt\/wp-json\/wp\/v2\/types\/product"}],"version-history":[{"count":2,"href":"https:\/\/zojopackaging.com\/pt\/wp-json\/wp\/v2\/product\/9214\/revisions"}],"predecessor-version":[{"id":9229,"href":"https:\/\/zojopackaging.com\/pt\/wp-json\/wp\/v2\/product\/9214\/revisions\/9229"}],"wp:featuredmedia":[{"embeddable":true,"href":"https:\/\/zojopackaging.com\/pt\/wp-json\/wp\/v2\/media\/9218"}],"wp:attachment":[{"href":"https:\/\/zojopackaging.com\/pt\/wp-json\/wp\/v2\/media?parent=9214"}],"wp:term":[{"taxonomy":"product_brand","embeddable":true,"href":"https:\/\/zojopackaging.com\/pt\/wp-json\/wp\/v2\/product_brand?post=9214"},{"taxonomy":"product_cat","embeddable":true,"href":"https:\/\/zojopackaging.com\/pt\/wp-json\/wp\/v2\/product_cat?post=9214"},{"taxonomy":"product_tag","embeddable":true,"href":"https:\/\/zojopackaging.com\/pt\/wp-json\/wp\/v2\/product_tag?post=9214"}],"curies":[{"name":"wp","href":"https:\/\/api.w.org\/{rel}","templated":true}]}}