{"id":9221,"date":"2025-04-01T17:28:52","date_gmt":"2025-04-01T09:28:52","guid":{"rendered":"https:\/\/zojopackaging.com\/?post_type=product&#038;p=9221"},"modified":"2025-04-01T17:47:19","modified_gmt":"2025-04-01T09:47:19","slug":"soft-touch-custom-printing-folding-cartons-perfume-box-supplier","status":"publish","type":"product","link":"https:\/\/zojopackaging.com\/pt\/product\/soft-touch-custom-printing-folding-cartons-perfume-box-supplier\/","title":{"rendered":"Caixa de perfume com impress\u00e3o personalizada de toque suave Fornecedor de caixa de perfume"},"content":{"rendered":"<h3 id=\"1-clear-green-tone-and-luxurious-craftsmanship-\">1.\u00a0<strong>Tom verde claro e artesanato de luxo<\/strong><\/h3>\n<p>O corpo da caixa adopta o verde claro como cor principal, e a impress\u00e3o a quatro cores permite uma reprodu\u00e7\u00e3o precisa das cores CMYK. O brilho da superf\u00edcie \u00e9 refor\u00e7ado pela tecnologia de lamina\u00e7\u00e3o de pel\u00edcula PET, e o log\u00f3tipo da marca \u00e9 embelezado pela tecnologia local de prata quente. A textura met\u00e1lica apresenta um delicado efeito tridimensional sob a luz. Os dados experimentais mostram que este tipo de tecnologia aumenta a taxa de pr\u00e9mio do produto em 28%.<\/p>\n<h3 id=\"2-dual-card-structure-is-sturdy-\">2.\u00a0<strong>A estrutura de cart\u00e3o duplo \u00e9 robusta<\/strong><\/h3>\n<p>Adoptando um design \u00fanico de cart\u00e3o duplo, a tampa da caixa est\u00e1 intimamente ligada ao cart\u00e3o em ambos os lados, a estrutura \u00e9 est\u00e1vel e o produto pode ser fixado em todas as direc\u00e7\u00f5es<\/p>\n<h3 id=\"3-400g-white-card-material-graded-customization-\">3.\u00a0<strong>Personaliza\u00e7\u00e3o graduada do material de cart\u00e3o branco 400g<\/strong><\/h3>\n<p>\u00c9 selecionado papel de cart\u00e3o branco importado de 400g\/m\u00b2, a resist\u00eancia \u00e0 press\u00e3o do anel atinge 1000N\/m, \u00e9 certificado pelo FSC e cumpre as normas ambientais da UE. Fornece solu\u00e7\u00f5es de ajuste de peso de acordo com o peso do produto: - 100-200g fragr\u00e2ncia: 400g vers\u00e3o b\u00e1sica - 200-300g fragr\u00e2ncia forte: 450g vers\u00e3o melhorada - 300g+ fragr\u00e2ncia personalizada: 500g vers\u00e3o especial<\/p>\n<h3 id=\"4-different-structural-lining-adaptation-system-\">4.\u00a0<strong>Diferentes sistemas de adapta\u00e7\u00e3o de revestimentos estruturais<\/strong><\/h3>\n<p>O forro pode escolher o material adequado de acordo com a forma espec\u00edfica do produto, de modo a que a caixa possa encaixar corretamente. Evitar danos causados por aban\u00f5es durante o transporte.<\/p>\n<h3 id=\"5-high-end-brand-empowerment-design-\">5.\u00a0<strong>Conce\u00e7\u00e3o de empowerment de marcas topo de gama<\/strong><\/h3>\n<p>O tipo de caixa de cart\u00e3o de dupla inser\u00e7\u00e3o adapta-se \u00e0s necessidades de embalagem de luxo: -\u00a0<strong>Melhoria visual<\/strong>: O design da caixa suspensa aumenta a \u00e1rea de exposi\u00e7\u00e3o do produto em 40% -\u00a0<strong>Atualiza\u00e7\u00e3o por toque<\/strong>: A tampa da caixa \u00e9 revestida com uma pel\u00edcula de alto brilho de 0,3 mm e o coeficiente de amortecimento de abertura e fecho \u00e9 controlado a 0,5-0,8N-m -\u00a0<strong>Narrativa cultural<\/strong>: Suporte para grava\u00e7\u00e3o a laser de hist\u00f3rias da marca e reprodu\u00e7\u00e3o de elementos est\u00e9ticos orientais, como \"O Conto de Genji\".<\/p>\n<h3 id=\"6-full-link-service-guarantee-\">6.\u00a0<strong>Garantia de servi\u00e7o de liga\u00e7\u00e3o completa<\/strong><\/h3>\n<p>A f\u00e1brica de origem, com 16 anos de experi\u00eancia em embalagens, pode fornecer servi\u00e7os profissionais completos. Desde a conce\u00e7\u00e3o at\u00e9 \u00e0 moldagem e expedi\u00e7\u00e3o do produto final, h\u00e1 pessoas dedicadas respons\u00e1veis. .<\/p>\n<h3 id=\"7-global-transportation-solution-\">7.\u00a0<strong>Solu\u00e7\u00e3o de transporte global<\/strong><\/h3>\n<p>Com base em 15 anos de experi\u00eancia em exporta\u00e7\u00e3o, constru\u00edmos tr\u00eas grandes sistemas log\u00edsticos: -\u00a0<strong>Linha dedicada ao transporte a\u00e9reo<\/strong>: Utiliza\u00e7\u00e3o de um saco de coluna de ar com tamp\u00e3o EPE + tecnologia de corpo de v\u00e1cuo (resist\u00eancia \u00e0 compress\u00e3o aumentada em 60%) -\u00a0<strong>Transporte mar\u00edtimo de carga completa<\/strong>: Caixa exterior ondulada \u00e0 prova de \u00e1gua personalizada + chip de monitoriza\u00e7\u00e3o da temperatura e da humidade -\u00a0<strong>Correio direto transfronteiri\u00e7o<\/strong>: Conce\u00e7\u00e3o independente da embalagem em conformidade com a certifica\u00e7\u00e3o CE\/FDA A taxa de danos no transporte \u00e9 controlada abaixo de 0,03%.<\/p>","protected":false},"excerpt":{"rendered":"<p>A ZOJO Print fornece \u00e0s marcas de perfumes uma solu\u00e7\u00e3o de cen\u00e1rio completo, desde o conceito at\u00e9 ao terminal, atrav\u00e9s da atualiza\u00e7\u00e3o tridimensional da inova\u00e7\u00e3o de materiais (cart\u00e3o branco de 400g + forro inteligente), engenharia estrutural (sistema de compress\u00e3o de cart\u00e3o duplo) e servi\u00e7o de marca (personaliza\u00e7\u00e3o de liga\u00e7\u00e3o completa). A sua capacidade de produ\u00e7\u00e3o di\u00e1ria de mais de 60.000 unidades e o sistema de certifica\u00e7\u00e3o ISO 9001 podem satisfazer as necessidades de personaliza\u00e7\u00e3o de marcas em fase de arranque a marcas internacionais, ajudando os clientes a estabelecer uma competitividade diferenciada no mercado de terminais.<\/p>","protected":false},"featured_media":9222,"template":"","meta":[],"product_brand":[],"product_cat":[30,417,430,31],"product_tag":[1111,913,1110],"class_list":{"0":"post-9221","1":"product","2":"type-product","3":"status-publish","4":"has-post-thumbnail","6":"product_cat-by-industry","7":"product_cat-custom-perfume-boxes-by-industry","8":"product_cat-folding-cartons","9":"product_cat-paper-box-style","10":"product_tag-custom-printing-folding-cartons","11":"product_tag-perfume-box-supplier","12":"product_tag-soft-touch-box","14":"first","15":"instock","16":"shipping-taxable","17":"product-type-grouped"},"_links":{"self":[{"href":"https:\/\/zojopackaging.com\/pt\/wp-json\/wp\/v2\/product\/9221","targetHints":{"allow":["GET"]}}],"collection":[{"href":"https:\/\/zojopackaging.com\/pt\/wp-json\/wp\/v2\/product"}],"about":[{"href":"https:\/\/zojopackaging.com\/pt\/wp-json\/wp\/v2\/types\/product"}],"version-history":[{"count":1,"href":"https:\/\/zojopackaging.com\/pt\/wp-json\/wp\/v2\/product\/9221\/revisions"}],"predecessor-version":[{"id":9237,"href":"https:\/\/zojopackaging.com\/pt\/wp-json\/wp\/v2\/product\/9221\/revisions\/9237"}],"wp:featuredmedia":[{"embeddable":true,"href":"https:\/\/zojopackaging.com\/pt\/wp-json\/wp\/v2\/media\/9222"}],"wp:attachment":[{"href":"https:\/\/zojopackaging.com\/pt\/wp-json\/wp\/v2\/media?parent=9221"}],"wp:term":[{"taxonomy":"product_brand","embeddable":true,"href":"https:\/\/zojopackaging.com\/pt\/wp-json\/wp\/v2\/product_brand?post=9221"},{"taxonomy":"product_cat","embeddable":true,"href":"https:\/\/zojopackaging.com\/pt\/wp-json\/wp\/v2\/product_cat?post=9221"},{"taxonomy":"product_tag","embeddable":true,"href":"https:\/\/zojopackaging.com\/pt\/wp-json\/wp\/v2\/product_tag?post=9221"}],"curies":[{"name":"wp","href":"https:\/\/api.w.org\/{rel}","templated":true}]}}