{"id":9231,"date":"2025-04-01T17:31:48","date_gmt":"2025-04-01T09:31:48","guid":{"rendered":"https:\/\/zojopackaging.com\/?post_type=product&#038;p=9231"},"modified":"2025-04-01T17:48:14","modified_gmt":"2025-04-01T09:48:14","slug":"custom-printed-scented-hair-growth-oil-packaging-box-factory","status":"publish","type":"product","link":"https:\/\/zojopackaging.com\/pt\/product\/custom-printed-scented-hair-growth-oil-packaging-box-factory\/","title":{"rendered":"F\u00e1brica de caixas de embalagem de \u00f3leo de crescimento capilar perfumado com impress\u00e3o personalizada"},"content":{"rendered":"<h2 id=\"-1-humanized-magnetic-box-design-taking-into-account-convenience-and-display-\"><strong>1. Design humanizado da caixa de fecho magn\u00e9tico, tendo em conta a conveni\u00eancia e a apresenta\u00e7\u00e3o<\/strong><\/h2>\n<p>Adoptando uma estrutura magn\u00e9tica inovadora de abertura e fecho, pode ser aberta com um leve toque e o funcionamento \u00e9 suave. Molde de revestimento em EVA de alta densidade incorporado, posicionamento e fixa\u00e7\u00e3o precisos do corpo da garrafa, \u00e0 prova de choque e resistente \u00e0 press\u00e3o, garantindo a seguran\u00e7a do transporte e da exposi\u00e7\u00e3o.<\/p>\n<h2 id=\"-2-high-strength-composite-material-double-protection-guarantee-\"><strong>2. Material composto de alta resist\u00eancia, garantia de dupla prote\u00e7\u00e3o<\/strong><\/h2>\n<p>O material de base \u00e9 selecionado como\u00a0<strong>157 g de papel revestido C2S + 1200 g de cart\u00e3o duro<\/strong>\u00a0A combina\u00e7\u00e3o de dois processos, a superf\u00edcie \u00e9 delicada e lisa, a camada inferior tem uma forte resist\u00eancia ao impacto e n\u00e3o se deforma depois de passar o teste de press\u00e3o est\u00e1tica de 10 kg. O processo composto confere ao corpo da caixa uma excelente rigidez, resiste eficazmente \u00e0 extrus\u00e3o de for\u00e7as externas e proporciona uma prote\u00e7\u00e3o completa para produtos l\u00edquidos de elevado valor.<\/p>\n<h2 id=\"-3-double-sided-high-precision-printing-technology-to-enhance-brand-penetration-\"><strong>3. Tecnologia de impress\u00e3o de alta precis\u00e3o de dupla face para aumentar a penetra\u00e7\u00e3o da marca<\/strong><\/h2>\n<p>Impress\u00e3o UV a cores de dupla face, suporta 4 cores + cores diretas + gama de cores Pantone, com uma resolu\u00e7\u00e3o de 300 dpi e padr\u00f5es n\u00edtidos sem manchas. Pode organizar de forma flex\u00edvel informa\u00e7\u00f5es multidimensionais, como a efic\u00e1cia do produto, a descri\u00e7\u00e3o dos ingredientes, a hist\u00f3ria da marca, etc., aumentar o valor dos pontos de contacto com o consumidor e reduzir os custos de marketing secund\u00e1rios.<\/p>\n<h2 id=\"-4-customization-of-brand-visual-system-optimization-of-blue-tone-aesthetics-\"><strong>4. Personaliza\u00e7\u00e3o do sistema visual da marca, otimiza\u00e7\u00e3o da est\u00e9tica do tom azul<\/strong><\/h2>\n<p>A cor principal adopta o azul padr\u00e3o Pantone 2945C, e a diferen\u00e7a de cor entre lotes \u00e9 \u22640,5\u0394E ap\u00f3s 6 processos de calibra\u00e7\u00e3o de cor. Com o processo parcial de prata quente \/ grava\u00e7\u00e3o em relevo, o brilho met\u00e1lico \u00e9 destacado na textura fosca, transmitindo uma sensa\u00e7\u00e3o de tecnologia e tonalidade de ponta, e o reconhecimento da prateleira \u00e9 aumentado em 40%.<\/p>\n<h2 id=\"-5-modular-compatible-structure-cross-category-adaptation-solution-\"><strong>5. Estrutura modular compat\u00edvel, solu\u00e7\u00e3o de adapta\u00e7\u00e3o transversal a v\u00e1rias categorias<\/strong><\/h2>\n<p>O espa\u00e7o interno suporta a personaliza\u00e7\u00e3o de frascos de 30ml-150ml, o que \u00e9 adequado para cosm\u00e9ticos como \u00f3leo de crescimento capilar, ess\u00eancia e creme. Os acess\u00f3rios, tais como fivelas e fitas de perfume, podem ser expandidos para satisfazer as necessidades de v\u00e1rios cen\u00e1rios, tais como produtos de cuidados da pele e caixas de oferta de luxo ligeiras, e reduzir os custos de desenvolvimento de SKU do cliente.<\/p>\n<h2 id=\"-6-precision-die-cutting-process-details-create-high-end-experience-\"><strong>6. Processo de corte de precis\u00e3o, os pormenores criam uma experi\u00eancia de topo de gama<\/strong><\/h2>\n<p>Sistema alem\u00e3o de corte e vinco a laser Heidelberg, toler\u00e2ncia de corte \u00b10,15mm, cantos arredondados e sem rebarbas. Com a tecnologia de indenta\u00e7\u00e3o sem cola, a vida \u00fatil de abertura da caixa excede 500 vezes, a suavidade do toque cumpre a norma europeia EN13432 e o espa\u00e7o premium \u00e9 aumentado em 25%.<\/p>\n<h2 id=\"-7-16-years-of-smart-manufacturing-experience-full-link-service-guarantee-\"><strong>7. 16 anos de experi\u00eancia de fabrico inteligente, garantia de servi\u00e7o de liga\u00e7\u00e3o total<\/strong><\/h2>\n<p>Como uma empresa com dupla certifica\u00e7\u00e3o ISO9001\/14001 na ind\u00fastria de embalagens da China, integramos todo o processo de conce\u00e7\u00e3o-prova-produ\u00e7\u00e3o-inspe\u00e7\u00e3o de qualidade-log\u00edstica, 7 dias de prova r\u00e1pida, 15 dias de entrega de lotes e uma quantidade m\u00ednima de encomenda de 500pcs. Prestamos servi\u00e7os de otimiza\u00e7\u00e3o da cadeia de abastecimento 1 a 1 e o custo global \u00e9 18% inferior ao do mercado.<\/p>\n<h2 id=\"-technical-parameters-\"><strong>Par\u00e2metros t\u00e9cnicos<\/strong><\/h2>\n<table>\n<thead>\n<tr>\n<th>Projeto<\/th>\n<th>Especifica\u00e7\u00e3o<\/th>\n<\/tr>\n<\/thead>\n<tbody>\n<tr>\n<td>Material<\/td>\n<td>157 g de papel revestido + 1200 g de cart\u00e3o<\/td>\n<\/tr>\n<tr>\n<td>Processo de impress\u00e3o<\/td>\n<td>Impress\u00e3o frente e verso<\/td>\n<\/tr>\n<tr>\n<td>Ciclo de entrega<\/td>\n<td>7-14 dias \u00fateis (consoante o volume da encomenda)<\/td>\n<\/tr>\n<tr>\n<td>Normas ambientais<\/td>\n<td>Tinta biodegrad\u00e1vel certificada pelo FSC<\/td>\n<\/tr>\n<\/tbody>\n<\/table>","protected":false},"excerpt":{"rendered":"<ul>\n<li><strong>Custo control\u00e1vel<\/strong>: base de papel de fabrico pr\u00f3prio + linha de produ\u00e7\u00e3o totalmente autom\u00e1tica, transpar\u00eancia de pre\u00e7os ind\u00fastria TOP3<\/li>\n<li><strong>Compromisso de qualidade<\/strong>: inspe\u00e7\u00e3o completa da primeira pe\u00e7a + amostragem do lote, taxa de rendimento 99,2%<\/li>\n<li><strong>Personaliza\u00e7\u00e3o flex\u00edvel<\/strong>: suporta a incorpora\u00e7\u00e3o de c\u00f3digo QR AR, microc\u00e1psulas de fragr\u00e2ncia e outras tecnologias de embalagem inteligente<\/li>\n<\/ul>","protected":false},"featured_media":9232,"template":"","meta":[],"product_brand":[],"product_cat":[30,390,424,31],"product_tag":[1112,1114,1113],"class_list":{"0":"post-9231","1":"product","2":"type-product","3":"status-publish","4":"has-post-thumbnail","6":"product_cat-by-industry","7":"product_cat-custom-cosmetics-boxes","8":"product_cat-magnetic-closure-boxes","9":"product_cat-paper-box-style","10":"product_tag-custom-scented-packaging","11":"product_tag-growth-oil-packaging-box","12":"product_tag-hair-oil-packaging","14":"first","15":"instock","16":"shipping-taxable","17":"product-type-simple"},"_links":{"self":[{"href":"https:\/\/zojopackaging.com\/pt\/wp-json\/wp\/v2\/product\/9231","targetHints":{"allow":["GET"]}}],"collection":[{"href":"https:\/\/zojopackaging.com\/pt\/wp-json\/wp\/v2\/product"}],"about":[{"href":"https:\/\/zojopackaging.com\/pt\/wp-json\/wp\/v2\/types\/product"}],"version-history":[{"count":1,"href":"https:\/\/zojopackaging.com\/pt\/wp-json\/wp\/v2\/product\/9231\/revisions"}],"predecessor-version":[{"id":9238,"href":"https:\/\/zojopackaging.com\/pt\/wp-json\/wp\/v2\/product\/9231\/revisions\/9238"}],"wp:featuredmedia":[{"embeddable":true,"href":"https:\/\/zojopackaging.com\/pt\/wp-json\/wp\/v2\/media\/9232"}],"wp:attachment":[{"href":"https:\/\/zojopackaging.com\/pt\/wp-json\/wp\/v2\/media?parent=9231"}],"wp:term":[{"taxonomy":"product_brand","embeddable":true,"href":"https:\/\/zojopackaging.com\/pt\/wp-json\/wp\/v2\/product_brand?post=9231"},{"taxonomy":"product_cat","embeddable":true,"href":"https:\/\/zojopackaging.com\/pt\/wp-json\/wp\/v2\/product_cat?post=9231"},{"taxonomy":"product_tag","embeddable":true,"href":"https:\/\/zojopackaging.com\/pt\/wp-json\/wp\/v2\/product_tag?post=9231"}],"curies":[{"name":"wp","href":"https:\/\/api.w.org\/{rel}","templated":true}]}}