{"id":9239,"date":"2025-04-01T17:48:34","date_gmt":"2025-04-01T09:48:34","guid":{"rendered":"https:\/\/zojopackaging.com\/?post_type=product&#038;p=9239"},"modified":"2025-04-01T18:03:38","modified_gmt":"2025-04-01T10:03:38","slug":"custom-garment-apparel-shirts-ties-gift-boxes-wholesale","status":"publish","type":"product","link":"https:\/\/zojopackaging.com\/pt\/product\/custom-garment-apparel-shirts-ties-gift-boxes-wholesale\/","title":{"rendered":"Vestu\u00e1rio personalizado Camisas Gravatas Caixas de oferta por atacado"},"content":{"rendered":"<h2 id=\"-1-elegant-appearance-design-\"><strong>1. Design de apar\u00eancia elegante<\/strong><\/h2>\n<ul>\n<li>O corpo da caixa adopta o tom azul claro, que \u00e9 impresso pela melhor m\u00e1quina de impress\u00e3o Heidelberg do mundo. A cor \u00e9 est\u00e1vel e brilhante, o efeito visual \u00e9 suave e avan\u00e7ado, e transmite na perfei\u00e7\u00e3o a textura da marca.<\/li>\n<\/ul>\n<h2 id=\"-2-super-protective-material-\"><strong>2. Material super protetor<\/strong><\/h2>\n<ul>\n<li><strong>Material da caixa exterior<\/strong>: Cart\u00e3o cinzento de 1200 GSM de alta resist\u00eancia, resistente \u00e0 press\u00e3o e ao impacto e capaz de suportar cargas de longa dura\u00e7\u00e3o sem deforma\u00e7\u00e3o.<\/li>\n<li><strong>Tecnologia de superf\u00edcie<\/strong>: Lamina\u00e7\u00e3o de papel revestido de 157 GSM, toque delicado, bom brilho, resist\u00eancia ao desgaste e anti-incrustante.<\/li>\n<li><strong>Desenho do forro interior<\/strong>: A esponja EVA ou o forro de flanela podem ser personalizados para fixar o vestu\u00e1rio, as camisas, as gravatas e outros produtos para evitar que tremam durante o transporte.<\/li>\n<\/ul>\n<h2 id=\"-3-innovative-structure-of-book-shaped-box-\"><strong>3. Estrutura inovadora da caixa de fecho magn\u00e9tico<\/strong><\/h2>\n<ul>\n<li>Design de fecho magn\u00e9tico, f\u00e1cil de abrir a caixa para mostrar o produto, adequado para exposi\u00e7\u00e3o em lojas e cenas de presentes.<\/li>\n<li>A caixa interior pode ser combinada com ranhuras para cart\u00f5es em camadas, que podem ser adaptadas de forma flex\u00edvel a diferentes categorias, como camisas, gravatas, roupa interior, casacos, etc.<\/li>\n<\/ul>\n<h2 id=\"-4-flattened-shipment-cost-reduction-and-efficiency-improvement-\"><strong>4. Redu\u00e7\u00e3o de custos e melhoria da efici\u00eancia<\/strong><\/h2>\n<ul>\n<li>A caixa suporta o transporte dobr\u00e1vel, reduzindo significativamente o espa\u00e7o de armazenamento e log\u00edstica, poupando at\u00e9 40% de custos de transporte.<\/li>\n<\/ul>\n<h2 id=\"-5-fine-details-highlight-quality-\"><strong>5. Os pormenores finos real\u00e7am a qualidade<\/strong><\/h2>\n<ul>\n<li>Cantos cortados a laser, lisos e sem rebarbas; os cantos da caixa s\u00e3o arredondados e refor\u00e7ados para melhorar a suavidade e a durabilidade da abertura e do fecho.<\/li>\n<\/ul>\n<h2 id=\"-6-widely-applicable-scenarios-\"><strong>6. Cen\u00e1rios amplamente aplic\u00e1veis<\/strong><\/h2>\n<ul>\n<li>Ofertas comerciais, vestu\u00e1rio de marca, pacotes promocionais de f\u00e9rias, personaliza\u00e7\u00e3o privada de alta gama, etc.<\/li>\n<\/ul>\n<h2 id=\"-product-parameters-\"><strong>Par\u00e2metros do produto<\/strong><\/h2>\n<table>\n<thead>\n<tr>\n<th>Projeto<\/th>\n<th>Especifica\u00e7\u00f5es<\/th>\n<\/tr>\n<\/thead>\n<tbody>\n<tr>\n<td><strong>Cor principal<\/strong><\/td>\n<td>Azul claro (o n\u00famero de cor Pantone pode ser personalizado)<\/td>\n<\/tr>\n<tr>\n<td><strong>Material<\/strong><\/td>\n<td>Cart\u00e3o cinzento de 1200 GSM + papel de arte revestido de 157 GSM<\/td>\n<\/tr>\n<tr>\n<td><strong>Processo de impress\u00e3o<\/strong><\/td>\n<td>Impress\u00e3o a cores Heidelberg + lamina\u00e7\u00e3o mate<\/td>\n<\/tr>\n<tr>\n<td><strong>Tipo de caixa<\/strong><\/td>\n<td>Caixa de fivela magn\u00e9tica em forma de livro (tamanho personaliz\u00e1vel)<\/td>\n<\/tr>\n<tr>\n<td><strong>M\u00e9todo de envio<\/strong><\/td>\n<td>Dobrar e achatar para transporte<\/td>\n<\/tr>\n<tr>\n<td><strong>Produtos aplic\u00e1veis<\/strong><\/td>\n<td>Vestu\u00e1rio, camisas, gravatas, roupa interior, casacos<\/td>\n<\/tr>\n<tr>\n<td><strong>Normas de processo<\/strong><\/td>\n<td>Certifica\u00e7\u00e3o do sistema de gest\u00e3o da qualidade ISO 9001<\/td>\n<\/tr>\n<\/tbody>\n<\/table>","protected":false},"excerpt":{"rendered":"<ul>\n<li><strong>Precis\u00e3o da cor<\/strong>: A tecnologia de impress\u00e3o a cores diretas da Heidelberg assegura a consist\u00eancia das cores dos lotes e aumenta o reconhecimento da marca.<\/li>\n<li><strong>Prote\u00e7\u00e3o m\u00e1xima<\/strong>: Combina\u00e7\u00e3o de cart\u00e3o cinzento de alta gramagem + papel revestido, resistente \u00e0 press\u00e3o e \u00e0 humidade, adequado para o transporte a longa dist\u00e2ncia.<\/li>\n<li><strong>Capacita\u00e7\u00e3o da marca<\/strong>: Os pormenores requintados e o design est\u00e9tico azul claro conferem ao produto um elevado valor acrescentado e melhoram a experi\u00eancia do cliente.<\/li>\n<li><strong>Custo de origem<\/strong>: Fornecimento direto de uma f\u00e1brica de embalagens profissional de 16 anos, sem diferen\u00e7a de pre\u00e7o de intermedi\u00e1rios e apoio \u00e0 personaliza\u00e7\u00e3o de pequenos lotes.<\/li>\n<\/ul>","protected":false},"featured_media":9241,"template":"","meta":[],"product_brand":[],"product_cat":[30,427,414,31],"product_tag":[1116,897,1115],"class_list":{"0":"post-9239","1":"product","2":"type-product","3":"status-publish","4":"has-post-thumbnail","6":"product_cat-by-industry","7":"product_cat-collapsible-gift-boxes","8":"product_cat-custom-apparel-boxes","9":"product_cat-paper-box-style","10":"product_tag-apparel-gift-boxes","11":"product_tag-custom-boxes-wholesale","12":"product_tag-garment-gift-boxes","14":"first","15":"instock","16":"shipping-taxable","17":"product-type-simple"},"_links":{"self":[{"href":"https:\/\/zojopackaging.com\/pt\/wp-json\/wp\/v2\/product\/9239","targetHints":{"allow":["GET"]}}],"collection":[{"href":"https:\/\/zojopackaging.com\/pt\/wp-json\/wp\/v2\/product"}],"about":[{"href":"https:\/\/zojopackaging.com\/pt\/wp-json\/wp\/v2\/types\/product"}],"version-history":[{"count":1,"href":"https:\/\/zojopackaging.com\/pt\/wp-json\/wp\/v2\/product\/9239\/revisions"}],"predecessor-version":[{"id":9247,"href":"https:\/\/zojopackaging.com\/pt\/wp-json\/wp\/v2\/product\/9239\/revisions\/9247"}],"wp:featuredmedia":[{"embeddable":true,"href":"https:\/\/zojopackaging.com\/pt\/wp-json\/wp\/v2\/media\/9241"}],"wp:attachment":[{"href":"https:\/\/zojopackaging.com\/pt\/wp-json\/wp\/v2\/media?parent=9239"}],"wp:term":[{"taxonomy":"product_brand","embeddable":true,"href":"https:\/\/zojopackaging.com\/pt\/wp-json\/wp\/v2\/product_brand?post=9239"},{"taxonomy":"product_cat","embeddable":true,"href":"https:\/\/zojopackaging.com\/pt\/wp-json\/wp\/v2\/product_cat?post=9239"},{"taxonomy":"product_tag","embeddable":true,"href":"https:\/\/zojopackaging.com\/pt\/wp-json\/wp\/v2\/product_tag?post=9239"}],"curies":[{"name":"wp","href":"https:\/\/api.w.org\/{rel}","templated":true}]}}