{"id":9246,"date":"2025-04-01T18:03:26","date_gmt":"2025-04-01T10:03:26","guid":{"rendered":"https:\/\/zojopackaging.com\/?post_type=product&#038;p=9246"},"modified":"2025-04-01T18:17:59","modified_gmt":"2025-04-01T10:17:59","slug":"manufacture-black-perfume-folding-cardboard-box-fast-delievery","status":"publish","type":"product","link":"https:\/\/zojopackaging.com\/pt\/product\/manufacture-black-perfume-folding-cardboard-box-fast-delievery\/","title":{"rendered":"Fabrico de caixa de cart\u00e3o dobr\u00e1vel para perfume preto Entrega r\u00e1pida"},"content":{"rendered":"<h3 id=\"1-350g-400g-white-card-material-smooth-touch-and-long-term-preservation-\">1.\u00a0<strong>Material de cart\u00e3o branco 350g-400g: toque suave e conserva\u00e7\u00e3o a longo prazo<\/strong><\/h3>\n<p>\u00c9 selecionado papel de cart\u00e3o branco importado (vers\u00e3o de base 350g \/ vers\u00e3o melhorada 400g), com uma suavidade de superf\u00edcie de 85\u00b0 e um toque sedoso. Com a certifica\u00e7\u00e3o ISO 9001, o teor de humidade do papel \u00e9 rigorosamente controlado a 5%\u00b11% para garantir a preserva\u00e7\u00e3o a longo prazo sem deforma\u00e7\u00e3o. Em compara\u00e7\u00e3o com o papel de cart\u00e3o cinzento normal, a ader\u00eancia da tinta do papel de cart\u00e3o branco aumenta em 40% e a cor impressa \u00e9 mais duradoura.<\/p>\n<h3 id=\"2-minimalist-double-insert-card-box-shape-classic-design-and-multi-functional-adaptation-\">2.\u00a0<strong>Forma minimalista de caixa de cart\u00e3o de dupla inser\u00e7\u00e3o: design cl\u00e1ssico e adapta\u00e7\u00e3o multifuncional<\/strong><\/h3>\n<p>Adoptando uma estrutura de caixa de disco (fundo autoblocante na parte inferior), a tampa da caixa \u00e9 ligada \u00e0 placa traseira de acordo com a ergonomia, e o \u00e2ngulo de abertura \u00e0 direita \u00e9 optimizado para 115\u00b0. Atrav\u00e9s do design modular da linha de dobragem, \u00e9 adequado para toda a gama de frascos de perfume de 30ml a 100ml, e o corpo do frasco \u00e9 suspenso no meio para reduzir o risco de colis\u00e3o no transporte. A resist\u00eancia \u00e0 compress\u00e3o medida \u00e9 de 1500N\/m\u00b2, e pode suportar um teste de queda de uma altura de 1,2 metros.<\/p>\n<h3 id=\"3-black-and-gold-contrasting-technology-visual-impact-and-light-luxury-aesthetics-\">3.\u00a0<strong>Tecnologia contrastante em preto e dourado: impacto visual e est\u00e9tica de luxo leve<\/strong><\/h3>\n<p>A impress\u00e3o UV parcial combinada com a tecnologia de relevo tridimensional forma uma textura com uma diferen\u00e7a de altura de 0,1 mm no substrato preto, e a textura met\u00e1lica apresenta luz e sombra din\u00e2micas como o c\u00e9u estrelado. A combina\u00e7\u00e3o de cores preto e dourado passou no teste de psicologia da cor da FPA, transmitindo uma sensa\u00e7\u00e3o de luxo misterioso e aumentando a taxa de pr\u00e9mio do produto em 32%.<\/p>\n<h3 id=\"4-heidelberg-four-color-printing-accurate-color-reproduction-\">4.\u00a0<strong>Impress\u00e3o a quatro cores Heidelberg: reprodu\u00e7\u00e3o exacta das cores<\/strong><\/h3>\n<p>Adoptando a tecnologia de impress\u00e3o a quatro cores CMYK, a gest\u00e3o de cores ICC \u00e9 utilizada para garantir que a diferen\u00e7a de cor \u0394E&lt;0,5, e a taxa de cobertura de tinta \u00e9 optimizada especialmente para substratos pretos para evitar problemas de penetra\u00e7\u00e3o de tinta. Suporta a correspond\u00eancia de cart\u00f5es de cor Pantone para conseguir um restauro exato da cor VI da marca.<\/p>\n<h3 id=\"5-customized-brand-logo-strengthen-user-memory-points-\">5.\u00a0<strong>Log\u00f3tipo da marca personalizado: Refor\u00e7ar os pontos de mem\u00f3ria do utilizador<\/strong><\/h3>\n<p>Oferece op\u00e7\u00f5es de duplo processo de estampagem a quente\/prata quente e a posi\u00e7\u00e3o do LOGOTIPO suporta o design de dupla posi\u00e7\u00e3o de visualiza\u00e7\u00e3o do painel frontal\/traseiro. Uma marca de luxo aumentou o reconhecimento da marca em 45% e a taxa de recompra em 28% atrav\u00e9s desta solu\u00e7\u00e3o.<\/p>\n<h3 id=\"6-replaceable-lining-system-smart-packaging-upgrade-\">6.\u00a0<strong>Sistema de revestimento substitu\u00edvel: atualiza\u00e7\u00e3o inteligente da embalagem<\/strong><\/h3>\n<p>O revestimento utiliza papel ondulado ecol\u00f3gico como cart\u00e3o interior de papel, o que permite uma desmontagem e substitui\u00e7\u00e3o r\u00e1pidas. S\u00e3o fornecidas 5 solu\u00e7\u00f5es de adapta\u00e7\u00e3o: -\u00a0<strong>Modelo b\u00e1sico \u00e0 prova de choque<\/strong>: aprovado no teste ISTA 2A\u00a0<strong>Modelo de ecr\u00e3<\/strong>design de janela em acr\u00edlico transparente -\u00a0<strong>Modelo ecol\u00f3gico e recicl\u00e1vel<\/strong>forro de algod\u00e3o de fibra vegetal\u00a0<strong>Modelo com LOGOTIPO personalizado<\/strong>: hist\u00f3ria da marca de grava\u00e7\u00e3o a laser<\/p>\n<h3 id=\"7-fast-delivery-system-full-link-production-guarantee-\">7.\u00a0<strong>Sistema de entrega r\u00e1pida: garantia de produ\u00e7\u00e3o em liga\u00e7\u00e3o total<\/strong><\/h3>\n<p>Baseando-se em processos de produ\u00e7\u00e3o normalizados para alcan\u00e7ar:<\/p>\n<ol>\n<li>Modela\u00e7\u00e3o 3D e simula\u00e7\u00e3o estrutural (erro &lt;0,1 mm)<\/li>\n<li>8 provas por semana (apoio \u00e0 otimiza\u00e7\u00e3o de testes cegos)<\/li>\n<li>Linha de produ\u00e7\u00e3o dedicada da m\u00e1quina de impress\u00e3o Heidelberg<\/li>\n<li>Sistema de controlo de qualidade ISO 9001 Todo o processo, desde o processamento at\u00e9 \u00e0 produ\u00e7\u00e3o em massa, pode ser conclu\u00eddo em apenas 7 dias, com uma capacidade de produ\u00e7\u00e3o di\u00e1ria m\u00e9dia de 120 000+, suportando as normas de log\u00edstica Amazon FBA\/EURAMID.<\/li>\n<\/ol>","protected":false},"excerpt":{"rendered":"<p>A ZOJO Print oferece \u00e0s marcas de perfumes uma solu\u00e7\u00e3o de cen\u00e1rio completo, desde o conceito at\u00e9 ao terminal, atrav\u00e9s de actualiza\u00e7\u00f5es tridimensionais na inova\u00e7\u00e3o de materiais (cart\u00e3o branco t\u00e1til + tecnologia de ouro negro), engenharia estrutural (resist\u00eancia \u00e0 compress\u00e3o de cart\u00e3o duplo) e produ\u00e7\u00e3o inteligente (prova r\u00e1pida). A sua capacidade de produ\u00e7\u00e3o di\u00e1ria de mais de 120.000 e o sistema de certifica\u00e7\u00e3o ambiental ISO 14001 podem satisfazer as necessidades de personaliza\u00e7\u00e3o de marcas em fase de arranque a marcas internacionais, ajudando os clientes a estabelecer uma competitividade diferenciada no mercado de terminais.<\/p>","protected":false},"featured_media":9260,"template":"","meta":[],"product_brand":[],"product_cat":[30,417,430,31],"product_tag":[1117,1118,1119],"class_list":{"0":"post-9246","1":"product","2":"type-product","3":"status-publish","4":"has-post-thumbnail","6":"product_cat-by-industry","7":"product_cat-custom-perfume-boxes-by-industry","8":"product_cat-folding-cartons","9":"product_cat-paper-box-style","10":"product_tag-black-perfume-folding-cardboard-box","11":"product_tag-folding-cardboard-box-fast-delievery","12":"product_tag-manufacture-box","14":"first","15":"instock","16":"shipping-taxable","17":"product-type-grouped"},"_links":{"self":[{"href":"https:\/\/zojopackaging.com\/pt\/wp-json\/wp\/v2\/product\/9246","targetHints":{"allow":["GET"]}}],"collection":[{"href":"https:\/\/zojopackaging.com\/pt\/wp-json\/wp\/v2\/product"}],"about":[{"href":"https:\/\/zojopackaging.com\/pt\/wp-json\/wp\/v2\/types\/product"}],"version-history":[{"count":1,"href":"https:\/\/zojopackaging.com\/pt\/wp-json\/wp\/v2\/product\/9246\/revisions"}],"predecessor-version":[{"id":9261,"href":"https:\/\/zojopackaging.com\/pt\/wp-json\/wp\/v2\/product\/9246\/revisions\/9261"}],"wp:featuredmedia":[{"embeddable":true,"href":"https:\/\/zojopackaging.com\/pt\/wp-json\/wp\/v2\/media\/9260"}],"wp:attachment":[{"href":"https:\/\/zojopackaging.com\/pt\/wp-json\/wp\/v2\/media?parent=9246"}],"wp:term":[{"taxonomy":"product_brand","embeddable":true,"href":"https:\/\/zojopackaging.com\/pt\/wp-json\/wp\/v2\/product_brand?post=9246"},{"taxonomy":"product_cat","embeddable":true,"href":"https:\/\/zojopackaging.com\/pt\/wp-json\/wp\/v2\/product_cat?post=9246"},{"taxonomy":"product_tag","embeddable":true,"href":"https:\/\/zojopackaging.com\/pt\/wp-json\/wp\/v2\/product_tag?post=9246"}],"curies":[{"name":"wp","href":"https:\/\/api.w.org\/{rel}","templated":true}]}}