{"id":9262,"date":"2025-04-01T18:18:10","date_gmt":"2025-04-01T10:18:10","guid":{"rendered":"https:\/\/zojopackaging.com\/?post_type=product&#038;p=9262"},"modified":"2025-04-01T18:35:59","modified_gmt":"2025-04-01T10:35:59","slug":"custom-logo-cardboard-box-50ml-perfume-packaging-boxes-manufacturer","status":"publish","type":"product","link":"https:\/\/zojopackaging.com\/pt\/product\/custom-logo-cardboard-box-50ml-perfume-packaging-boxes-manufacturer\/","title":{"rendered":"Caixa de cart\u00e3o com log\u00f3tipo personalizado Caixas de embalagem de perfume 50ML Fabricante"},"content":{"rendered":"<h3 id=\"1-350g-400g-high-quality-white-card-material-high-end-and-easy-to-store-\">1.\u00a0<strong>Material de cart\u00e3o branco de alta qualidade 350g-400g: topo de gama e f\u00e1cil de guardar<\/strong><\/h3>\n<p>A caixa de cart\u00e3o de perfume utiliza papel de cart\u00e3o de alta qualidade. Atrav\u00e9s da m\u00e1quina de impress\u00e3o Heidelberg, a cor geral da caixa de cart\u00e3o \u00e9 deslumbrante e deslumbrante, o que pode real\u00e7ar melhor o charme e o estilo de luxo dos produtos do cliente.<\/p>\n<h3 id=\"2-minimalist-double-insert-card-box-shape-convenient-operation-and-protection-function-coexist-\">2.\u00a0<strong>Forma minimalista da caixa de cart\u00e3o de dupla inser\u00e7\u00e3o: coexistem uma opera\u00e7\u00e3o pr\u00e1tica e uma fun\u00e7\u00e3o de prote\u00e7\u00e3o<\/strong><\/h3>\n<p>Adoptando um design pr\u00e1tico de caixa de cart\u00e3o de dupla inser\u00e7\u00e3o, a opera\u00e7\u00e3o \u00e9 f\u00e1cil e livre, e a disposi\u00e7\u00e3o requintada do perfume interno \u00e9 imediatamente apresentada.<\/p>\n<h3 id=\"3-customizable-size-design-exclusivity-and-light-luxury-aesthetics-\">3.\u00a0<strong>Tamanho personaliz\u00e1vel: exclusividade de design e est\u00e9tica de luxo leve<\/strong><\/h3>\n<p>Suporta uma variedade de tamanhos e personaliza\u00e7\u00e3o de processos, integrando perfeitamente as carater\u00edsticas da marca do seu produto e os conceitos de design.<\/p>\n<h3 id=\"4-perfect-structure-protect-perfume-\">4.\u00a0<strong>Estrutura perfeita: protege o perfume<\/strong><\/h3>\n<p>A caixa de cart\u00e3o para perfumes tem uma estrutura de fivela para garantir a estabilidade e a seguran\u00e7a do frasco de perfume e evitar o deslizamento acidental durante o processo de transporte.<\/p>\n<h3 id=\"5-customized-brand-logo-strengthen-user-memory-points-\">5.\u00a0<strong>Log\u00f3tipo da marca personalizado: Refor\u00e7ar os pontos de mem\u00f3ria do utilizador<\/strong><\/h3>\n<p>Fornece op\u00e7\u00f5es de duplo processo de estampagem a quente\/prata quente e a posi\u00e7\u00e3o do LOGOTIPO suporta o design de dupla posi\u00e7\u00e3o de apresenta\u00e7\u00e3o do painel frontal\/traseiro. Uma marca de luxo aumentou o reconhecimento da sua marca em 45% e a taxa de recompra em 28% atrav\u00e9s desta solu\u00e7\u00e3o.<\/p>\n<h3 id=\"6-replaceable-lining-system-smart-packaging-upgrade-\">6.\u00a0<strong>Sistema de revestimento substitu\u00edvel: atualiza\u00e7\u00e3o inteligente da embalagem<\/strong><\/h3>\n<p>O forro pode ser personalizado de acordo com as suas necessidades individuais, e pode escolher o material que se adequa ao seu estilo de perfume.<\/p>\n<h3 id=\"7-professional-self-owned-factory-double-guarantee-of-quality-and-service-\">7.\u00a0<strong>F\u00e1brica pr\u00f3pria profissional: dupla garantia de qualidade e servi\u00e7o<\/strong><\/h3>\n<p>A f\u00e1brica de impress\u00e3o e embalagem, com 16 anos de exist\u00eancia, ocupa uma \u00e1rea de 5.320 metros quadrados. Com excelente qualidade e pre\u00e7os acess\u00edveis, ganhou grande confian\u00e7a e elogios no mercado de embalagens no exterior.<\/p>","protected":false},"excerpt":{"rendered":"<p>A ZOJO Print oferece \u00e0s marcas de perfumes uma solu\u00e7\u00e3o de cen\u00e1rio completo, desde o conceito at\u00e9 ao terminal, atrav\u00e9s de actualiza\u00e7\u00f5es tridimensionais de inova\u00e7\u00e3o de materiais (cart\u00e3o branco t\u00e1til + processo de ouro negro), engenharia estrutural (resist\u00eancia \u00e0 compress\u00e3o de cart\u00e3o duplo) e produ\u00e7\u00e3o inteligente (prova r\u00e1pida).<\/p>","protected":false},"featured_media":9273,"template":"","meta":[],"product_brand":[],"product_cat":[30,417,430,31],"product_tag":[1124,1123],"class_list":{"0":"post-9262","1":"product","2":"type-product","3":"status-publish","4":"has-post-thumbnail","6":"product_cat-by-industry","7":"product_cat-custom-perfume-boxes-by-industry","8":"product_cat-folding-cartons","9":"product_cat-paper-box-style","10":"product_tag-box-50ml-perfume","11":"product_tag-custom-logo-cardboard-box","13":"first","14":"instock","15":"shipping-taxable","16":"product-type-grouped"},"_links":{"self":[{"href":"https:\/\/zojopackaging.com\/pt\/wp-json\/wp\/v2\/product\/9262","targetHints":{"allow":["GET"]}}],"collection":[{"href":"https:\/\/zojopackaging.com\/pt\/wp-json\/wp\/v2\/product"}],"about":[{"href":"https:\/\/zojopackaging.com\/pt\/wp-json\/wp\/v2\/types\/product"}],"version-history":[{"count":1,"href":"https:\/\/zojopackaging.com\/pt\/wp-json\/wp\/v2\/product\/9262\/revisions"}],"predecessor-version":[{"id":9277,"href":"https:\/\/zojopackaging.com\/pt\/wp-json\/wp\/v2\/product\/9262\/revisions\/9277"}],"wp:featuredmedia":[{"embeddable":true,"href":"https:\/\/zojopackaging.com\/pt\/wp-json\/wp\/v2\/media\/9273"}],"wp:attachment":[{"href":"https:\/\/zojopackaging.com\/pt\/wp-json\/wp\/v2\/media?parent=9262"}],"wp:term":[{"taxonomy":"product_brand","embeddable":true,"href":"https:\/\/zojopackaging.com\/pt\/wp-json\/wp\/v2\/product_brand?post=9262"},{"taxonomy":"product_cat","embeddable":true,"href":"https:\/\/zojopackaging.com\/pt\/wp-json\/wp\/v2\/product_cat?post=9262"},{"taxonomy":"product_tag","embeddable":true,"href":"https:\/\/zojopackaging.com\/pt\/wp-json\/wp\/v2\/product_tag?post=9262"}],"curies":[{"name":"wp","href":"https:\/\/api.w.org\/{rel}","templated":true}]}}