{"id":9264,"date":"2025-04-01T18:19:44","date_gmt":"2025-04-01T10:19:44","guid":{"rendered":"https:\/\/zojopackaging.com\/?post_type=product&#038;p=9264"},"modified":"2025-04-01T19:45:19","modified_gmt":"2025-04-01T11:45:19","slug":"get-quality-custom-cosmetic-skincare-beauty-boxes-wholesale","status":"publish","type":"product","link":"https:\/\/zojopackaging.com\/pt\/product\/get-quality-custom-cosmetic-skincare-beauty-boxes-wholesale\/","title":{"rendered":"Obter caixas de cosm\u00e9ticos personalizadas de qualidade para cuidados com a pele por atacado"},"content":{"rendered":"<h2 id=\"-i-ingenious-design-dual-interpretation-of-aesthetics-and-function-\"><strong>1. Design engenhoso: dupla interpreta\u00e7\u00e3o da est\u00e9tica e da fun\u00e7\u00e3o<\/strong><\/h2>\n<ol>\n<li><strong>Atualiza\u00e7\u00e3o do estilo visual<\/strong><\/li>\n<li>O log\u00f3tipo da marca foi criado por\u00a0<strong>tiras decorativas brancas e tecnologia de estampagem a quente dourada<\/strong>As linhas minimalistas e a textura met\u00e1lica colidem para transmitir o conceito de uma est\u00e9tica de luxo leve. A superf\u00edcie da caixa \u00e9 feita de materiais \u00e0 base de papel amigos do ambiente, com tecnologia de lamina\u00e7\u00e3o mate, que \u00e9 delicada e resistente ao desgaste, e que se adequa ao tom \"puro e natural\" dos produtos de cuidados da pele topo de gama.<\/li>\n<li><strong>Padr\u00f5es e textos gravados a ouro<\/strong>\u00a0podem ser personalizados de acordo com as necessidades da marca, suportando a grava\u00e7\u00e3o em relevo, UV local e outros processos para melhorar as camadas visuais. Por exemplo, a estampagem a quente floral \u00e9 adequada para marcas de produtos naturais para a pele, enquanto as linhas geom\u00e9tricas s\u00e3o adequadas para linhas de produtos tecnol\u00f3gicos.<\/li>\n<li><strong>Caixa inovadora com tampa superior e inferior<\/strong><\/li>\n<li>O\u00a0<strong>estrutura da tampa superior e inferior de cobertura do solo<\/strong>\u00a0\u00e9 adoptada, e a tampa e o corpo da caixa s\u00e3o separados com precis\u00e3o, a abertura e o fecho s\u00e3o suaves e a apresenta\u00e7\u00e3o \u00e9 forte. A borda do corpo da caixa reserva um design exposto \u00e0 cintura de 3 mm, que \u00e9 conveniente para abrir e acrescenta uma beleza tridimensional, adequada para exibi\u00e7\u00e3o de exposi\u00e7\u00f5es e cenas de retalho de terminais.<\/li>\n<li>Apoio\u00a0<strong>personaliza\u00e7\u00e3o circular, poligonal e de formas especiais<\/strong>A gama de caixas de oferta hexagonais \u00e9 adequada para conjuntos de perfumes e o design circular adapta-se aos produtos est\u00e9ticos chineses para cuidados da pele.<\/li>\n<\/ol>\n<h2 id=\"-second-lining-process-safety-protection-and-display-aesthetics-\"><strong>2. Processo de revestimento: prote\u00e7\u00e3o da seguran\u00e7a e est\u00e9tica da apresenta\u00e7\u00e3o<\/strong><\/h2>\n<ol>\n<li><strong>Personaliza\u00e7\u00e3o do forro em EVA preto<\/strong><\/li>\n<li>O forro \u00e9 feito de\u00a0<strong>Material EVA preto de alta densidade de 1,5 mm<\/strong>A m\u00e1quina \u00e9 formada por um corte preciso para fixar perfeitamente ess\u00eancias engarrafadas, cremes, perfumes e outros produtos com formas especiais para evitar danos causados pela vibra\u00e7\u00e3o do transporte.<\/li>\n<li>A superf\u00edcie do forro pode ser coberta com veludo ou material de seda para aumentar a sensa\u00e7\u00e3o t\u00e1til de luxo; apoiar o design em camadas, como a coloca\u00e7\u00e3o de produtos de cuidados da pele na camada superior e a incorpora\u00e7\u00e3o de amostras ou cart\u00f5es de instru\u00e7\u00f5es na camada inferior.<\/li>\n<li><strong>Expans\u00e3o modular de fun\u00e7\u00f5es<\/strong><\/li>\n<li>Opcional\u00a0<strong>camada transparente acr\u00edlica amov\u00edvel<\/strong>\u00a0para mostrar a textura do produto;<\/li>\n<li>Fivela magn\u00e9tica incorporada ou dispositivo de fixa\u00e7\u00e3o de fitas para melhorar o sentido ritual da caixa de presente, adequado para caixas de edi\u00e7\u00e3o limitada de f\u00e9rias.<\/li>\n<\/ol>\n<h2 id=\"-three-supply-chain-advantages-one-stop-foreign-trade-service-guarantee-\"><strong>3. Vantagens da cadeia de abastecimento: garantia de um servi\u00e7o de com\u00e9rcio externo \u00fanico<\/strong><\/h2>\n<ol>\n<li><strong>16 anos de fornecimento direto da f\u00e1brica de origem<\/strong><\/li>\n<li>Com base na capacidade de produ\u00e7\u00e3o em grande escala, uma \u00fanica encomenda de lote pode ser t\u00e3o baixa como\u00a0<strong>500 conjuntos<\/strong>e o pre\u00e7o \u00e9 30%-50% inferior ao de produtos semelhantes no mercado. Ado\u00e7\u00e3o de uma m\u00e1quina de estampagem a quente totalmente autom\u00e1tica e de equipamento de corte e vinco para garantir a precis\u00e3o do processo e a pontualidade da entrega (as encomendas convencionais s\u00e3o entregues no prazo de 15 dias).<\/li>\n<li><strong>Servi\u00e7o completo de apoio ao processo<\/strong><\/li>\n<li><strong>Fim do projeto<\/strong>: Fornecer solu\u00e7\u00f5es de adapta\u00e7\u00e3o da marca VI, desde a conce\u00e7\u00e3o estrutural \u00e0 implanta\u00e7\u00e3o de c\u00f3digos QR interactivos AR;<\/li>\n<li><strong>Fim da produ\u00e7\u00e3o<\/strong>: Passar o sistema de certifica\u00e7\u00e3o de qualidade ISO, controlar rigorosamente os pormenores, tais como o peso do papel e a diferen\u00e7a de ouro da estampagem a quente;<\/li>\n<li><strong>Fim da log\u00edstica<\/strong>: Foi criada uma equipa de embalagem dedicada ao com\u00e9rcio externo para fornecer embalagem a v\u00e1cuo \u00e0 prova de humidade e personaliza\u00e7\u00e3o de caixas de transporte padr\u00e3o internacional para reduzir a taxa de perda transfronteiri\u00e7a.<\/li>\n<\/ol>","protected":false},"excerpt":{"rendered":"<ul>\n<li><strong>Conjunto de caixas para sal\u00e3o de beleza<\/strong>: Adequado para o conjunto de ess\u00eancias liofilizadas \"light medical beauty\", o revestimento em EVA pode fixar ampolas e ferramentas de aplica\u00e7\u00e3o;<\/li>\n<li><strong>Com\u00e9rcio eletr\u00f3nico transfronteiri\u00e7o<\/strong>: Concebidas caixas de embalagem recicl\u00e1veis para clientes europeus e americanos, o corpo da caixa \u00e9 transformado numa prateleira de armazenamento, em conformidade com a tend\u00eancia de consumo ecol\u00f3gico<\/li>\n<\/ul>","protected":false},"featured_media":9288,"template":"","meta":[],"product_brand":[],"product_cat":[30,390,425,31],"product_tag":[1130,1129,1128],"class_list":{"0":"post-9264","1":"product","2":"type-product","3":"status-publish","4":"has-post-thumbnail","6":"product_cat-by-industry","7":"product_cat-custom-cosmetics-boxes","8":"product_cat-lid-and-base-gift-box","9":"product_cat-paper-box-style","10":"product_tag-cosmetics-packaging","11":"product_tag-paper-cosmetic-packaging-boxes","12":"product_tag-paper-gift-box-for-cosmetics","14":"first","15":"instock","16":"shipping-taxable","17":"product-type-simple"},"_links":{"self":[{"href":"https:\/\/zojopackaging.com\/pt\/wp-json\/wp\/v2\/product\/9264","targetHints":{"allow":["GET"]}}],"collection":[{"href":"https:\/\/zojopackaging.com\/pt\/wp-json\/wp\/v2\/product"}],"about":[{"href":"https:\/\/zojopackaging.com\/pt\/wp-json\/wp\/v2\/types\/product"}],"version-history":[{"count":1,"href":"https:\/\/zojopackaging.com\/pt\/wp-json\/wp\/v2\/product\/9264\/revisions"}],"predecessor-version":[{"id":9291,"href":"https:\/\/zojopackaging.com\/pt\/wp-json\/wp\/v2\/product\/9264\/revisions\/9291"}],"wp:featuredmedia":[{"embeddable":true,"href":"https:\/\/zojopackaging.com\/pt\/wp-json\/wp\/v2\/media\/9288"}],"wp:attachment":[{"href":"https:\/\/zojopackaging.com\/pt\/wp-json\/wp\/v2\/media?parent=9264"}],"wp:term":[{"taxonomy":"product_brand","embeddable":true,"href":"https:\/\/zojopackaging.com\/pt\/wp-json\/wp\/v2\/product_brand?post=9264"},{"taxonomy":"product_cat","embeddable":true,"href":"https:\/\/zojopackaging.com\/pt\/wp-json\/wp\/v2\/product_cat?post=9264"},{"taxonomy":"product_tag","embeddable":true,"href":"https:\/\/zojopackaging.com\/pt\/wp-json\/wp\/v2\/product_tag?post=9264"}],"curies":[{"name":"wp","href":"https:\/\/api.w.org\/{rel}","templated":true}]}}