{"id":9278,"date":"2025-04-01T18:37:17","date_gmt":"2025-04-01T10:37:17","guid":{"rendered":"https:\/\/zojopackaging.com\/?post_type=product&#038;p=9278"},"modified":"2025-04-01T18:54:47","modified_gmt":"2025-04-01T10:54:47","slug":"branded-custom-gift-perfume-packaging-cardboard-box-wholesale","status":"publish","type":"product","link":"https:\/\/zojopackaging.com\/pt\/product\/branded-custom-gift-perfume-packaging-cardboard-box-wholesale\/","title":{"rendered":"Caixa de cart\u00e3o para embalagem de perfumes para oferta personalizada com marca por atacado"},"content":{"rendered":"<h3 id=\"1-matte-paper-easy-to-print-excellent-performance-\">1.\u00a0<strong>Papel mate, f\u00e1cil de imprimir, excelente desempenho<\/strong><\/h3>\n<p>Utiliza papel mate 400g como material da caixa de cart\u00e3o para perfume, calmo e elegante, est\u00e1vel para transportar perfume e resistente ao impacto.<\/p>\n<h3 id=\"2-multiple-processes-superimposed-to-highlight-brand-design-\">2.\u00a0<strong>M\u00faltiplos processos sobrepostos para real\u00e7ar o design da marca<\/strong><\/h3>\n<p>A caixa de cart\u00e3o de perfume utiliza tecnologia de impress\u00e3o a quatro cores e estampagem a quente, o padr\u00e3o \u00e9 \u00fanico e texturado, real\u00e7ando o encanto das marcas de luxo.<\/p>\n<h3 id=\"3-double-insert-card-structure-innovation-convenience-and-stability-coexist-\">3.\u00a0<strong>Inova\u00e7\u00e3o da estrutura do cart\u00e3o de dupla inser\u00e7\u00e3o: coexist\u00eancia de comodidade e estabilidade<\/strong><\/h3>\n<p>A caixa de cart\u00e3o de perfume tem v\u00e1rios tamanhos e pode ser personalizada de acordo com os requisitos do cliente para atender \u00e0s necessidades personalizadas.<\/p>\n<h3 id=\"4-flat-packaging-design-efficient-logistics-and-cost-optimization-\">4.\u00a0<strong>Design de embalagens planas: log\u00edstica eficiente e otimiza\u00e7\u00e3o de custos<\/strong><\/h3>\n<p>O tipo de caixa adopta um m\u00e9todo de dupla inser\u00e7\u00e3o, que \u00e9 conveniente para os consumidores.<\/p>\n<h3 id=\"5-modular-size-and-process-customization-\">5.\u00a0<strong>Tamanho modular e personaliza\u00e7\u00e3o de processos<\/strong><\/h3>\n<p>Fornecer personaliza\u00e7\u00e3o diversificada do design da embalagem exterior, adaptar-se a v\u00e1rias especifica\u00e7\u00f5es do produto, garantir estabilidade e apar\u00eancia atractiva.<\/p>\n<h3 id=\"6-professional-design-team-professional-packaging-solution-\">6.\u00a0<strong>Equipa de design profissional, solu\u00e7\u00e3o de embalagem profissional<\/strong><\/h3>\n<p>Com uma equipa de design de embalagens inovadora, crie uma solu\u00e7\u00e3o de impress\u00e3o e embalagem \u00fanica.<\/p>\n<h3 id=\"7-strength-of-the-source-factory-\">7.\u00a0<strong>For\u00e7a da f\u00e1brica de origem<\/strong><\/h3>\n<p>A f\u00e1brica ocupa uma \u00e1rea de 5.320 metros quadrados, equipada com uma linha de m\u00e1quinas de impress\u00e3o Heidelberg dedicada e um sistema de certifica\u00e7\u00e3o ISO 9001, com uma capacidade de produ\u00e7\u00e3o di\u00e1ria m\u00e9dia de mais de 120.000. 16 anos de experi\u00eancia de exporta\u00e7\u00e3o para construir tr\u00eas grandes sistemas de log\u00edstica: linha de frete a\u00e9reo (saco de coluna de ar de amortecimento EPE), cont\u00eainer completo de frete mar\u00edtimo (caixa de papel\u00e3o ondulado \u00e0 prova d'\u00e1gua), mala direta transfronteiri\u00e7a (embalagem certificada CE \/ FDA), taxa de danos de transporte &lt;0,03%.<\/p>","protected":false},"excerpt":{"rendered":"<p>Caixa de papel\u00e3o de embalagem de perfume de presente personalizado da marca por atacado, a ZOJO Print ajudou 1200 marcas a obter as solu\u00e7\u00f5es de caixa adequadas!<\/p>\n<p>Personaliza\u00e7\u00e3o: Pode personalizar o tamanho\/impress\u00e3o\/material\/acabamento\/forma, etc.<br \/>\nTipo de material: Amigo do ambiente, tem certifica\u00e7\u00e3o FSC\/ISO\/BSCI<br \/>\nTempo de produ\u00e7\u00e3o: Amostra 1-3 dias; a granel 7-9 dias<br \/>\nTempo de envio: Expresso 3-7 dias; Ar 12-16 dias; Barco 25-30 dias\uff08Diferentes pa\u00edses t\u00eam tempos diferentes)<\/p>\n<p>Pre\u00e7o:Contacte-nos para enviar um inqu\u00e9rito!<\/p>","protected":false},"featured_media":9285,"template":"","meta":[],"product_brand":[],"product_cat":[30,417,430,31],"product_tag":[1127,1126,1125],"class_list":{"0":"post-9278","1":"product","2":"type-product","3":"status-publish","4":"has-post-thumbnail","6":"product_cat-by-industry","7":"product_cat-custom-perfume-boxes-by-industry","8":"product_cat-folding-cartons","9":"product_cat-paper-box-style","10":"product_tag-branded-box","11":"product_tag-cardboard-box-wholesale","12":"product_tag-gift-perfume-packaging","14":"first","15":"instock","16":"shipping-taxable","17":"product-type-grouped"},"_links":{"self":[{"href":"https:\/\/zojopackaging.com\/pt\/wp-json\/wp\/v2\/product\/9278","targetHints":{"allow":["GET"]}}],"collection":[{"href":"https:\/\/zojopackaging.com\/pt\/wp-json\/wp\/v2\/product"}],"about":[{"href":"https:\/\/zojopackaging.com\/pt\/wp-json\/wp\/v2\/types\/product"}],"version-history":[{"count":1,"href":"https:\/\/zojopackaging.com\/pt\/wp-json\/wp\/v2\/product\/9278\/revisions"}],"predecessor-version":[{"id":9279,"href":"https:\/\/zojopackaging.com\/pt\/wp-json\/wp\/v2\/product\/9278\/revisions\/9279"}],"wp:featuredmedia":[{"embeddable":true,"href":"https:\/\/zojopackaging.com\/pt\/wp-json\/wp\/v2\/media\/9285"}],"wp:attachment":[{"href":"https:\/\/zojopackaging.com\/pt\/wp-json\/wp\/v2\/media?parent=9278"}],"wp:term":[{"taxonomy":"product_brand","embeddable":true,"href":"https:\/\/zojopackaging.com\/pt\/wp-json\/wp\/v2\/product_brand?post=9278"},{"taxonomy":"product_cat","embeddable":true,"href":"https:\/\/zojopackaging.com\/pt\/wp-json\/wp\/v2\/product_cat?post=9278"},{"taxonomy":"product_tag","embeddable":true,"href":"https:\/\/zojopackaging.com\/pt\/wp-json\/wp\/v2\/product_tag?post=9278"}],"curies":[{"name":"wp","href":"https:\/\/api.w.org\/{rel}","templated":true}]}}