{"id":9292,"date":"2025-04-01T19:45:43","date_gmt":"2025-04-01T11:45:43","guid":{"rendered":"https:\/\/zojopackaging.com\/?post_type=product&#038;p=9292"},"modified":"2025-04-01T20:03:38","modified_gmt":"2025-04-01T12:03:38","slug":"custom-hijab-scarf-scarves-shawl-packaging-gift-box-wholesale","status":"publish","type":"product","link":"https:\/\/zojopackaging.com\/pt\/product\/custom-hijab-scarf-scarves-shawl-packaging-gift-box-wholesale\/","title":{"rendered":"Cachecol Hijab Personalizado Cachec\u00f3is Xaile Embalagem Caixa de oferta por atacado"},"content":{"rendered":"<h2 id=\"-i-optimization-of-core-design-highlights-and-industry-verification-\"><strong>1. Otimiza\u00e7\u00e3o dos principais destaques da conce\u00e7\u00e3o e verifica\u00e7\u00e3o industrial<\/strong><\/h2>\n<ol>\n<li><strong>Capa flip magn\u00e9tica com design interativo<\/strong><\/li>\n<li>O sistema de fivela magn\u00e9tica incorporado permite a abertura e o fecho com uma s\u00f3 m\u00e3o atrav\u00e9s da adsor\u00e7\u00e3o magn\u00e9tica, o que aumenta a sensa\u00e7\u00e3o de ritual ao desembalar a caixa, reduzindo o risco de desgaste mec\u00e2nico.<\/li>\n<li>Recomenda-se a coloca\u00e7\u00e3o de uma flanela de prote\u00e7\u00e3o no interior da tampa da caixa para proteger a camada de impress\u00e3o de alto brilho e prolongar a vida \u00fatil.<\/li>\n<li><strong>Estrutura plana e dobr\u00e1vel<\/strong><\/li>\n<li>O processo de pr\u00e9-indenta\u00e7\u00e3o reduz o volume dobrado para 1\/8, o que \u00e9 altamente consistente com o conceito de \"conce\u00e7\u00e3o de otimiza\u00e7\u00e3o log\u00edstica sistem\u00e1tica\". Pode reduzir os custos log\u00edsticos transfronteiri\u00e7os em mais de 80%.<\/li>\n<li>Referindo-se ao design de bloco fino flip-top do banco de energia m\u00f3vel magn\u00e9tico da Tesla, recomenda-se que a espessura ap\u00f3s a dobragem seja \u22642cm, o que \u00e9 adequado para sacos de envelope expresso padr\u00e3o para reduzir ainda mais as perdas de transporte.<\/li>\n<\/ol>\n<h2 id=\"-ii-customized-process-and-material-innovation-\"><strong>2. Inova\u00e7\u00e3o personalizada de processos e materiais<\/strong><\/h2>\n<ol>\n<li><strong>Impress\u00e3o e tratamento de superf\u00edcie<\/strong><\/li>\n<li><strong>Impress\u00e3o offset a quatro cores + verniz UV<\/strong>: \u00c9 utilizado o processo de estampagem a quente em relevo da caixa de oferta Baisnat, combinado com UV local para real\u00e7ar o log\u00f3tipo da marca, para garantir o restauro exato das cores diretas Pantone.<\/li>\n<li><strong>Design t\u00e1til tridimensional<\/strong>: recomenda-se a grava\u00e7\u00e3o em couro ou o relevo 3D para melhorar o \"ponto de mem\u00f3ria de luxo\" do primeiro contacto do utilizador.<\/li>\n<li><strong>Combina\u00e7\u00e3o de materiais amiga do ambiente<\/strong><\/li>\n<li><strong>Camada estrutural<\/strong>: Cart\u00e3o cinzento integral de 1200 GSM + pel\u00edcula \u00e0 prova de humidade degrad\u00e1vel, resist\u00eancia \u00e0 compress\u00e3o de 8,5KN\/m\u00b2, 30% superior \u00e0s caixas de papel ondulado E tradicionais.<\/li>\n<li><strong>Camada de papel de superf\u00edcie<\/strong>: 157 GSM papel revestido com filme fosco, resist\u00eancia \u00e0 dobragem de mais de 5000 vezes, adequado para -20 \u2103 ~ 60 \u2103 temperatura e ambiente de umidade.<\/li>\n<\/ol>\n<h2 id=\"-three-supply-chain-and-cost-optimization-strategy-\"><strong>3. Cadeia de abastecimento e estrat\u00e9gia de otimiza\u00e7\u00e3o de custos<\/strong><\/h2>\n<ol>\n<li><strong>Produ\u00e7\u00e3o flex\u00edvel e garantia de conformidade<\/strong><\/li>\n<li><strong>Prova r\u00e1pida<\/strong>: As representa\u00e7\u00f5es 3D s\u00e3o fornecidas no prazo de 48 horas e a produ\u00e7\u00e3o experimental de pequenos lotes \u00e9 suportada (MOQ 500 ou mais).<\/li>\n<li><strong>Controlo dos custos<\/strong>: Os materiais s\u00e3o recomendados de acordo com o mercado-alvo, tais como estampagem a quente escura + janelas de acr\u00edlico para os clientes do M\u00e9dio Oriente e estampagem minimalista + cart\u00e3o cinzento recicl\u00e1vel para os clientes europeus.<\/li>\n<li><strong>Solu\u00e7\u00e3o log\u00edstica<\/strong><\/li>\n<li>Adoptando a tripla prote\u00e7\u00e3o de \"caixa dobr\u00e1vel + pel\u00edcula \u00e0 prova de humidade + prote\u00e7\u00e3o dos cantos\", a taxa de rutura \u00e9 inferior a 0,3%, o que \u00e9 60% inferior \u00e0 solu\u00e7\u00e3o tradicional.<\/li>\n<li>Recomendar a linha log\u00edstica verde da DHL, reduzindo as emiss\u00f5es de carbono em 15%<\/li>\n<\/ol>\n<h2 id=\"-iv-application-scenarios-and-market-adaptation-\"><strong>4. Cen\u00e1rios de aplica\u00e7\u00e3o e adapta\u00e7\u00e3o ao mercado<\/strong><\/h2>\n<ul>\n<li><strong>Design de fus\u00e3o cultural<\/strong>:<\/li>\n<li>A caixa de oferta de len\u00e7o de cabe\u00e7a de estilo \u00e9tnico pode ser integrada com elementos de estilo nacional, e o efeito de gradiente pode ser obtido atrav\u00e9s de serigrafia.<\/li>\n<\/ul>\n<h2 id=\"-v-industry-trends-and-data-reference-\"><strong>5. Tend\u00eancias do sector e refer\u00eancia de dados<\/strong><\/h2>\n<ul>\n<li><strong>Necessidades de prote\u00e7\u00e3o do ambiente<\/strong>85% dos clientes europeus e americanos preferem materiais recicl\u00e1veis, pelo que se recomenda a adi\u00e7\u00e3o de op\u00e7\u00f5es de papel com certifica\u00e7\u00e3o FSC.<\/li>\n<li><strong>Economia da experi\u00eancia<\/strong>: O design magn\u00e9tico de abertura e fecho reduz o tempo de desembalagem para 3 segundos (70% superior ao das embalagens tradicionais), o que se adequa \u00e0 psicologia de consumo de \"gratifica\u00e7\u00e3o instant\u00e2nea\" da Gera\u00e7\u00e3o Z.<\/li>\n<\/ul>","protected":false},"excerpt":{"rendered":"<p>Eleva\u00e7\u00e3o da marca: O acabamento de alto brilho e os detalhes met\u00e1licos amplificam o valor percebido.<br \/>\n\ud83d\udecd\ufe0f Custom-Ready: Integre perfeitamente log\u00f3tipos ou trabalhos art\u00edsticos para uma marca coesa.<br \/>\nEfici\u00eancia a granel: A constru\u00e7\u00e3o dur\u00e1vel reduz os danos de transporte para clientes grossistas.<br \/>\nUtiliza\u00e7\u00e3o vers\u00e1til: Ideal para presentes de luxo, expositores de retalho ou colec\u00e7\u00f5es de boutique.<\/p>","protected":false},"featured_media":9293,"template":"","meta":[],"product_brand":[],"product_cat":[30,414,424,31],"product_tag":[1131,1132,1133],"class_list":{"0":"post-9292","1":"product","2":"type-product","3":"status-publish","4":"has-post-thumbnail","6":"product_cat-by-industry","7":"product_cat-custom-apparel-boxes","8":"product_cat-magnetic-closure-boxes","9":"product_cat-paper-box-style","10":"product_tag-hijab-packaging-box","11":"product_tag-scarf-gift-box","12":"product_tag-shawl-packaging-box","14":"first","15":"instock","16":"shipping-taxable","17":"product-type-simple"},"_links":{"self":[{"href":"https:\/\/zojopackaging.com\/pt\/wp-json\/wp\/v2\/product\/9292","targetHints":{"allow":["GET"]}}],"collection":[{"href":"https:\/\/zojopackaging.com\/pt\/wp-json\/wp\/v2\/product"}],"about":[{"href":"https:\/\/zojopackaging.com\/pt\/wp-json\/wp\/v2\/types\/product"}],"version-history":[{"count":1,"href":"https:\/\/zojopackaging.com\/pt\/wp-json\/wp\/v2\/product\/9292\/revisions"}],"predecessor-version":[{"id":9299,"href":"https:\/\/zojopackaging.com\/pt\/wp-json\/wp\/v2\/product\/9292\/revisions\/9299"}],"wp:featuredmedia":[{"embeddable":true,"href":"https:\/\/zojopackaging.com\/pt\/wp-json\/wp\/v2\/media\/9293"}],"wp:attachment":[{"href":"https:\/\/zojopackaging.com\/pt\/wp-json\/wp\/v2\/media?parent=9292"}],"wp:term":[{"taxonomy":"product_brand","embeddable":true,"href":"https:\/\/zojopackaging.com\/pt\/wp-json\/wp\/v2\/product_brand?post=9292"},{"taxonomy":"product_cat","embeddable":true,"href":"https:\/\/zojopackaging.com\/pt\/wp-json\/wp\/v2\/product_cat?post=9292"},{"taxonomy":"product_tag","embeddable":true,"href":"https:\/\/zojopackaging.com\/pt\/wp-json\/wp\/v2\/product_tag?post=9292"}],"curies":[{"name":"wp","href":"https:\/\/api.w.org\/{rel}","templated":true}]}}