{"id":9300,"date":"2025-04-01T20:03:57","date_gmt":"2025-04-01T12:03:57","guid":{"rendered":"https:\/\/zojopackaging.com\/?post_type=product&#038;p=9300"},"modified":"2025-04-01T20:15:53","modified_gmt":"2025-04-01T12:15:53","slug":"wholesale-tea-coffee-paper-tube-packaging-manufacturer","status":"publish","type":"product","link":"https:\/\/zojopackaging.com\/pt\/product\/wholesale-tea-coffee-paper-tube-packaging-manufacturer\/","title":{"rendered":"Fabricante de embalagens de tubo de papel para ch\u00e1 e caf\u00e9 por atacado"},"content":{"rendered":"<p>Como fabricante de embalagens com 16 anos de experi\u00eancia profissional, concentramo-nos em fornecer solu\u00e7\u00f5es de embalagens de tubos cil\u00edndricos de papel de alta qualidade a clientes globais, abrangendo uma variedade de \u00e1reas de produtos, como ch\u00e1, caf\u00e9, especiarias, etc. De seguida, apresentamos as principais vantagens e descri\u00e7\u00f5es de servi\u00e7os do produto:<\/p>\n<h2 id=\"-core-design-features-of-the-product-\"><strong>Principais carater\u00edsticas de conce\u00e7\u00e3o do produto<\/strong><\/h2>\n<ol>\n<li><strong>Estrutura da caixa de embalagem de tubo de papel e design de correspond\u00eancia de v\u00e1rias cores<\/strong>\u00a0Adoptando a forma cl\u00e1ssica de caixa cil\u00edndrica, combinada com um esquema de correspond\u00eancia de v\u00e1rias cores, atrav\u00e9s de\u00a0<strong>impress\u00e3o a quatro cores + processo de pel\u00edcula mate<\/strong>A m\u00e1quina de impress\u00e3o Heidelberg tem uma sa\u00edda precisa, para garantir que a cor do padr\u00e3o \u00e9 brilhante e viva e resistente ao desgaste e aos riscos. A superf\u00edcie pode ser personalizada com estampagem a quente, UV, grava\u00e7\u00e3o em relevo e outros processos para melhorar a estratifica\u00e7\u00e3o visual e a textura de alta qualidade da embalagem.<\/li>\n<li><strong>Estrutura dividida superior e inferior, c\u00f3moda e pr\u00e1tica<\/strong>\u00a0A embalagem \u00e9 constitu\u00edda por\u00a0<strong>tampa da caixa independente e corpo da caixa<\/strong>. O design dividido \u00e9 f\u00e1cil de abrir, fechar e reutilizar, assegurando simultaneamente a veda\u00e7\u00e3o. Por exemplo, a tampa da caixa pode adotar uma estrutura de fivela magn\u00e9tica ou de fivela de encaixe, que \u00e9 est\u00e1vel e \u00e0 prova de humidade; o espa\u00e7o interno do corpo da caixa \u00e9 regular, adequado para diferentes formas de produtos, como latas de ch\u00e1, sacos de caf\u00e9 em p\u00f3 e frascos de especiarias.<\/li>\n<li><strong>Cen\u00e1rios de aplica\u00e7\u00e3o multifuncionais<\/strong>\u00a0O produto \u00e9 adequado para ch\u00e1, caf\u00e9 em gr\u00e3o, especiarias, frutos secos, cosm\u00e9ticos e outras categorias, tendo em conta tanto a beleza como o car\u00e1cter pr\u00e1tico. O interior pode ser configurado com\u00a0<strong>Tabuleiro interior em EVA, janela em PVC ou divis\u00f3ria em camadas<\/strong>que pode fixar eficazmente o conte\u00fado e evitar choques e press\u00f5es.<\/li>\n<li><strong>Servi\u00e7o altamente personalizado<\/strong>\u00a0Apoio\u00a0<strong>personaliza\u00e7\u00e3o total do processo<\/strong>\u00a0desde o tamanho, a cor e o processo de impress\u00e3o:<\/li>\n<li><strong>Tamanho flex\u00edvel<\/strong>: Personaliza\u00e7\u00e3o livre dentro da gama de 2-32mm de di\u00e2metro e 2-50mm de altura para satisfazer diferentes requisitos de capacidade.<\/li>\n<li><strong>Diversos estilos de design<\/strong>: S\u00e3o fornecidos modelos de estilo retro, minimalista, chin\u00eas e outros, e o design exclusivo tamb\u00e9m pode ser criado de acordo com a marca VI.<\/li>\n<li><strong>Materiais amigos do ambiente<\/strong>: O papel kraft de qualidade alimentar, o cart\u00e3o de fibra de bambu e a pel\u00edcula composta de folha de alum\u00ednio s\u00e3o utilizados para aumentar a resist\u00eancia \u00e0 humidade e cumprir as normas de prote\u00e7\u00e3o ambiental.<\/li>\n<\/ol>\n<h2 id=\"-production-process-and-quality-assurance-\"><strong>Processo de produ\u00e7\u00e3o e garantia de qualidade<\/strong><\/h2>\n<ul>\n<li><strong>Tecnologia de impress\u00e3o<\/strong>: A impressora Heidelberg \u00e9 utilizada para obter uma impress\u00e3o a quatro cores de alta precis\u00e3o e o processo de pel\u00edcula mate \u00e9 sobreposto para melhorar a satura\u00e7\u00e3o e a durabilidade da cor.<\/li>\n<li><strong>Otimiza\u00e7\u00e3o estrutural<\/strong>: O espa\u00e7o interno \u00e9 dividido regularmente atrav\u00e9s do processo de corte e vinco, suportando o design em camadas, tipo gaveta ou vitrina, tendo em conta a funcionalidade e o efeito de exposi\u00e7\u00e3o.<\/li>\n<li><strong>Normas de inspe\u00e7\u00e3o da qualidade<\/strong>: A produ\u00e7\u00e3o automatizada de processo completo combinada com o sistema de dete\u00e7\u00e3o por infravermelhos garante que a taxa de rendimento do produto atinja mais de 99%.<\/li>\n<\/ul>","protected":false},"excerpt":{"rendered":"<ul>\n<li><strong>Servi\u00e7o de processo completo desde a conce\u00e7\u00e3o at\u00e9 \u00e0 entrega<\/strong>: conce\u00e7\u00e3o de embalagens, provas, produ\u00e7\u00e3o de lotes, controlo de qualidade e log\u00edstica internacional.<\/li>\n<li><strong>Capacidade de resposta r\u00e1pida<\/strong>: O ciclo de personaliza\u00e7\u00e3o da amostra \u00e9 de 3-5 dias, e o ciclo de produ\u00e7\u00e3o em grande escala \u00e9 de 7-14 dias. Suporta entrega direta a partir das principais regi\u00f5es do mundo (Europa, Am\u00e9rica do Norte, Sudeste Asi\u00e1tico, etc.).<\/li>\n<li><strong>Vantagem em termos de custos<\/strong>: Baseando-se na produ\u00e7\u00e3o em grande escala e na integra\u00e7\u00e3o da cadeia de abastecimento, oferece um pre\u00e7o inicial competitivo (500 unidades) e apoia a exporta\u00e7\u00e3o transfronteiri\u00e7a.<\/li>\n<\/ul>","protected":false},"featured_media":9301,"template":"","meta":[],"product_brand":[],"product_cat":[30,422,31,429],"product_tag":[1135,1136,1134],"class_list":{"0":"post-9300","1":"product","2":"type-product","3":"status-publish","4":"has-post-thumbnail","6":"product_cat-by-industry","7":"product_cat-custom-gourmet-boxes-by-industry","8":"product_cat-paper-box-style","9":"product_cat-paper-tube-boxes","10":"product_tag-coffee-paper-tube-packaging","11":"product_tag-custom-tea-coffee-manufacturer","12":"product_tag-tea-packaging","14":"first","15":"instock","16":"shipping-taxable","17":"product-type-simple"},"_links":{"self":[{"href":"https:\/\/zojopackaging.com\/pt\/wp-json\/wp\/v2\/product\/9300","targetHints":{"allow":["GET"]}}],"collection":[{"href":"https:\/\/zojopackaging.com\/pt\/wp-json\/wp\/v2\/product"}],"about":[{"href":"https:\/\/zojopackaging.com\/pt\/wp-json\/wp\/v2\/types\/product"}],"version-history":[{"count":1,"href":"https:\/\/zojopackaging.com\/pt\/wp-json\/wp\/v2\/product\/9300\/revisions"}],"predecessor-version":[{"id":9307,"href":"https:\/\/zojopackaging.com\/pt\/wp-json\/wp\/v2\/product\/9300\/revisions\/9307"}],"wp:featuredmedia":[{"embeddable":true,"href":"https:\/\/zojopackaging.com\/pt\/wp-json\/wp\/v2\/media\/9301"}],"wp:attachment":[{"href":"https:\/\/zojopackaging.com\/pt\/wp-json\/wp\/v2\/media?parent=9300"}],"wp:term":[{"taxonomy":"product_brand","embeddable":true,"href":"https:\/\/zojopackaging.com\/pt\/wp-json\/wp\/v2\/product_brand?post=9300"},{"taxonomy":"product_cat","embeddable":true,"href":"https:\/\/zojopackaging.com\/pt\/wp-json\/wp\/v2\/product_cat?post=9300"},{"taxonomy":"product_tag","embeddable":true,"href":"https:\/\/zojopackaging.com\/pt\/wp-json\/wp\/v2\/product_tag?post=9300"}],"curies":[{"name":"wp","href":"https:\/\/api.w.org\/{rel}","templated":true}]}}