{"id":9315,"date":"2025-04-01T20:20:26","date_gmt":"2025-04-01T12:20:26","guid":{"rendered":"https:\/\/zojopackaging.com\/?post_type=product&#038;p=9315"},"modified":"2025-04-01T20:39:53","modified_gmt":"2025-04-01T12:39:53","slug":"custom-logo-luxury-perfume-packaging-paper-cardboard-boxes-wholesale","status":"publish","type":"product","link":"https:\/\/zojopackaging.com\/pt\/product\/custom-logo-luxury-perfume-packaging-paper-cardboard-boxes-wholesale\/","title":{"rendered":"Caixas de cart\u00e3o de papel para embalagem de perfumes de luxo com log\u00f3tipo personalizado por atacado"},"content":{"rendered":"<h3 id=\"1-exclusive-customized-design-dual-expression-of-personality-and-quality-\">1.\u00a0<strong>Design exclusivo e personalizado: dupla express\u00e3o de personalidade e qualidade<\/strong><\/h3>\n<p>Suporte \u00e0 personaliza\u00e7\u00e3o de links completos, desde a estrutura da caixa do cart\u00e3o at\u00e9 o revestimento: -\u00a0<strong>Adapta\u00e7\u00e3o da caixa de cart\u00e3o<\/strong>: Utilizando cart\u00e3o branco importado de 350g-400g, tecnologia de modela\u00e7\u00e3o 3D para obter uma adapta\u00e7\u00e3o de precis\u00e3o de \u00b10,3mm para garantir um ajuste perfeito com o frasco de perfume (tal como o frasco padr\u00e3o de 50ml); -\u00a0<strong>Atualiza\u00e7\u00e3o do forro<\/strong>: Fornecer 5 op\u00e7\u00f5es de material (espuma de poliuretano\/alum\u00ednio folha de algod\u00e3o composto\/papel alveolar degrad\u00e1vel\/silicone magn\u00e9tico\/placa de grava\u00e7\u00e3o a laser), passar a norma de teste ISTA 3A e melhorar a resist\u00eancia ao choque e \u00e0 press\u00e3o por 60%; -\u00a0<strong>Estudo de caso<\/strong>: Uma caixa com forro de cristais personalizada por uma marca de luxo de topo aumentou a taxa de recompra do produto em 28%.<\/p>\n<h3 id=\"2-touch-film-series-velvet-touch-and-matte-premium-experience-\">2.\u00a0<strong>S\u00e9rie de pel\u00edculas t\u00e1cteis: toque aveludado e experi\u00eancia premium mate<\/strong><\/h3>\n<p>A s\u00e9rie de pel\u00edculas t\u00e1cteis para caixas de papel proporciona-lhe uma experi\u00eancia \u00fanica sem precedentes. A pel\u00edcula t\u00e1til de veludo \u00e9 como se as pontas dos dedos acariciassem suavemente o delicado veludo, e o maravilhoso toque \u00e9 reproduzido na caixa de papel. Cada toque parece ser revelador de requinte e eleg\u00e2ncia, dando \u00e0 caixa de papel uma sensa\u00e7\u00e3o de luxo sem paralelo e melhorando consideravelmente a qualidade do produto.<\/p>\n<h3 id=\"3-high-weight-white-card-material-balance-of-luxurious-texture-and-durability-\">3.\u00a0<strong>Material de cart\u00e3o branco de elevada gramagem: equil\u00edbrio entre textura luxuosa e durabilidade<\/strong><\/h3>\n<p>Papel de carta branco importado selecionado de 350g-400g\/m\u00b2 (como o Nordic White da Su\u00e9cia), com uma suavidade de superf\u00edcie de 85\u00b0 e um toque sedoso: -\u00a0<strong>Dados de resist\u00eancia<\/strong>: Resist\u00eancia \u00e0 compress\u00e3o do anel \u22651200N\/m, resist\u00eancia \u00e0 compress\u00e3o 50% superior \u00e0 do papel de cart\u00e3o normal; -\u00a0<strong>Certifica\u00e7\u00e3o ambiental<\/strong>: Aprovado na certifica\u00e7\u00e3o florestal FSC e nas normas de seguran\u00e7a alimentar ISO 22000, o teor de humidade do papel \u00e9 est\u00e1vel a 5%\u00b11%; -\u00a0<strong>Atualiza\u00e7\u00e3o por toque<\/strong>: Coberto com uma pel\u00edcula mate de 0,1 mm, reduzindo a refletividade em 60%, criando uma textura mate de alta qualidade.<\/p>\n<h3 id=\"4-international-printing-technology-the-ultimate-presentation-of-color-and-details-\">4.\u00a0<strong>Tecnologia de impress\u00e3o internacional: a melhor apresenta\u00e7\u00e3o de cores e detalhes<\/strong><\/h3>\n<p>Apresenta\u00e7\u00e3o da m\u00e1quina de impress\u00e3o a quatro cores Heidelberg CD102 e das suas cinco tecnologias principais: -\u00a0<strong>Gest\u00e3o de cores<\/strong>: Usando o banco de dados de cores Pantone, diferen\u00e7a de cor \u0394E \uff1c 0,5, suportando a personaliza\u00e7\u00e3o anual de cores populares da Pantone; -\u00a0<strong>Melhoria dos pormenores<\/strong>: Sobrepondo o vidro local UV (espessura 0,05 mm) e a tecnologia de grava\u00e7\u00e3o (profundidade 0,1 mm), o sentido tridimensional do padr\u00e3o \u00e9 aumentado em 3 vezes; -\u00a0<strong>Tecnologia anti-contrafa\u00e7\u00e3o<\/strong>: Incorpora\u00e7\u00e3o de um c\u00f3digo QR vari\u00e1vel + log\u00f3tipo hologr\u00e1fico a laser para obter uma rastreabilidade individual.<\/p>\n<h3 id=\"5-source-factory-strength-large-scale-production-and-quality-assurance-\">5.\u00a0<strong>For\u00e7a da f\u00e1brica de origem: produ\u00e7\u00e3o em grande escala e garantia de qualidade<\/strong><\/h3>\n<p>A base de produ\u00e7\u00e3o inteligente de 5.320\u33a1 est\u00e1 equipada com tr\u00eas vantagens principais: -\u00a0<strong>Garantia de capacidade<\/strong>: 16 linhas de produ\u00e7\u00e3o totalmente autom\u00e1ticas, com uma capacidade m\u00e9dia di\u00e1ria de 150 000+, que permitem uma prova r\u00e1pida de 7 dias; -\u00a0<strong>Sistema de controlo da qualidade<\/strong>: Aprovado na certifica\u00e7\u00e3o ISO 9001, a taxa de amostragem de cada lote de produtos \u00e9 \u226520%, e a taxa de defeito \u00e9 &lt;0,1%; -\u00a0<strong>Equipa t\u00e9cnica<\/strong>: Uma equipa de I&amp;D de 20 pessoas lidera o design estrutural e ganhou o pr\u00e9mio Red Dot Packaging Design Award 2023.<\/p>\n<h3 id=\"6-direct-supply-mode-from-the-source-ultra-high-cost-effective-competitive-advantage-\">6.\u00a0<strong>Modo de fornecimento direto a partir da fonte: vantagem competitiva ultra-eficaz em termos de custos<\/strong><\/h3>\n<p>Reduzir os custos atrav\u00e9s do modo de funcionamento aut\u00f3nomo de toda a cadeia industrial: -\u00a0<strong>Otimiza\u00e7\u00e3o da cadeia de abastecimento<\/strong>: Eliminar a liga\u00e7\u00e3o entre intermedi\u00e1rios, e o pre\u00e7o \u00e0 sa\u00edda da f\u00e1brica \u00e9 15%-20% inferior ao de produtos semelhantes no mercado; -\u00a0<strong>Custo control\u00e1vel<\/strong>: Suporte para a personaliza\u00e7\u00e3o de pequenos lotes (encomenda m\u00ednima de 500 pe\u00e7as), e o pre\u00e7o diminui gradualmente; -\u00a0<strong>Provas dos clientes<\/strong>: Uma nova marca de fragr\u00e2ncias reduziu os custos de embalagem em 35% atrav\u00e9s desta solu\u00e7\u00e3o, e as suas vendas no primeiro ano ultrapassaram os 20 milh\u00f5es.<\/p>\n<h3 id=\"7-green-packaging-solution-environmental-responsibility-and-commercial-value-win-win-\">7.\u00a0<strong>Solu\u00e7\u00e3o de embalagem ecol\u00f3gica: responsabilidade ambiental e valor comercial vantajosos para ambas as partes<\/strong><\/h3>\n<p>Praticar o conceito de desenvolvimento sustent\u00e1vel: -\u00a0<strong>Inova\u00e7\u00e3o de materiais<\/strong>: Utilizando pasta de papel certificada pelo FSC + impress\u00e3o com tinta de soja, as emiss\u00f5es de COV s\u00e3o reduzidas em 70%; -\u00a0<strong>Desenho circular<\/strong>: Fornecer uma estrutura de suc\u00e7\u00e3o magn\u00e9tica amov\u00edvel, e a taxa de reciclagem do revestimento \u00e9 aumentada para 85%; -\u00a0<strong>Acompanhamento da pegada de carbono<\/strong>: Cada lote de produtos \u00e9 acompanhado de um certificado de pegada de carbono, e as emiss\u00f5es de carbono s\u00e3o 40% inferiores \u00e0 norma da ind\u00fastria.<\/p>","protected":false},"excerpt":{"rendered":"<p>A ZOJO Print tem como base \"o design d\u00e1 poder \u00e0s marcas, a tecnologia impulsiona o crescimento\" e constr\u00f3i uma solu\u00e7\u00e3o de embalagem de liga\u00e7\u00e3o completa para marcas de perfumes, desde a investiga\u00e7\u00e3o e desenvolvimento laboratorial at\u00e9 ao consumo terminal, atrav\u00e9s de uma estrutura de caixa de cart\u00e3o personalizada, tecnologia de impress\u00e3o internacional e modelo de fornecimento direto da f\u00e1brica. Os seus 5.320 metros quadrados de base de produ\u00e7\u00e3o inteligente e o sistema de certifica\u00e7\u00e3o ambiental ISO 9001 podem satisfazer as necessidades de personaliza\u00e7\u00e3o de marcas em fase de arranque a marcas internacionais, ajudando os clientes a estabelecer barreiras de marca diferenciadas no mercado de topo de gama.<\/p>","protected":false},"featured_media":9319,"template":"","meta":[],"product_brand":[],"product_cat":[30,417,430,31],"product_tag":[1140,1040,1139],"class_list":{"0":"post-9315","1":"product","2":"type-product","3":"status-publish","4":"has-post-thumbnail","6":"product_cat-by-industry","7":"product_cat-custom-perfume-boxes-by-industry","8":"product_cat-folding-cartons","9":"product_cat-paper-box-style","10":"product_tag-cardboard-boxes-wholesale","11":"product_tag-custom-logo-paper-box","12":"product_tag-paper-cardboard-boxes","14":"first","15":"instock","16":"shipping-taxable","17":"product-type-grouped"},"_links":{"self":[{"href":"https:\/\/zojopackaging.com\/pt\/wp-json\/wp\/v2\/product\/9315","targetHints":{"allow":["GET"]}}],"collection":[{"href":"https:\/\/zojopackaging.com\/pt\/wp-json\/wp\/v2\/product"}],"about":[{"href":"https:\/\/zojopackaging.com\/pt\/wp-json\/wp\/v2\/types\/product"}],"version-history":[{"count":1,"href":"https:\/\/zojopackaging.com\/pt\/wp-json\/wp\/v2\/product\/9315\/revisions"}],"predecessor-version":[{"id":9324,"href":"https:\/\/zojopackaging.com\/pt\/wp-json\/wp\/v2\/product\/9315\/revisions\/9324"}],"wp:featuredmedia":[{"embeddable":true,"href":"https:\/\/zojopackaging.com\/pt\/wp-json\/wp\/v2\/media\/9319"}],"wp:attachment":[{"href":"https:\/\/zojopackaging.com\/pt\/wp-json\/wp\/v2\/media?parent=9315"}],"wp:term":[{"taxonomy":"product_brand","embeddable":true,"href":"https:\/\/zojopackaging.com\/pt\/wp-json\/wp\/v2\/product_brand?post=9315"},{"taxonomy":"product_cat","embeddable":true,"href":"https:\/\/zojopackaging.com\/pt\/wp-json\/wp\/v2\/product_cat?post=9315"},{"taxonomy":"product_tag","embeddable":true,"href":"https:\/\/zojopackaging.com\/pt\/wp-json\/wp\/v2\/product_tag?post=9315"}],"curies":[{"name":"wp","href":"https:\/\/api.w.org\/{rel}","templated":true}]}}