{"id":9322,"date":"2025-04-01T20:29:07","date_gmt":"2025-04-01T12:29:07","guid":{"rendered":"https:\/\/zojopackaging.com\/?post_type=product&#038;p=9322"},"modified":"2025-04-01T20:52:21","modified_gmt":"2025-04-01T12:52:21","slug":"custom-cosmetic-skincare-makeup-remover-sliding-drawer-box","status":"publish","type":"product","link":"https:\/\/zojopackaging.com\/pt\/product\/custom-cosmetic-skincare-makeup-remover-sliding-drawer-box\/","title":{"rendered":"Caixa de gaveta deslizante para remo\u00e7\u00e3o de maquilhagem de cosm\u00e9ticos personalizada para cuidados com a pele"},"content":{"rendered":"<h2 id=\"-customized-makeup-removal-sliding-drawer-box-\"><strong>Caixa de gaveta deslizante para remo\u00e7\u00e3o de maquilhagem personalizada<\/strong><\/h2>\n<h2 id=\"-1-convenient-pull-out-opening-and-closing-design-\"><strong>1. Design c\u00f3modo de abertura e fecho de caixas de papel de gaveta<\/strong><\/h2>\n<ul>\n<li>Com uma estrutura de carris deslizantes de precis\u00e3o, a caixa da gaveta abre e fecha suavemente e pode ser facilmente empurrada e puxada com uma m\u00e3o.<\/li>\n<li>Design de montagem sem ferramentas, os utilizadores podem utiliz\u00e1-lo imediatamente, melhorando a experi\u00eancia do utilizador e a favorabilidade da marca.<\/li>\n<\/ul>\n<h2 id=\"-2-hot-stamping-technology-enhances-visual-texture-\"><strong>2. A tecnologia de estampagem a quente em folha de ouro melhora a textura visual<\/strong><\/h2>\n<ul>\n<li>A tecnologia de estampagem a quente (opcionalmente ouro, prata, ouro colorido ou efeito laser) \u00e9 utilizada na superf\u00edcie para formar um brilho met\u00e1lico no LOGOTIPO ou padr\u00e3o na superf\u00edcie da caixa, aumentando significativamente o reconhecimento da marca e o luxo.<\/li>\n<li>A camada de estampagem a quente tem uma forte ader\u00eancia, resist\u00eancia ao desgaste e resist\u00eancia aos riscos, e mant\u00e9m-se brilhante e nova ap\u00f3s uma utiliza\u00e7\u00e3o prolongada.<\/li>\n<\/ul>\n<h2 id=\"-3-creative-ribbon-decoration-details-\"><strong>3. Detalhes criativos de decora\u00e7\u00e3o com fitas<\/strong><\/h2>\n<ul>\n<li>A parte superior ou lateral \u00e9 combinada com uma fita de cetim\/texturizada, que proporciona uma cerim\u00f3nia de abertura elegante e pode ser utilizada como al\u00e7a de m\u00e3o para aumentar a portabilidade.<\/li>\n<li>A cor da fita permite a personaliza\u00e7\u00e3o, contrastando ou coordenando com a cor principal do corpo da caixa, melhorando a disposi\u00e7\u00e3o geral do design.<\/li>\n<\/ul>\n<h2 id=\"-4-eva-lining-for-all-round-protection-\"><strong>4. Forro em EVA para uma prote\u00e7\u00e3o total<\/strong><\/h2>\n<ul>\n<li>O forro \u00e9 feito de espuma EVA de alta densidade (pode ser flocada), com abertura de molde precisa para se adaptar \u00e0 forma do produto, excelente amortecimento e resist\u00eancia ao choque, e resist\u00eancia eficaz aos solavancos do transporte e \u00e0 press\u00e3o do armazenamento.<\/li>\n<li>Materiais n\u00e3o t\u00f3xicos e amigos do ambiente, em conformidade com as normas de seguran\u00e7a das embalagens de cosm\u00e9ticos, recicl\u00e1veis e degrad\u00e1veis.<\/li>\n<\/ul>\n<h2 id=\"-5-high-stability-material-combination-\"><strong>5. Combina\u00e7\u00e3o de materiais de elevada estabilidade<\/strong><\/h2>\n<ul>\n<li><strong>Camada estrutural<\/strong>: Base de cart\u00e3o cinzento 1200 GSM, a dureza atinge o padr\u00e3o superior da ind\u00fastria, forte capacidade de suporte de carga, garantindo que o corpo da caixa n\u00e3o se deforma.<\/li>\n<li><strong>Camada de superf\u00edcie<\/strong>: Papel revestido de 157 GSM, elevada reprodu\u00e7\u00e3o de cores, suporte de impress\u00e3o de alta defini\u00e7\u00e3o de padr\u00f5es de marca ou efeitos de gradiente.<\/li>\n<\/ul>\n<h2 id=\"-6-highly-flexible-customization-service-\"><strong>6. Servi\u00e7o de personaliza\u00e7\u00e3o altamente flex\u00edvel<\/strong><\/h2>\n<ul>\n<li><strong>Tamanho<\/strong>: Suporta personaliza\u00e7\u00e3o ilimitada, adequada para v\u00e1rias categorias, como frascos de \u00f3leo desmaquilhante, m\u00e1scaras faciais, escovas, etc.<\/li>\n<li><strong>Cor<\/strong>: Fornece uma gama completa de cart\u00f5es de cores Pantone, suportando efeitos especiais como cores peroladas e met\u00e1licas.<\/li>\n<li><strong>Processo de impress\u00e3o<\/strong>: Op\u00e7\u00e3o de superf\u00edcie brilhante parcial UV, estampagem, relevo e outros processos combinados para criar um toque visual diferenciado.<\/li>\n<\/ul>\n<h2 id=\"-application-scenarios-\"><strong>Cen\u00e1rios de aplica\u00e7\u00e3o<\/strong><\/h2>\n<ul>\n<li><strong>Produtos de cuidados da pele topo de gama<\/strong>: Produtos engarrafados requintados, tais como ess\u00eancias e cremes.<\/li>\n<li><strong>Conjuntos de maquilhagem<\/strong>: Conjuntos de v\u00e1rias pe\u00e7as, tais como paletas de sombras e conjuntos de pinc\u00e9is.<\/li>\n<li><strong>Entrega direta no com\u00e9rcio eletr\u00f3nico<\/strong>: A conce\u00e7\u00e3o anti-s\u00edsmica \u00e9 adequada para a log\u00edstica de longa dist\u00e2ncia para reduzir a taxa de rutura.<\/li>\n<\/ul>\n<h3 id=\"-customization-process-\"><strong>Processo de personaliza\u00e7\u00e3o<\/strong><\/h3>\n<ol>\n<li><strong>Comunica\u00e7\u00e3o da procura<\/strong>: Fornecer a dimens\u00e3o do produto, o projeto de conce\u00e7\u00e3o e os requisitos do processo.<\/li>\n<li><strong>Prova 3D<\/strong>: Fornecer confirma\u00e7\u00e3o da caixa de amostra f\u00edsica dentro de 48 horas.<\/li>\n<li><strong>Produ\u00e7\u00e3o em massa<\/strong>: A quantidade m\u00ednima de encomenda \u00e9 de 500 conjuntos, apoiando a distribui\u00e7\u00e3o log\u00edstica global.<\/li>\n<\/ol>","protected":false},"excerpt":{"rendered":"<ul>\n<li><strong>16 anos de experi\u00eancia profissional<\/strong>: A f\u00e1brica possui certifica\u00e7\u00e3o de gest\u00e3o de qualidade ISO, equipada com m\u00e1quinas de corte e vinco totalmente autom\u00e1ticas, m\u00e1quinas de estampagem a quente e equipamento de corte de precis\u00e3o EVA para garantir a precis\u00e3o e a efici\u00eancia da produ\u00e7\u00e3o.<\/li>\n<li><strong>Servi\u00e7o de liga\u00e7\u00e3o completa<\/strong>: Desde a prova do design da estrutura 3D \u2192 sele\u00e7\u00e3o do processo do material \u2192 produ\u00e7\u00e3o em massa \u2192 inspe\u00e7\u00e3o da qualidade e embalagem, fornecendo uma solu\u00e7\u00e3o \u00fanica, a primeira amostra pode ser entregue em apenas 7 dias.<\/li>\n<\/ul>","protected":false},"featured_media":9265,"template":"","meta":[],"product_brand":[],"product_cat":[30,390,31,426],"product_tag":[1141,1143,1142],"class_list":{"0":"post-9322","1":"product","2":"type-product","3":"status-publish","4":"has-post-thumbnail","6":"product_cat-by-industry","7":"product_cat-custom-cosmetics-boxes","8":"product_cat-paper-box-style","9":"product_cat-paper-drawer-boxes","10":"product_tag-custom-cosmetic-box","11":"product_tag-makeup-remover-boxes","12":"product_tag-skincare-sliding-drawer-box","14":"first","15":"instock","16":"shipping-taxable","17":"product-type-simple"},"_links":{"self":[{"href":"https:\/\/zojopackaging.com\/pt\/wp-json\/wp\/v2\/product\/9322","targetHints":{"allow":["GET"]}}],"collection":[{"href":"https:\/\/zojopackaging.com\/pt\/wp-json\/wp\/v2\/product"}],"about":[{"href":"https:\/\/zojopackaging.com\/pt\/wp-json\/wp\/v2\/types\/product"}],"version-history":[{"count":1,"href":"https:\/\/zojopackaging.com\/pt\/wp-json\/wp\/v2\/product\/9322\/revisions"}],"predecessor-version":[{"id":9326,"href":"https:\/\/zojopackaging.com\/pt\/wp-json\/wp\/v2\/product\/9322\/revisions\/9326"}],"wp:featuredmedia":[{"embeddable":true,"href":"https:\/\/zojopackaging.com\/pt\/wp-json\/wp\/v2\/media\/9265"}],"wp:attachment":[{"href":"https:\/\/zojopackaging.com\/pt\/wp-json\/wp\/v2\/media?parent=9322"}],"wp:term":[{"taxonomy":"product_brand","embeddable":true,"href":"https:\/\/zojopackaging.com\/pt\/wp-json\/wp\/v2\/product_brand?post=9322"},{"taxonomy":"product_cat","embeddable":true,"href":"https:\/\/zojopackaging.com\/pt\/wp-json\/wp\/v2\/product_cat?post=9322"},{"taxonomy":"product_tag","embeddable":true,"href":"https:\/\/zojopackaging.com\/pt\/wp-json\/wp\/v2\/product_tag?post=9322"}],"curies":[{"name":"wp","href":"https:\/\/api.w.org\/{rel}","templated":true}]}}