{"id":9327,"date":"2025-04-01T20:52:50","date_gmt":"2025-04-01T12:52:50","guid":{"rendered":"https:\/\/zojopackaging.com\/?post_type=product&#038;p=9327"},"modified":"2025-04-01T21:09:19","modified_gmt":"2025-04-01T13:09:19","slug":"custom-electronic-parts-accessories-packaging-box-wholesale","status":"publish","type":"product","link":"https:\/\/zojopackaging.com\/pt\/product\/custom-electronic-parts-accessories-packaging-box-wholesale\/","title":{"rendered":"Caixa de embalagem de acess\u00f3rios para pe\u00e7as electr\u00f3nicas personalizadas por atacado"},"content":{"rendered":"<h2 id=\"-core-advantages-and-product-features-\"><strong>Principais vantagens e carater\u00edsticas do produto<\/strong><\/h2>\n<ol>\n<li><strong>Estrutura separada da tampa superior e inferior<\/strong>\u00a0A tampa superior e a tampa inferior est\u00e3o separadas, o que \u00e9 f\u00e1cil de operar e tem uma veda\u00e7\u00e3o forte, facilitando a retirada r\u00e1pida de pe\u00e7as e acess\u00f3rios electr\u00f3nicos. O corpo da caixa tem uma estrutura est\u00e1vel, tendo em conta tanto a prote\u00e7\u00e3o como a abertura e o fecho suaves, o que \u00e9 adequado para as necessidades de armazenamento e recupera\u00e7\u00e3o de alta frequ\u00eancia de acess\u00f3rios electr\u00f3nicos de precis\u00e3o, e suporta o armazenamento empilhado para otimizar a utiliza\u00e7\u00e3o do espa\u00e7o de armazenamento.<\/li>\n<li><strong>Processo de estampagem a quente e correspond\u00eancia de cores<\/strong>\u00a0A cor principal \u00e9 o preto cl\u00e1ssico, com o vermelho como cor auxiliar. O processo de estampagem a quente melhora a express\u00e3o visual e real\u00e7a o posicionamento topo de gama do produto. O padr\u00e3o de estampagem a quente \u00e9 claro e tridimensional, o que aumenta o reconhecimento da marca. \u00c9 adequado para embalagens de exposi\u00e7\u00e3o ou cenas de presentes comerciais, aumentando efetivamente o valor acrescentado dos produtos dos clientes.<\/li>\n<li><strong>Sistema de prote\u00e7\u00e3o do forro em EVA<\/strong>\u00a0O revestimento em EVA de alta densidade incorporado pode adaptar-se com precis\u00e3o \u00e0 forma das pe\u00e7as atrav\u00e9s do processo de corte e vinco, absorver eficazmente o impacto e a vibra\u00e7\u00e3o durante o transporte e evitar danos f\u00edsicos, como riscos e extrus\u00e3o. O forro pode ser personalizado de acordo com o tamanho e a forma dos acess\u00f3rios, apoiando as necessidades de carregamento misto de v\u00e1rias categorias para garantir a prote\u00e7\u00e3o independente de componentes electr\u00f3nicos de precis\u00e3o.<\/li>\n<li><strong>Servi\u00e7o personalizado de dimens\u00e3o total<\/strong><\/li>\n<li><strong>Tipo e tamanho da caixa<\/strong>: Suporta v\u00e1rias estruturas, tais como tampas superiores e inferiores, caixas em forma de livro, caixas de janela, etc., personalizadas de acordo com as dimens\u00f5es dos acess\u00f3rios e os requisitos de transporte, com um r\u00e1cio de volume &gt;90%, reduzindo o espa\u00e7o redundante.<\/li>\n<li><strong>Material e processo<\/strong>: Montagem em cart\u00e3o cinzento, cart\u00e3o duro, papel especial e outras op\u00e7\u00f5es de substrato, pel\u00edcula mate na superf\u00edcie para melhorar a textura e impress\u00e3o a quatro cores (m\u00e1quina de impress\u00e3o Heidelberg) para garantir que o padr\u00e3o est\u00e1 cheio de cor e a transi\u00e7\u00e3o \u00e9 natural.<\/li>\n<li><strong>Expans\u00e3o da fun\u00e7\u00e3o<\/strong>: Pode integrar um revestimento anti-est\u00e1tico, tiras de veda\u00e7\u00e3o \u00e0 prova de humidade e outros processos para se adaptar \u00e0s necessidades especiais de armazenamento de componentes electr\u00f3nicos sens\u00edveis.<\/li>\n<li><strong>Produ\u00e7\u00e3o profissional e apoio ao com\u00e9rcio externo<\/strong>\u00a016 anos de expedi\u00e7\u00e3o direta da f\u00e1brica de origem, passou a certifica\u00e7\u00e3o do sistema de gest\u00e3o da qualidade ISO e controlou rigorosamente todo o processo, desde a sele\u00e7\u00e3o do material at\u00e9 \u00e0 inspe\u00e7\u00e3o do produto acabado. Com foco no mercado de com\u00e9rcio exterior, familiarizado com os padr\u00f5es internacionais de log\u00edstica (como testes de transporte ISTA), fornecendo r\u00f3tulos multil\u00edngues, certifica\u00e7\u00e3o ambiental (como FSC, ISO) e outros servi\u00e7os de apoio, para ajudar os produtos a entrar na Europa, Am\u00e9rica, Sudeste Asi\u00e1tico e outros mercados em conformidade.<\/li>\n<\/ol>\n<h2 id=\"-technical-parameters-and-delivery-guarantee-\"><strong>Par\u00e2metros t\u00e9cnicos e garantia de entrega<\/strong><\/h2>\n<table>\n<thead>\n<tr>\n<th><strong>Projeto<\/strong><\/th>\n<th><strong>Especifica\u00e7\u00f5es<\/strong><\/th>\n<\/tr>\n<\/thead>\n<tbody>\n<tr>\n<td>Processo de impress\u00e3o<\/td>\n<td>Impress\u00e3o a quatro cores + pel\u00edcula mate\/ pel\u00edcula brilhante, resolu\u00e7\u00e3o \u2265300dpi, suporte de cor direta, efeito local UV<\/td>\n<\/tr>\n<tr>\n<td>Ciclo de produ\u00e7\u00e3o<\/td>\n<td>3-5 dias \u00fateis para a prova, 7-15 dias para encomendas em lote (ajustado em fun\u00e7\u00e3o da complexidade da personaliza\u00e7\u00e3o)<\/td>\n<\/tr>\n<tr>\n<td>Quantidade m\u00ednima de encomenda<\/td>\n<td>500 lotes, suporte de pequenos lotes e personaliza\u00e7\u00e3o flex\u00edvel<\/td>\n<\/tr>\n<tr>\n<td>Embalagem log\u00edstica<\/td>\n<td>Caixa externa corrugada de grau de exporta\u00e7\u00e3o + filme de embalagem fixo, carga de caixa \u00fanica \u226515kg, camada de empilhamento \u22655 camadas<\/td>\n<\/tr>\n<\/tbody>\n<\/table>\n<p>&nbsp;<\/p>","protected":false},"excerpt":{"rendered":"<ul>\n<li><strong>\u00c1reas de aplica\u00e7\u00e3o<\/strong>: telem\u00f3veis, componentes el\u00e9ctricos, instrumentos de precis\u00e3o, materiais de remendo SMT, acess\u00f3rios para equipamentos industriais, etc.<\/li>\n<li><strong>Valor essencial<\/strong>: Reduza a taxa de perda de transporte em \uff1e30% atrav\u00e9s de embalagens profissionais, melhore a experi\u00eancia de desembalagem do terminal; o design personalizado fortalece a imagem da marca e ajuda os fornecedores de pe\u00e7as eletr\u00f4nicas, comerciantes e fabricantes de OEM a aproveitar o mercado de ponta.<\/li>\n<\/ul>","protected":false},"featured_media":9328,"template":"","meta":[],"product_brand":[],"product_cat":[30,413,425,31],"product_tag":[1146,1144,1145],"class_list":{"0":"post-9327","1":"product","2":"type-product","3":"status-publish","4":"has-post-thumbnail","6":"product_cat-by-industry","7":"product_cat-consumer-electronics-boxes","8":"product_cat-lid-and-base-gift-box","9":"product_cat-paper-box-style","10":"product_tag-custom-electronic-packaging","11":"product_tag-custom-electronic-parts-packaging","12":"product_tag-electronic-accessories-packaging","14":"first","15":"instock","16":"shipping-taxable","17":"product-type-simple"},"_links":{"self":[{"href":"https:\/\/zojopackaging.com\/pt\/wp-json\/wp\/v2\/product\/9327","targetHints":{"allow":["GET"]}}],"collection":[{"href":"https:\/\/zojopackaging.com\/pt\/wp-json\/wp\/v2\/product"}],"about":[{"href":"https:\/\/zojopackaging.com\/pt\/wp-json\/wp\/v2\/types\/product"}],"version-history":[{"count":1,"href":"https:\/\/zojopackaging.com\/pt\/wp-json\/wp\/v2\/product\/9327\/revisions"}],"predecessor-version":[{"id":9334,"href":"https:\/\/zojopackaging.com\/pt\/wp-json\/wp\/v2\/product\/9327\/revisions\/9334"}],"wp:featuredmedia":[{"embeddable":true,"href":"https:\/\/zojopackaging.com\/pt\/wp-json\/wp\/v2\/media\/9328"}],"wp:attachment":[{"href":"https:\/\/zojopackaging.com\/pt\/wp-json\/wp\/v2\/media?parent=9327"}],"wp:term":[{"taxonomy":"product_brand","embeddable":true,"href":"https:\/\/zojopackaging.com\/pt\/wp-json\/wp\/v2\/product_brand?post=9327"},{"taxonomy":"product_cat","embeddable":true,"href":"https:\/\/zojopackaging.com\/pt\/wp-json\/wp\/v2\/product_cat?post=9327"},{"taxonomy":"product_tag","embeddable":true,"href":"https:\/\/zojopackaging.com\/pt\/wp-json\/wp\/v2\/product_tag?post=9327"}],"curies":[{"name":"wp","href":"https:\/\/api.w.org\/{rel}","templated":true}]}}