{"id":9335,"date":"2025-04-01T21:13:56","date_gmt":"2025-04-01T13:13:56","guid":{"rendered":"https:\/\/zojopackaging.com\/?post_type=product&#038;p=9335"},"modified":"2025-04-01T21:56:12","modified_gmt":"2025-04-01T13:56:12","slug":"custom-consumer-electronic-packaging-gift-boxes-wholesale","status":"publish","type":"product","link":"https:\/\/zojopackaging.com\/pt\/product\/custom-consumer-electronic-packaging-gift-boxes-wholesale\/","title":{"rendered":"Caixas de oferta de embalagens electr\u00f3nicas de consumo personalizadas por atacado"},"content":{"rendered":"<h2 id=\"-core-functions-and-design-highlights-\"><strong>Fun\u00e7\u00f5es principais e destaques da conce\u00e7\u00e3o<\/strong><\/h2>\n<ol>\n<li><strong>Padr\u00f5es abstractos vibrantes e personaliza\u00e7\u00e3o da marca<\/strong>\u00a0O processo de superf\u00edcie utiliza papel revestido C2S de 157 g combinado com a tecnologia de impress\u00e3o RISO para suportar o efeito de arte abstrata da sobreposi\u00e7\u00e3o aleat\u00f3ria de v\u00e1rias cores. O processo de verniz local UV ajusta a dureza da superf\u00edcie de colis\u00e3o atrav\u00e9s de uma frequ\u00eancia de 2000-3000Hz para obter uma melhoria sin\u00e9rgica do feedback t\u00e1til e do brilho visual; o processo de estampagem a quente utiliza materiais de contacto em liga de prata, o que aumenta a resist\u00eancia \u00e0 corros\u00e3o em 50%, garantindo a integridade do padr\u00e3o ap\u00f3s abertura e fecho de alta frequ\u00eancia. Suporta impress\u00e3o serigr\u00e1fica de precis\u00e3o de 300 dpi, pode restaurar mais de 95% da gama de cores da biblioteca de cores especiais Pantone e adapta-se \u00e0 personaliza\u00e7\u00e3o do sistema VI da marca.<\/li>\n<li><strong>Servi\u00e7o de personaliza\u00e7\u00e3o de dimens\u00f5es completas<\/strong><\/li>\n<li><strong>Inova\u00e7\u00e3o do tipo caixa<\/strong>: Suporta o desenvolvimento de caixas com formas especiais, tais como cantos em forma de cora\u00e7\u00e3o\/arredondados, utiliza a modela\u00e7\u00e3o param\u00e9trica CAD para obter uma simula\u00e7\u00e3o estrutural 1:1 e reduz o ciclo de prova para 72 horas.<\/li>\n<li><strong>Materiais amigos do ambiente<\/strong>: O material de base utiliza cart\u00e3o certificado FSC + impress\u00e3o com tinta de soja,<\/li>\n<li><strong>Combina\u00e7\u00e3o de processos<\/strong>: Suporta processos de liga\u00e7\u00e3o de relevo 3D e de grava\u00e7\u00e3o a laser para obter efeitos din\u00e2micos de luz e sombra.<\/li>\n<\/ol>\n<h2 id=\"-service-advantages-\"><strong>Vantagens do servi\u00e7o<\/strong><\/h2>\n<ul>\n<li><strong>Conformidade transfronteiri\u00e7a<\/strong>: Fornecer um conjunto completo de documentos de certifica\u00e7\u00e3o RoHS CE FSC e apoiar o pr\u00e9-c\u00e1lculo inteligente de tarifas na China, nos Estados Unidos e na Europa nos termos do DDP.<\/li>\n<li><strong>Controlo de custos<\/strong>: Obtenha vantagens abrangentes em termos de custos atrav\u00e9s da otimiza\u00e7\u00e3o da disposi\u00e7\u00e3o do conjunto de an\u00e9is magn\u00e9ticos e da conce\u00e7\u00e3o do encaixe do corte de cart\u00e3o.<\/li>\n<\/ul>\n<h2 id=\"-customization-process-\"><strong>Processo de personaliza\u00e7\u00e3o<\/strong><\/h2>\n<ol>\n<li><strong>Digitaliza\u00e7\u00e3o da procura<\/strong>: Envie modelos de produtos 3D em linha e os algoritmos de IA geram automaticamente solu\u00e7\u00f5es de otimiza\u00e7\u00e3o da topologia da estrutura de tamp\u00f5es.<\/li>\n<li><strong>Prototipagem virtual<\/strong>: Fornecer renderiza\u00e7\u00f5es 3D interactivas WebGL no prazo de 48 horas e apoiar a experi\u00eancia de unboxing virtual AR.<\/li>\n<li><strong>Produ\u00e7\u00e3o \u00e1gil<\/strong>: O sistema MES est\u00e1 ligado ao ERP e os lotes de encomendas de 500 pe\u00e7as podem ser entregues globalmente no prazo de 7 dias.<\/li>\n<\/ol>","protected":false},"excerpt":{"rendered":"<p>1. A caixa de fecho magn\u00e9tico abre-se em segundos atrav\u00e9s da adsor\u00e7\u00e3o magn\u00e9tica, sem ferramentas complicadas ou passos fixos, poupando tempo de funcionamento<br \/>\n2. Esta caixa de embalagem com padr\u00e3o abstrato vibrante pode melhorar a experi\u00eancia de desembalagem da sua marca<br \/>\n3. Concebida especificamente para produtos electr\u00f3nicos de consumo, combina uma beleza arrojada com uma prote\u00e7\u00e3o poderosa<br \/>\n4. A forma da caixa, o tamanho, a cor, o material e o efeito de impress\u00e3o da superf\u00edcie podem ser altamente personalizados para se adequarem \u00e0 sua embalagem de produtos electr\u00f3nicos de consumo<\/p>","protected":false},"featured_media":9336,"template":"","meta":[],"product_brand":[],"product_cat":[30,413,424,31],"product_tag":[1151,1149,1150],"class_list":{"0":"post-9335","1":"product","2":"type-product","3":"status-publish","4":"has-post-thumbnail","6":"product_cat-by-industry","7":"product_cat-consumer-electronics-boxes","8":"product_cat-magnetic-closure-boxes","9":"product_cat-paper-box-style","10":"product_tag-consumer-electronic-boxes-wholesale","11":"product_tag-consumer-electronic-packaging","12":"product_tag-electronic-packaging-gift-boxes","14":"first","15":"instock","16":"shipping-taxable","17":"product-type-simple"},"_links":{"self":[{"href":"https:\/\/zojopackaging.com\/pt\/wp-json\/wp\/v2\/product\/9335","targetHints":{"allow":["GET"]}}],"collection":[{"href":"https:\/\/zojopackaging.com\/pt\/wp-json\/wp\/v2\/product"}],"about":[{"href":"https:\/\/zojopackaging.com\/pt\/wp-json\/wp\/v2\/types\/product"}],"version-history":[{"count":1,"href":"https:\/\/zojopackaging.com\/pt\/wp-json\/wp\/v2\/product\/9335\/revisions"}],"predecessor-version":[{"id":9348,"href":"https:\/\/zojopackaging.com\/pt\/wp-json\/wp\/v2\/product\/9335\/revisions\/9348"}],"wp:featuredmedia":[{"embeddable":true,"href":"https:\/\/zojopackaging.com\/pt\/wp-json\/wp\/v2\/media\/9336"}],"wp:attachment":[{"href":"https:\/\/zojopackaging.com\/pt\/wp-json\/wp\/v2\/media?parent=9335"}],"wp:term":[{"taxonomy":"product_brand","embeddable":true,"href":"https:\/\/zojopackaging.com\/pt\/wp-json\/wp\/v2\/product_brand?post=9335"},{"taxonomy":"product_cat","embeddable":true,"href":"https:\/\/zojopackaging.com\/pt\/wp-json\/wp\/v2\/product_cat?post=9335"},{"taxonomy":"product_tag","embeddable":true,"href":"https:\/\/zojopackaging.com\/pt\/wp-json\/wp\/v2\/product_tag?post=9335"}],"curies":[{"name":"wp","href":"https:\/\/api.w.org\/{rel}","templated":true}]}}