{"id":9349,"date":"2025-04-01T21:56:20","date_gmt":"2025-04-01T13:56:20","guid":{"rendered":"https:\/\/zojopackaging.com\/?post_type=product&#038;p=9349"},"modified":"2025-04-01T22:27:11","modified_gmt":"2025-04-01T14:27:11","slug":"custom-pet-dog-leash-collar-product-packaging-box-wholesale","status":"publish","type":"product","link":"https:\/\/zojopackaging.com\/pt\/product\/custom-pet-dog-leash-collar-product-packaging-box-wholesale\/","title":{"rendered":"Personalizado Pet Dog Leash Collar Caixa de embalagem do produto por atacado"},"content":{"rendered":"<h2 id=\"-i-core-product-advantages-\"><strong>1. Vantagens do produto principal<\/strong><\/h2>\n<h3 id=\"1-high-quality-environmentally-friendly-materials-\">1.\u00a0<strong>Materiais ecol\u00f3gicos de alta qualidade<\/strong><\/h3>\n<ul>\n<li><strong>Material<\/strong>: Fabricado em cart\u00e3o ecol\u00f3gico de alta densidade (certificado FSC), com uma espessura opcional de 1,5-3 mm e uma resist\u00eancia \u00e0 compress\u00e3o de 10-15 kg, garantindo a resist\u00eancia \u00e0 queda e \u00e0 deforma\u00e7\u00e3o durante o transporte.<\/li>\n<li><strong>Prote\u00e7\u00e3o do ambiente<\/strong>: Em conformidade com as normas REACH da UE, 100% recicl\u00e1vel, adequado para o com\u00e9rcio eletr\u00f3nico transfronteiri\u00e7o e para os mercados de marcas de animais de estima\u00e7\u00e3o de alta qualidade.<\/li>\n<\/ul>\n<h3 id=\"2-waterproof-matte-coating-technology-\">2.\u00a0<strong>Tecnologia de revestimento mate \u00e0 prova de \u00e1gua<\/strong><\/h3>\n<ul>\n<li><strong>Tratamento de superf\u00edcie<\/strong>: A camada exterior \u00e9 coberta por um revestimento imperme\u00e1vel mate, que \u00e9 \u00e0 prova de humidade e anti-incrustante, e pode suportar temperaturas e humidades extremas de -20\u00b0C a 60\u00b0C, protegendo os produtos internos (tais como as golas de poli\u00e9ster e os cabos de tra\u00e7\u00e3o de nylon) de danos durante o armazenamento e o transporte.<\/li>\n<li><strong>Textura mate<\/strong>: Toque delicado, que refor\u00e7a a imagem de topo de gama da marca.<\/li>\n<\/ul>\n<h3 id=\"3-customized-design-solutions-\">3.\u00a0<strong>Solu\u00e7\u00f5es de design personalizadas<\/strong><\/h3>\n<ul>\n<li><strong>Desenho de padr\u00f5es<\/strong>: Suporta impress\u00e3o UV a cores, estampagem a quente\/prata e tecnologia de grava\u00e7\u00e3o em relevo. Pode incorporar elementos de animais de estima\u00e7\u00e3o (como pegadas, ossos, c\u00e3es de desenho animado) ou IP da marca, e \u00e9 adequado para prefer\u00eancias de mercado como o estilo minimalista europeu e americano, o estilo giro japon\u00eas e coreano.<\/li>\n<li><strong>Correspond\u00eancia de cores<\/strong>: Proporciona uma correspond\u00eancia de cores exacta com cart\u00f5es de cores Pantone, suporta cores gradientes e efeitos de verniz locais.<\/li>\n<\/ul>\n<h3 id=\"4-multifunctional-internal-structure-\">4.\u00a0<strong>Estrutura interna multifuncional<\/strong><\/h3>\n<ul>\n<li><strong>Vers\u00e3o de extens\u00e3o<\/strong>: Suporta um design de separa\u00e7\u00e3o por camadas, compat\u00edvel com pequenos acess\u00f3rios (como sacos de coc\u00f3, sacos de lanche).<\/li>\n<li><strong>Conce\u00e7\u00e3o do tamp\u00e3o<\/strong>: Revestimento opcional em EVA ou tabuleiro de papel alveolar, \u00e0 prova de choque e de impacto.<\/li>\n<\/ul>\n<h3 id=\"5-highly-flexible-customized-service-\">5.\u00a0<strong>Servi\u00e7o personalizado altamente flex\u00edvel<\/strong><\/h3>\n<ul>\n<li><strong>Sele\u00e7\u00e3o do tipo de caixa<\/strong>: Tampa superior e inferior, tipo gaveta, caixa de correio dobr\u00e1vel, adequada para diferentes linhas de produtos (tais como caixas de oferta de um \u00fanico produto, combina\u00e7\u00f5es de conjuntos).<\/li>\n<li><strong>Tecnologia de superf\u00edcie<\/strong>: Estampagem a quente\/prata, grava\u00e7\u00e3o em relevo, esvaziamento a laser, suporta impress\u00e3o serigr\u00e1fica do LOGOTIPO da marca ou impress\u00e3o est\u00e9reo 3D.<\/li>\n<li><strong>Fun\u00e7\u00f5es adicionais<\/strong>: Etiquetas com c\u00f3digos QR, autocolantes anti-falsifica\u00e7\u00e3o e ranhuras para cart\u00f5es de oferta podem ser integrados para melhorar a intera\u00e7\u00e3o com o cliente.<\/li>\n<\/ul>\n<h2 id=\"-ii-cooperation-process-and-support-policy-\"><strong>2. Processo de coopera\u00e7\u00e3o e pol\u00edtica de apoio<\/strong><\/h2>\n<p id=\"1-free-design-service-provide-ai-design-template-library-and-professional-art-team-and-complete-the-first-draft-confirmation-within-3-working-days-\">1.\u00a0<strong>Servi\u00e7o de conce\u00e7\u00e3o gratuito<\/strong>: Fornecer biblioteca de modelos de design AI e equipa de arte profissional, e concluir a confirma\u00e7\u00e3o do primeiro rascunho no prazo de 3 dias \u00fateis.<\/p>\n<p id=\"2-logistics-guarantee-provide-fba-labels-neutral-packaging-or-branded-color-boxes-support-global-direct-mail-and-consignment-\">2.\u00a0<strong>Garantia log\u00edstica<\/strong>: Fornecer etiquetas FBA, embalagens neutras ou caixas coloridas de marca, apoiar o correio direto global e a consigna\u00e7\u00e3o.<\/p>\n<p id=\"3-after-sales-commitment-free-reprinting-for-quality-problems-provide-1-year-warranty-and-warehousing-and-custody-services-\">3.\u00a0<strong>Compromisso p\u00f3s-venda<\/strong>: Reimpress\u00e3o gratuita para problemas de qualidade, garantia de 1 ano e servi\u00e7os de armazenamento e cust\u00f3dia.<\/p>","protected":false},"excerpt":{"rendered":"<ul>\n<li>Plataforma de com\u00e9rcio eletr\u00f3nico: Adaptar-se ao \"marketing de experi\u00eancia de unboxing\" das principais plataformas de com\u00e9rcio eletr\u00f3nico e atrair jovens donos de animais de estima\u00e7\u00e3o atrav\u00e9s de caixas com formatos especiais.<\/li>\n<li>Venda a retalho offline: Para satisfazer as necessidades de exposi\u00e7\u00e3o das lojas de animais, pode ser utilizada uma janela transparente opcional para expor os produtos de forma intuitiva.<\/li>\n<\/ul>","protected":false},"featured_media":9350,"template":"","meta":[],"product_brand":[],"product_cat":[30,423,31,433],"product_tag":[1154,1153,1152],"class_list":{"0":"post-9349","1":"product","2":"type-product","3":"status-publish","4":"has-post-thumbnail","6":"product_cat-by-industry","7":"product_cat-custom-presentation-boxes-by-industry","8":"product_cat-paper-box-style","9":"product_cat-shipping-mailer-boxes","10":"product_tag-custom-pet-dog-leash-box-wholesale","11":"product_tag-dog-collar-packaging","12":"product_tag-pet-leash-packaging-box","14":"first","15":"instock","16":"shipping-taxable","17":"product-type-simple"},"_links":{"self":[{"href":"https:\/\/zojopackaging.com\/pt\/wp-json\/wp\/v2\/product\/9349","targetHints":{"allow":["GET"]}}],"collection":[{"href":"https:\/\/zojopackaging.com\/pt\/wp-json\/wp\/v2\/product"}],"about":[{"href":"https:\/\/zojopackaging.com\/pt\/wp-json\/wp\/v2\/types\/product"}],"version-history":[{"count":1,"href":"https:\/\/zojopackaging.com\/pt\/wp-json\/wp\/v2\/product\/9349\/revisions"}],"predecessor-version":[{"id":9357,"href":"https:\/\/zojopackaging.com\/pt\/wp-json\/wp\/v2\/product\/9349\/revisions\/9357"}],"wp:featuredmedia":[{"embeddable":true,"href":"https:\/\/zojopackaging.com\/pt\/wp-json\/wp\/v2\/media\/9350"}],"wp:attachment":[{"href":"https:\/\/zojopackaging.com\/pt\/wp-json\/wp\/v2\/media?parent=9349"}],"wp:term":[{"taxonomy":"product_brand","embeddable":true,"href":"https:\/\/zojopackaging.com\/pt\/wp-json\/wp\/v2\/product_brand?post=9349"},{"taxonomy":"product_cat","embeddable":true,"href":"https:\/\/zojopackaging.com\/pt\/wp-json\/wp\/v2\/product_cat?post=9349"},{"taxonomy":"product_tag","embeddable":true,"href":"https:\/\/zojopackaging.com\/pt\/wp-json\/wp\/v2\/product_tag?post=9349"}],"curies":[{"name":"wp","href":"https:\/\/api.w.org\/{rel}","templated":true}]}}