{"id":9358,"date":"2025-04-01T22:27:43","date_gmt":"2025-04-01T14:27:43","guid":{"rendered":"https:\/\/zojopackaging.com\/?post_type=product&#038;p=9358"},"modified":"2025-04-02T10:05:52","modified_gmt":"2025-04-02T02:05:52","slug":"luxury-premium-hair-wig-extension-gift-boxes-manufacturer","status":"publish","type":"product","link":"https:\/\/zojopackaging.com\/pt\/product\/luxury-premium-hair-wig-extension-gift-boxes-manufacturer\/","title":{"rendered":"Caixas de presente de luxo para extens\u00e3o de peruca de cabelo premium Fabricante"},"content":{"rendered":"<h2>Caixas de presente de luxo para extens\u00e3o de peruca de cabelo premium Fabricante<\/h2>\n<h3 id=\"1-selected-materials-\">1.\u00a0<strong>Materiais selecionados<\/strong><\/h3>\n<ul>\n<li><strong>Combina\u00e7\u00e3o de materiais de base<\/strong>: S\u00e3o utilizados 157g de papel de arte revestido C2S + 1200g de cart\u00e3o r\u00edgido, com uma superf\u00edcie suave e delicada e uma elevada reprodu\u00e7\u00e3o de cores, garantindo que o padr\u00e3o impresso \u00e9 claro e brilhante e que o toque \u00e9 de alta qualidade.<\/li>\n<li><strong>Propriedades ambientais<\/strong>: O material de papel est\u00e1 em conformidade com o conceito de sustentabilidade, \u00e9 recicl\u00e1vel e degrad\u00e1vel, e est\u00e1 de acordo com a proposta de prote\u00e7\u00e3o ambiental da marca.<\/li>\n<\/ul>\n<h3 id=\"2-hot-stamping-process-\">2.\u00a0<strong>Processo de estampagem a quente<\/strong><\/h3>\n<ul>\n<li>Atrav\u00e9s da tecnologia de estampagem a quente tridimensional, a superf\u00edcie da caixa recebe uma textura em relevo e um brilho met\u00e1lico, o que melhora significativamente a disposi\u00e7\u00e3o visual e atrai a aten\u00e7\u00e3o dos consumidores. \u00c9 adequada para o LOGOTIPO da marca, padr\u00f5es ou padr\u00f5es personalizados.<\/li>\n<\/ul>\n<h2 id=\"-appearance-and-structural-design-\"><strong>Aspeto e conce\u00e7\u00e3o estrutural<\/strong><\/h2>\n<h3 id=\"1-color-and-emotional-expression-\">1.\u00a0<strong>Cor e express\u00e3o emocional<\/strong><\/h3>\n<ul>\n<li><strong>Castanho cl\u00e1ssico<\/strong>: O corpo da caixa adopta o castanho quente para transmitir sentimentos calorosos e nost\u00e1lgicos. \u00c9 adequado para imagens de marca que real\u00e7am conceitos naturais, artesanais ou de prote\u00e7\u00e3o ambiental, e aumenta a resson\u00e2ncia emocional dos consumidores.<\/li>\n<\/ul>\n<h3 id=\"2-foldable-function-\">2.\u00a0<strong>Fun\u00e7\u00e3o dobr\u00e1vel<\/strong><\/h3>\n<ul>\n<li>Depois de dobrado, o volume \u00e9 reduzido em 50%, reduzindo os custos de armazenamento e transporte, especialmente adequado para as necessidades de exporta\u00e7\u00e3o a granel do com\u00e9rcio eletr\u00f3nico transfronteiri\u00e7o.<\/li>\n<li>A estrutura \u00e9 est\u00e1vel e sem costuras ap\u00f3s o desdobramento para garantir a seguran\u00e7a do transporte do produto.<\/li>\n<\/ul>\n<h3 id=\"3-functional-size-optimization-\">3.\u00a0<strong>Otimiza\u00e7\u00e3o do tamanho funcional<\/strong><\/h3>\n<ul>\n<li>O espa\u00e7o interior foi concebido de acordo com as carater\u00edsticas dos produtos de extens\u00e3o de perucas, que podem acomodar perucas, conjuntos de cabelo e acess\u00f3rios (tais como redes para o cabelo, produtos de tratamento), e \u00e9 compat\u00edvel com uma variedade de especifica\u00e7\u00f5es (tais como perucas de 8-30 polegadas de comprimento).<\/li>\n<\/ul>\n<h2 id=\"-customized-service-\"><strong>Servi\u00e7o personalizado<\/strong><\/h2>\n<h3 id=\"1-flexible-customization-options-\">1.\u00a0<strong>Op\u00e7\u00f5es de personaliza\u00e7\u00e3o flex\u00edveis<\/strong><\/h3>\n<ul>\n<li><strong>Tipo e tamanho da caixa<\/strong>: Suporta uma variedade de estruturas, como caixas quadradas, de gaveta, em forma de livro, etc., e o tamanho \u00e9 ajustado com precis\u00e3o de acordo com as necessidades do cliente.<\/li>\n<li><strong>Efeito de impress\u00e3o<\/strong>: Podem ser fornecidos tratamentos de superf\u00edcie mate, brilhante, UV parcial, estampagem e outros para se adaptarem ao sistema visual da marca.<\/li>\n<\/ul>\n<h3 id=\"2-one-stop-support-\">2.\u00a0<strong>Apoio num s\u00f3 local<\/strong><\/h3>\n<ul>\n<li><strong>Conce\u00e7\u00e3o livre<\/strong>: A equipa profissional fornece servi\u00e7os de design de processo completo, desde o conceito ao projeto, e formula solu\u00e7\u00f5es baseadas nas tend\u00eancias da ind\u00fastria (como o estilo minimalista europeu e americano, a est\u00e9tica da cor africana).<\/li>\n<li><strong>Amostras gr\u00e1tis<\/strong>: O ciclo de amostragem \u00e9 de 3-5 dias, garantindo que os clientes confirmam o efeito real antes da produ\u00e7\u00e3o em massa.<\/li>\n<\/ul>\n<h2 id=\"-production-and-quality-assurance-\"><strong>Produ\u00e7\u00e3o e garantia de qualidade<\/strong><\/h2>\n<h3 id=\"1-source-factory-advantages-\">1.\u00a0<strong>Vantagens da f\u00e1brica de origem<\/strong><\/h3>\n<ul>\n<li><strong>16 anos de experi\u00eancia<\/strong>: Fornecimento direto da f\u00e1brica de embalagens de origem chinesa, com uma cadeia de abastecimento madura e capacidades de produ\u00e7\u00e3o em grande escala, custos control\u00e1veis e quantidade m\u00ednima de encomenda flex\u00edvel (apoio a encomendas experimentais de pequenos lotes).<\/li>\n<li><strong>Controlo de qualidade rigoroso<\/strong>: Com certifica\u00e7\u00e3o ISO, cada lote de produtos \u00e9 submetido a testes de compress\u00e3o, resist\u00eancia ao desgaste e humidade para garantir a toler\u00e2ncia ao transporte e a estabilidade de armazenamento a longo prazo.<\/li>\n<\/ul>\n<h3 id=\"2-price-and-service-\">2.\u00a0<strong>Pre\u00e7o e servi\u00e7o<\/strong><\/h3>\n<ul>\n<li><strong>Pre\u00e7o baixo para a ind\u00fastria<\/strong>: Opera\u00e7\u00e3o direta da f\u00e1brica sem intermedi\u00e1rios, o pre\u00e7o \u00e9 20% mais baixo do que o mercado com a mesma qualidade.<\/li>\n<li><strong>P\u00f3s-venda sem preocupa\u00e7\u00f5es<\/strong>: Prestar apoio, como a substitui\u00e7\u00e3o de produtos danificados e a adi\u00e7\u00e3o de encomendas urgentes, para satisfazer as necessidades din\u00e2micas do com\u00e9rcio eletr\u00f3nico transfronteiri\u00e7o e dos grossistas.<\/li>\n<\/ul>\n<h2 id=\"-applicable-scenarios-\"><strong>Cen\u00e1rios aplic\u00e1veis<\/strong><\/h2>\n<ul>\n<li><strong>Marcas de perucas topo de gama<\/strong>: Como os produtos de extens\u00e3o de cabelo humano verdadeiro, que real\u00e7am a textura natural.<\/li>\n<li><strong>Caixas de oferta para festivais<\/strong>: Combinado com perucas tem\u00e1ticas de Halloween e Natal para aumentar o atrativo do marketing de f\u00e9rias.<\/li>\n<li><strong>Exclusivo transfronteiri\u00e7o<\/strong>: Adaptar-se a plataformas como a Amazon e as esta\u00e7\u00f5es independentes, e conquistar os mercados europeu, americano e africano atrav\u00e9s de embalagens diferenciadas.<\/li>\n<\/ul>","protected":false},"excerpt":{"rendered":"<p>Este produto foi especialmente concebido para o mercado de extens\u00e3o de perucas topo de gama. Tendo como base a prote\u00e7\u00e3o ambiental e a textura luxuosa, combinadas com 16 anos de experi\u00eancia em embalagens e impress\u00e3o, oferece solu\u00e7\u00f5es personalizadas que s\u00e3o simultaneamente funcionais e art\u00edsticas. O design da caixa de oferta combina sentimentos retro com artesanato moderno, e \u00e9 adequado para marcas de perucas, sal\u00f5es de beleza, com\u00e9rcio eletr\u00f3nico transfronteiri\u00e7o e outros cen\u00e1rios, ajudando as marcas a aumentar o valor acrescentado.<\/p>","protected":false},"featured_media":9377,"template":"","meta":[],"product_brand":[],"product_cat":[30,421,424,31],"product_tag":[879,1160,1161],"class_list":{"0":"post-9358","1":"product","2":"type-product","3":"status-publish","4":"has-post-thumbnail","6":"product_cat-by-industry","7":"product_cat-custom-hair-extension-boxes","8":"product_cat-magnetic-closure-boxes","9":"product_cat-paper-box-style","10":"product_tag-hair-extension-boxes-wholesale","11":"product_tag-hair-wig-gift-boxes","12":"product_tag-luxury-hair-wig-extension-gift-boxes","14":"first","15":"instock","16":"shipping-taxable","17":"product-type-simple"},"_links":{"self":[{"href":"https:\/\/zojopackaging.com\/pt\/wp-json\/wp\/v2\/product\/9358","targetHints":{"allow":["GET"]}}],"collection":[{"href":"https:\/\/zojopackaging.com\/pt\/wp-json\/wp\/v2\/product"}],"about":[{"href":"https:\/\/zojopackaging.com\/pt\/wp-json\/wp\/v2\/types\/product"}],"version-history":[{"count":2,"href":"https:\/\/zojopackaging.com\/pt\/wp-json\/wp\/v2\/product\/9358\/revisions"}],"predecessor-version":[{"id":9384,"href":"https:\/\/zojopackaging.com\/pt\/wp-json\/wp\/v2\/product\/9358\/revisions\/9384"}],"wp:featuredmedia":[{"embeddable":true,"href":"https:\/\/zojopackaging.com\/pt\/wp-json\/wp\/v2\/media\/9377"}],"wp:attachment":[{"href":"https:\/\/zojopackaging.com\/pt\/wp-json\/wp\/v2\/media?parent=9358"}],"wp:term":[{"taxonomy":"product_brand","embeddable":true,"href":"https:\/\/zojopackaging.com\/pt\/wp-json\/wp\/v2\/product_brand?post=9358"},{"taxonomy":"product_cat","embeddable":true,"href":"https:\/\/zojopackaging.com\/pt\/wp-json\/wp\/v2\/product_cat?post=9358"},{"taxonomy":"product_tag","embeddable":true,"href":"https:\/\/zojopackaging.com\/pt\/wp-json\/wp\/v2\/product_tag?post=9358"}],"curies":[{"name":"wp","href":"https:\/\/api.w.org\/{rel}","templated":true}]}}