{"id":9359,"date":"2025-04-02T01:24:34","date_gmt":"2025-04-01T17:24:34","guid":{"rendered":"https:\/\/zojopackaging.com\/?post_type=product&#038;p=9359"},"modified":"2025-04-02T01:49:14","modified_gmt":"2025-04-01T17:49:14","slug":"customized-luxury-recyclable-packaging-box-for-perfume-supplier","status":"publish","type":"product","link":"https:\/\/zojopackaging.com\/pt\/product\/customized-luxury-recyclable-packaging-box-for-perfume-supplier\/","title":{"rendered":"Caixa de embalagem recicl\u00e1vel de luxo personalizada para fornecedor de perfumes"},"content":{"rendered":"<p>&nbsp;<\/p>\n<ol>\n<li><strong>Material de cart\u00e3o de alta qualidade, grande durabilidade<\/strong>\u00a0Fabricada em cart\u00e3o de alta qualidade, atrav\u00e9s de processos de corte e dobragem de precis\u00e3o, garante que a estrutura da caixa \u00e9 est\u00e1vel e tem uma forte resist\u00eancia \u00e0 press\u00e3o. O pr\u00f3prio cart\u00e3o \u00e9 leve e flex\u00edvel e tem um bom desempenho de amortecimento, o que pode proteger eficazmente o frasco de perfume.<\/li>\n<li><strong>Processo de impress\u00e3o ultra-fino, excelente efeito visual<\/strong>\u00a0Utilizando a tecnologia de impress\u00e3o digital para obter linhas ultrafinas e reprodu\u00e7\u00e3o de cores de alta precis\u00e3o dos padr\u00f5es, combinada com a tecnologia de lamina\u00e7\u00e3o de pel\u00edcula mate, o toque \u00e9 delicado e o brilho \u00e9 suave, apresentando uma textura mate de alta qualidade. Por exemplo, alguns casos utilizam a tecnologia de estampagem a quente para delinear linhas douradas e melhorar o luxo visual.<\/li>\n<li><strong>Design amigo do ambiente e recicl\u00e1vel, em conformidade com as normas internacionais<\/strong>\u00a0O material da caixa de embalagem \u00e9 feito de madeira certificada pelo FSC ou de material PET recicl\u00e1vel, e a utiliza\u00e7\u00e3o de cola \u00e9 reduzida atrav\u00e9s do processo de montagem mec\u00e2nica para melhorar a reciclabilidade. O revestimento interno que absorve os choques utiliza materiais degrad\u00e1veis \u00e0 base de amido de milho para garantir a prote\u00e7\u00e3o ambiental durante todo o processo.<\/li>\n<li><strong>Equipamento de topo e sistema de inspe\u00e7\u00e3o de qualidade rigoroso<\/strong>\u00a0A f\u00e1brica est\u00e1 equipada com uma base de produ\u00e7\u00e3o padronizada de 5.320 metros quadrados, que passa por v\u00e1rias liga\u00e7\u00f5es de inspe\u00e7\u00e3o de qualidade, como o teste de queda de 1 metro e o teste de resist\u00eancia ao envelhecimento, para garantir que os produtos cumprem os elevados padr\u00f5es da ind\u00fastria de perfumes. A equipa profissional acompanha o progresso da produ\u00e7\u00e3o em tempo real para garantir a estabilidade da entrega.<\/li>\n<li><strong>Equipa de design moderno, servi\u00e7o personalizado<\/strong>\u00a0A equipa de design fornece servi\u00e7os de processo completo, desde a explora\u00e7\u00e3o do conceito da marca at\u00e9 \u00e0s representa\u00e7\u00f5es em 3D, apoia a grava\u00e7\u00e3o do LOGO, o revestimento UV e outros processos, e pode responder rapidamente \u00e0s tend\u00eancias do mercado. Por exemplo, estruturas inovadoras, tais como coberturas de serpentina de cristal de dois componentes, foram personalizadas para marcas de beleza.<\/li>\n<li><strong>Produ\u00e7\u00e3o em escala e entrega r\u00e1pida<\/strong>\u00a0A capacidade m\u00e9dia de produ\u00e7\u00e3o di\u00e1ria atinge dezenas de milhares, suporta o ajuste flex\u00edvel de 500 quantidades m\u00ednimas de encomenda, e realiza provas 24 horas por dia e entrega de lotes em 13 dias atrav\u00e9s de processos padronizados para satisfazer as necessidades de resposta r\u00e1pida da ind\u00fastria de perfumes.<\/li>\n<\/ol>","protected":false},"excerpt":{"rendered":"<p>A luxuosa caixa de embalagem de perfume recicl\u00e1vel personalizada para a loja de caixas de papel ZOJO Print combina conceitos de prote\u00e7\u00e3o ambiental com artesanato de alta qualidade para fornecer \u00e0s marcas solu\u00e7\u00f5es que combinam textura de luxo e sustentabilidade<\/p>","protected":false},"featured_media":9364,"template":"","meta":[],"product_brand":[],"product_cat":[30,417,430,31],"product_tag":[1157,1155,1156],"class_list":{"0":"post-9359","1":"product","2":"type-product","3":"status-publish","4":"has-post-thumbnail","6":"product_cat-by-industry","7":"product_cat-custom-perfume-boxes-by-industry","8":"product_cat-folding-cartons","9":"product_cat-paper-box-style","10":"product_tag-box-for-perfume-supplier","11":"product_tag-customized-packaging-box","12":"product_tag-packaging-box-for-perfume","14":"first","15":"instock","16":"shipping-taxable","17":"product-type-grouped"},"_links":{"self":[{"href":"https:\/\/zojopackaging.com\/pt\/wp-json\/wp\/v2\/product\/9359","targetHints":{"allow":["GET"]}}],"collection":[{"href":"https:\/\/zojopackaging.com\/pt\/wp-json\/wp\/v2\/product"}],"about":[{"href":"https:\/\/zojopackaging.com\/pt\/wp-json\/wp\/v2\/types\/product"}],"version-history":[{"count":1,"href":"https:\/\/zojopackaging.com\/pt\/wp-json\/wp\/v2\/product\/9359\/revisions"}],"predecessor-version":[{"id":9367,"href":"https:\/\/zojopackaging.com\/pt\/wp-json\/wp\/v2\/product\/9359\/revisions\/9367"}],"wp:featuredmedia":[{"embeddable":true,"href":"https:\/\/zojopackaging.com\/pt\/wp-json\/wp\/v2\/media\/9364"}],"wp:attachment":[{"href":"https:\/\/zojopackaging.com\/pt\/wp-json\/wp\/v2\/media?parent=9359"}],"wp:term":[{"taxonomy":"product_brand","embeddable":true,"href":"https:\/\/zojopackaging.com\/pt\/wp-json\/wp\/v2\/product_brand?post=9359"},{"taxonomy":"product_cat","embeddable":true,"href":"https:\/\/zojopackaging.com\/pt\/wp-json\/wp\/v2\/product_cat?post=9359"},{"taxonomy":"product_tag","embeddable":true,"href":"https:\/\/zojopackaging.com\/pt\/wp-json\/wp\/v2\/product_tag?post=9359"}],"curies":[{"name":"wp","href":"https:\/\/api.w.org\/{rel}","templated":true}]}}