{"id":9368,"date":"2025-04-02T01:49:24","date_gmt":"2025-04-01T17:49:24","guid":{"rendered":"https:\/\/zojopackaging.com\/?post_type=product&#038;p=9368"},"modified":"2025-04-02T02:02:50","modified_gmt":"2025-04-01T18:02:50","slug":"vintage-design-folding-carton-box-for-perfume-packaging-box-wholesale","status":"publish","type":"product","link":"https:\/\/zojopackaging.com\/pt\/product\/vintage-design-folding-carton-box-for-perfume-packaging-box-wholesale\/","title":{"rendered":"Caixa de cart\u00e3o dobr\u00e1vel de design vintage para caixa de embalagem de perfume por atacado"},"content":{"rendered":"<h3 id=\"-1-high-quality-white-cardboard-substrate-environmentally-friendly-and-durable-\"><strong>1. Substrato de cart\u00e3o branco de alta qualidade, amigo do ambiente e dur\u00e1vel<\/strong><\/h3>\n<p>Selecionar cart\u00e3o branco certificado pelo FSC com um peso superior a 300g\/m\u00b2 e melhorar a resist\u00eancia \u00e0 compress\u00e3o atrav\u00e9s da tecnologia de refor\u00e7o de fibras, que pode suportar um teste de queda de 3 metros durante o transporte. A superf\u00edcie do cart\u00e3o \u00e9 tratada com um revestimento \u00e0 prova de humidade para garantir que se mant\u00e9m direita num ambiente com humidade vari\u00e1vel, em conformidade com as normas de prote\u00e7\u00e3o ambiental REACH da UE.<\/p>\n<h3 id=\"-2-high-precision-printing-technology-to-restore-retro-aesthetic-details-\"><strong>2. Tecnologia de impress\u00e3o de alta precis\u00e3o para restaurar os pormenores est\u00e9ticos retro<\/strong><\/h3>\n<p>Utiliza a m\u00e1quina de impress\u00e3o a seis cores Heidelberg CD102, com tinta de cor direta Pantone, para obter uma precis\u00e3o de impress\u00e3o de linhas finas de 0,1 mm. Tendo em conta as necessidades do estilo retro, a transpar\u00eancia da tinta \u00e9 especialmente optimizada para tornar a textura antiga, a estampagem a quente e outros processos claramente estratificados, e o grau de restaura\u00e7\u00e3o da cor atinge mais de 98%.<\/p>\n<h3 id=\"-3-multi-layer-lamination-process-upgraded-touch-and-protection-\"><strong>3. Processo de lamina\u00e7\u00e3o de v\u00e1rias camadas, toque e prote\u00e7\u00e3o melhorados<\/strong><\/h3>\n<p>A superf\u00edcie \u00e9 coberta por uma pel\u00edcula PET mate com 0,15 mm de espessura, e a camada de pel\u00edcula e o cart\u00e3o s\u00e3o unidos atrav\u00e9s de um processo de composi\u00e7\u00e3o por press\u00e3o a quente. Este processo n\u00e3o s\u00f3 melhora a resist\u00eancia aos riscos em 30%, como tamb\u00e9m proporciona um toque delicado e sedoso, mantendo a textura natural do papel, alcan\u00e7ando um equil\u00edbrio entre o visual mate e o toque suave.<\/p>\n<h3 id=\"-4-uv-local-three-dimensional-process-to-strengthen-the-brand-logo-\"><strong>4. Processo tridimensional local UV para refor\u00e7ar o log\u00f3tipo da marca<\/strong><\/h3>\n<p>A \u00e1rea do LOGO utiliza um processo de colagem 3D UV por gotejamento, que forma um efeito tridimensional elevado de 1,2 mm ap\u00f3s a cura. Com um revestimento UV de metal espelhado, os tons retro, como o dourado e o ouro rosa, apresentam uma textura fluida. Em compara\u00e7\u00e3o com o processo tradicional de grava\u00e7\u00e3o em relevo, a resist\u00eancia ao desgaste \u00e9 aumentada em 50% e suporta efeitos de contraste de realce local\/mate.<\/p>\n<h3 id=\"-5-intelligent-production-system-quality-control-throughout-the-process-\"><strong>5. Sistema de produ\u00e7\u00e3o inteligente, controlo de qualidade ao longo de todo o processo<\/strong><\/h3>\n<p>Equipado com o sistema de inspe\u00e7\u00e3o visual German Sick, pode detetar automaticamente 12 par\u00e2metros, como o desvio de sobreimpress\u00e3o e a densidade da cor, a cada 0,8 segundos. Estabelece 13 processos de inspe\u00e7\u00e3o de qualidade, desde as mat\u00e9rias-primas que entram na f\u00e1brica at\u00e9 aos produtos acabados que saem do armaz\u00e9m. Os algoritmos de inspe\u00e7\u00e3o de qualidade de IA s\u00e3o utilizados em processos-chave, e a taxa de precis\u00e3o de reconhecimento de defeitos atinge 99,7%.<\/p>\n<h3 id=\"-6-retro-design-institute-customized-solutions-\"><strong>6. Retro Design Institute, solu\u00e7\u00f5es personalizadas<\/strong><\/h3>\n<p>Liderada por uma equipa de designers com mais de 10 anos de experi\u00eancia, foram criadas 8 bases de dados de estilo retro, incluindo Art Deco, manuscritos medievais e cartazes de filmes antigos. Apoiamos a personaliza\u00e7\u00e3o total, desde o design estrutural (como tampas\/gavetas superiores e inferiores), tecnologia de superf\u00edcie at\u00e9 ao revestimento da embalagem, e fornecemos solu\u00e7\u00f5es de renderiza\u00e7\u00e3o em 3D num prazo de 72 horas.<\/p>\n<h3 id=\"-7-flexible-production-base-fast-response-to-market-demand-\"><strong>7. Base de produ\u00e7\u00e3o flex\u00edvel, resposta r\u00e1pida \u00e0 procura do mercado<\/strong><\/h3>\n<p>A f\u00e1brica inteligente de 5.320\u33a1 est\u00e1 equipada com 8 linhas de corte e vinco totalmente autom\u00e1ticas, com uma capacidade de produ\u00e7\u00e3o di\u00e1ria de 200.000 pe\u00e7as. O sistema ERP realiza o rastreamento de pedidos de processo completo, suporta uma quantidade m\u00ednima de pedidos de 5.000 pe\u00e7as, entrega de 7 dias de pedidos regulares, entrega de 48 horas de pedidos acelerados e taxa de rotatividade de estoque l\u00edder do setor.<\/p>","protected":false},"excerpt":{"rendered":"<p>A ZOJO Print cria solu\u00e7\u00f5es de embalagem para marcas de perfumes que combinam o peso hist\u00f3rico com a est\u00e9tica contempor\u00e2nea atrav\u00e9s da inova\u00e7\u00e3o de materiais, avan\u00e7os de processos e fortalecimento do design. Desde a arte de encaderna\u00e7\u00e3o do Renascimento at\u00e9 ao estilo retro moderno e minimalista, utilizamos as nossas capacidades profissionais para solidificar as hist\u00f3rias das marcas num pequeno espa\u00e7o e ajudar os produtos a estabelecer um reconhecimento diferenciado no mercado de luxo.<\/p>","protected":false},"featured_media":9372,"template":"","meta":[],"product_brand":[],"product_cat":[30,417,430,31],"product_tag":[820,1159,1158],"class_list":{"0":"post-9368","1":"product","2":"type-product","3":"status-publish","4":"has-post-thumbnail","6":"product_cat-by-industry","7":"product_cat-custom-perfume-boxes-by-industry","8":"product_cat-folding-cartons","9":"product_cat-paper-box-style","10":"product_tag-folding-carton-box","11":"product_tag-perfume-packaging-box-wholesale","12":"product_tag-vintage-design-box","14":"first","15":"instock","16":"shipping-taxable","17":"product-type-grouped"},"_links":{"self":[{"href":"https:\/\/zojopackaging.com\/pt\/wp-json\/wp\/v2\/product\/9368","targetHints":{"allow":["GET"]}}],"collection":[{"href":"https:\/\/zojopackaging.com\/pt\/wp-json\/wp\/v2\/product"}],"about":[{"href":"https:\/\/zojopackaging.com\/pt\/wp-json\/wp\/v2\/types\/product"}],"version-history":[{"count":1,"href":"https:\/\/zojopackaging.com\/pt\/wp-json\/wp\/v2\/product\/9368\/revisions"}],"predecessor-version":[{"id":9375,"href":"https:\/\/zojopackaging.com\/pt\/wp-json\/wp\/v2\/product\/9368\/revisions\/9375"}],"wp:featuredmedia":[{"embeddable":true,"href":"https:\/\/zojopackaging.com\/pt\/wp-json\/wp\/v2\/media\/9372"}],"wp:attachment":[{"href":"https:\/\/zojopackaging.com\/pt\/wp-json\/wp\/v2\/media?parent=9368"}],"wp:term":[{"taxonomy":"product_brand","embeddable":true,"href":"https:\/\/zojopackaging.com\/pt\/wp-json\/wp\/v2\/product_brand?post=9368"},{"taxonomy":"product_cat","embeddable":true,"href":"https:\/\/zojopackaging.com\/pt\/wp-json\/wp\/v2\/product_cat?post=9368"},{"taxonomy":"product_tag","embeddable":true,"href":"https:\/\/zojopackaging.com\/pt\/wp-json\/wp\/v2\/product_tag?post=9368"}],"curies":[{"name":"wp","href":"https:\/\/api.w.org\/{rel}","templated":true}]}}