{"id":9385,"date":"2025-04-02T10:06:04","date_gmt":"2025-04-02T02:06:04","guid":{"rendered":"https:\/\/zojopackaging.com\/?post_type=product&#038;p=9385"},"modified":"2025-04-02T10:30:44","modified_gmt":"2025-04-02T02:30:44","slug":"custom-beauty-infusion-skincare-device-paper-packaging-box","status":"publish","type":"product","link":"https:\/\/zojopackaging.com\/pt\/product\/custom-beauty-infusion-skincare-device-paper-packaging-box\/","title":{"rendered":"Caixa de embalagem de papel para dispositivo de cuidados com a pele para infus\u00e3o de beleza personalizada"},"content":{"rendered":"<h2 id=\"-i-visual-and-structural-design-concept-\"><strong>1. Conceito de conce\u00e7\u00e3o visual e estrutural<\/strong><\/h2>\n<h3 id=\"1-color-scheme-and-brand-tone-\">1.\u00a0<strong>Esquema de cores e tom da marca<\/strong><\/h3>\n<ul>\n<li>O corpo da caixa adopta uma cor de base branca pura com linhas azuis claras e consegue uma sensa\u00e7\u00e3o refrescante e moderna atrav\u00e9s de uma combina\u00e7\u00e3o de cores de baixa satura\u00e7\u00e3o, evitando interfer\u00eancias visuais e refor\u00e7ando simultaneamente o posicionamento topo de gama da marca<\/li>\n<li>O log\u00f3tipo da marca e as informa\u00e7\u00f5es de texto adoptam tons de baixa satura\u00e7\u00e3o do mesmo sistema de cores, como o cinzento claro e o azul claro, o que n\u00e3o s\u00f3 mant\u00e9m uma est\u00e9tica simples, como tamb\u00e9m melhora o reconhecimento atrav\u00e9s do micro-contraste<\/li>\n<\/ul>\n<h3 id=\"2-pull-out-box-type-function-optimization-\">2.\u00a0<strong>Otimiza\u00e7\u00e3o da fun\u00e7\u00e3o do tipo caixa extra\u00edvel<\/strong><\/h3>\n<ul>\n<li>Adoptando uma estrutura de extra\u00e7\u00e3o magn\u00e9tica, a resist\u00eancia de abertura e fecho \u00e9 controlada dentro do intervalo de 0,5-1N para garantir a conveni\u00eancia da opera\u00e7\u00e3o com uma s\u00f3 m\u00e3o<\/li>\n<li>Uma abertura auxiliar circular (di\u00e2metro de 3-5 cm) \u00e9 colocada na parte de tr\u00e1s do lado de extra\u00e7\u00e3o da caixa exterior para facilitar a prote\u00e7\u00e3o da integridade do bordo da caixa durante a extra\u00e7\u00e3o repetida<\/li>\n<\/ul>\n<h2 id=\"-ii-layered-protection-and-user-experience-\"><strong>2. Prote\u00e7\u00e3o em camadas e experi\u00eancia do utilizador<\/strong><\/h2>\n<h3 id=\"1-inner-lining-protection-system-\">1.\u00a0<strong>Sistema de prote\u00e7\u00e3o do forro interior<\/strong><\/h3>\n<ul>\n<li>Adotar a posi\u00e7\u00e3o do cart\u00e3o de esponja EVA + estrutura de dupla camada de revestimento de flocagem:<\/li>\n<li><strong>Camada superior<\/strong>: Ranhura para cart\u00e3o de esponja personalizada com 3 mm de espessura, fixa com precis\u00e3o o corpo principal do dispositivo de infus\u00e3o<\/li>\n<li><strong>Camada inferior<\/strong>: Substrato de tecido flocado de 1,5 mm, que amortece as vibra\u00e7\u00f5es do transporte e evita riscos<\/li>\n<li>Pode ser expandido para um design modular em camadas para satisfazer diferentes necessidades de armazenamento de acess\u00f3rios<\/li>\n<\/ul>\n<h3 id=\"2-optimized-unboxing-experience-\">2.\u00a0<strong>Experi\u00eancia de desembalagem optimizada<\/strong><\/h3>\n<ul>\n<li>O slogan da marca \u00e9 colocado no interior da tampa da caixa com tecnologia de estampagem a quente prateada, formando um ponto de mem\u00f3ria visual ao abrir a caixa<\/li>\n<li>Utilizar uma grande \u00e1rea em branco para imprimir uma textura invis\u00edvel anti-contrafa\u00e7\u00e3o (tecnologia de desenvolvimento de luz ultravioleta), tendo em conta o controlo de custos e as fun\u00e7\u00f5es anti-contrafa\u00e7\u00e3o<\/li>\n<\/ul>\n<h2 id=\"-three-sustainability-and-cost-control-\"><strong>3. Sustentabilidade e controlo dos custos<\/strong><\/h2>\n<h3 id=\"1-material-and-process-selection-\">1.\u00a0<strong>Sele\u00e7\u00e3o de materiais e processos<\/strong><\/h3>\n<ul>\n<li>Substrato: Cart\u00e3o branco de 350 g certificado pelo FSC + cart\u00e3o cinzento de 1 mm, resist\u00eancia ECT\u22658,0KN\/m<\/li>\n<li>Impress\u00e3o: tinta \u00e0 base de \u00e1gua + processo UV local, as linhas azuis claras utilizam a tecnologia de gravura de linha fina de 0,1 mm, o custo de impress\u00e3o monocrom\u00e1tica \u00e9 reduzido em 40%<\/li>\n<\/ul>\n<h3 id=\"2-life-cycle-extension-design-\">2.\u00a0<strong>Conce\u00e7\u00e3o da extens\u00e3o do ciclo de vida<\/strong><\/h3>\n<ul>\n<li>A estrutura da caixa interior \u00e9 compat\u00edvel com a arruma\u00e7\u00e3o de cosm\u00e9ticos\/ferramentas e \u00e9 adicionada uma divis\u00f3ria amov\u00edvel na lateral (design de encaixe) para conseguir uma utiliza\u00e7\u00e3o secund\u00e1ria da embalagem<\/li>\n<li>\u00c9 fornecido um servi\u00e7o de encomenda de revestimento de substitui\u00e7\u00e3o e os utilizadores podem adquirir separadamente ranhuras de esponja com diferentes especifica\u00e7\u00f5es<\/li>\n<\/ul>\n<h2 id=\"-fourth-customized-production-service-\"><strong>4. Servi\u00e7o de produ\u00e7\u00e3o personalizado<\/strong><\/h2>\n<h3 id=\"1-flexible-customization-dimension-\">1.\u00a0<strong>Dimens\u00e3o de personaliza\u00e7\u00e3o flex\u00edvel<\/strong><\/h3>\n<table>\n<thead>\n<tr>\n<th>Projeto<\/th>\n<th>Gama opcional<\/th>\n<th>Recomenda\u00e7\u00e3o de processo especial<\/th>\n<\/tr>\n<\/thead>\n<tbody>\n<tr>\n<td>Tipo de caixa<\/td>\n<td>Caixa extra\u00edvel de camada simples\/dupla, tampa superior e inferior + gaveta em comp\u00f3sito<\/td>\n<td>Interruptor magn\u00e9tico<\/td>\n<\/tr>\n<tr>\n<td>Tamanho<\/td>\n<td>Comprimento 50-400mm (precis\u00e3o de \u00b10,5mm)<\/td>\n<td>Corte com formas especiais<\/td>\n<\/tr>\n<tr>\n<td>Efeito de superf\u00edcie<\/td>\n<td>Pel\u00edcula t\u00e1til\/embossing\/embossing<\/td>\n<td>Estampagem a frio local<\/td>\n<\/tr>\n<\/tbody>\n<\/table>\n<h3 id=\"2-quality-and-delivery-guarantee-\">2.\u00a0<strong>Garantia de qualidade e de entrega<\/strong><\/h3>\n<ul>\n<li><strong>16 anos de experi\u00eancia profissional<\/strong>: Passou a certifica\u00e7\u00e3o de embalagem farmac\u00eautica ISO15378, fornecendo relat\u00f3rios de teste de queda que cumprem as normas YY\/T0681.5<\/li>\n<li><strong>Servi\u00e7o completo de processos<\/strong>: Conce\u00e7\u00e3o gratuita da estrutura 3D \u2192 entrega de amostras em 72 horas \u2192 ciclo de produ\u00e7\u00e3o em massa \u226412 dias<\/li>\n<\/ul>","protected":false},"excerpt":{"rendered":"<p>1. A cor principal branca pura e as linhas azuis claras do corpo da caixa criam uma sensa\u00e7\u00e3o refrescante e moderna, que est\u00e1 em linha com o tom dos produtos topo de gama<br \/>\n2. O design da caixa extra\u00edvel \u00e9 f\u00e1cil de abrir e fechar, aumentando a confian\u00e7a no produto<br \/>\n3. O log\u00f3tipo e o texto na superf\u00edcie da caixa utilizam cores de baixa satura\u00e7\u00e3o, o que n\u00e3o s\u00f3 mant\u00e9m a simplicidade como tamb\u00e9m refor\u00e7a a notoriedade da marca<br \/>\n4. O tipo de caixa, tamanho, cor, material e efeito de impress\u00e3o de superf\u00edcie podem ser altamente personalizados para se adequar \u00e0 sua embalagem de infus\u00e3o de beleza para cuidados com a pele<\/p>","protected":false},"featured_media":9391,"template":"","meta":[],"product_brand":[],"product_cat":[30,390,31,426],"product_tag":[1162,1035,1163],"class_list":{"0":"post-9385","1":"product","2":"type-product","3":"status-publish","4":"has-post-thumbnail","6":"product_cat-by-industry","7":"product_cat-custom-cosmetics-boxes","8":"product_cat-paper-box-style","9":"product_cat-paper-drawer-boxes","10":"product_tag-beauty-infusion-skincare-device-paper-box","11":"product_tag-custom-skincare-packaging","12":"product_tag-infusion-skincare-device-packaging","14":"first","15":"instock","16":"shipping-taxable","17":"product-type-simple"},"_links":{"self":[{"href":"https:\/\/zojopackaging.com\/pt\/wp-json\/wp\/v2\/product\/9385","targetHints":{"allow":["GET"]}}],"collection":[{"href":"https:\/\/zojopackaging.com\/pt\/wp-json\/wp\/v2\/product"}],"about":[{"href":"https:\/\/zojopackaging.com\/pt\/wp-json\/wp\/v2\/types\/product"}],"version-history":[{"count":2,"href":"https:\/\/zojopackaging.com\/pt\/wp-json\/wp\/v2\/product\/9385\/revisions"}],"predecessor-version":[{"id":9394,"href":"https:\/\/zojopackaging.com\/pt\/wp-json\/wp\/v2\/product\/9385\/revisions\/9394"}],"wp:featuredmedia":[{"embeddable":true,"href":"https:\/\/zojopackaging.com\/pt\/wp-json\/wp\/v2\/media\/9391"}],"wp:attachment":[{"href":"https:\/\/zojopackaging.com\/pt\/wp-json\/wp\/v2\/media?parent=9385"}],"wp:term":[{"taxonomy":"product_brand","embeddable":true,"href":"https:\/\/zojopackaging.com\/pt\/wp-json\/wp\/v2\/product_brand?post=9385"},{"taxonomy":"product_cat","embeddable":true,"href":"https:\/\/zojopackaging.com\/pt\/wp-json\/wp\/v2\/product_cat?post=9385"},{"taxonomy":"product_tag","embeddable":true,"href":"https:\/\/zojopackaging.com\/pt\/wp-json\/wp\/v2\/product_tag?post=9385"}],"curies":[{"name":"wp","href":"https:\/\/api.w.org\/{rel}","templated":true}]}}