{"id":9395,"date":"2025-04-02T10:30:55","date_gmt":"2025-04-02T02:30:55","guid":{"rendered":"https:\/\/zojopackaging.com\/?post_type=product&#038;p=9395"},"modified":"2025-04-02T10:55:43","modified_gmt":"2025-04-02T02:55:43","slug":"custom-printed-beverage-baking-soda-packaging-box-wholesale","status":"publish","type":"product","link":"https:\/\/zojopackaging.com\/pt\/product\/custom-printed-beverage-baking-soda-packaging-box-wholesale\/","title":{"rendered":"Caixa de embalagem de bicarbonato de s\u00f3dio impressa personalizada para bebidas por atacado"},"content":{"rendered":"<h2 id=\"-1-flexible-customization-of-box-types-to-meet-diverse-needs-\"><strong>1. Personaliza\u00e7\u00e3o flex\u00edvel dos tipos de caixas para responder a diversas necessidades<\/strong><\/h2>\n<p>Fornecemos\u00a0<strong>servi\u00e7os de personaliza\u00e7\u00e3o de tipos de caixas de categoria completa<\/strong>A nossa gama de produtos abrange mais de dez estilos principais, tais como caixas com tampa superior e inferior, caixas com gavetas, caixas com abas e caixas com formas especiais, e ajudamos os clientes a conceber\u00a0<strong>tipos de caixas exclusivas<\/strong>\u00a0de acordo com o posicionamento do produto ou o tom da marca. Por exemplo:<\/p>\n<ul>\n<li><strong>Tipo de caixa tipo gaveta<\/strong>: Adequado para embalar produtos que requerem uma separa\u00e7\u00e3o de v\u00e1rias camadas, f\u00e1cil de expor e armazenar.<\/li>\n<li><strong>Caixa magn\u00e9tica flip<\/strong>: Com tecnologia de estampagem a quente, refor\u00e7a a sensa\u00e7\u00e3o de cerim\u00f3nia de abertura da caixa e melhora a experi\u00eancia de topo de gama.<\/li>\n<li><strong>Caixa de corte com formato especial<\/strong>: Atrav\u00e9s da tecnologia de grava\u00e7\u00e3o a laser ou de corte e vinco, \u00e9 poss\u00edvel obter formas art\u00edsticas, como cavidades e ondas, para melhorar o aspeto visual.<\/li>\n<\/ul>\n<h2 id=\"-2-black-box-body-design-to-create-a-calm-and-high-end-texture-\"><strong>2. Design do corpo da caixa preta para criar uma textura calma e sofisticada<\/strong><\/h2>\n<h3 id=\"1-material-selection-use-high-weight-black-cardboard-or-matte-art-paper-as-the-base-material-to-present-a-deep-matte-or-delicate-texture-effect-to-avoid-cheap-reflective-feeling-\">1.\u00a0<strong>Sele\u00e7\u00e3o de materiais<\/strong>: Utilizar\u00a0<strong>cart\u00e3o preto de elevada gramagem<\/strong>\u00a0ou\u00a0<strong>papel de arte mate<\/strong>\u00a0como material de base para apresentar um efeito mate profundo ou uma textura delicada para evitar a sensa\u00e7\u00e3o de reflexo barato.<\/h3>\n<h3 id=\"2-technology-details-\">2.\u00a0<strong>Detalhes da tecnologia<\/strong>:<\/h3>\n<ul>\n<li><strong>Estampagem a quente\/prata quente<\/strong>: Aplicar localmente um brilho met\u00e1lico no LOGOTIPO da marca ou no padr\u00e3o para contrastar com o preto e real\u00e7ar o requinte.<\/li>\n<li><strong>Grava\u00e7\u00e3o em relevo<\/strong>: Atrav\u00e9s do processo de grava\u00e7\u00e3o tridimensional, adicionar totens de marca ou texturas geom\u00e9tricas na superf\u00edcie da caixa para melhorar o n\u00edvel t\u00e1til.<br \/>\n<h3 id=\"3-environmental-certification-the-black-ink-uses-food-grade-environmentally-friendly-water-based-paint-which-complies-with-the-eu-rohs-standard-to-ensure-safety-and-sustainability-\">3.\u00a0<strong>Certifica\u00e7\u00e3o ambiental<\/strong>: A tinta preta utiliza\u00a0<strong>tinta \u00e0 base de \u00e1gua de qualidade alimentar e amiga do ambiente<\/strong>que est\u00e1 em conformidade com a norma RoHS da UE para garantir a seguran\u00e7a e a sustentabilidade.<\/h3>\n<\/li>\n<\/ul>\n<h2 id=\"-third-surface-printing-effect-convey-brand-humanistic-care-\"><strong>3. Efeito de impress\u00e3o na superf\u00edcie: transmite o cuidado humanista da marca<\/strong><\/h2>\n<h3 id=\"1-high-definition-printing-technology-use-6-color-fully-automatic-offset-printing-machine-to-accurately-restore-brand-colors-and-illustration-details-for-example-\">1.\u00a0<strong>Tecnologia de impress\u00e3o de alta defini\u00e7\u00e3o<\/strong>: Utilizar\u00a0<strong>M\u00e1quina de impress\u00e3o offset totalmente autom\u00e1tica de 6 cores<\/strong>\u00a0para restaurar com exatid\u00e3o as cores da marca e os detalhes da ilustra\u00e7\u00e3o. Por exemplo:<\/h3>\n<ul>\n<li><strong>Gradiente de cor quente<\/strong>: Imprimir um padr\u00e3o gradiente amarelo-alaranjado na parte lateral da caixa de embalagem para fazer eco das propriedades do ingrediente natural do bicarbonato de s\u00f3dio.<\/li>\n<li><strong>Ilustra\u00e7\u00e3o pintada \u00e0 m\u00e3o<\/strong>: Incorporar cenas de fam\u00edlia ou elementos naturais para transmitir um conceito de vida caloroso e saud\u00e1vel.<br \/>\n<h3 id=\"2-text-design-use-rounded-or-serif-fonts-to-present-brand-stories-or-product-descriptions-and-match-them-with-hot-stamping-technology-to-enhance-affinity-and-recognition-\">2.\u00a0<strong>Desenho de texto<\/strong>: Utilizar\u00a0<strong>tipos de letra arredondados ou serifados<\/strong>\u00a0para apresentar hist\u00f3rias de marcas ou descri\u00e7\u00f5es de produtos e combin\u00e1-los com a tecnologia de estampagem a quente para aumentar a afinidade e o reconhecimento.<\/h3>\n<\/li>\n<\/ul>\n<h2 id=\"-iv-eva-lining-customization-precise-adaptation-and-transportation-protection-\"><strong>4. Personaliza\u00e7\u00e3o do revestimento em EVA: adapta\u00e7\u00e3o precisa e prote\u00e7\u00e3o do transporte<\/strong><\/h2>\n<h3 id=\"1-material-characteristics-use-high-density-eva-foam-which-has-both-soft-cushioning-and-compressive-strength-and-can-bear-1-10kg-\">1.\u00a0<strong>Carater\u00edsticas do material<\/strong>: Utiliza espuma EVA de alta densidade, que tem um amortecimento suave e resist\u00eancia \u00e0 compress\u00e3o, e pode suportar 1-10 kg.<\/h3>\n<h3 id=\"2-structural-design-\">2.\u00a0<strong>Conce\u00e7\u00e3o estrutural<\/strong>:<\/h3>\n<ul>\n<li><strong>Forro de rede<\/strong>: Personalize a ranhura de acordo com o tamanho da garrafa, e uma \u00fanica grelha pode acomodar garrafas de bicarbonato de s\u00f3dio de 30-500 ml, com um controlo de erro de \u00b10,5 mm.<\/li>\n<li><strong>M\u00f3dulo amov\u00edvel<\/strong>: Suporta a conce\u00e7\u00e3o de revestimento combinado, adapta-se \u00e0s necessidades de carregamento misto de v\u00e1rias especifica\u00e7\u00f5es de produtos e melhora a utiliza\u00e7\u00e3o do espa\u00e7o em mais de 20%.<br \/>\n<h3 id=\"3-function-extension-the-surface-of-the-lining-is-covered-with-food-grade-pe-film-which-can-directly-contact-the-product-and-supports-printing-of-brand-logo-or-usage-tips-\">3.\u00a0<strong>Extens\u00e3o da fun\u00e7\u00e3o<\/strong>: A superf\u00edcie do forro \u00e9 revestida com\u00a0<strong>pel\u00edcula PE de qualidade alimentar<\/strong>que pode entrar em contacto direto com o produto e permite a impress\u00e3o do LOGOTIPO da marca ou de dicas de utiliza\u00e7\u00e3o.<\/h3>\n<\/li>\n<\/ul>\n<h2 id=\"-v-highly-customized-service-all-round-adaptation-from-size-to-material-\"><strong>5. Servi\u00e7o altamente personalizado: adapta\u00e7\u00e3o completa desde o tamanho ao material<\/strong><\/h2>\n<ul>\n<li><strong>Gama de tamanhos<\/strong>: A caixa de embalagem suporta um ajuste flex\u00edvel de *tamanho e \u00e9 adequada para diferentes especifica\u00e7\u00f5es, como embalagem familiar e embalagem de caixa de presente.<\/li>\n<li><strong>Expans\u00e3o da cor<\/strong>: Para al\u00e9m da cor preta principal,\u00a0<strong>Personaliza\u00e7\u00e3o de cart\u00f5es de cor Pantone<\/strong>\u00a0est\u00e1 dispon\u00edvel, suportando contraste parcial ou efeitos de gradiente.<\/li>\n<li><strong>Atualiza\u00e7\u00e3o do material<\/strong>:\u00a0<strong>Papel de imita\u00e7\u00e3o de pele<\/strong>,\u00a0<strong>Papel de gr\u00e3o de madeira<\/strong>\u00a0ou\u00a0<strong>Material composto de metal<\/strong>\u00a0s\u00e3o opcionais para satisfazer as necessidades das embalagens de luxo.<\/li>\n<\/ul>\n<h2 id=\"-vi-recycling-design-extend-the-life-cycle-of-packaging-\"><strong>6. Conce\u00e7\u00e3o da reciclagem: Alargar o ciclo de vida das embalagens<\/strong><\/h2>\n<h3 id=\"1-structural-reinforcement-the-box-body-adopts-double-layer-corrugated-cardboard-eva-reinforced-corners-which-increases-the-load-bearing-performance-by-30-and-can-be-reused-more-than-5-times-\">1.\u00a0<strong>Refor\u00e7o estrutural<\/strong>: O corpo da caixa adopta\u00a0<strong>cart\u00e3o canelado de dupla camada + cantos refor\u00e7ados com EVA<\/strong>o que aumenta o desempenho de suporte de carga em 30% e pode ser reutilizado mais de 5 vezes.<\/h3>\n<h3 id=\"2-function-transformation-\">2.\u00a0<strong>Transforma\u00e7\u00e3o de fun\u00e7\u00f5es<\/strong>:<\/h3>\n<ul>\n<li><strong>Caixa de arruma\u00e7\u00e3o<\/strong>: O forro \u00e9 amov\u00edvel, adequado para a arruma\u00e7\u00e3o de pequenos objectos como artigos de papelaria e j\u00f3ias.<\/li>\n<li><strong>Caixa de planta\u00e7\u00e3o DIY<\/strong>: O corpo da caixa \u00e9 concebido com orif\u00edcios de ar reservados para orientar os consumidores a utiliz\u00e1-la para o cultivo de plantas verdes e transmitir o conceito de prote\u00e7\u00e3o ambiental.<\/li>\n<\/ul>\n<h2 id=\"-vii-production-and-service-advantages-the-source-factory-guarantees-quality-and-cost-\"><strong>7. Vantagens de produ\u00e7\u00e3o e servi\u00e7o: A f\u00e1brica de origem garante a qualidade e o custo<\/strong><\/h2>\n<h3 id=\"1-16-years-of-printing-experience-with-iso9001-quality-management-system-certification-\">1.\u00a0<strong>16 anos de experi\u00eancia em impress\u00e3o<\/strong>: Com\u00a0<strong>Certifica\u00e7\u00e3o do sistema de gest\u00e3o da qualidade ISO9001<\/strong>,<\/h3>\n<h3 id=\"2-zero-cost-support-\">2.\u00a0<strong>Suporte a custo zero<\/strong>:<\/h3>\n<ul>\n<li><strong>Conce\u00e7\u00e3o livre<\/strong>: A equipa profissional fornece 3 conjuntos de solu\u00e7\u00f5es de design e entrega o primeiro rascunho em 72 horas.<\/li>\n<li><strong>Amostras gr\u00e1tis<\/strong>: O ciclo de prova \u00e9 de 3-5 dias e o SF Express \u00e9 suportado para envio gratuito.<br \/>\n<h3 id=\"3-price-advantage-through-large-scale-raw-material-procurement-and-automated-production-lines-the-price-is-15-20-lower-than-the-market-with-the-same-quality-and-the-minimum-order-is-500-pieces-\">3.\u00a0<strong>Vantagem de pre\u00e7o<\/strong>: Atrav\u00e9s de\u00a0<strong>aquisi\u00e7\u00e3o de mat\u00e9rias-primas em grande escala<\/strong>\u00a0e\u00a0<strong>linhas de produ\u00e7\u00e3o automatizadas<\/strong>O pre\u00e7o \u00e9 15%-20% inferior ao do mercado com a mesma qualidade, e a encomenda m\u00ednima \u00e9 de 500 unidades.<\/h3>\n<\/li>\n<\/ul>","protected":false},"excerpt":{"rendered":"<ul>\n<li id=\"1-demand-communication-provide-product-size-design-intention-or-competitive-product-reference-pictures-\">1.\u00a0<strong>Comunica\u00e7\u00e3o da procura<\/strong>: Fornecer o tamanho do produto, a inten\u00e7\u00e3o de conce\u00e7\u00e3o ou imagens de refer\u00eancia de produtos concorrentes.<\/li>\n<li id=\"2-scheme-design-output-3d-renderings-and-material-samples-within-3-working-days-\">2.\u00a0<strong>Conce\u00e7\u00e3o do esquema<\/strong>: Produ\u00e7\u00e3o de renderiza\u00e7\u00f5es 3D e amostras de materiais no prazo de 3 dias \u00fateis.<\/li>\n<li id=\"3-sample-confirmation-sign-a-mass-production-contract-after-modification-to-satisfaction-\">3.\u00a0<strong>Confirma\u00e7\u00e3o da amostra<\/strong>: Assinar um contrato de produ\u00e7\u00e3o em massa ap\u00f3s modifica\u00e7\u00e3o a contento.<\/li>\n<li>4.\u00a0<strong>Produ\u00e7\u00e3o em massa<\/strong>7-15 dias para a entrega (consoante a quantidade da encomenda).<\/li>\n<\/ul>","protected":false},"featured_media":9396,"template":"","meta":[],"product_brand":[],"product_cat":[30,419,424,31,433],"product_tag":[1165,1164,1166],"class_list":{"0":"post-9395","1":"product","2":"type-product","3":"status-publish","4":"has-post-thumbnail","6":"product_cat-by-industry","7":"product_cat-custom-wines-spirits-boxes","8":"product_cat-magnetic-closure-boxes","9":"product_cat-paper-box-style","10":"product_cat-shipping-mailer-boxes","11":"product_tag-baking-soda-packaging","12":"product_tag-custom-beverage-packaging","13":"product_tag-custom-beverage-soda-packaging-box","15":"first","16":"instock","17":"shipping-taxable","18":"product-type-simple"},"_links":{"self":[{"href":"https:\/\/zojopackaging.com\/pt\/wp-json\/wp\/v2\/product\/9395","targetHints":{"allow":["GET"]}}],"collection":[{"href":"https:\/\/zojopackaging.com\/pt\/wp-json\/wp\/v2\/product"}],"about":[{"href":"https:\/\/zojopackaging.com\/pt\/wp-json\/wp\/v2\/types\/product"}],"version-history":[{"count":1,"href":"https:\/\/zojopackaging.com\/pt\/wp-json\/wp\/v2\/product\/9395\/revisions"}],"predecessor-version":[{"id":9402,"href":"https:\/\/zojopackaging.com\/pt\/wp-json\/wp\/v2\/product\/9395\/revisions\/9402"}],"wp:featuredmedia":[{"embeddable":true,"href":"https:\/\/zojopackaging.com\/pt\/wp-json\/wp\/v2\/media\/9396"}],"wp:attachment":[{"href":"https:\/\/zojopackaging.com\/pt\/wp-json\/wp\/v2\/media?parent=9395"}],"wp:term":[{"taxonomy":"product_brand","embeddable":true,"href":"https:\/\/zojopackaging.com\/pt\/wp-json\/wp\/v2\/product_brand?post=9395"},{"taxonomy":"product_cat","embeddable":true,"href":"https:\/\/zojopackaging.com\/pt\/wp-json\/wp\/v2\/product_cat?post=9395"},{"taxonomy":"product_tag","embeddable":true,"href":"https:\/\/zojopackaging.com\/pt\/wp-json\/wp\/v2\/product_tag?post=9395"}],"curies":[{"name":"wp","href":"https:\/\/api.w.org\/{rel}","templated":true}]}}