{"id":9403,"date":"2025-04-02T10:56:05","date_gmt":"2025-04-02T02:56:05","guid":{"rendered":"https:\/\/zojopackaging.com\/?post_type=product&#038;p=9403"},"modified":"2025-04-02T14:35:01","modified_gmt":"2025-04-02T06:35:01","slug":"custom-printed-press-on-nail-polish-oil-packaging-wholesale","status":"publish","type":"product","link":"https:\/\/zojopackaging.com\/pt\/product\/custom-printed-press-on-nail-polish-oil-packaging-wholesale\/","title":{"rendered":"Embalagem de \u00f3leo de esmalte de unha impressa personalizada por atacado"},"content":{"rendered":"<h2 id=\"-i-embedded-magnetic-design-simple-aesthetics-and-practical-innovation-\"><strong>1. Design magn\u00e9tico incorporado: est\u00e9tica simples e inova\u00e7\u00e3o pr\u00e1tica<\/strong><\/h2>\n<ul>\n<li><strong>Estrutura magn\u00e9tica oculta<\/strong>: \u00c9 utilizada tecnologia magn\u00e9tica incorporada e o \u00edman \u00e9 completamente encapsulado no interior do corpo da caixa, evitando o problema do desgaste f\u00e1cil e da oxida\u00e7\u00e3o das folhas magn\u00e9ticas expostas tradicionais e melhorando a vida \u00fatil. A for\u00e7a de suc\u00e7\u00e3o \u00e9 uniforme quando a tampa est\u00e1 fechada, e a sensa\u00e7\u00e3o de abertura e fecho \u00e9 suave, o que torna o aspeto visual mais simples e avan\u00e7ado.<\/li>\n<li><strong>Garantia de precis\u00e3o do processo<\/strong>: O m\u00f3dulo magn\u00e9tico \u00e9 incorporado com precis\u00e3o atrav\u00e9s de inje\u00e7\u00e3o de molde para garantir um ajuste perfeito ao corpo da caixa, em conformidade com as normas de prote\u00e7\u00e3o ambiental RoHS da UE, e n\u00e3o h\u00e1 risco de polui\u00e7\u00e3o por metais pesados.<\/li>\n<\/ul>\n<h2 id=\"-ii-all-black-box-body-customized-logo-to-enhance-brand-recognition-\"><strong>2. Corpo da caixa totalmente preto + LOGOTIPO personalizado para aumentar o reconhecimento da marca<\/strong><\/h2>\n<ul>\n<li><strong>Apresenta\u00e7\u00e3o visual minimalista<\/strong>: O corpo da caixa adopta um substrato totalmente preto, e o LOGOTIPO da marca \u00e9 real\u00e7ado atrav\u00e9s de\u00a0<strong>Processo de gravura UV\/estampagem a quente<\/strong>e o contraste \u00e9 aumentado em 300%. Suporta efeitos especiais como grava\u00e7\u00e3o em relevo, laser e verniz local para obter um impacto visual de \"brilho na noite escura\".<\/li>\n<li><strong>Adapta\u00e7\u00e3o de v\u00e1rias cenas<\/strong>: O substrato preto pode ser combinado com solu\u00e7\u00f5es LOGO, tais como cores met\u00e1licas e fluorescentes, o que \u00e9 adequado para linhas de luxo, linhas de luxo ligeiras e linhas de massas. Todas as categorias de posicionamento.<\/li>\n<\/ul>\n<h2 id=\"-iii-intelligent-window-design-intuitive-display-and-upgraded-consumer-experience-\"><strong>3. Conce\u00e7\u00e3o inteligente da janela: ecr\u00e3 intuitivo e experi\u00eancia de consumo melhorada<\/strong><\/h2>\n<ul>\n<li><strong>Janela em acr\u00edlico de elevada transpar\u00eancia<\/strong>: A \u00e1rea da janela utiliza acr\u00edlico de qualidade alimentar com 3 mm de espessura, com uma transmit\u00e2ncia de luz de \u226592% e um aumento de 50% na resist\u00eancia ao impacto. Suporta corte de formas especiais (circular, arco, diamante), exibindo com precis\u00e3o a curva do frasco de esmalte ou a cor da amostra de arte das unhas.<\/li>\n<li><strong>Tecnologia de veda\u00e7\u00e3o \u00e0 prova de p\u00f3<\/strong>: A extremidade da janela \u00e9 envolvida com cola suave TPU, combinada com um tratamento anti-impress\u00e3o digital de nano-revestimento para garantir uma utiliza\u00e7\u00e3o a longo prazo sem riscos e acumula\u00e7\u00e3o de nevoeiro.<\/li>\n<\/ul>\n<h2 id=\"-iv-functional-internal-grid-system-safety-protection-and-space-management-\"><strong>4. Sistema de rede interna funcional: prote\u00e7\u00e3o da seguran\u00e7a e gest\u00e3o do espa\u00e7o<\/strong><\/h2>\n<ul>\n<li><strong>Forro em grelha EVA<\/strong>: Esponja EVA de alta densidade personalizada (densidade 25-90g\/cm\u00b3) de acordo com o tipo de garrafa, com uma precis\u00e3o de grelha de \u00b10,5mm, para conseguir um posicionamento independente de uma \u00fanica garrafa. O teste de resist\u00eancia a terramotos mostra que pode suportar uma press\u00e3o vertical de 10 kg e um impacto de queda de 1,5 m.<\/li>\n<li><strong>Combina\u00e7\u00e3o modular<\/strong>Frasco principal + acess\u00f3rios: suporta a disposi\u00e7\u00e3o em camadas \"frasco principal + acess\u00f3rios\" (como frasco de verniz, pincel, divis\u00f3ria de autocolantes decorativos), o revestimento pode ser desmontado e reorganizado, adequado para conjuntos de multiprodutos de edi\u00e7\u00e3o limitada de f\u00e9rias.<\/li>\n<\/ul>\n<h2 id=\"-v-full-dimensional-customization-service-a-one-stop-solution-from-design-to-mass-production-\"><strong>5. Servi\u00e7o de personaliza\u00e7\u00e3o de dimens\u00f5es completas: uma solu\u00e7\u00e3o \u00fanica desde a conce\u00e7\u00e3o at\u00e9 \u00e0 produ\u00e7\u00e3o em massa<\/strong><\/h2>\n<h3 id=\"1-flexible-matching-of-size-and-material-\">1.\u00a0<strong>Combina\u00e7\u00e3o flex\u00edvel de tamanho e material<\/strong><\/h3>\n<ul>\n<li>O tamanho da caixa abrange desde uma mini-garrafa de 5 ml a uma embalagem familiar de 50 ml, e suporta personaliza\u00e7\u00e3o n\u00e3o normalizada (erro \u22640,2 mm).<\/li>\n<\/ul>\n<h3 id=\"2-surface-treatment-process-library-\">2.\u00a0<strong>Biblioteca de processos de tratamento de superf\u00edcies<\/strong><\/h3>\n<table>\n<thead>\n<tr>\n<th>Tipo de processo<\/th>\n<th>Exemplo de efeito<\/th>\n<th>Cen\u00e1rios aplic\u00e1veis<\/th>\n<\/tr>\n<\/thead>\n<tbody>\n<tr>\n<td>Serigrafia + grava\u00e7\u00e3o parcial UV<\/td>\n<td>LOGO t\u00e1til tridimensional<\/td>\n<td>Log\u00f3tipo de marca topo de gama<\/td>\n<\/tr>\n<tr>\n<td>Processo de prata quente\/preto quente<\/td>\n<td>Serpentina de padr\u00e3o escuro com gradiente<\/td>\n<td>Embalagem limitada para f\u00e9rias<\/td>\n<\/tr>\n<tr>\n<td>Impress\u00e3o digital a jato de tinta<\/td>\n<td>Restauro de alta defini\u00e7\u00e3o de padr\u00f5es complexos<\/td>\n<td>Modelos conjuntos, s\u00e9ries de coopera\u00e7\u00e3o entre artistas<\/td>\n<\/tr>\n<\/tbody>\n<\/table>\n<h3 id=\"3-intelligent-production-system-\">3.\u00a0<strong>Sistema de produ\u00e7\u00e3o inteligente<\/strong><\/h3>\n<ul>\n<li><strong>Prova de 48 horas<\/strong>: Com base na linha de impress\u00e3o UV de 7 cores da Heidelberg, m\u00e1quina de corte e vinco totalmente autom\u00e1tica e outros equipamentos, a quantidade m\u00ednima de encomenda \u00e9 t\u00e3o pequena quanto 100 pe\u00e7as.<\/li>\n<li><strong>Triplo controlo de qualidade<\/strong>: Inspe\u00e7\u00e3o de entrada da mat\u00e9ria-prima (certifica\u00e7\u00e3o SGS) + inspe\u00e7\u00e3o AI do processo de produ\u00e7\u00e3o (taxa de reconhecimento de defeitos 99,9%) + 48 horas de teste de temperatura e humidade constantes antes da expedi\u00e7\u00e3o.<\/li>\n<\/ul>","protected":false},"excerpt":{"rendered":"<ul>\n<li><strong>Diferen\u00e7a de pre\u00e7o zero entre intermedi\u00e1rios<\/strong>: Pr\u00f3pria base de produ\u00e7\u00e3o de 50.000\u33a1, capacidade de produ\u00e7\u00e3o di\u00e1ria de 2 milh\u00f5es de pe\u00e7as, o pre\u00e7o da mesma qualidade \u00e9 30% menor do que o mercado.<\/li>\n<li><strong>Servi\u00e7o gratuito de valor acrescentado<\/strong>:<\/li>\n<li><strong>Pr\u00e9-apresenta\u00e7\u00e3o de modela\u00e7\u00e3o 3D<\/strong>: Fornecer desenhos de embalagens, diagramas de explos\u00e3o estrutural e livros de amostras de materiais.<\/li>\n<li><strong>Apoio log\u00edstico global<\/strong>: Log\u00edstica de linha dedicada Europa\/Am\u00e9rica do Norte, integra\u00e7\u00e3o do desalfandegamento DDP.<\/li>\n<\/ul>","protected":false},"featured_media":9415,"template":"","meta":[],"product_brand":[],"product_cat":[30,390,424,31],"product_tag":[1168,1167,639],"class_list":{"0":"post-9403","1":"product","2":"type-product","3":"status-publish","4":"has-post-thumbnail","6":"product_cat-by-industry","7":"product_cat-custom-cosmetics-boxes","8":"product_cat-magnetic-closure-boxes","9":"product_cat-paper-box-style","10":"product_tag-custom-press-on-nail-packaging-wholesale","11":"product_tag-nail-polish-oil-packaging","12":"product_tag-press-on-nail-packaging","14":"first","15":"instock","16":"shipping-taxable","17":"product-type-simple"},"_links":{"self":[{"href":"https:\/\/zojopackaging.com\/pt\/wp-json\/wp\/v2\/product\/9403","targetHints":{"allow":["GET"]}}],"collection":[{"href":"https:\/\/zojopackaging.com\/pt\/wp-json\/wp\/v2\/product"}],"about":[{"href":"https:\/\/zojopackaging.com\/pt\/wp-json\/wp\/v2\/types\/product"}],"version-history":[{"count":1,"href":"https:\/\/zojopackaging.com\/pt\/wp-json\/wp\/v2\/product\/9403\/revisions"}],"predecessor-version":[{"id":9418,"href":"https:\/\/zojopackaging.com\/pt\/wp-json\/wp\/v2\/product\/9403\/revisions\/9418"}],"wp:featuredmedia":[{"embeddable":true,"href":"https:\/\/zojopackaging.com\/pt\/wp-json\/wp\/v2\/media\/9415"}],"wp:attachment":[{"href":"https:\/\/zojopackaging.com\/pt\/wp-json\/wp\/v2\/media?parent=9403"}],"wp:term":[{"taxonomy":"product_brand","embeddable":true,"href":"https:\/\/zojopackaging.com\/pt\/wp-json\/wp\/v2\/product_brand?post=9403"},{"taxonomy":"product_cat","embeddable":true,"href":"https:\/\/zojopackaging.com\/pt\/wp-json\/wp\/v2\/product_cat?post=9403"},{"taxonomy":"product_tag","embeddable":true,"href":"https:\/\/zojopackaging.com\/pt\/wp-json\/wp\/v2\/product_tag?post=9403"}],"curies":[{"name":"wp","href":"https:\/\/api.w.org\/{rel}","templated":true}]}}