{"id":9419,"date":"2025-04-02T14:35:15","date_gmt":"2025-04-02T06:35:15","guid":{"rendered":"https:\/\/zojopackaging.com\/?post_type=product&#038;p=9419"},"modified":"2025-04-02T15:05:38","modified_gmt":"2025-04-02T07:05:38","slug":"luxury-gourmet-chocolate-cookie-macaron-packaging-gift-boxes","status":"publish","type":"product","link":"https:\/\/zojopackaging.com\/pt\/product\/luxury-gourmet-chocolate-cookie-macaron-packaging-gift-boxes\/","title":{"rendered":"Caixas de oferta de luxo para embalagem de bolachas de chocolate Gourmet Macaron"},"content":{"rendered":"<h2 id=\"-1-pink-flip-box-design-a-soft-and-luxurious-visual-presentation-\"><strong>1. Caixa de presente em forma de concha cor-de-rosa: uma apresenta\u00e7\u00e3o visual suave e luxuosa<\/strong><\/h2>\n<p>O cor-de-rosa de alta satura\u00e7\u00e3o \u00e9 utilizado como cor principal e a estrutura da aba \u00e9 combinada para dar \u00e0 caixa de embalagem uma experi\u00eancia visual suave e quente, real\u00e7ando simultaneamente o requinte e a tonalidade da moda do produto. A superf\u00edcie da caixa pode ser feita de materiais mate ou perolados para real\u00e7ar o toque e as mudan\u00e7as subtis de n\u00edvel sob a luz, garantindo que se destaca na prateleira quando exposta. O design de abertura e fecho com flip n\u00e3o s\u00f3 \u00e9 conveniente para a utiliza\u00e7\u00e3o, como tamb\u00e9m aumenta a sensa\u00e7\u00e3o de cerim\u00f3nia atrav\u00e9s da fivela magn\u00e9tica oculta no interior da tampa da caixa, que se adequa ao posicionamento de presentes topo de gama.<\/p>\n<h2 id=\"-2-ribbon-accessories-the-finishing-touch-of-artistic-beauty-\"><strong>2. Acess\u00f3rios de fitas: o toque final da beleza art\u00edstica<\/strong><\/h2>\n<p>A parte superior da caixa de embalagem \u00e9 combinada com uma fita de cetim da mesma cor, e a forma de la\u00e7o ou borla aumenta o n\u00edvel e a arte. A fita pode ser feita de materiais reciclados amigos do ambiente e suporta estampagem a quente, texto em relevo e outros processos, integrando log\u00f3tipos ou b\u00ean\u00e7\u00e3os da marca e transmitindo eleg\u00e2ncia e cuidado. O design da fita tamb\u00e9m pode ser utilizado como pega de caixa de presente, que \u00e9 simultaneamente funcional e decorativa, satisfazendo as necessidades de presentes de Natal ou cen\u00e1rios de consumo di\u00e1rio.<\/p>\n<h2 id=\"-3-impact-resistant-plastic-inner-tray-practical-and-environmentally-friendly-\"><strong>3. Tabuleiro interior de pl\u00e1stico resistente ao impacto: pr\u00e1tico e amigo do ambiente<\/strong><\/h2>\n<p>O tabuleiro interior \u00e9 feito de material PET blister de qualidade alimentar, que tem uma excelente resist\u00eancia ao impacto e transpar\u00eancia. Pode fixar firmemente cada macaron ou bolacha de chocolate para evitar danos por colis\u00e3o durante o transporte. O tabuleiro interior \u00e9 reutiliz\u00e1vel e os utilizadores podem transform\u00e1-lo numa caixa de arruma\u00e7\u00e3o ou numa caixa de j\u00f3ias para prolongar o ciclo de vida da embalagem e fazer eco do conceito de sustentabilidade. A forma do forro permite uma elevada personaliza\u00e7\u00e3o, como a estrutura em forma de cora\u00e7\u00e3o, circular ou em camadas, que se adapta perfeitamente a produtos de diferentes tamanhos e formas.<\/p>\n<h2 id=\"-4-double-sided-printing-two-way-interaction-between-brand-and-user-\"><strong>4. Impress\u00e3o frente e verso: intera\u00e7\u00e3o bidirecional entre a marca e o utilizador<\/strong><\/h2>\n<p>A caixa da embalagem foi concebida com impress\u00e3o de dupla face. A parte da frente apresenta o produto numa ilustra\u00e7\u00e3o ou num estilo minimalista, como um padr\u00e3o de cores de macaron pintado \u00e0 m\u00e3o ou uma cena da hist\u00f3ria da marca; a parte de tr\u00e1s \u00e9 impressa com uma lista de ingredientes, sugest\u00f5es de alimenta\u00e7\u00e3o e informa\u00e7\u00f5es sobre a cultura da marca para aumentar a confian\u00e7a dos utilizadores na qualidade. O verso \u00e9 impresso com uma lista de ingredientes e sugest\u00f5es de consumo e informa\u00e7\u00f5es sobre a cultura da marca para aumentar a confian\u00e7a dos utilizadores na qualidade. O processo de impress\u00e3o permite a impress\u00e3o em offset, o envidra\u00e7amento local UV, a estampagem a quente e outros efeitos para garantir que os gr\u00e1ficos s\u00e3o n\u00edtidos e resistentes ao desgaste.<\/p>\n<h2 id=\"-5-highly-customized-meet-diverse-needs-\"><strong>5. Altamente personalizados: respondem a diversas necessidades<\/strong><\/h2>\n<ul>\n<li><strong>Dimens\u00e3o e estrutura<\/strong>: fornece uma variedade de tipos de caixas, tais como tipo de gaveta, tampa, tipo de janela, etc., especifica\u00e7\u00f5es de suporte, tais como 5 a 12 pe\u00e7as, adequadas para cen\u00e1rios de retalho e caixas de oferta.<\/li>\n<li><strong>Sele\u00e7\u00e3o de materiais<\/strong>: Para al\u00e9m do cart\u00e3o branco b\u00e1sico, pode ser selecionado papel kraft amigo do ambiente, papel especial mate ou material composto com textura met\u00e1lica para melhorar o grau de embalagem.<\/li>\n<li><strong>Tecnologia de superf\u00edcie<\/strong>: suporte para grava\u00e7\u00e3o em relevo, relevo, lamina\u00e7\u00e3o perolada e outros efeitos, como a superf\u00edcie da caixa cor-de-rosa sobreposta com o LOGOTIPO de estampagem a quente para aumentar o reconhecimento da marca.<\/li>\n<li><strong>Correspond\u00eancia de cores<\/strong>: utilizar a impress\u00e3o em cores diretas Pantone para restaurar com precis\u00e3o o sistema de cores da marca e suportar a combina\u00e7\u00e3o de cores gradientes ou cores macaron.<\/li>\n<\/ul>","protected":false},"excerpt":{"rendered":"<ul>\n<li><strong>Amostras gr\u00e1tis<\/strong>: Obter amostras f\u00edsicas antes de efetuar uma encomenda para experimentar intuitivamente o material e o trabalho artesanal.<\/li>\n<li><strong>Conce\u00e7\u00e3o livre<\/strong>: A equipa de designers personaliza as ilustra\u00e7\u00f5es, os layouts e as estruturas em fun\u00e7\u00e3o das carater\u00edsticas do produto para garantir um equil\u00edbrio entre est\u00e9tica e funcionalidade.<\/li>\n<li><strong>Desempenho de custo elevado<\/strong>: A produ\u00e7\u00e3o em grande escala reduz os pre\u00e7os unit\u00e1rios, com uma encomenda m\u00ednima de 500 pe\u00e7as e suporte para um servi\u00e7o expedito.<\/li>\n<li><strong>Garantia de qualidade<\/strong>: A certifica\u00e7\u00e3o de seguran\u00e7a de n\u00edvel alimentar \u00e9 aprovada para garantir que a caixa de embalagem n\u00e3o \u00e9 t\u00f3xica, \u00e9 inodora e cumpre as normas internacionais de transporte.<\/li>\n<\/ul>","protected":false},"featured_media":9425,"template":"","meta":[],"product_brand":[],"product_cat":[30,422,424,31],"product_tag":[1170,1169,1171],"class_list":{"0":"post-9419","1":"product","2":"type-product","3":"status-publish","4":"has-post-thumbnail","6":"product_cat-by-industry","7":"product_cat-custom-gourmet-boxes-by-industry","8":"product_cat-magnetic-closure-boxes","9":"product_cat-paper-box-style","10":"product_tag-chocolate-cookie-gift-boxes","11":"product_tag-gourmet-packaging-boxes","12":"product_tag-macaron-packaging-gift-boxes","14":"first","15":"instock","16":"shipping-taxable","17":"product-type-simple"},"_links":{"self":[{"href":"https:\/\/zojopackaging.com\/pt\/wp-json\/wp\/v2\/product\/9419","targetHints":{"allow":["GET"]}}],"collection":[{"href":"https:\/\/zojopackaging.com\/pt\/wp-json\/wp\/v2\/product"}],"about":[{"href":"https:\/\/zojopackaging.com\/pt\/wp-json\/wp\/v2\/types\/product"}],"version-history":[{"count":2,"href":"https:\/\/zojopackaging.com\/pt\/wp-json\/wp\/v2\/product\/9419\/revisions"}],"predecessor-version":[{"id":9427,"href":"https:\/\/zojopackaging.com\/pt\/wp-json\/wp\/v2\/product\/9419\/revisions\/9427"}],"wp:featuredmedia":[{"embeddable":true,"href":"https:\/\/zojopackaging.com\/pt\/wp-json\/wp\/v2\/media\/9425"}],"wp:attachment":[{"href":"https:\/\/zojopackaging.com\/pt\/wp-json\/wp\/v2\/media?parent=9419"}],"wp:term":[{"taxonomy":"product_brand","embeddable":true,"href":"https:\/\/zojopackaging.com\/pt\/wp-json\/wp\/v2\/product_brand?post=9419"},{"taxonomy":"product_cat","embeddable":true,"href":"https:\/\/zojopackaging.com\/pt\/wp-json\/wp\/v2\/product_cat?post=9419"},{"taxonomy":"product_tag","embeddable":true,"href":"https:\/\/zojopackaging.com\/pt\/wp-json\/wp\/v2\/product_tag?post=9419"}],"curies":[{"name":"wp","href":"https:\/\/api.w.org\/{rel}","templated":true}]}}