{"id":9428,"date":"2025-04-02T15:05:47","date_gmt":"2025-04-02T07:05:47","guid":{"rendered":"https:\/\/zojopackaging.com\/?post_type=product&#038;p=9428"},"modified":"2025-04-02T15:30:57","modified_gmt":"2025-04-02T07:30:57","slug":"custom-apparel-t-shirt-clothing-paper-tube-packaging-factory","status":"publish","type":"product","link":"https:\/\/zojopackaging.com\/pt\/product\/custom-apparel-t-shirt-clothing-paper-tube-packaging-factory\/","title":{"rendered":"F\u00e1brica de embalagens de tubos de papel para vestu\u00e1rio e t-shirts personalizadas"},"content":{"rendered":"<h2 id=\"-1-innovative-structural-design-upper-and-lower-split-cylindrical-box-one-handed-opening-and-closing-is-more-convenient-\"><strong>1. Conce\u00e7\u00e3o estrutural inovadora: caixa cil\u00edndrica dividida superior e inferior, abertura e fecho com uma s\u00f3 m\u00e3o \u00e9 mais conveniente<\/strong><\/h2>\n<ol>\n<li><strong>Estrutura bipartida patenteada<\/strong>: O design cil\u00edndrico dividido superior e inferior, combinado com ranhuras de guia de precis\u00e3o e mecanismos de fixa\u00e7\u00e3o, pode ser facilmente aberto e fechado com uma m\u00e3o, evitando a opera\u00e7\u00e3o inc\u00f3moda das caixas de embalagem tradicionais e melhorando a experi\u00eancia de desembalagem dos consumidores.<\/li>\n<li><strong>Forte capacidade de adapta\u00e7\u00e3o<\/strong>: O espa\u00e7o interior pode ser ajustado de forma flex\u00edvel para se adaptar a uma variedade de tipos de roupa, como mangas curtas, casacos, camisolas, saias, etc., e o design de arruma\u00e7\u00e3o em camadas ou dobrado garante que a roupa fica plana e sem rugas.<\/li>\n<li><strong>Otimiza\u00e7\u00e3o de detalhes<\/strong>: A borda do corpo da caixa adopta uma tecnologia de corte de alta precis\u00e3o, que \u00e9 suave e sem rebarbas, combinada com a cobertura de pel\u00edcula mate, o toque \u00e9 delicado, transmitindo a textura de alta qualidade da marca.<\/li>\n<\/ol>\n<h2 id=\"-2-printing-and-technology-professional-equipment-customized-technology-double-improvement-of-quality-and-visual-\"><strong>2. Impress\u00e3o e tecnologia: equipamento profissional + tecnologia personalizada, dupla melhoria de qualidade e visual<\/strong><\/h2>\n<ol>\n<li><strong>Impress\u00e3o a quatro cores + tecnologia de pel\u00edcula mate<\/strong>: Ado\u00e7\u00e3o da m\u00e1quina de impress\u00e3o a quatro cores Heidelberg, restauro preciso da cor CMYK, tratamento de pel\u00edcula mate sobreposta, satura\u00e7\u00e3o da cor aumentada por 30% e propriedades anti-riscos e anti-impress\u00e3o digital.<\/li>\n<li><strong>Op\u00e7\u00f5es avan\u00e7adas de processo<\/strong>:<\/li>\n<li><strong>Estampagem a quente\/estampagem a prata<\/strong>: adequado para o log\u00f3tipo ou padr\u00e3o da marca, aumenta o impacto visual (como o efeito brilhante de luxo).<\/li>\n<li><strong>Em relevo\/em relevo<\/strong>: real\u00e7am os pormenores do design atrav\u00e9s da tecnologia de grava\u00e7\u00e3o tridimensional, com n\u00edveis de toque distintos, adequados para o posicionamento de marcas de gama alta.<\/li>\n<li><strong>Certifica\u00e7\u00e3o ambiental<\/strong>: O papel utiliza papel de cobre duplo de 230g ou papel kraft reciclado, passou por certifica\u00e7\u00f5es ambientais internacionais como a SGS e a BV, e tem em conta tanto a textura como a sustentabilidade.<\/li>\n<\/ol>\n<h2 id=\"-iii-design-service-diverse-styles-precise-matching-of-brand-tone-\"><strong>3. Servi\u00e7o de design: diversos estilos, correspond\u00eancia exacta do tom da marca<\/strong><\/h2>\n<ol>\n<li><strong>Suporte de design de caixa completa<\/strong>: Fornecer CDR, AI e outros servi\u00e7os de design de ficheiros de origem, abrangendo uma variedade de estilos como simplicidade, tend\u00eancia nacional, minimalismo, neg\u00f3cios, etc., e personalizar visuais exclusivos em combina\u00e7\u00e3o com as carater\u00edsticas dos produtos de vestu\u00e1rio (como cores vibrantes para T-shirts, texturas elegantes para camisolas).<\/li>\n<li><strong>Capacita\u00e7\u00e3o cultural<\/strong>: Pode integrar hist\u00f3rias de marcas, elementos regionais ou desenhos conjuntos de PI, como padr\u00f5es de bordados de estilo nacional, ilustra\u00e7\u00f5es da moda, etc., para aumentar a resson\u00e2ncia emocional.<\/li>\n<li><strong>Prova inteligente<\/strong>: Fornecer renderiza\u00e7\u00f5es em 3D e amostras f\u00edsicas no prazo de 48 horas para garantir que o grau de restaura\u00e7\u00e3o do projeto atinge mais de 98%.<\/li>\n<\/ol>\n<h2 id=\"-iv-production-and-delivery-16-years-of-foreign-trade-experience-one-stop-worry-free-service-\"><strong>4. Produ\u00e7\u00e3o e entrega: 16 anos de experi\u00eancia em com\u00e9rcio externo, servi\u00e7o \u00fanico e sem preocupa\u00e7\u00f5es<\/strong><\/h2>\n<ol>\n<li><strong>Controlo total do processo<\/strong>: Desde a conce\u00e7\u00e3o, sele\u00e7\u00e3o de materiais, produ\u00e7\u00e3o e log\u00edstica, todo o processo \u00e9 monitorizado pelo sistema de gest\u00e3o da qualidade ISO, com uma quantidade m\u00ednima de encomenda t\u00e3o baixa como 3.000, e a personaliza\u00e7\u00e3o de pequenos lotes \u00e9 suportada.<\/li>\n<li><strong>Experi\u00eancia em com\u00e9rcio externo<\/strong>: Familiarizados com as normas de mercado na Europa, Am\u00e9rica, Sudeste Asi\u00e1tico, etc., fornecendo solu\u00e7\u00f5es de embalagem para exporta\u00e7\u00e3o, tais como certifica\u00e7\u00e3o FSC e tratamento \u00e0 prova de humidade, com uma capacidade de produ\u00e7\u00e3o anual de mais de 5 milh\u00f5es de pe\u00e7as.<\/li>\n<li><strong>Entrega eficiente<\/strong>: As encomendas normais podem ser conclu\u00eddas em 7-10 dias, as encomendas urgentes podem ser aceleradas para 5 dias e suportam o envio direto global\/transporte a\u00e9reo.<\/li>\n<\/ol>\n<h2 id=\"-v-case-and-value-core-partner-to-enhance-brand-added-value-\"><strong>5. Caso e valor: Parceiro principal para aumentar o valor acrescentado da marca<\/strong><\/h2>\n<ul>\n<li><strong>Refer\u00eancia do caso<\/strong>: Embalagem em tubo de papel dobr\u00e1vel e ecol\u00f3gica personalizada para uma marca internacional de moda r\u00e1pida, reduzindo os custos log\u00edsticos em 20% e aumentando a taxa de recompra em 15% atrav\u00e9s da tecnologia de estampagem a quente.<\/li>\n<li><strong>Extens\u00e3o do valor<\/strong>: As caixas de embalagem podem ser reutilizadas como objectos de arruma\u00e7\u00e3o e exposi\u00e7\u00e3o em casa para prolongar o ciclo de exposi\u00e7\u00e3o da marca.<\/li>\n<\/ul>","protected":false},"excerpt":{"rendered":"<p>1. A caixa de embalagem Yuantong adopta uma estrutura dividida, que pode ser aberta e fechada com uma m\u00e3o, o que \u00e9 conveniente para levar e melhorar a experi\u00eancia de desembalagem<br \/>\n2. Adequado para v\u00e1rios tipos de produtos de vestu\u00e1rio, tais como camisas de manga curta, casacos, camisolas, saias, etc.<br \/>\n3. Impress\u00e3o a quatro cores + pel\u00edcula mate, impress\u00e3o em m\u00e1quina de impress\u00e3o Heidelberg, cores vivas e brilhantes<br \/>\n4. V\u00e1rios estilos de design podem ser personalizados de acordo com os requisitos para combinar perfeitamente com os seus produtos de vestu\u00e1rio<\/p>","protected":false},"featured_media":9429,"template":"","meta":[],"product_brand":[],"product_cat":[30,414,31,429],"product_tag":[1174,1172,1173],"class_list":{"0":"post-9428","1":"product","2":"type-product","3":"status-publish","4":"has-post-thumbnail","6":"product_cat-by-industry","7":"product_cat-custom-apparel-boxes","8":"product_cat-paper-box-style","9":"product_cat-paper-tube-boxes","10":"product_tag-clothing-packaging-boxes-factory","11":"product_tag-custom-apparel-packaging","12":"product_tag-t-shirt-paper-tube-packaging","14":"first","15":"instock","16":"shipping-taxable","17":"product-type-simple"},"_links":{"self":[{"href":"https:\/\/zojopackaging.com\/pt\/wp-json\/wp\/v2\/product\/9428","targetHints":{"allow":["GET"]}}],"collection":[{"href":"https:\/\/zojopackaging.com\/pt\/wp-json\/wp\/v2\/product"}],"about":[{"href":"https:\/\/zojopackaging.com\/pt\/wp-json\/wp\/v2\/types\/product"}],"version-history":[{"count":1,"href":"https:\/\/zojopackaging.com\/pt\/wp-json\/wp\/v2\/product\/9428\/revisions"}],"predecessor-version":[{"id":9435,"href":"https:\/\/zojopackaging.com\/pt\/wp-json\/wp\/v2\/product\/9428\/revisions\/9435"}],"wp:featuredmedia":[{"embeddable":true,"href":"https:\/\/zojopackaging.com\/pt\/wp-json\/wp\/v2\/media\/9429"}],"wp:attachment":[{"href":"https:\/\/zojopackaging.com\/pt\/wp-json\/wp\/v2\/media?parent=9428"}],"wp:term":[{"taxonomy":"product_brand","embeddable":true,"href":"https:\/\/zojopackaging.com\/pt\/wp-json\/wp\/v2\/product_brand?post=9428"},{"taxonomy":"product_cat","embeddable":true,"href":"https:\/\/zojopackaging.com\/pt\/wp-json\/wp\/v2\/product_cat?post=9428"},{"taxonomy":"product_tag","embeddable":true,"href":"https:\/\/zojopackaging.com\/pt\/wp-json\/wp\/v2\/product_tag?post=9428"}],"curies":[{"name":"wp","href":"https:\/\/api.w.org\/{rel}","templated":true}]}}