{"id":9436,"date":"2025-04-02T15:31:14","date_gmt":"2025-04-02T07:31:14","guid":{"rendered":"https:\/\/zojopackaging.com\/?post_type=product&#038;p=9436"},"modified":"2025-04-02T15:56:36","modified_gmt":"2025-04-02T07:56:36","slug":"luxury-pink-cosmetic-makeup-kit-rigid-gift-box-manufacturer","status":"publish","type":"product","link":"https:\/\/zojopackaging.com\/pt\/product\/luxury-pink-cosmetic-makeup-kit-rigid-gift-box-manufacturer\/","title":{"rendered":"Kit de maquilhagem de luxo rosa com caixa de presente r\u00edgida Fabricante"},"content":{"rendered":"<h2 id=\"-i-magnetic-box-design-a-fusion-of-sophistication-and-convenience-\"><strong>1. Design da caixa com fecho magn\u00e9tico: uma fus\u00e3o de sofistica\u00e7\u00e3o e conveni\u00eancia<\/strong><\/h2>\n<ul>\n<li><strong>Tecnologia de adsor\u00e7\u00e3o magn\u00e9tica autom\u00e1tica<\/strong>: A estrutura magn\u00e9tica patenteada permite fechar a tampa com um leve toque e abri-la e fech\u00e1-la com uma s\u00f3 m\u00e3o, evitando a abertura acidental.<\/li>\n<li><strong>Otimiza\u00e7\u00e3o ergon\u00f3mica<\/strong>: O design estrutural inovador da tampa em forma de L e do corpo triangular da caixa est\u00e1 repleto de camadas, e o processo de abertura est\u00e1 repleto de ritual.<\/li>\n<li><strong>Sele\u00e7\u00e3o de materiais<\/strong>: Caixas de couro personaliz\u00e1veis ou materiais duros amigos do ambiente, com um delicado revestimento aveludado ou mate na superf\u00edcie, toque de alta qualidade e resistente ao desgaste.<\/li>\n<\/ul>\n<h2 id=\"-ii-abstract-art-printing-conveying-the-deep-concept-of-the-brand-\"><strong>2. Impress\u00e3o de arte abstrata: transmitir o conceito profundo da marca<\/strong><\/h2>\n<ul>\n<li><strong>Conce\u00e7\u00e3o de padr\u00f5es simb\u00f3licos<\/strong>: Atrav\u00e9s da met\u00e1fora de linhas abstractas, texturas geom\u00e9tricas ou elementos naturais (como a aurora, as ondula\u00e7\u00f5es), o conceito central da marca (como a est\u00e9tica natural, tecnol\u00f3gica ou oriental) \u00e9 interpretado.<\/li>\n<li><strong>Processo de impress\u00e3o multicolorido<\/strong>: A tecnologia de impress\u00e3o UV de alta precis\u00e3o \u00e9 utilizada para garantir que a cor do padr\u00e3o \u00e9 saturada e estratificada, e a base cor-de-rosa gradiente \u00e9 combinada para criar uma experi\u00eancia visual curativa.<\/li>\n<li><strong>Fun\u00e7\u00e3o de impress\u00e3o frente e verso<\/strong>: O LOGOTIPO da marca e os elementos abstractos s\u00e3o impressos na frente e as instru\u00e7\u00f5es de utiliza\u00e7\u00e3o ou os log\u00f3tipos de prote\u00e7\u00e3o ambiental s\u00e3o claramente apresentados no verso com tecnologia de estampagem a quente\/prata quente, tendo em conta a beleza e o car\u00e1cter pr\u00e1tico.<\/li>\n<\/ul>\n<h2 id=\"-three-color-and-craftsmanship-high-end-texture-details-presentation-\"><strong>3. Cor e artesanato: apresenta\u00e7\u00e3o de pormenores de textura de alta qualidade<\/strong><\/h2>\n<ul>\n<li><strong>Esquema cor-de-rosa de baixa satura\u00e7\u00e3o<\/strong>: Com base na psicologia da cor, s\u00e3o selecionados tons de baixa fadiga visual, como o p\u00f3 de n\u00e9voa suave e o rosa coral, combinados com uma textura mate, para transmitir a tonalidade suave e luxuosa da marca.<\/li>\n<li><strong>Tecnologia de estampagem a quente\/prata quente<\/strong>: A estampagem a quente tridimensional \u00e9 aplicada no rebordo da tampa da caixa, no LOGOTIPO ou na parte do texto para mostrar claramente as letras pequenas e refor\u00e7ar o posicionamento de topo de gama.<\/li>\n<li><strong>Tratamento de superf\u00edcie<\/strong>: Op\u00e7\u00e3o de efeitos perolados, foscos, de relevo 3D e outros para melhorar o sentido tridimensional do tato e da vis\u00e3o.<\/li>\n<\/ul>\n<h2 id=\"-four-highly-customized-services-full-link-support-from-design-to-production-\"><strong>4. Servi\u00e7os altamente personalizados: apoio total desde a conce\u00e7\u00e3o at\u00e9 \u00e0 produ\u00e7\u00e3o<\/strong><\/h2>\n<ul>\n<li><strong>Dimens\u00f5es de personaliza\u00e7\u00e3o flex\u00edveis<\/strong>: Suporta o ajuste a pedido do tamanho, material, cor (correspond\u00eancia exacta dos cart\u00f5es de cor Pantone) e tecnologia de superf\u00edcie (como laser, UV local).<\/li>\n<li><strong>Solu\u00e7\u00e3o \u00fanica<\/strong>: Envio direto da f\u00e1brica de Shenzhen, eliminando intermedi\u00e1rios, reduzindo os custos de comunica\u00e7\u00e3o e de tempo; fornecimento de amostras gr\u00e1tis e confirma\u00e7\u00e3o do projeto de design 3D para garantir zero erros entre o produto acabado e o produto esperado.<\/li>\n<li><strong>Prote\u00e7\u00e3o do ambiente e economia<\/strong>: Ado\u00e7\u00e3o de materiais recicl\u00e1veis e tecnologia de impress\u00e3o frente e verso para reduzir o desperd\u00edcio de recursos e cumprir as normas ambientais internacionais.<\/li>\n<\/ul>\n<h2 id=\"-v-brand-cooperation-cases-and-added-value-\"><strong>5. Casos de coopera\u00e7\u00e3o entre marcas e valor acrescentado<\/strong><\/h2>\n<ul>\n<li><strong>Casos de sucesso<\/strong>: Concebemos caixas de oferta para muitas marcas de beleza internacionais, tais como caixa de j\u00f3ias magn\u00e9tica caixa de oferta de creme anti-envelhecimento (caixa exterior de veludo + log\u00f3tipo de estampagem a quente), conjunto de ess\u00eancia de estilo abstrato de tinta (impress\u00e3o de dupla face + tabuleiro interior de madeira), etc.<\/li>\n<li><strong>Servi\u00e7os de valor acrescentado<\/strong>: Pode integrar elementos sensoriais, como cart\u00f5es de fragr\u00e2ncias e efeitos sonoros de abertura da caixa magn\u00e9tica, para melhorar o ritual de desembalagem e os pontos de mem\u00f3ria da marca.<\/li>\n<\/ul>","protected":false},"excerpt":{"rendered":"<p>1. Caixa de fecho magn\u00e9tico Adsor\u00e7\u00e3o de alinhamento autom\u00e1tico magn\u00e9tico Abertura e fecho simples, f\u00e1cil de operar com uma m\u00e3o, real\u00e7ando o requinte e o sentido de moda do produto<br \/>\n2. Os elementos de impress\u00e3o abstractos s\u00e3o altamente simb\u00f3licos e podem transmitir ideias profundas atrav\u00e9s de met\u00e1foras para atrair a aten\u00e7\u00e3o dos consumidores<br \/>\n3. O cor-de-rosa reduz a fadiga visual e cria uma atmosfera relaxante e curativa, que vai ao encontro da fantasia das caixas de embalagem de cosm\u00e9ticos<br \/>\n4. O processo de estampagem a quente em folha de ouro permite visualizar claramente pequenos textos, adequado para marcas de topo de gama<\/p>","protected":false},"featured_media":9437,"template":"","meta":[],"product_brand":[],"product_cat":[30,390,424,31],"product_tag":[1175,1177,1176],"class_list":{"0":"post-9436","1":"product","2":"type-product","3":"status-publish","4":"has-post-thumbnail","6":"product_cat-by-industry","7":"product_cat-custom-cosmetics-boxes","8":"product_cat-magnetic-closure-boxes","9":"product_cat-paper-box-style","10":"product_tag-cosmetic-gift-box","11":"product_tag-luxury-cosmetic-box-manufacturer","12":"product_tag-makeup-kit-rigid-box","14":"first","15":"instock","16":"shipping-taxable","17":"product-type-simple"},"_links":{"self":[{"href":"https:\/\/zojopackaging.com\/pt\/wp-json\/wp\/v2\/product\/9436","targetHints":{"allow":["GET"]}}],"collection":[{"href":"https:\/\/zojopackaging.com\/pt\/wp-json\/wp\/v2\/product"}],"about":[{"href":"https:\/\/zojopackaging.com\/pt\/wp-json\/wp\/v2\/types\/product"}],"version-history":[{"count":2,"href":"https:\/\/zojopackaging.com\/pt\/wp-json\/wp\/v2\/product\/9436\/revisions"}],"predecessor-version":[{"id":9446,"href":"https:\/\/zojopackaging.com\/pt\/wp-json\/wp\/v2\/product\/9436\/revisions\/9446"}],"wp:featuredmedia":[{"embeddable":true,"href":"https:\/\/zojopackaging.com\/pt\/wp-json\/wp\/v2\/media\/9437"}],"wp:attachment":[{"href":"https:\/\/zojopackaging.com\/pt\/wp-json\/wp\/v2\/media?parent=9436"}],"wp:term":[{"taxonomy":"product_brand","embeddable":true,"href":"https:\/\/zojopackaging.com\/pt\/wp-json\/wp\/v2\/product_brand?post=9436"},{"taxonomy":"product_cat","embeddable":true,"href":"https:\/\/zojopackaging.com\/pt\/wp-json\/wp\/v2\/product_cat?post=9436"},{"taxonomy":"product_tag","embeddable":true,"href":"https:\/\/zojopackaging.com\/pt\/wp-json\/wp\/v2\/product_tag?post=9436"}],"curies":[{"name":"wp","href":"https:\/\/api.w.org\/{rel}","templated":true}]}}