{"id":9447,"date":"2025-04-02T15:56:50","date_gmt":"2025-04-02T07:56:50","guid":{"rendered":"https:\/\/zojopackaging.com\/?post_type=product&#038;p=9447"},"modified":"2025-04-02T16:20:38","modified_gmt":"2025-04-02T08:20:38","slug":"luxury-wedding-garment-clothing-dress-gown-packaging-box","status":"publish","type":"product","link":"https:\/\/zojopackaging.com\/pt\/product\/luxury-wedding-garment-clothing-dress-gown-packaging-box\/","title":{"rendered":"Caixa de embalagem de vestido de noiva de luxo"},"content":{"rendered":"<h2 id=\"-1-pull-out-box-design-sliding-opening-and-closing-to-enhance-the-sense-of-unboxing-ceremony-\"><strong>1. Design da caixa de gavetas: abertura e fecho deslizantes para melhorar a sensa\u00e7\u00e3o de cerim\u00f3nia de desembalagem<\/strong><\/h2>\n<p>A estrutura deslizante de abertura e fecho \u00e9 f\u00e1cil e suave de operar. Os utilizadores podem abrir facilmente a caixa e ver diretamente a estrutura delicada do vestido de noiva no seu interior (como a janela transparente ou o design de apresenta\u00e7\u00e3o em camadas). Este design n\u00e3o s\u00f3 protege a roupa de ser espremida, mas tamb\u00e9m aumenta a surpresa da experi\u00eancia de desembalagem atrav\u00e9s de uma exposi\u00e7\u00e3o progressiva, que se enquadra na atmosfera rom\u00e2ntica da cena do casamento.<\/p>\n<h2 id=\"-3-soft-pink-box-body-and-brand-logo-\"><strong>2. Corpo da caixa rosa suave e log\u00f3tipo da marca<\/strong><\/h2>\n<p>O corpo da caixa adopta um design rosa gradiente e apresenta uma camada de cor suave atrav\u00e9s do processo de impress\u00e3o sobreposta de papel revestido C2S de 157g, com efeito de estampagem a quente mate ou parcial, criando uma experi\u00eancia visual calorosa e rom\u00e2ntica. O log\u00f3tipo da marca \u00e9 impresso numa posi\u00e7\u00e3o vis\u00edvel na superf\u00edcie da caixa, combinado com a grava\u00e7\u00e3o em relevo ou a tecnologia UV para refor\u00e7ar o ponto de mem\u00f3ria da marca e transmitir o conceito de personaliza\u00e7\u00e3o topo de gama da marca.<\/p>\n<h2 id=\"-5-highly-customized-service-\"><strong>3. Servi\u00e7o altamente personalizado<\/strong><\/h2>\n<p>Desde o tipo de caixa, tamanho at\u00e9 \u00e0 tecnologia de superf\u00edcie (como estampagem a quente em folha de ouro, textura em relevo), pode ser personalizada de acordo com as necessidades. Por exemplo: caixa em forma de cora\u00e7\u00e3o com entalhe oco, ou caixa flip em forma de livro com design de janela transparente, adaptada com precis\u00e3o a diferentes estilos, como vestidos de noiva de cauda longa e vestidos finos. Suporta impress\u00e3o em cores diretas Pantone para garantir a consist\u00eancia da cor da marca.<\/p>\n<h2 id=\"-6-international-level-printing-technology-perfect-details-\"><strong>4. Tecnologia de impress\u00e3o de n\u00edvel internacional, pormenores perfeitos<\/strong><\/h2>\n<p>Utilizando equipamento de impress\u00e3o alem\u00e3o da Heidelberg, combinado com tecnologia digital de jato de tinta UV, o padr\u00e3o tem uma elevada satura\u00e7\u00e3o de cor e linhas claras. Processos especiais como o laser parcial e o relevo 3D podem real\u00e7ar o posicionamento luxuoso da marca de vestidos de noiva. Por exemplo, a impress\u00e3o serigr\u00e1fica \u00e9 sobreposta \u00e0 parte do log\u00f3tipo para melhorar o toque e o sentido tridimensional.<\/p>\n<h2 id=\"-7-16-year-source-factory-full-process-escort-\"><strong>5. 16 anos de f\u00e1brica de origem, escolta de processo completo<\/strong><\/h2>\n<p>Como fabricante de embalagens com 16 anos de experi\u00eancia, fornece um servi\u00e7o completo desde o design de renderiza\u00e7\u00e3o 3D, sele\u00e7\u00e3o de materiais, confirma\u00e7\u00e3o de provas at\u00e9 \u00e0 produ\u00e7\u00e3o em massa. A equipa profissional controla rigorosamente o ciclo de produ\u00e7\u00e3o, apoia a amostra de 1 dia e a produ\u00e7\u00e3o em massa de 7 dias para garantir a entrega atempada. O p\u00f3s-venda fornece sugest\u00f5es de armazenamento de embalagens para prolongar a vida \u00fatil da caixa de presente.<\/p>","protected":false},"excerpt":{"rendered":"<ul>\n<li><strong>Capacidade de personaliza\u00e7\u00e3o l\u00edder no sector<\/strong>: Com 16 anos de experi\u00eancia no dom\u00ednio da embalagem de vestidos de noiva, fornecemos solu\u00e7\u00f5es personalizadas a mais de 500 marcas, adaptando-nos de forma flex\u00edvel a v\u00e1rios tamanhos e estilos de vestidos de noiva.<\/li>\n<li><strong>Amigo do ambiente e de alta qualidade<\/strong>: Utilizamos papel certificado pelo FSC e tinta \u00e0 base de \u00e1gua, que cumprem as normas ambientais europeias e americanas, e passamos nos testes de compress\u00e3o para garantir a seguran\u00e7a do transporte.<\/li>\n<li><strong>Servi\u00e7o em circuito fechado<\/strong>: Desde a conce\u00e7\u00e3o at\u00e9 ao p\u00f3s-venda, dispomos de pessoal dedicado para estabelecer contacto consigo ao longo de todo o processo, apoiar a coopera\u00e7\u00e3o OEM\/ODM e ajudar as marcas a criar uma competitividade diferenciada.<\/li>\n<\/ul>","protected":false},"featured_media":9449,"template":"","meta":[],"product_brand":[],"product_cat":[30,414,31,426],"product_tag":[1180,1179,1178],"class_list":{"0":"post-9447","1":"product","2":"type-product","3":"status-publish","4":"has-post-thumbnail","6":"product_cat-by-industry","7":"product_cat-custom-apparel-boxes","8":"product_cat-paper-box-style","9":"product_cat-paper-drawer-boxes","10":"product_tag-clothing-dress-gown-packaging","11":"product_tag-garment-packaging-box","12":"product_tag-luxury-wedding-packaging","14":"first","15":"instock","16":"shipping-taxable","17":"product-type-simple"},"_links":{"self":[{"href":"https:\/\/zojopackaging.com\/pt\/wp-json\/wp\/v2\/product\/9447","targetHints":{"allow":["GET"]}}],"collection":[{"href":"https:\/\/zojopackaging.com\/pt\/wp-json\/wp\/v2\/product"}],"about":[{"href":"https:\/\/zojopackaging.com\/pt\/wp-json\/wp\/v2\/types\/product"}],"version-history":[{"count":1,"href":"https:\/\/zojopackaging.com\/pt\/wp-json\/wp\/v2\/product\/9447\/revisions"}],"predecessor-version":[{"id":9461,"href":"https:\/\/zojopackaging.com\/pt\/wp-json\/wp\/v2\/product\/9447\/revisions\/9461"}],"wp:featuredmedia":[{"embeddable":true,"href":"https:\/\/zojopackaging.com\/pt\/wp-json\/wp\/v2\/media\/9449"}],"wp:attachment":[{"href":"https:\/\/zojopackaging.com\/pt\/wp-json\/wp\/v2\/media?parent=9447"}],"wp:term":[{"taxonomy":"product_brand","embeddable":true,"href":"https:\/\/zojopackaging.com\/pt\/wp-json\/wp\/v2\/product_brand?post=9447"},{"taxonomy":"product_cat","embeddable":true,"href":"https:\/\/zojopackaging.com\/pt\/wp-json\/wp\/v2\/product_cat?post=9447"},{"taxonomy":"product_tag","embeddable":true,"href":"https:\/\/zojopackaging.com\/pt\/wp-json\/wp\/v2\/product_tag?post=9447"}],"curies":[{"name":"wp","href":"https:\/\/api.w.org\/{rel}","templated":true}]}}