{"id":9454,"date":"2025-04-02T15:59:16","date_gmt":"2025-04-02T07:59:16","guid":{"rendered":"https:\/\/zojopackaging.com\/?post_type=product&#038;p=9454"},"modified":"2025-04-02T16:20:50","modified_gmt":"2025-04-02T08:20:50","slug":"custom-soft-touch-cardboard-folding-carton-perfume-box-supplier","status":"publish","type":"product","link":"https:\/\/zojopackaging.com\/pt\/product\/custom-soft-touch-cardboard-folding-carton-perfume-box-supplier\/","title":{"rendered":"Fornecedor de caixa de perfume de cart\u00e3o dobr\u00e1vel de toque suave personalizado"},"content":{"rendered":"<h3 id=\"-1-black-card-box-lamination-process-and-touch-upgrade-\"><strong>1. Caixa de cart\u00e3o preto: Processo de lamina\u00e7\u00e3o e atualiza\u00e7\u00e3o por toque<\/strong><\/h3>\n<p>A caixa de cart\u00e3o preto utiliza\u00a0<strong>Papel de arte de elevada gramagem de 400 g<\/strong>\u00a0como material de base, e atrav\u00e9s do\u00a0<strong>processo de lamina\u00e7\u00e3o de PVC amigo do ambiente<\/strong>\u00a0(referir-se \u00e0 tecnologia de lamina\u00e7\u00e3o de cart\u00e3o espelhado), confere \u00e0 caixa de papel um toque mate delicado e sedoso, melhorando simultaneamente a resist\u00eancia \u00e0 humidade e ao desgaste. A espessura da camada de lamina\u00e7\u00e3o \u00e9 controlada a 15-25 microns, o que n\u00e3o s\u00f3 mant\u00e9m a textura natural do papel, como tamb\u00e9m melhora a estratifica\u00e7\u00e3o visual. A textura quente transmite instantaneamente o posicionamento topo de gama da marca.<\/p>\n<h3 id=\"-2-hot-stamping-technology-luxurious-expression-of-light-and-shadow-interweaving-\"><strong>2. Tecnologia de estampagem a quente: express\u00e3o luxuosa do entrela\u00e7amento de luz e sombra<\/strong><\/h3>\n<p>A combina\u00e7\u00e3o das tecnologias de estampagem a frio e de estampagem a quente<strong>\u00a0apresenta linhas douradas extremamente finas com uma largura de 0,1 mm na superf\u00edcie da caixa de cart\u00e3o preta. Atrav\u00e9s do posicionamento preciso da m\u00e1quina de impress\u00e3o alem\u00e3 Heidelberg de seis cores<\/strong>A impress\u00e3o a ouro \u00e9 feita em relevo, as linhas douradas formam um forte contraste com o fundo preto e o LOGOTIPO da marca \u00e9 gravado tridimensionalmente, o que aumenta o impacto visual em mais de 60% (consulte a aplica\u00e7\u00e3o da tecnologia de estampagem a quente em embalagens de luxo). O tratamento especial do processo garante que o toque dourado \u00e9 suave e sem rebarbas, e n\u00e3o se desvanece ap\u00f3s uma utiliza\u00e7\u00e3o prolongada.<\/p>\n<h3 id=\"-3-printing-accuracy-digital-management-and-color-reproduction-\"><strong>3. Precis\u00e3o de impress\u00e3o: gest\u00e3o digital e reprodu\u00e7\u00e3o de cores<\/strong><\/h3>\n<p>A introdu\u00e7\u00e3o do sistema de gest\u00e3o de cores GMG<strong>\u00a0e a tinta certificada Pantone<\/strong>\u00a0consegue uma reprodu\u00e7\u00e3o de cores de alta precis\u00e3o de \u0394E\u22641,5. Para os padr\u00f5es complexos, como o gradiente e as flores das caixas de perfume,\u00a0<strong>Impress\u00e3o de alta resolu\u00e7\u00e3o de 1200 dpi<\/strong>\u00a0\u00e9 adoptada, combinada com a\u00a0<strong>vidros UV locais<\/strong>\u00a0(consulte a solu\u00e7\u00e3o de aumento de brilho), de modo a que o padr\u00e3o fique claramente estratificado e a satura\u00e7\u00e3o da cor seja aumentada em 30%. Cada lote \u00e9 testado por\u00a0<strong>espetrofot\u00f3metro<\/strong>\u00a0antes da impress\u00e3o para garantir a consist\u00eancia da cor.<\/p>\n<h3 id=\"-4-smart-factory-full-link-quality-control-system-\"><strong>4. F\u00e1brica inteligente: Sistema de controlo de qualidade totalmente ligado<\/strong><\/h3>\n<p>-\u00a0<strong>Equipa t\u00e9cnica<\/strong>: Engenheiros com mais de 10 anos de experi\u00eancia lideram a otimiza\u00e7\u00e3o de processos e utilizam\u00a0<strong>Sistema de inspe\u00e7\u00e3o visual com IA<\/strong>\u00a0monitorizar os par\u00e2metros de produ\u00e7\u00e3o em tempo real (consultar os casos de inspe\u00e7\u00e3o de qualidade inteligente) e controlar a taxa de defeitos abaixo de 0,3%. -\u00a0<strong>Especifica\u00e7\u00e3o do processo<\/strong>: Gest\u00e3o digital desde o projeto de design at\u00e9 ao produto acabado, prova completa no prazo de 36 horas e redu\u00e7\u00e3o do ciclo de entrega da produ\u00e7\u00e3o em massa para 7-9 dias.<\/p>\n<h3 id=\"-5-creative-design-trend-insight-and-customization-service-\"><strong>5. Design criativo: Servi\u00e7o de personaliza\u00e7\u00e3o e de an\u00e1lise de tend\u00eancias<\/strong><\/h3>\n<p>A equipa de conce\u00e7\u00e3o \u00e9 composta por\u00a0<strong>3 designers de embalagens s\u00e9nior<\/strong>e estuda em profundidade as tend\u00eancias das embalagens de produtos de beleza em 2025: -\u00a0<strong>Conce\u00e7\u00e3o sustent\u00e1vel<\/strong>: Utiliza papel recicl\u00e1vel certificado pelo FSC e a conce\u00e7\u00e3o estrutural reduz a utiliza\u00e7\u00e3o de cola em 30%. -\u00a0<strong>Itera\u00e7\u00e3o r\u00e1pida<\/strong>: Fornecer\u00a0<strong>Pr\u00e9-visualiza\u00e7\u00e3o de modela\u00e7\u00e3o 3D<\/strong>\u00a0os clientes podem ajustar os pormenores em tempo real e apoiar a personaliza\u00e7\u00e3o de pequenos lotes (encomenda m\u00ednima de 500 pe\u00e7as).<\/p>\n<h3 id=\"-6-scale-advantage-flexible-production-and-agile-response-\"><strong>6. Vantagem de escala: produ\u00e7\u00e3o flex\u00edvel e resposta \u00e1gil<\/strong><\/h3>\n<p>-\u00a0<strong>Base de produ\u00e7\u00e3o<\/strong>: Uma f\u00e1brica moderna com uma \u00e1rea de 5.320 metros quadrados, dividida em tr\u00eas oficinas independentes para impress\u00e3o, corte e embalagem, equipada com 4 linhas de produ\u00e7\u00e3o totalmente autom\u00e1ticas. -\u00a0<strong>Configura\u00e7\u00e3o da capacidade<\/strong>: A capacidade de produ\u00e7\u00e3o di\u00e1ria atinge 100.000 pe\u00e7as, apoiando\u00a0<strong>Prova r\u00e1pida de 8 horas<\/strong>\u00a0(refere-se a casos de produ\u00e7\u00e3o de pequenos e m\u00e9dios lotes). -\u00a0<strong>Gest\u00e3o do invent\u00e1rio<\/strong>: 200 gramagens de cart\u00e3o e solu\u00e7\u00f5es de tratamento de superf\u00edcie est\u00e3o sempre dispon\u00edveis, e as encomendas urgentes s\u00e3o entregues no prazo de 48 horas.<\/p>\n<h3 id=\"-7-quality-commitment-exceeding-industry-standards-\"><strong>7. Compromisso de qualidade: Ultrapassar as normas do sector<\/strong><\/h3>\n<p>-\u00a0<strong>Sistema de teste triplo<\/strong>: \u2460\u00a0<strong>Ensaio de mat\u00e9rias-primas<\/strong>: Cada lote de papel \u00e9 enviado \u00e0 SGS para inspe\u00e7\u00e3o para garantir brancura \u226592% e resist\u00eancia \u00e0 tra\u00e7\u00e3o \u226515kN\/m. \u2461\u00a0<strong>Monitoriza\u00e7\u00e3o do processo<\/strong>: Amostragem a cada hora para testar a precis\u00e3o do registo (erro \u22640,3 mm) e a ader\u00eancia da tinta (sem queda no teste da fita 3M). \u2462\u00a0<strong>Inspe\u00e7\u00e3o completa do produto acabado<\/strong>: Utilizar\u00a0<strong>m\u00e1quina de sele\u00e7\u00e3o visual autom\u00e1tica<\/strong>\u00a0para detetar defeitos de apar\u00eancia, e a taxa de reinspec\u00e7\u00e3o manual \u00e9 de 100%. -\u00a0<strong>Garantia de certifica\u00e7\u00e3o<\/strong>: Sistema de gest\u00e3o da qualidade ISO 9001 aprovado, certifica\u00e7\u00e3o de material de contacto de qualidade alimentar da FDA, resist\u00eancia \u00e0 rutura da embalagem superior a 300N.<\/p>","protected":false},"excerpt":{"rendered":"<p>Na ind\u00fastria do luxo e da beleza topo de gama, a embalagem n\u00e3o \u00e9 apenas a \"segunda face\" do produto, mas tamb\u00e9m um transmissor silencioso do valor da marca. A ZOJO Print tem estado profundamente envolvida no dom\u00ednio da personaliza\u00e7\u00e3o de caixas de perfume, com\u00a0<strong>caixas dobr\u00e1veis de cart\u00e3o com toque suave<\/strong> como o seu principal produto, combinando tecnologia de ponta com um rigoroso controlo de qualidade para criar solu\u00e7\u00f5es de embalagem para marcas que sejam simultaneamente art\u00edsticas e funcionais.<\/p>","protected":false},"featured_media":9456,"template":"","meta":[],"product_brand":[],"product_cat":[30,417,430,31],"product_tag":[1181,329,913],"class_list":{"0":"post-9454","1":"product","2":"type-product","3":"status-publish","4":"has-post-thumbnail","6":"product_cat-by-industry","7":"product_cat-custom-perfume-boxes-by-industry","8":"product_cat-folding-cartons","9":"product_cat-paper-box-style","10":"product_tag-cardboard-folding-carton-perfume","11":"product_tag-custom-perfume-box","12":"product_tag-perfume-box-supplier","14":"first","15":"instock","16":"shipping-taxable","17":"product-type-grouped"},"_links":{"self":[{"href":"https:\/\/zojopackaging.com\/pt\/wp-json\/wp\/v2\/product\/9454","targetHints":{"allow":["GET"]}}],"collection":[{"href":"https:\/\/zojopackaging.com\/pt\/wp-json\/wp\/v2\/product"}],"about":[{"href":"https:\/\/zojopackaging.com\/pt\/wp-json\/wp\/v2\/types\/product"}],"version-history":[{"count":1,"href":"https:\/\/zojopackaging.com\/pt\/wp-json\/wp\/v2\/product\/9454\/revisions"}],"predecessor-version":[{"id":9462,"href":"https:\/\/zojopackaging.com\/pt\/wp-json\/wp\/v2\/product\/9454\/revisions\/9462"}],"wp:featuredmedia":[{"embeddable":true,"href":"https:\/\/zojopackaging.com\/pt\/wp-json\/wp\/v2\/media\/9456"}],"wp:attachment":[{"href":"https:\/\/zojopackaging.com\/pt\/wp-json\/wp\/v2\/media?parent=9454"}],"wp:term":[{"taxonomy":"product_brand","embeddable":true,"href":"https:\/\/zojopackaging.com\/pt\/wp-json\/wp\/v2\/product_brand?post=9454"},{"taxonomy":"product_cat","embeddable":true,"href":"https:\/\/zojopackaging.com\/pt\/wp-json\/wp\/v2\/product_cat?post=9454"},{"taxonomy":"product_tag","embeddable":true,"href":"https:\/\/zojopackaging.com\/pt\/wp-json\/wp\/v2\/product_tag?post=9454"}],"curies":[{"name":"wp","href":"https:\/\/api.w.org\/{rel}","templated":true}]}}