{"id":9463,"date":"2025-04-02T16:20:54","date_gmt":"2025-04-02T08:20:54","guid":{"rendered":"https:\/\/zojopackaging.com\/?post_type=product&#038;p=9463"},"modified":"2025-04-02T16:55:28","modified_gmt":"2025-04-02T08:55:28","slug":"custom-necklace-earring-ring-jewelry-gift-boxes-manufacturer","status":"publish","type":"product","link":"https:\/\/zojopackaging.com\/pt\/product\/custom-necklace-earring-ring-jewelry-gift-boxes-manufacturer\/","title":{"rendered":"Colar Personalizado Brinco Anel J\u00f3ias Caixas de Presente Fabricante"},"content":{"rendered":"<h2 id=\"-1-box-type-structure-of-top-and-bottom-lid-precise-closure-to-protect-jewelry-safety-\"><strong>1. Estrutura tipo caixa da caixa superior e inferior: fecho preciso para proteger a seguran\u00e7a das j\u00f3ias<\/strong><\/h2>\n<ul>\n<li><strong>Desenho de precis\u00e3o<\/strong>: Utilizando tecnologia de corte de moldes de alta precis\u00e3o, as tampas superior e inferior encaixam bem quando fechadas, evitando eficazmente o impacto externo e a extrus\u00e3o. A estrutura \u00fanica patenteada \"quadrado no exterior e forma especial no interior\" (por exemplo, a caixa exterior \u00e9 quadrada para facilitar o empilhamento e a cavidade interior \u00e9 em forma de cora\u00e7\u00e3o para se adaptar ao contorno da joia) reduz o risco de aban\u00f5es durante o transporte e d\u00e1 uma sensa\u00e7\u00e3o de ritual ao abrir a caixa.<\/li>\n<\/ul>\n<h2 id=\"-2-1200g-rigid-cardboard-high-load-bearing-and-anti-deformation-guarantee-\"><strong>2. Cart\u00e3o r\u00edgido de 1200g: garantia de grande capacidade de carga e anti-deforma\u00e7\u00e3o<\/strong><\/h2>\n<ul>\n<li><strong>Vantagem material<\/strong>:\u00a0<strong>Cart\u00e3o r\u00edgido de alta densidade de 1200 g<\/strong>\u00a0\u00e9 selecionado, o que pode suportar\u00a0<strong>mais de 5 kg<\/strong>\u00a0peso da joia ap\u00f3s o ensaio de compress\u00e3o, garantindo\u00a0<strong>deforma\u00e7\u00e3o zero<\/strong>\u00a0durante o transporte ou armazenamento a longa dist\u00e2ncia.<\/li>\n<li><strong>Certifica\u00e7\u00e3o ambiental<\/strong>: O material est\u00e1 em conformidade com a certifica\u00e7\u00e3o florestal FSC e com as normas ambientais REACH da UE, tendo em conta os conceitos de durabilidade e desenvolvimento sustent\u00e1vel.<\/li>\n<\/ul>\n<h2 id=\"-three-romantic-pink-design-visual-impact-and-brand-premium-\"><strong>3. Design rosa rom\u00e2ntico: impacto visual e pr\u00e9mio da marca<\/strong><\/h2>\n<ul>\n<li><strong>Aplica\u00e7\u00e3o da psicologia da cor<\/strong>: Utilizar tons de elevada satura\u00e7\u00e3o, como\u00a0<strong>Morandi cor-de-rosa<\/strong>\u00a0ou\u00a0<strong>ouro rosa<\/strong>combinada com a tecnologia de estampagem a quente\/embossing, para transmitir uma sensa\u00e7\u00e3o de romance e luxo. Por exemplo, o porta-joias de couro de vaca de flor integral cor-de-rosa da marca francesa le tanneur aumenta o pr\u00e9mio do produto em mais de 30% atrav\u00e9s da combina\u00e7\u00e3o de cor e material.<\/li>\n<li><strong>Correspond\u00eancia de cores personalizada<\/strong>: Suporta a reposi\u00e7\u00e3o exacta dos n\u00fameros de cor Pantone para satisfazer as necessidades de uniformidade do sistema de marcas.<\/li>\n<\/ul>\n<h2 id=\"-four-heart-shaped-box-type-dual-innovation-in-shape-and-function-\"><strong>4. Tipo de caixa em forma de cora\u00e7\u00e3o: dupla inova\u00e7\u00e3o na forma e na fun\u00e7\u00e3o<\/strong><\/h2>\n<ul>\n<li><strong>Estrutura patenteada<\/strong>: Por exemplo, a tecnologia \"caixa de presente personalizada para f\u00e9rias em forma de cora\u00e7\u00e3o\", a caixa exterior \u00e9 quadrada para facilitar o empilhamento, e a cavidade interior \u00e9 em forma de cora\u00e7\u00e3o para se adaptar a colares, brincos e outras j\u00f3ias com formas especiais, o que \u00e9 simultaneamente bonito e pr\u00e1tico.<\/li>\n<li><strong>Parti\u00e7\u00e3o funcional<\/strong>: O design interno tem compartimentos e ganchos destac\u00e1veis para se adaptar a diferentes tamanhos de j\u00f3ias e melhorar a utiliza\u00e7\u00e3o do espa\u00e7o.<\/li>\n<\/ul>\n<h2 id=\"-v-replaceable-lining-system-flexible-protection-solution-\"><strong>5. Sistema de revestimento substitu\u00edvel: solu\u00e7\u00e3o de prote\u00e7\u00e3o flex\u00edvel<\/strong><\/h2>\n<ul>\n<li><strong>Conce\u00e7\u00e3o modular<\/strong>: s\u00e3o fornecidas ranhuras de veludo, esponja, EVA e outros materiais de revestimento, e\u00a0<strong>substitui\u00e7\u00e3o a pedido<\/strong>\u00a0\u00e9 suportado. Por exemplo, a \u00e1rea do colar utiliza ranhuras de veludo antiderrapantes e a \u00e1rea dos brincos est\u00e1 equipada com posi\u00e7\u00f5es de pinos independentes.<\/li>\n<\/ul>\n<h2 id=\"-vi-box-type-development-capabilities-full-process-support-from-concept-to-mass-production-\"><strong>6. Capacidades de desenvolvimento de tipos de caixas: apoio total ao processo desde o conceito at\u00e9 \u00e0 produ\u00e7\u00e3o em massa<\/strong><\/h2>\n<ul>\n<li><strong>Servi\u00e7o de design<\/strong>: A equipa profissional fornece modela\u00e7\u00e3o 3D e prova de amostras, e apoia\u00a0<strong>personaliza\u00e7\u00e3o de amostras de desenhos<\/strong>\u00a0ou desenvolvimento original. Por exemplo, a \"caixa de suc\u00e7\u00e3o magn\u00e9tica em forma de livro\" concebida para uma marca de j\u00f3ias combina o LOGOTIPO da marca e padr\u00f5es em relevo para se tornar uma embalagem popular.<\/li>\n<li><strong>Itera\u00e7\u00e3o r\u00e1pida<\/strong>: S\u00e3o necess\u00e1rios apenas 7<strong>-14 dias<\/strong>\u00a0desde a confirma\u00e7\u00e3o do projeto at\u00e9 \u00e0 entrega da produ\u00e7\u00e3o em massa, adaptando-se \u00e0s r\u00e1pidas mudan\u00e7as do mercado.<\/li>\n<\/ul>\n<h2 id=\"-vii-china-s-source-factory-efficient-delivery-and-cost-advantages-\"><strong>7. F\u00e1brica de origem chinesa: entrega eficiente e vantagens em termos de custos<\/strong><\/h2>\n<ul>\n<li><strong>Integra\u00e7\u00e3o da cadeia de abastecimento<\/strong>: Localizada nas cinturas industriais do Delta do Rio das P\u00e9rolas e do Delta do Rio Yangtze, com a sua pr\u00f3pria f\u00e1brica + modelo de cadeia de fornecimento colaborativo, apoia\u00a0<strong>500 conjuntos de encomendas<\/strong>e o pre\u00e7o unit\u00e1rio \u00e9 40% inferior ao dos fabricantes estrangeiros.<\/li>\n<li><strong>Resposta r\u00e1pida<\/strong>: 7<em>O servi\u00e7o de apoio ao cliente 24 horas e o armazenamento local garantem a entrega da amostra no prazo de 3 dias<\/em> e produ\u00e7\u00e3o em massa no prazo de 7-14 dias, ajudando as marcas a aproveitarem as oportunidades de mercado.<\/li>\n<\/ul>","protected":false},"excerpt":{"rendered":"<p>N\u00e3o somos apenas um fabricante de embalagens, mas tamb\u00e9m um\u00a0<strong>criador de valor da marca<\/strong>. Atrav\u00e9s de\u00a0<strong>estrutura da tampa e da base<\/strong>,\u00a0<strong>material pesado<\/strong>,\u00a0<strong>design est\u00e9tico em forma de cora\u00e7\u00e3o<\/strong>\u00a0e\u00a0<strong>sistema de revestimento flex\u00edvel<\/strong>Ajudamos os clientes a destacarem-se no mercado ferozmente competitivo da joalharia. J\u00e1 servimos mais de 500 empresas e os nossos produtos s\u00e3o exportados para mais de 30 pa\u00edses, incluindo a Europa, a Am\u00e9rica e o Sudeste Asi\u00e1tico.<\/p>","protected":false},"featured_media":9466,"template":"","meta":[],"product_brand":[],"product_cat":[30,415,425,31],"product_tag":[1185,1186,1187],"class_list":{"0":"post-9463","1":"product","2":"type-product","3":"status-publish","4":"has-post-thumbnail","6":"product_cat-by-industry","7":"product_cat-custom-jewelry-boxes-by-industry","8":"product_cat-lid-and-base-gift-box","9":"product_cat-paper-box-style","10":"product_tag-custom-necklace-gift-boxes","11":"product_tag-earring-ring-gift-boxes","12":"product_tag-jewelry-gift-boxes-manufacturer","14":"first","15":"instock","16":"shipping-taxable","17":"product-type-simple"},"_links":{"self":[{"href":"https:\/\/zojopackaging.com\/pt\/wp-json\/wp\/v2\/product\/9463","targetHints":{"allow":["GET"]}}],"collection":[{"href":"https:\/\/zojopackaging.com\/pt\/wp-json\/wp\/v2\/product"}],"about":[{"href":"https:\/\/zojopackaging.com\/pt\/wp-json\/wp\/v2\/types\/product"}],"version-history":[{"count":2,"href":"https:\/\/zojopackaging.com\/pt\/wp-json\/wp\/v2\/product\/9463\/revisions"}],"predecessor-version":[{"id":9479,"href":"https:\/\/zojopackaging.com\/pt\/wp-json\/wp\/v2\/product\/9463\/revisions\/9479"}],"wp:featuredmedia":[{"embeddable":true,"href":"https:\/\/zojopackaging.com\/pt\/wp-json\/wp\/v2\/media\/9466"}],"wp:attachment":[{"href":"https:\/\/zojopackaging.com\/pt\/wp-json\/wp\/v2\/media?parent=9463"}],"wp:term":[{"taxonomy":"product_brand","embeddable":true,"href":"https:\/\/zojopackaging.com\/pt\/wp-json\/wp\/v2\/product_brand?post=9463"},{"taxonomy":"product_cat","embeddable":true,"href":"https:\/\/zojopackaging.com\/pt\/wp-json\/wp\/v2\/product_cat?post=9463"},{"taxonomy":"product_tag","embeddable":true,"href":"https:\/\/zojopackaging.com\/pt\/wp-json\/wp\/v2\/product_tag?post=9463"}],"curies":[{"name":"wp","href":"https:\/\/api.w.org\/{rel}","templated":true}]}}