{"id":9464,"date":"2025-04-02T16:20:58","date_gmt":"2025-04-02T08:20:58","guid":{"rendered":"https:\/\/zojopackaging.com\/?post_type=product&#038;p=9464"},"modified":"2025-04-02T16:49:06","modified_gmt":"2025-04-02T08:49:06","slug":"custom-print-parfum-box-folding-carton-boxes-supplier-from-china","status":"publish","type":"product","link":"https:\/\/zojopackaging.com\/pt\/product\/custom-print-parfum-box-folding-carton-boxes-supplier-from-china\/","title":{"rendered":"Caixas de cart\u00e3o dobr\u00e1veis para perfume com impress\u00e3o personalizada Fornecedor da China"},"content":{"rendered":"<h3 id=\"-1-environmentally-friendly-materials-sustainable-choice-of-brand-white-card-and-kraft-paper-\"><strong>1. Materiais amigos do ambiente: escolha sustent\u00e1vel de cart\u00e3o branco de marca e papel kraft<\/strong><\/h3>\n<p>Damos prioridade a\u00a0<strong>Papel cart\u00e3o branco certificado pelo FSC<\/strong>\u00a0(tais como as s\u00e9ries \"Xiangsi\" e \"Bowang\" da Asia Pacific Senbo) e\u00a0<strong>papel kraft reciclado<\/strong>que s\u00e3o simultaneamente resistentes e respeitadores do ambiente. O peso do papel de cart\u00e3o branco cobre 200-400g, e o processo de entrela\u00e7amento de fibras \u00e9 utilizado para obter resist\u00eancia \u00e0 compress\u00e3o e \u00e0 deforma\u00e7\u00e3o, e a capacidade de carga \u00e9 superior a 5kg; o papel kraft utiliza tecnologia de colagem \u00e0 base de \u00e1gua, e o desempenho \u00e0 prova de humidade \u00e9 melhorado em 40%, e \u00e9 100% degrad\u00e1vel (consulte as carater\u00edsticas de prote\u00e7\u00e3o ambiental do papel de cart\u00e3o branco). O tipo de caixa adopta\u00a0<strong>estrutura de encaixe e espiga<\/strong>\u00a0ou\u00a0<strong>design dobr\u00e1vel<\/strong>\u00a0para reduzir a quantidade de cola e cumprir as normas REACH da UE.<\/p>\n<h3 id=\"-2-gradient-printing-and-matte-film-technology-dual-upgrade-of-vision-and-touch-\"><strong>2. Impress\u00e3o gradiente e tecnologia de pel\u00edcula mate: dupla atualiza\u00e7\u00e3o da vis\u00e3o e do tato<\/strong><\/h3>\n<p>Apresenta\u00e7\u00e3o\u00a0<strong>Sistema de gest\u00e3o de cores Pantone<\/strong>\u00a0e\u00a0<strong>M\u00e1quina de impress\u00e3o a seis cores Heidelberg<\/strong>A tecnologia de tratamento de superf\u00edcie adopta uma transi\u00e7\u00e3o de gradiente com uma precis\u00e3o de 0,1 mm (como o efeito de gradiente de ouro champanhe para preto mate). O tratamento de superf\u00edcie adopta\u00a0<strong>pel\u00edcula mate amiga do ambiente<\/strong>\u00a0(espessura 12-18\u03bcm), reduzindo a refletividade em 60% e criando uma textura mate de alta qualidade; a combina\u00e7\u00e3o parcial de\u00a0<strong>Tecnologia de grava\u00e7\u00e3o UV<\/strong>\u00a0faz com que o LOGOTIPO pare\u00e7a t\u00e3o delicado como a seda (ver a aplica\u00e7\u00e3o da tecnologia UV em embalagens de luxo). Ap\u00f3s o teste, esta combina\u00e7\u00e3o pode aumentar o atrativo visual da prateleira em 50%.<\/p>\n<h3 id=\"-3-flexible-customization-full-size-coverage-from-micro-perfume-to-limited-gift-box-\"><strong>3. Personaliza\u00e7\u00e3o flex\u00edvel: cobertura em tamanho real, desde micro perfume a caixa de oferta limitada<\/strong><\/h3>\n<p>-\u00a0<strong>Flexibilidade de tamanho<\/strong>A caixa de luxo: suporta um m\u00ednimo de 5cm\u00d75cm (mini perfume) a um m\u00e1ximo de 30cm\u00d720cm (caixa de luxo), e a espessura pode ser personalizada em 0,5-3cm. -\u00a0<strong>Adapta\u00e7\u00e3o estrutural<\/strong>: Fornece mais de 20 tipos de caixas, tais como tampa superior e inferior, tipo gaveta, caixa de suc\u00e7\u00e3o magn\u00e9tica, etc., compat\u00edveis com tabuleiros interiores com formas especiais (tais como forma de p\u00e9tala, corte geom\u00e9trico). -\u00a0<strong>Resposta r\u00e1pida<\/strong>: Modela\u00e7\u00e3o e prova 3D completas em 8 horas e redu\u00e7\u00e3o do ciclo de produ\u00e7\u00e3o em massa para 7-9 dias<\/p>\n<h3 id=\"-4-double-insert-card-box-design-balance-between-ritual-sense-and-practicality-\"><strong>4. Design da caixa de cart\u00e3o de dupla inser\u00e7\u00e3o: equil\u00edbrio entre sentido ritual e car\u00e1cter pr\u00e1tico<\/strong><\/h3>\n<p>Com base na estrutura da caixa de perfume de dupla camada patenteada internacionalmente, optimiz\u00e1mos e lan\u00e7\u00e1mos a\u00a0<strong>caixa de cart\u00e3o de dupla inser\u00e7\u00e3o<\/strong>: -\u00a0<strong>M\u00e9todo de abertura inovador<\/strong>: Abertura deslizante s\u00edncrona em ambos os lados, com cart\u00e3o interior de papel ondulado no interior, e o desempenho \u00e0 prova de choque \u00e9 melhorado em 2 vezes. -\u00a0<strong>Utiliza\u00e7\u00e3o do espa\u00e7o<\/strong>: Poupa 30% de volume de embalagem atrav\u00e9s do mecanismo de dobragem e reduz os custos de transporte em 25%. -\u00a0<strong>Experi\u00eancia do utilizador<\/strong>: Incorporado\u00a0<strong>Chip NFC<\/strong>\u00a0(opcional), toque para reproduzir o \u00e1udio da hist\u00f3ria da marca (consulte a tend\u00eancia das embalagens inteligentes).<\/p>\n<h3 id=\"-5-unique-design-empowerment-creative-escort-from-concept-to-mass-production-\"><strong>5. Capacita\u00e7\u00e3o para o design \u00fanico: acompanhamento criativo desde o conceito at\u00e9 \u00e0 produ\u00e7\u00e3o em massa<\/strong><\/h3>\n<p>-\u00a0<strong>Equipa de conce\u00e7\u00e3o transfronteiri\u00e7a<\/strong>: composto por 5 designers de embalagens seniores, integrando\u00a0<strong>elementos de tend\u00eancia nacional<\/strong>\u00a0(tais como manchas de tinta, esmalte de cor) e\u00a0<strong>minimalista<\/strong>\u00a0estilo. -\u00a0<strong>Sistema de pr\u00e9-visualiza\u00e7\u00e3o 3D<\/strong>: os clientes podem utilizar a tecnologia AR para ver o efeito de desdobramento do corpo da caixa em tempo real, apoiando\u00a0<strong>Ajuste de pormenor de 360<\/strong>\u00a0(como a posi\u00e7\u00e3o de estampagem a quente, a densidade da textura). -\u00a0<strong>Prote\u00e7\u00e3o de patentes<\/strong>: Fornecer servi\u00e7o de pedido de patente de apar\u00eancia para garantir a exclusividade do design (consulte o caso da patente da caixa de perfume).<\/p>\n<h3 id=\"-6-flat-shipping-design-logistics-innovation-to-reduce-costs-and-increase-efficiency-\"><strong>6. Projeto de transporte mar\u00edtimo plano: inova\u00e7\u00e3o log\u00edstica para reduzir os custos e aumentar a efici\u00eancia<\/strong><\/h3>\n<p>-\u00a0<strong>Processo de dobragem<\/strong>: Utilizar\u00a0<strong>pr\u00e9-crease + tamp\u00e3o de coluna de ar<\/strong>\u00a0tecnologia, o volume ap\u00f3s a dobragem \u00e9 apenas 1\/5 do estado desdobrado, poupando 40% de carga. -\u00a0<strong>Estrutura port\u00e1til<\/strong>: incorporado\u00a0<strong>pega amov\u00edvel<\/strong>\u00a0(carga de 2 kg) e\u00a0<strong>fivela de fecho antirroubo<\/strong>adequado para o com\u00e9rcio eletr\u00f3nico, entrega direta e cen\u00e1rios de viagem. -\u00a0<strong>Informa\u00e7\u00f5es sobre a prote\u00e7\u00e3o do ambiente<\/strong>: A tampa e o corpo da caixa est\u00e3o ligados por um\u00a0<strong>liga\u00e7\u00e3o do tipo lingueta<\/strong>N\u00e3o \u00e9 necess\u00e1ria cola e podem ser completamente reciclados depois de desembalados (consulte as normas de embalagem sustent\u00e1vel).<\/p>\n<h3 id=\"-7-one-stop-smart-manufacturing-vertical-integration-capabilities-of-the-5320-super-factory-\"><strong>7. Fabrico inteligente de balc\u00e3o \u00fanico: capacidades de integra\u00e7\u00e3o vertical da superf\u00e1brica 5320\u33a1<\/strong><\/h3>\n<p>-\u00a0<strong>Controlo total do processo<\/strong>: Desde a sele\u00e7\u00e3o do papel, passando pela impress\u00e3o at\u00e9 \u00e0 embalagem com corte e vinco,\u00a0<strong>rastreabilidade digital<\/strong>\u00a0(o c\u00f3digo QR \u00e9 associado a cada lote de produtos). -\u00a0<strong>Cobertura do servi\u00e7o<\/strong>: Apoio \u00e0 personaliza\u00e7\u00e3o de pequenos lotes (encomenda m\u00ednima de 500 pe\u00e7as) para produ\u00e7\u00e3o em massa ao n\u00edvel de um milh\u00e3o e entrega r\u00e1pida de 48 horas para encomendas urgentes.<\/p>","protected":false},"excerpt":{"rendered":"<p>Na onda da procura da individualidade e do desenvolvimento sustent\u00e1vel no mercado global da beleza, a ind\u00fastria de fabrico de embalagens da China est\u00e1 a tornar-se o parceiro preferido das marcas internacionais com a sua tecnologia inovadora e vantagens de toda a cadeia industrial. Como fornecedor chin\u00eas profundamente empenhado no dom\u00ednio da personaliza\u00e7\u00e3o de caixas de perfume, a ZOJO Print assume\u00a0<strong>materiais amigos do ambiente, processos inteligentes e produ\u00e7\u00e3o flex\u00edvel<\/strong>\u00a0como a sua principal competitividade para fornecer aos clientes globais solu\u00e7\u00f5es de caixas de perfume topo de gama com valor est\u00e9tico e funcionalidade.<\/p>","protected":false},"featured_media":9472,"template":"","meta":[],"product_brand":[],"product_cat":[30,417,430,31],"product_tag":[1184,1182,1183],"class_list":{"0":"post-9464","1":"product","2":"type-product","3":"status-publish","4":"has-post-thumbnail","6":"product_cat-by-industry","7":"product_cat-custom-perfume-boxes-by-industry","8":"product_cat-folding-cartons","9":"product_cat-paper-box-style","10":"product_tag-carton-boxes-supplier","11":"product_tag-custom-print-parfum-box","12":"product_tag-folding-carton-boxes","14":"first","15":"instock","16":"shipping-taxable","17":"product-type-grouped"},"_links":{"self":[{"href":"https:\/\/zojopackaging.com\/pt\/wp-json\/wp\/v2\/product\/9464","targetHints":{"allow":["GET"]}}],"collection":[{"href":"https:\/\/zojopackaging.com\/pt\/wp-json\/wp\/v2\/product"}],"about":[{"href":"https:\/\/zojopackaging.com\/pt\/wp-json\/wp\/v2\/types\/product"}],"version-history":[{"count":1,"href":"https:\/\/zojopackaging.com\/pt\/wp-json\/wp\/v2\/product\/9464\/revisions"}],"predecessor-version":[{"id":9477,"href":"https:\/\/zojopackaging.com\/pt\/wp-json\/wp\/v2\/product\/9464\/revisions\/9477"}],"wp:featuredmedia":[{"embeddable":true,"href":"https:\/\/zojopackaging.com\/pt\/wp-json\/wp\/v2\/media\/9472"}],"wp:attachment":[{"href":"https:\/\/zojopackaging.com\/pt\/wp-json\/wp\/v2\/media?parent=9464"}],"wp:term":[{"taxonomy":"product_brand","embeddable":true,"href":"https:\/\/zojopackaging.com\/pt\/wp-json\/wp\/v2\/product_brand?post=9464"},{"taxonomy":"product_cat","embeddable":true,"href":"https:\/\/zojopackaging.com\/pt\/wp-json\/wp\/v2\/product_cat?post=9464"},{"taxonomy":"product_tag","embeddable":true,"href":"https:\/\/zojopackaging.com\/pt\/wp-json\/wp\/v2\/product_tag?post=9464"}],"curies":[{"name":"wp","href":"https:\/\/api.w.org\/{rel}","templated":true}]}}