{"id":9480,"date":"2025-04-02T16:57:45","date_gmt":"2025-04-02T08:57:45","guid":{"rendered":"https:\/\/zojopackaging.com\/?post_type=product&#038;p=9480"},"modified":"2025-04-02T18:20:12","modified_gmt":"2025-04-02T10:20:12","slug":"new-style-double-open-door-bracelet-necklace-ring-gift-boxes","status":"publish","type":"product","link":"https:\/\/zojopackaging.com\/pt\/product\/new-style-double-open-door-bracelet-necklace-ring-gift-boxes\/","title":{"rendered":"Novo estilo de porta aberta dupla Pulseira Colar Anel Caixas de presente"},"content":{"rendered":"<h2 id=\"1-innovative-structure-and-design-highlights-\">1.\u00a0<strong>Destaques da estrutura e do design inovadores<\/strong><\/h2>\n<ol>\n<li><strong>Caixa elevat\u00f3ria de duas portas<\/strong>\u00a0Adoptando uma estrutura de liga\u00e7\u00e3o de eleva\u00e7\u00e3o patenteada, o tabuleiro incorporado sobe lentamente com a folha da porta ao abrir a caixa, formando um efeito de exposi\u00e7\u00e3o \"estilo palco\". O design de porta dupla com um amplo \u00e2ngulo de abertura e fecho (at\u00e9 180\u00b0) n\u00e3o s\u00f3 aumenta o impacto visual, como tamb\u00e9m facilita aos clientes a aprecia\u00e7\u00e3o dos detalhes das j\u00f3ias em todas as direc\u00e7\u00f5es. A extremidade da folha da porta est\u00e1 equipada com fechos magn\u00e9ticos para garantir um fecho est\u00e1vel e uma abertura e fecho suaves.<\/li>\n<\/ol>\n<h2 id=\"2-high-strength-material-and-load-bearing-performance-\">2.\u00a0<strong>Material de elevada resist\u00eancia e desempenho de suporte de carga<\/strong><\/h2>\n<ol>\n<li><strong>Estrutura de papel composto<\/strong>\u00a0A camada exterior utiliza papel art\u00edstico revestido de C2S de 157 g (textura mate anti-impress\u00e3o digital) e a camada interior \u00e9 combinada com cart\u00e3o duro de 1200 g para formar uma estrutura resistente \u00e0 compress\u00e3o em \"sandu\u00edche\". De acordo com testes laboratoriais, a caixa vazia pode suportar at\u00e9 15 kg e resistir a mais de 30 quedas de 1,5 metros quando totalmente carregada, satisfazendo as necessidades do transporte transfronteiri\u00e7o.<\/li>\n<li><strong>Garantia de certifica\u00e7\u00e3o ambiental<\/strong>\u00a0O material foi aprovado na certifica\u00e7\u00e3o florestal FSC e a camada de cart\u00e3o utiliza colas \u00e0 base de \u00e1gua, que cumprem as normas de prote\u00e7\u00e3o ambiental REACH da UE e podem ser 100% recicladas e degradadas.<\/li>\n<\/ol>\n<h2 id=\"3-precision-protection-system-\">3.\u00a0<strong>Sistema de prote\u00e7\u00e3o de precis\u00e3o<\/strong><\/h2>\n<ol>\n<li><strong>Forro em EVA personalizado<\/strong>\u00a0Utilizando a tecnologia de grava\u00e7\u00e3o a laser 3D, o forro em EVA \u00e0 prova de choque \u00e9 cortado com precis\u00e3o de acordo com o tamanho da joia. A densidade do forro \u00e9 de 45\u00b15 Shore C, o que proporciona um amortecimento suave e apoio, e pode fixar j\u00f3ias de corrente fina de 0,5 mm para evitar o emaranhamento. A superf\u00edcie interior \u00e9 coberta com uma camada de flocagem de 0,2 mm para evitar riscos met\u00e1licos.<\/li>\n<li><strong>Conce\u00e7\u00e3o de divis\u00f3rias de v\u00e1rios n\u00edveis<\/strong>\u00a0Suporta combina\u00e7\u00e3o modular:<\/li>\n<li><strong>\u00c1rea do anel<\/strong>: Ranhura de silicone ajust\u00e1vel para cart\u00f5es com 12-25 mm de di\u00e2metro<\/li>\n<li><strong>Zona do colar<\/strong>: Ranhura antiderrapante em forma de U + fivela de fixa\u00e7\u00e3o magn\u00e9tica<\/li>\n<li><strong>Zona da bracelete<\/strong>: divis\u00f3ria telesc\u00f3pica, adequada para 14-22 cm de circunfer\u00eancia do pulso<\/li>\n<\/ol>\n<h2 id=\"iv-visual-aesthetics-and-customization-scheme-\">4. <strong>Est\u00e9tica visual e esquema de personaliza\u00e7\u00e3o<\/strong><\/h2>\n<ol>\n<li><strong>Desenho de cores e texturas<\/strong>\u00a0A cor principal \u00e9 o castanho #8B4513, com tecnologia de imita\u00e7\u00e3o de gr\u00e3os de madeira em relevo, transmitindo uma sensa\u00e7\u00e3o natural e simples. Tecnologia opcional de estampagem a quente\/prata quente (por exemplo, textura de veios de folhas, linhas geom\u00e9tricas), ou brilho de verniz UV local.<\/li>\n<li><strong>Servi\u00e7o de personaliza\u00e7\u00e3o em profundidade<\/strong><\/li>\n<li><strong>Tamanho flex\u00edvel<\/strong>: Modelo b\u00e1sico 18\u00d712\u00d78cm, suporta ajuste de alcance \u00b15cm<\/li>\n<li><strong>Processo de impress\u00e3o<\/strong>: Fornece 12 efeitos, tais como estampagem a frio, serigrafia, relevo e grava\u00e7\u00e3o<\/li>\n<li><strong>Expans\u00e3o da fun\u00e7\u00e3o<\/strong>: Pode ser equipada com uma faixa luminosa LED ambiente (72 horas de autonomia), etiqueta de rastreabilidade com chip NFC<\/li>\n<\/ol>\n<h2 id=\"v-production-strength-and-quality-assurance-\">5. <strong>For\u00e7a de produ\u00e7\u00e3o e garantia de qualidade<\/strong><\/h2>\n<ol>\n<li><strong>Sistema de fabrico inteligente em escala<\/strong>\u00a0Contando com uma f\u00e1brica automatizada de 5320\u33a1, equipada com m\u00e1quina de impress\u00e3o offset Heidelberg CD102-8+L e linha de produ\u00e7\u00e3o de corte e vinco totalmente autom\u00e1tica, a capacidade de produ\u00e7\u00e3o di\u00e1ria chega a 30.000 caixas. Passou a certifica\u00e7\u00e3o do sistema de gest\u00e3o da qualidade ISO9001, a taxa de defeito \u00e9 controlada abaixo de 0,3%.<\/li>\n<li><strong>Experi\u00eancia em servi\u00e7os transfronteiri\u00e7os<\/strong>\u00a0Fornece solu\u00e7\u00f5es de liga\u00e7\u00e3o completa \"conce\u00e7\u00e3o-produ\u00e7\u00e3o-log\u00edstica\" para canais como a Amazon e esta\u00e7\u00f5es independentes, suporta termos comerciais DDP\/DDU e serviu mais de 200 marcas de joalharia europeias e americanas.<\/li>\n<\/ol>\n<h2 id=\"-technical-parameters-\"><strong>Par\u00e2metros t\u00e9cnicos<\/strong><\/h2>\n<table>\n<thead>\n<tr>\n<th>Projeto<\/th>\n<th>Especifica\u00e7\u00f5es<\/th>\n<\/tr>\n<\/thead>\n<tbody>\n<tr>\n<td>Tamanho b\u00e1sico<\/td>\n<td>Personaliz\u00e1vel<\/td>\n<\/tr>\n<tr>\n<td>Capacidade de carga<\/td>\n<td>\u226415kg (est\u00e1tico)<\/td>\n<\/tr>\n<tr>\n<td>Hor\u00e1rios de abertura e encerramento<\/td>\n<td>\u22655000 ciclos testados sem falhas<\/td>\n<\/tr>\n<tr>\n<td>Quantidade m\u00ednima de encomenda<\/td>\n<td>500pcs (suporta cores e estilos mistos)<\/td>\n<\/tr>\n<tr>\n<td>Ciclo de entrega<\/td>\n<td>7-10 dias \u00fateis (at\u00e9 3000pcs)<\/td>\n<\/tr>\n<\/tbody>\n<\/table>","protected":false},"excerpt":{"rendered":"<p>1. Caixa elevat\u00f3ria de porta dupla, design de caixa especial, novo e \u00fanico, pode atrair a aten\u00e7\u00e3o dos clientes<br \/>\n2. 157 g de papel art\u00edstico revestido C2S + 1200 g de cart\u00e3o r\u00edgido conferem \u00e0 caixa elevat\u00f3ria de porta dupla uma capacidade de carga, pode transportar pulseiras, colares e an\u00e9is, pode assegurar um transporte a longo prazo sem deforma\u00e7\u00e3o<br \/>\n3. O forro em EVA pode ser cortado de acordo com o tamanho das suas pulseiras, colares e an\u00e9is para se ajustar totalmente ao tamanho, garantir movimento zero e proteger as suas pulseiras, colares e an\u00e9is de serem riscados durante o transporte<\/p>","protected":false},"featured_media":9481,"template":"","meta":[],"product_brand":[],"product_cat":[30,415,428,31],"product_tag":[1193,1191,1192],"class_list":{"0":"post-9480","1":"product","2":"type-product","3":"status-publish","4":"has-post-thumbnail","6":"product_cat-by-industry","7":"product_cat-custom-jewelry-boxes-by-industry","8":"product_cat-irregular-shaped-gift-boxes","9":"product_cat-paper-box-style","10":"product_tag-bracelet-gift-boxes","11":"product_tag-double-open-door-bracelet-gift-boxes","12":"product_tag-necklace-ring-gift-boxes","14":"first","15":"instock","16":"shipping-taxable","17":"product-type-grouped"},"_links":{"self":[{"href":"https:\/\/zojopackaging.com\/pt\/wp-json\/wp\/v2\/product\/9480","targetHints":{"allow":["GET"]}}],"collection":[{"href":"https:\/\/zojopackaging.com\/pt\/wp-json\/wp\/v2\/product"}],"about":[{"href":"https:\/\/zojopackaging.com\/pt\/wp-json\/wp\/v2\/types\/product"}],"version-history":[{"count":1,"href":"https:\/\/zojopackaging.com\/pt\/wp-json\/wp\/v2\/product\/9480\/revisions"}],"predecessor-version":[{"id":9487,"href":"https:\/\/zojopackaging.com\/pt\/wp-json\/wp\/v2\/product\/9480\/revisions\/9487"}],"wp:featuredmedia":[{"embeddable":true,"href":"https:\/\/zojopackaging.com\/pt\/wp-json\/wp\/v2\/media\/9481"}],"wp:attachment":[{"href":"https:\/\/zojopackaging.com\/pt\/wp-json\/wp\/v2\/media?parent=9480"}],"wp:term":[{"taxonomy":"product_brand","embeddable":true,"href":"https:\/\/zojopackaging.com\/pt\/wp-json\/wp\/v2\/product_brand?post=9480"},{"taxonomy":"product_cat","embeddable":true,"href":"https:\/\/zojopackaging.com\/pt\/wp-json\/wp\/v2\/product_cat?post=9480"},{"taxonomy":"product_tag","embeddable":true,"href":"https:\/\/zojopackaging.com\/pt\/wp-json\/wp\/v2\/product_tag?post=9480"}],"curies":[{"name":"wp","href":"https:\/\/api.w.org\/{rel}","templated":true}]}}