{"id":9488,"date":"2025-04-02T17:39:29","date_gmt":"2025-04-02T09:39:29","guid":{"rendered":"https:\/\/zojopackaging.com\/?post_type=product&#038;p=9488"},"modified":"2025-04-02T18:18:37","modified_gmt":"2025-04-02T10:18:37","slug":"luxury-velvet-jewelry-necklace-box-wholesale-with-logo","status":"publish","type":"product","link":"https:\/\/zojopackaging.com\/pt\/product\/luxury-velvet-jewelry-necklace-box-wholesale-with-logo\/","title":{"rendered":"Caixa para colar de j\u00f3ias de veludo de luxo por atacado com log\u00f3tipo"},"content":{"rendered":"<h2 id=\"1-magnetic-opening-and-closing-system-\">1.\u00a0<strong>Sistema magn\u00e9tico de abertura e fecho<\/strong><\/h2>\n<p>A suc\u00e7\u00e3o magn\u00e9tica de alta precis\u00e3o \u00e9 utilizada para alinhamento e adsor\u00e7\u00e3o autom\u00e1ticos. O curso magn\u00e9tico \u00e9 controlado a 0,3-0,5 mm, e a abertura e o fecho podem ser conclu\u00eddos com um \u00fanico toque. A opera\u00e7\u00e3o \u00e9 suave e o feedback t\u00e1til \u00e9 claro, dando ao produto uma sensa\u00e7\u00e3o de tecnologia de ponta e ritual.<\/p>\n<h2 id=\"2-zero-color-difference-printing-process-\">2.\u00a0<strong>Processo de impress\u00e3o com zero diferen\u00e7a de cor<\/strong><\/h2>\n<p>Com base em equipamento de impress\u00e3o offset de alta precis\u00e3o e processos de gest\u00e3o da cor normalizados, \u00e9 utilizada tinta \u00e0 base de \u00e1gua amiga do ambiente para garantir que o padr\u00e3o impresso \u00e9 n\u00edtido e n\u00e3o apresenta diferen\u00e7as de cor. O desvio de cor \u00e9 calibrado atrav\u00e9s de um sistema de monitoriza\u00e7\u00e3o online em tempo real, e o erro \u00e9 controlado dentro de \u00b11%, apresentando perfeitamente o log\u00f3tipo da marca e os detalhes do design, aumentando o reconhecimento visual e a confian\u00e7a do utilizador.<\/p>\n<h2 id=\"3-calming-pink-tone-design-\">3.\u00a0<strong>Design em tom rosa calmante<\/strong><\/h2>\n<p>\u00c9 utilizado o forro de veludo cor-de-rosa Morandi, que se verificou experimentalmente reduzir a frequ\u00eancia card\u00edaca em 8%-12% e aliviar a ansiedade. A superf\u00edcie adopta a tecnologia de flocagem mate, que \u00e9 macia e delicada ao toque, combinando o valor est\u00e9tico e a fun\u00e7\u00e3o de cura emocional, e adapta-se ao tom elegante das j\u00f3ias topo de gama.<\/p>\n<h2 id=\"-customized-production-system-\"><strong>Sistema de produ\u00e7\u00e3o personalizado<\/strong><\/h2>\n<ul>\n<li><strong>Tipo e tamanho da caixa<\/strong>: Suporta a personaliza\u00e7\u00e3o de caixas quadradas, redondas, em forma de cora\u00e7\u00e3o e outras caixas de formato especial, com uma gama de tamanhos de 5\u00d75cm a 30\u00d730cm, adequadas para colares, pendentes, pulseiras e outros tipos de j\u00f3ias.<\/li>\n<li><strong>Artesanato do material e da superf\u00edcie<\/strong>: Op\u00e7\u00e3o de veludo, veludo ou couro reciclado amigo do ambiente, a superf\u00edcie suporta estampagem a quente, grava\u00e7\u00e3o em relevo, grava\u00e7\u00e3o UV e outros trabalhos manuais para melhorar o sentido do tato e a hierarquia visual.<\/li>\n<li><strong>Estrutura do revestimento interior<\/strong>: Forro do compartimento personalizado de acordo com o tamanho das j\u00f3ias, utilizando almofadas de espuma de mem\u00f3ria ou flocagem, com fivelas ajust\u00e1veis para garantir a estabilidade durante o transporte e a exposi\u00e7\u00e3o.<\/li>\n<\/ul>","protected":false},"excerpt":{"rendered":"<p>1. A caixa de fecho magn\u00e9tico alinha-se e absorve-se automaticamente. \u00c9 f\u00e1cil de abrir e fechar e f\u00e1cil de utilizar com uma m\u00e3o, o que real\u00e7a o requinte e o sentido de moda do produto.<br \/>\n2. A cor-de-rosa tem um efeito calmante significativo, que pode baixar o ritmo card\u00edaco e a tens\u00e3o arterial, aliviar a ansiedade e as emo\u00e7\u00f5es agressivas.<br \/>\n3. O tipo de caixa, tamanho, cor, material e efeito de impress\u00e3o de superf\u00edcie podem ser altamente personalizados para se adequarem \u00e0 sua embalagem de colar de j\u00f3ias<\/p>","protected":false},"featured_media":9489,"template":"","meta":[],"product_brand":[],"product_cat":[30,415,424,31],"product_tag":[1188,1189,1190],"class_list":{"0":"post-9488","1":"product","2":"type-product","3":"status-publish","4":"has-post-thumbnail","6":"product_cat-by-industry","7":"product_cat-custom-jewelry-boxes-by-industry","8":"product_cat-magnetic-closure-boxes","9":"product_cat-paper-box-style","10":"product_tag-luxury-jewelry-box","11":"product_tag-necklace-box-wholesale","12":"product_tag-velvet-jewelry-necklace-packaging-box","14":"first","15":"instock","16":"shipping-taxable","17":"product-type-grouped"},"_links":{"self":[{"href":"https:\/\/zojopackaging.com\/pt\/wp-json\/wp\/v2\/product\/9488","targetHints":{"allow":["GET"]}}],"collection":[{"href":"https:\/\/zojopackaging.com\/pt\/wp-json\/wp\/v2\/product"}],"about":[{"href":"https:\/\/zojopackaging.com\/pt\/wp-json\/wp\/v2\/types\/product"}],"version-history":[{"count":1,"href":"https:\/\/zojopackaging.com\/pt\/wp-json\/wp\/v2\/product\/9488\/revisions"}],"predecessor-version":[{"id":9496,"href":"https:\/\/zojopackaging.com\/pt\/wp-json\/wp\/v2\/product\/9488\/revisions\/9496"}],"wp:featuredmedia":[{"embeddable":true,"href":"https:\/\/zojopackaging.com\/pt\/wp-json\/wp\/v2\/media\/9489"}],"wp:attachment":[{"href":"https:\/\/zojopackaging.com\/pt\/wp-json\/wp\/v2\/media?parent=9488"}],"wp:term":[{"taxonomy":"product_brand","embeddable":true,"href":"https:\/\/zojopackaging.com\/pt\/wp-json\/wp\/v2\/product_brand?post=9488"},{"taxonomy":"product_cat","embeddable":true,"href":"https:\/\/zojopackaging.com\/pt\/wp-json\/wp\/v2\/product_cat?post=9488"},{"taxonomy":"product_tag","embeddable":true,"href":"https:\/\/zojopackaging.com\/pt\/wp-json\/wp\/v2\/product_tag?post=9488"}],"curies":[{"name":"wp","href":"https:\/\/api.w.org\/{rel}","templated":true}]}}