{"id":9495,"date":"2025-04-02T18:06:32","date_gmt":"2025-04-02T10:06:32","guid":{"rendered":"https:\/\/zojopackaging.com\/?post_type=product&#038;p=9495"},"modified":"2025-04-02T18:27:39","modified_gmt":"2025-04-02T10:27:39","slug":"minimalist-perfume-folding-box-custom-branding-cardboard-manufacturer","status":"publish","type":"product","link":"https:\/\/zojopackaging.com\/pt\/product\/minimalist-perfume-folding-box-custom-branding-cardboard-manufacturer\/","title":{"rendered":"Caixa dobr\u00e1vel para perfume minimalista Fabricante de cart\u00e3o com marca personalizada"},"content":{"rendered":"<h3 id=\"-1-material-revolution-environmental-philosophy-of-fsc-certified-cardboard-\"><strong>1. Revolu\u00e7\u00e3o dos materiais: Filosofia ambiental do cart\u00e3o certificado FSC<\/strong><\/h3>\n<p>Seleccionamos\u00a0<strong>Cart\u00e3o branco de alta densidade de 350 g<\/strong>\u00a0e\u00a0<strong>papel kraft reciclado<\/strong>que obtiveram a certifica\u00e7\u00e3o florestal FSC e a dupla certifica\u00e7\u00e3o do sistema de gest\u00e3o da qualidade ISO 9001. Utiliza\u00e7\u00f5es do cart\u00e3o branco\u00a0<strong>fibra de polpa de madeira original<\/strong>\u00a0tecnologia de tecelagem, com uma resist\u00eancia \u00e0 compress\u00e3o de 5,2kN\/m\u00b2 e uma capacidade de carga de 5kg sem deforma\u00e7\u00e3o; o papel kraft \u00e9 tratado com\u00a0<strong>nano-revestimento \u00e0 base de \u00e1gua<\/strong>e a sua resist\u00eancia \u00e0 humidade \u00e9 aumentada em 40%, e \u00e9 100% compost\u00e1vel e degrad\u00e1vel (consultar as carater\u00edsticas de prote\u00e7\u00e3o ambiental do cart\u00e3o kraft de alta qualidade).<\/p>\n<h3 id=\"-2-printing-aesthetics-micron-level-precision-and-color-management-\"><strong>2. Est\u00e9tica da impress\u00e3o: precis\u00e3o ao n\u00edvel dos microns e gest\u00e3o da cor<\/strong><\/h3>\n<p>Apresenta\u00e7\u00e3o\u00a0<strong>M\u00e1quina de impress\u00e3o a seis cores Heidelberg CD102<\/strong>\u00a0e\u00a0<strong>Sistema de gest\u00e3o de cores GMG<\/strong>, obtendo uma reprodu\u00e7\u00e3o de cores ultra-precisa de \u0394E\u22641,2. Direcionado para necessidades de design minimalista: -\u00a0<strong>Controlo de linha<\/strong>: Tecnologia de impress\u00e3o de linhas finas de 0,05 mm para garantir bordas n\u00edtidas do LOGOTIPO sem rebarbas; -\u00a0<strong>Transi\u00e7\u00e3o gradual<\/strong>: Tinta com gradiente Pantone + processo de sobreimpress\u00e3o multicolor para obter um gradiente suave de transpar\u00eancia 0-100%; -\u00a0<strong>Efeitos especiais<\/strong>: Local\u00a0<strong>UV mate<\/strong>\u00a0e\u00a0<strong>tinta branca perolada<\/strong>\u00a0s\u00e3o sobrepostos para criar uma textura mate de alta qualidade.<\/p>\n<h3 id=\"-3-matt-film-process-dual-dimensional-enhancement-of-touch-and-vision-\"><strong>3. Processo de pel\u00edcula mate: melhoria bidimensional do tato e da vis\u00e3o<\/strong><\/h3>\n<p>Adotar\u00a0<strong>Pel\u00edcula mate alem\u00e3 Henkel XL800<\/strong>com uma espessura de 18\u03bcm e uma neblina de 85%, a refletividade \u00e9 reduzida para menos de 12%. Atrav\u00e9s de\u00a0<strong>tecnologia de pr\u00e9-tratamento por plasma<\/strong>\u00a0para melhorar a ader\u00eancia da camada de pel\u00edcula, combinada com\u00a0<strong>tecnologia de estampagem a frio e a quente<\/strong>\u00a0(consulte a tecnologia de estampagem a quente), as linhas douradas apresentam um efeito tridimensional em relevo de 0,3 mm na base mate, e o toque \u00e9 t\u00e3o delicado como a seda.<\/p>\n<h3 id=\"-4-hot-stamping-philosophy-luxurious-expression-in-restraint-\"><strong>4. Filosofia da estampagem a quente: express\u00e3o de luxo com conten\u00e7\u00e3o<\/strong><\/h3>\n<p>Seguindo o princ\u00edpio minimalista de \"menos \u00e9 mais\", aplicamos de forma inovadora\u00a0<strong>nano micro estampagem a quente<\/strong>\u00a0tecnologia: -\u00a0<strong>Controlo da espessura<\/strong>: A espessura da folha de ouro \u00e9 de apenas 3\u03bcm, conseguindo uma estampagem a quente de linha ultrafina de 0,08mm; -\u00a0<strong>Precis\u00e3o de posicionamento<\/strong>: O erro de fabrico da placa laser \u00e9 \u22640,02mm, garantindo que o LOGO est\u00e1 perfeitamente alinhado com o bordo da caixa; -\u00a0<strong>Gest\u00e3o de cores<\/strong>: Adotar\u00a0<strong>ouro rosa\/ouro champanhe<\/strong>\u00a0cart\u00e3o de cor personalizado, diferen\u00e7a de cor \u0394E\u22640,8 (consulte os padr\u00f5es do processo de estampagem a quente).<\/p>\n<h3 id=\"-5-smart-manufacturing-matrix-industrial-4-0-production-system-\"><strong>5. Matriz de fabrico inteligente: Sistema de produ\u00e7\u00e3o da Ind\u00fastria 4.0<\/strong><\/h3>\n<p>-\u00a0<strong>Agregado de equipamentos<\/strong>: Equipado com 23 dispositivos inteligentes, tais como a m\u00e1quina de corte e vinco alem\u00e3 BOBST e a m\u00e1quina de estampagem italiana Sacmi, que permitem um corte de formas especiais com uma precis\u00e3o de 0,1 mm; -\u00a0<strong>Centro Digital<\/strong>: O sistema MES monitoriza a temperatura e a humidade (\u00b11,5%), a press\u00e3o (\u00b10,02MPa) e outros par\u00e2metros em tempo real, e a taxa de defeitos \u00e9 controlada abaixo de 0,2%; -\u00a0<strong>Resposta r\u00e1pida<\/strong>: A modela\u00e7\u00e3o 3D e a prova s\u00e3o conclu\u00eddas em 8 horas e o ciclo de produ\u00e7\u00e3o em massa \u00e9 reduzido para 7-9 dias.<\/p>\n<h3 id=\"-6-design-empowerment-infinite-possibilities-of-minimalist-aesthetics-\"><strong>6. Capacita\u00e7\u00e3o do design: possibilidades infinitas da est\u00e9tica minimalista<\/strong><\/h3>\n<p>A equipa liderada por tr\u00eas vencedores de pr\u00e9mios internacionais de design de embalagens apresenta tr\u00eas grandes estrat\u00e9gias de design: -\u00a0<strong>Simplicidade estrutural<\/strong>: Desenvolver 12 estruturas de dobragem patenteadas (como as tampas magn\u00e9ticas superior e inferior) para reduzir as pe\u00e7as redundantes; -\u00a0<strong>Subtra\u00e7\u00e3o visual<\/strong>: Utilizar a arte em branco e o design de espa\u00e7os negativos para reduzir a densidade da informa\u00e7\u00e3o por 40%; -\u00a0<strong>Inova\u00e7\u00e3o interactiva<\/strong>: Incorporar o chip NFC (opcional), digitalizar o c\u00f3digo para obter a hist\u00f3ria da fragr\u00e2ncia e o cen\u00e1rio de AR da marca (consultar as tend\u00eancias das embalagens inteligentes).<\/p>\n<h3 id=\"-7-industrial-cornerstone-vertical-integration-of-the-5-320-super-factory-\"><strong>7. Pedra angular industrial: integra\u00e7\u00e3o vertical da super f\u00e1brica de 5.320\u33a1<\/strong><\/h3>\n<p>-\u00a0<strong>Disposi\u00e7\u00e3o espacial<\/strong>: dividido em tr\u00eas oficinas inteligentes de impress\u00e3o, corte e embalagem, equipadas com um sistema de movimenta\u00e7\u00e3o n\u00e3o tripulado AGV; -\u00a0<strong>Configura\u00e7\u00e3o da capacidade<\/strong>Capacidade de produ\u00e7\u00e3o di\u00e1ria de 200 000 pe\u00e7as, suportando encomendas desde 500 pe\u00e7as at\u00e9 \u00e0 produ\u00e7\u00e3o em massa ao n\u00edvel de um milh\u00e3o, e entrega de encomendas de emerg\u00eancia 24 horas por dia\u00a0<strong>Sistema de controlo da qualidade<\/strong>: Certificado ISO 9001\/BSCI, cada lote de produtos \u00e9 submetido a 12 testes destrutivos (resist\u00eancia \u00e0 press\u00e3o\/queda\/alta e baixa temperatura).<\/p>","protected":false},"excerpt":{"rendered":"<p>Atualmente, com a tend\u00eancia do minimalismo a varrer o mercado global da beleza, as embalagens de perfumes h\u00e1 muito que ultrapassaram os recipientes funcionais e tornaram-se um suporte art\u00edstico para as marcas comunicarem com os consumidores. Como empresa de refer\u00eancia no dom\u00ednio da personaliza\u00e7\u00e3o de papel topo de gama na China, a ZOJO Print assume\u00a0<strong>design minimalista, artesanato e qualidade de ponta<\/strong>\u00a0como o seu n\u00facleo, fornecendo aos clientes globais solu\u00e7\u00f5es de caixas dobr\u00e1veis para perfumes que combinam est\u00e9tica pioneira e valor pr\u00e1tico.<\/p>","protected":false},"featured_media":9500,"template":"","meta":[],"product_brand":[],"product_cat":[30,417,430,31],"product_tag":[1196,1195,1194],"class_list":{"0":"post-9495","1":"product","2":"type-product","3":"status-publish","4":"has-post-thumbnail","6":"product_cat-by-industry","7":"product_cat-custom-perfume-boxes-by-industry","8":"product_cat-folding-cartons","9":"product_cat-paper-box-style","10":"product_tag-cardboard-manufacturer","11":"product_tag-folding-box-custom","12":"product_tag-minimalist-perfume-folding-box","14":"first","15":"instock","16":"shipping-taxable","17":"product-type-grouped"},"_links":{"self":[{"href":"https:\/\/zojopackaging.com\/pt\/wp-json\/wp\/v2\/product\/9495","targetHints":{"allow":["GET"]}}],"collection":[{"href":"https:\/\/zojopackaging.com\/pt\/wp-json\/wp\/v2\/product"}],"about":[{"href":"https:\/\/zojopackaging.com\/pt\/wp-json\/wp\/v2\/types\/product"}],"version-history":[{"count":1,"href":"https:\/\/zojopackaging.com\/pt\/wp-json\/wp\/v2\/product\/9495\/revisions"}],"predecessor-version":[{"id":9510,"href":"https:\/\/zojopackaging.com\/pt\/wp-json\/wp\/v2\/product\/9495\/revisions\/9510"}],"wp:featuredmedia":[{"embeddable":true,"href":"https:\/\/zojopackaging.com\/pt\/wp-json\/wp\/v2\/media\/9500"}],"wp:attachment":[{"href":"https:\/\/zojopackaging.com\/pt\/wp-json\/wp\/v2\/media?parent=9495"}],"wp:term":[{"taxonomy":"product_brand","embeddable":true,"href":"https:\/\/zojopackaging.com\/pt\/wp-json\/wp\/v2\/product_brand?post=9495"},{"taxonomy":"product_cat","embeddable":true,"href":"https:\/\/zojopackaging.com\/pt\/wp-json\/wp\/v2\/product_cat?post=9495"},{"taxonomy":"product_tag","embeddable":true,"href":"https:\/\/zojopackaging.com\/pt\/wp-json\/wp\/v2\/product_tag?post=9495"}],"curies":[{"name":"wp","href":"https:\/\/api.w.org\/{rel}","templated":true}]}}