{"id":9503,"date":"2025-04-02T18:21:04","date_gmt":"2025-04-02T10:21:04","guid":{"rendered":"https:\/\/zojopackaging.com\/?post_type=product&#038;p=9503"},"modified":"2025-04-02T18:44:27","modified_gmt":"2025-04-02T10:44:27","slug":"marble-texture-pattern-jewelry-necklace-bracelet-gift-boxes","status":"publish","type":"product","link":"https:\/\/zojopackaging.com\/pt\/product\/marble-texture-pattern-jewelry-necklace-bracelet-gift-boxes\/","title":{"rendered":"Padr\u00e3o de textura de m\u00e1rmore J\u00f3ias Colares Pulseiras Caixas de oferta"},"content":{"rendered":"<h2 id=\"1-marble-texture-design-with-both-natural-art-and-practical-functions-\">1.\u00a0<strong>Design de textura de m\u00e1rmore com arte natural e fun\u00e7\u00f5es pr\u00e1ticas<\/strong><\/h2>\n<p>Esta caixa de oferta utiliza tecnologia bi\u00f3nica avan\u00e7ada para reproduzir a textura natural do m\u00e1rmore, com uma base branca e linhas aerodin\u00e2micas cor-de-rosa ou douradas, que n\u00e3o s\u00f3 apresenta a beleza fluida da pedra natural, como tamb\u00e9m consegue fun\u00e7\u00f5es de resist\u00eancia ao desgaste e anti-incrustantes atrav\u00e9s de materiais de revestimento especiais. O design da textura \u00e9 inspirado nos elementos decorativos cl\u00e1ssicos do Hotel Bulgari em It\u00e1lia. As linhas entrela\u00e7adas de claro e escuro conferem \u00e0 embalagem uma tens\u00e3o visual din\u00e2mica, quebrando a monotonia das caixas de j\u00f3ias tradicionais, para que os clientes sejam atra\u00eddos pela sua textura \u00fanica no momento em que abrem a caixa.<\/p>\n<h2 id=\"2-magnetic-box-structure-efficient-space-and-convenient-operation-\">2.\u00a0<strong>Estrutura da caixa com fecho magn\u00e9tico: espa\u00e7o eficiente e funcionamento c\u00f3modo<\/strong><\/h2>\n<p>A caixa adopta um design de abertura e fecho magn\u00e9tico, que realiza a experi\u00eancia elegante de \"abertura com um toque\" atrav\u00e9s da disposi\u00e7\u00e3o precisa do \u00edman e optimiza a estratifica\u00e7\u00e3o do espa\u00e7o interno:<\/p>\n<ul>\n<li><strong>Armazenamento em camadas<\/strong>: Divis\u00f3rias ajust\u00e1veis incorporadas, adequadas para diferentes formas de j\u00f3ias, como colares, pulseiras, brincos, etc., e podem ser combinadas livremente atrav\u00e9s de m\u00f3dulos magn\u00e9ticos para aumentar a utiliza\u00e7\u00e3o do espa\u00e7o por 30%.<\/li>\n<li><strong>Port\u00e1til e \u00e0 prova de queda<\/strong>: Ap\u00f3s o fecho da tampa, esta \u00e9 firmemente absorvida pelo magnetismo para evitar uma abertura acidental durante o transporte. \u00c9 combinada com materiais leves, tendo em conta a durabilidade e a portabilidade.<\/li>\n<\/ul>\n<h2 id=\"3-hot-stamping-technology-creates-a-luxurious-visual-effect-\">3. Ouro h<strong>A tecnologia de estampagem de folha de alum\u00ednio cria um efeito visual luxuoso<\/strong><\/h2>\n<p>A superf\u00edcie da caixa de oferta adopta um processo duplo de composi\u00e7\u00e3o:<\/p>\n<p id=\"1-embossed-hot-stamping-0-1mm-gold-foil-is-applied-to-the-logo-and-edge-lines-of-the-lid-which-presents-a-gradient-metallic-luster-under-light-and-has-a-three-dimensional-and-delicate-touch-strengthening-the-high-end-positioning-of-the-brand-\">1.\u00a0<strong>Estampagem a quente em relevo<\/strong>: \u00c9 aplicada uma folha de ouro de 0,1 mm no LOGOTIPO e nas linhas dos bordos da tampa, que apresenta um brilho met\u00e1lico gradiente \u00e0 luz, e tem um toque tridimensional e delicado, refor\u00e7ando o posicionamento topo de gama da marca.<\/p>\n<p id=\"2-laser-light-effect-local-superposition-of-laser-hot-stamping-technology-dynamic-refraction-of-multi-angle-light-and-shadow-creating-a-jewelry-level-visual-impact-which-meets-the-needs-of-holiday-gifts-or-luxury-packaging-\">2.\u00a0<strong>Efeito de luz laser<\/strong>: Sobreposi\u00e7\u00e3o local de tecnologia de estampagem a quente a laser, refra\u00e7\u00e3o din\u00e2mica de luz e sombra multi-\u00e2ngulo, criando um impacto visual de \"n\u00edvel de joia\", que satisfaz as necessidades de presentes de Natal ou embalagens de luxo.<\/p>\n<h2 id=\"4-eva-flocking-lining-all-round-protection-system-\">4.\u00a0<strong>Revestimento em EVA: sistema de prote\u00e7\u00e3o global<\/strong><\/h2>\n<p>O forro adopta uma tecnologia de flocagem EVA personalizada:<\/p>\n<ul>\n<li><strong>Desempenho de armazenamento em buffer<\/strong>: A espuma EVA com 5 mm de espessura pode absorver mais de 80% da for\u00e7a de impacto. O teste de simula\u00e7\u00e3o mostra que n\u00e3o h\u00e1 danos nas j\u00f3ias ao cair de 1,5 metros.<\/li>\n<li><strong>Resist\u00eancia \u00e0 compress\u00e3o e aos riscos<\/strong>: A densidade de flocagem da superf\u00edcie atinge 1200g\/m\u00b2, que \u00e9 t\u00e3o suave como a seda, evitando os riscos causados pela fric\u00e7\u00e3o entre as j\u00f3ias de metal e o forro.<\/li>\n<li><strong>Ranhuras personalizadas<\/strong>: Grava\u00e7\u00e3o a laser de ranhuras exclusivas de acordo com a forma das j\u00f3ias para garantir que as partes vulner\u00e1veis, como as fivelas dos colares e as correntes das pulseiras, s\u00e3o firmemente encaixadas.<\/li>\n<\/ul>\n<h2 id=\"5-diversified-outer-packaging-customization-solutions-\">5.\u00a0<strong>Solu\u00e7\u00f5es diversificadas de personaliza\u00e7\u00e3o de embalagens exteriores<\/strong><\/h2>\n<p>Para responder \u00e0s necessidades de diferentes cen\u00e1rios, s\u00e3o fornecidas tr\u00eas dimens\u00f5es de personaliza\u00e7\u00e3o:<\/p>\n<p id=\"1-specification-adaptation-from-9-9-3cm-mini-box-to-25-5-21-9cm-gift-box-set-covering-the-packaging-needs-of-single-jewelry-to-multi-piece-sets-supporting-the-development-of-special-shaped-boxes-such-as-heart-shaped-hexagonal-\">1.\u00a0<strong>Adapta\u00e7\u00e3o das especifica\u00e7\u00f5es<\/strong>: De mini-caixas de 9\u00d79\u00d73cm a conjuntos de caixas de oferta de 25,5\u00d721\u00d79cm, cobrindo as necessidades de embalagem de j\u00f3ias individuais a conjuntos de v\u00e1rias pe\u00e7as, apoiando o desenvolvimento de caixas com formas especiais (como em forma de cora\u00e7\u00e3o, hexagonais).<\/p>\n<p id=\"2-style-expansion-you-can-choose-minimalist-solid-color-embossed-pattern-or-joint-illustration-design-support-personalized-elements-such-as-hot-stamping-hot-silver-logo-ribbon-decoration-etc-\">2.\u00a0<strong>Expans\u00e3o do estilo<\/strong>: Pode escolher uma cor s\u00f3lida minimalista, um padr\u00e3o em relevo ou um desenho de ilustra\u00e7\u00e3o conjunta, apoiar elementos personalizados, tais como estampagem a quente\/log\u00f3tipo em prata quente, decora\u00e7\u00e3o com fitas, etc.<\/p>\n<p id=\"3-environmental-upgrade-provide-fsc-certified-recycled-cardboard-and-degradable-eva-material-options-in-line-with-the-trend-of-green-consumption-\">3.\u00a0<strong>Atualiza\u00e7\u00e3o ambiental<\/strong>: Fornecer op\u00e7\u00f5es de cart\u00e3o reciclado certificado pelo FSC e de material EVA degrad\u00e1vel, em conformidade com a tend\u00eancia de consumo ecol\u00f3gico.<\/p>\n<h2 id=\"vi-professional-design-team-and-factory-strength-guarantee-\">6. <strong>Equipa de design profissional e garantia de for\u00e7a de f\u00e1brica<\/strong><\/h2>\n<ul>\n<li><strong>Design criativo<\/strong>: A equipa \u00e9 composta por designers de embalagens e consultores de marcas de j\u00f3ias com mais de 10 anos de experi\u00eancia. Eles s\u00e3o bons em transformar a cultura da marca em linguagem visual e criaram solu\u00e7\u00f5es online populares para muitas marcas de j\u00f3ias de luxo leves.<\/li>\n<li><strong>Garantia de produ\u00e7\u00e3o<\/strong>: A f\u00e1brica de 5.320\u33a1 est\u00e1 equipada com m\u00e1quinas de estampagem a quente totalmente autom\u00e1ticas, m\u00e1quinas de corte CNC EVA e outros equipamentos. Com 16 anos de experi\u00eancia em produ\u00e7\u00e3o, pode atingir a prova de 72 horas e a entrega de lotes de 15 dias. Ele passou a certifica\u00e7\u00e3o do sistema de gest\u00e3o da qualidade ISO e a taxa de qualifica\u00e7\u00e3o do produto \u00e9 99.6%.<\/li>\n<li><strong>Compromisso de prote\u00e7\u00e3o ambiental<\/strong>: A impress\u00e3o com tinta \u00e0 base de \u00e1gua e a tecnologia de flocagem sem p\u00f3 s\u00e3o utilizadas para garantir que o processo de produ\u00e7\u00e3o cumpre as normas de prote\u00e7\u00e3o ambiental REACH.<\/li>\n<\/ul>","protected":false},"excerpt":{"rendered":"<p>Esta caixa de oferta tem como n\u00facleo est\u00e9tico a textura de m\u00e1rmore, combina a estrutura de suc\u00e7\u00e3o magn\u00e9tica, a tecnologia de estampagem a quente e o revestimento protetor em EVA para alcan\u00e7ar a tripla atualiza\u00e7\u00e3o de \"apelo visual - funcionalidade - praticidade - valor da marca\". Baseando-se em cadeias de fornecimento maduras e servi\u00e7os personalizados, pode adaptar-se eficazmente \u00e0s necessidades de embalagens topo de gama de v\u00e1rias categorias, como j\u00f3ias, rel\u00f3gios e artigos de luxo, tornando-se a escolha ideal para melhorar a qualidade do produto e a experi\u00eancia do cliente.<\/p>","protected":false},"featured_media":9504,"template":"","meta":[],"product_brand":[],"product_cat":[30,415,424,31],"product_tag":[1193,663,1197],"class_list":{"0":"post-9503","1":"product","2":"type-product","3":"status-publish","4":"has-post-thumbnail","6":"product_cat-by-industry","7":"product_cat-custom-jewelry-boxes-by-industry","8":"product_cat-magnetic-closure-boxes","9":"product_cat-paper-box-style","10":"product_tag-bracelet-gift-boxes","11":"product_tag-jewelry-gift-boxes","12":"product_tag-necklace-gift-boxes","14":"first","15":"instock","16":"shipping-taxable","17":"product-type-grouped"},"_links":{"self":[{"href":"https:\/\/zojopackaging.com\/pt\/wp-json\/wp\/v2\/product\/9503","targetHints":{"allow":["GET"]}}],"collection":[{"href":"https:\/\/zojopackaging.com\/pt\/wp-json\/wp\/v2\/product"}],"about":[{"href":"https:\/\/zojopackaging.com\/pt\/wp-json\/wp\/v2\/types\/product"}],"version-history":[{"count":1,"href":"https:\/\/zojopackaging.com\/pt\/wp-json\/wp\/v2\/product\/9503\/revisions"}],"predecessor-version":[{"id":9511,"href":"https:\/\/zojopackaging.com\/pt\/wp-json\/wp\/v2\/product\/9503\/revisions\/9511"}],"wp:featuredmedia":[{"embeddable":true,"href":"https:\/\/zojopackaging.com\/pt\/wp-json\/wp\/v2\/media\/9504"}],"wp:attachment":[{"href":"https:\/\/zojopackaging.com\/pt\/wp-json\/wp\/v2\/media?parent=9503"}],"wp:term":[{"taxonomy":"product_brand","embeddable":true,"href":"https:\/\/zojopackaging.com\/pt\/wp-json\/wp\/v2\/product_brand?post=9503"},{"taxonomy":"product_cat","embeddable":true,"href":"https:\/\/zojopackaging.com\/pt\/wp-json\/wp\/v2\/product_cat?post=9503"},{"taxonomy":"product_tag","embeddable":true,"href":"https:\/\/zojopackaging.com\/pt\/wp-json\/wp\/v2\/product_tag?post=9503"}],"curies":[{"name":"wp","href":"https:\/\/api.w.org\/{rel}","templated":true}]}}