{"id":9512,"date":"2025-04-02T18:44:59","date_gmt":"2025-04-02T10:44:59","guid":{"rendered":"https:\/\/zojopackaging.com\/?post_type=product&#038;p=9512"},"modified":"2025-04-02T19:05:41","modified_gmt":"2025-04-02T11:05:41","slug":"custom-printed-luxury-christmas-valentines-day-set-gift-box","status":"publish","type":"product","link":"https:\/\/zojopackaging.com\/pt\/product\/custom-printed-luxury-christmas-valentines-day-set-gift-box\/","title":{"rendered":"Conjunto de Natal e Dia dos Namorados com impress\u00e3o personalizada Caixa de oferta de luxo"},"content":{"rendered":"<h2 id=\"-1-box-design-with-top-and-bottom-lid-one-handed-opening-and-closing-with-both-a-sense-of-ceremony-and-convenience-\"><strong>1. Design da caixa com tampa superior e inferior: abertura e fecho com uma s\u00f3 m\u00e3o, com um sentido de cerim\u00f3nia e conveni\u00eancia<\/strong><\/h2>\n<p>Adoptando a estrutura cl\u00e1ssica de caixa com tampa superior (tampa superior) e caixa inferior (caixa inferior) com design dividido, as tampas superior e inferior s\u00e3o dobradas com precis\u00e3o, com forte prote\u00e7\u00e3o e abertura e fecho suaves. Optimizando o \u00e2ngulo de abertura e o tamanho da caixa, esta pode ser facilmente aberta com uma m\u00e3o, melhorando a sensa\u00e7\u00e3o de cerim\u00f3nia de abertura e a experi\u00eancia do utilizador. O design opcional da tampa superior ou da tampa exposta \u00e0 cintura melhora ainda mais a comodidade da opera\u00e7\u00e3o, reservando espa\u00e7os ou estruturas obl\u00edquas.<\/p>\n<h2 id=\"-2-pink-healing-visual-scheme-creating-a-romantic-holiday-atmosphere-\"><strong>2. Esquema visual de cura cor-de-rosa: criar uma atmosfera rom\u00e2ntica de f\u00e9rias<\/strong><\/h2>\n<p>Tendo como cores principais o rosa flor de cerejeira suave e o rosa Morandi, combinadas com gradiente, estampagem a quente ou tecnologia UV, transmite uma sensa\u00e7\u00e3o de do\u00e7ura e cura. A superf\u00edcie pode ser coberta com pel\u00edcula mate ou papel especial com toque aveludado, combinada com padr\u00f5es geom\u00e9tricos radiais ou ilustra\u00e7\u00f5es de elementos em flor de cerejeira, para melhorar o n\u00edvel visual e a fantasia festiva. O forro \u00e9 feito de esponja rosa claro ou de material EVA, que n\u00e3o s\u00f3 protege os presentes como tamb\u00e9m mant\u00e9m a unidade do tom de cor geral.<\/p>\n<h2 id=\"-3-ribbon-accessories-the-finishing-touch-to-enhance-display-value-\"><strong>3. Acess\u00f3rios para fitas: o toque final para aumentar o valor do ecr\u00e3<\/strong><\/h2>\n<p>As fitas personalizadas s\u00e3o padr\u00e3o, com veludo, cetim, tecido e outros materiais \u00e0 escolha, e suportam a impress\u00e3o do LOGOTIPO a quente ou a impress\u00e3o de padr\u00f5es em relevo. Pode ser combinada com la\u00e7os, borlas ou fivelas met\u00e1licas para satisfazer diferentes requisitos de estilo (como veludo retro com p\u00e9rolas, fita minimalista com prata quente). O design da fita comprida real\u00e7a a eleg\u00e2ncia da caixa de oferta, adequada para cenas de oferta de f\u00e9rias, e \u00e9 f\u00e1cil de pendurar para exposi\u00e7\u00e3o.<\/p>\n<h2 id=\"-4-innovative-design-team-personalized-solutions-empower-brand-value-\"><strong>4. Equipa de design inovadora: solu\u00e7\u00f5es personalizadas refor\u00e7am o valor da marca<\/strong><\/h2>\n<p>Contando com uma equipa de design s\u00e9nior, integrando engenheiros estruturais e designers visuais, fornecendo um servi\u00e7o de processo completo desde a criatividade at\u00e9 \u00e0 implementa\u00e7\u00e3o. Por exemplo:<\/p>\n<ul>\n<li><strong>Design interativo<\/strong>: Combine estruturas rotativas, ilustra\u00e7\u00f5es em v\u00e1rias camadas ou efeitos de luz para dar ao processo de abertura uma sensa\u00e7\u00e3o de surpresa (por exemplo, mecanismos rotativos para mostrar palavras de amor escondidas).<\/li>\n<li><strong>Tecnologia inteligente<\/strong>: Integrar a tecnologia AR para digitalizar c\u00f3digos e apresentar b\u00ean\u00e7\u00e3os din\u00e2micas ou utilizar etiquetas RFID para obter rastreabilidade anti-contrafa\u00e7\u00e3o.<\/li>\n<\/ul>\n<h2 id=\"-5-highly-customized-options-adapt-to-diverse-needs-\"><strong>5. Op\u00e7\u00f5es altamente personalizadas: adaptam-se a diversas necessidades<\/strong><\/h2>\n<ul>\n<li><strong>Tipo de caixa<\/strong>: suporta a personaliza\u00e7\u00e3o de formas redondas, poligonais, especiais, etc., para satisfazer necessidades criativas de visualiza\u00e7\u00e3o.<\/li>\n<li><strong>Material<\/strong>: Op\u00e7\u00e3o de papel de cart\u00e3o cinzento ecol\u00f3gico, pasta de cana de a\u00e7\u00facar degrad\u00e1vel, papel de fibra de bambu, etc., tendo em conta a textura e a sustentabilidade.<\/li>\n<li><strong>Artesanato<\/strong>: Fornecer tratamentos de superf\u00edcie, tais como estampagem a quente\/prata, grava\u00e7\u00e3o em relevo, luz local UV, serigrafia, etc.<\/li>\n<li><strong>Tamanho<\/strong>: Ajustar de forma flex\u00edvel a estrutura de suporte interior para se adaptar a diferentes categorias, como chocolate, j\u00f3ias, cosm\u00e9ticos, etc.<\/li>\n<\/ul>\n<h2 id=\"-6-strict-control-of-quality-and-environmental-protection-commitment-create-a-trusted-choice-\"><strong>6. Controlo rigoroso da qualidade e compromisso de prote\u00e7\u00e3o ambiental: criar uma escolha de confian\u00e7a<\/strong><\/h2>\n<ul>\n<li><strong>Gest\u00e3o da produ\u00e7\u00e3o<\/strong>: Aprova\u00e7\u00e3o da certifica\u00e7\u00e3o do sistema de gest\u00e3o da qualidade ISO, 16 processos de inspe\u00e7\u00e3o da qualidade abrangem todo o processo de mat\u00e9rias-primas, impress\u00e3o, corte e montagem.<\/li>\n<li><strong>Normas de prote\u00e7\u00e3o do ambiente<\/strong>: Utilizar papel certificado FSC, tinta \u00e0 base de \u00e1gua e estrutura de fecho sem cola para reduzir a utiliza\u00e7\u00e3o de pl\u00e1sticos e apoiar a degrada\u00e7\u00e3o da reciclagem e da compostagem.<\/li>\n<li><strong>Artesanato<\/strong>: Equipado com uma m\u00e1quina de corte e vinco totalmente autom\u00e1tica e equipamento de lamina\u00e7\u00e3o para garantir que a borda da caixa seja plana e se encaixe firmemente.<\/li>\n<\/ul>\n<h2 id=\"-7-strength-of-large-scale-factories-efficient-delivery-and-cost-advantages-\"><strong>7. For\u00e7a das f\u00e1bricas em grande escala: entrega eficiente e vantagens em termos de custos<\/strong><\/h2>\n<p>A f\u00e1brica de impress\u00e3o com 16 anos de experi\u00eancia na ind\u00fastria, cobrindo uma \u00e1rea de 5.320 metros quadrados, est\u00e1 equipada com armazenamento inteligente e linhas de produ\u00e7\u00e3o flex\u00edveis, suportando personaliza\u00e7\u00e3o de pequenos lotes e encomendas em grande escala em paralelo. Baseando-se no servi\u00e7o \u00fanico de \"conce\u00e7\u00e3o-prova-produ\u00e7\u00e3o\", entrega em 7-15 dias, e ganha a reputa\u00e7\u00e3o de mercados estrangeiros como a Europa, Am\u00e9rica e Sudeste Asi\u00e1tico com desempenho de alto custo.<\/p>","protected":false},"excerpt":{"rendered":"<ol>\n<li><strong>Confirma\u00e7\u00e3o do pedido<\/strong>: Comunicar o tamanho, o estilo e os requisitos funcionais do produto e fornecer uma pr\u00e9-visualiza\u00e7\u00e3o em 3D.<\/li>\n<li><strong>Verifica\u00e7\u00e3o de provas<\/strong>: Envio de amostras f\u00edsicas no prazo de 3 dias \u00fateis, para apoio a ajustes de estrutura, cor e processo.<\/li>\n<li><strong>Produ\u00e7\u00e3o em massa<\/strong>: Utilizar o sistema ERP para acompanhar o progresso, a fim de garantir a coer\u00eancia do ciclo de entrega e da qualidade.<\/li>\n<li><strong>Garantia p\u00f3s-venda<\/strong>: Fornecer orienta\u00e7\u00e3o para a substitui\u00e7\u00e3o de produtos danificados e tratamento de prote\u00e7\u00e3o ambiental, servi\u00e7o sem preocupa\u00e7\u00f5es durante todo o processo.<\/li>\n<\/ol>","protected":false},"featured_media":9514,"template":"","meta":[],"product_brand":[],"product_cat":[30,423,425,31],"product_tag":[1198,809,1199],"class_list":{"0":"post-9512","1":"product","2":"type-product","3":"status-publish","4":"has-post-thumbnail","6":"product_cat-by-industry","7":"product_cat-custom-presentation-boxes-by-industry","8":"product_cat-lid-and-base-gift-box","9":"product_cat-paper-box-style","10":"product_tag-christmas-gift-box","11":"product_tag-custom-valentines-day-gift-box","12":"product_tag-valentines-day-set-gift-box","14":"first","15":"instock","16":"shipping-taxable","17":"product-type-grouped"},"_links":{"self":[{"href":"https:\/\/zojopackaging.com\/pt\/wp-json\/wp\/v2\/product\/9512","targetHints":{"allow":["GET"]}}],"collection":[{"href":"https:\/\/zojopackaging.com\/pt\/wp-json\/wp\/v2\/product"}],"about":[{"href":"https:\/\/zojopackaging.com\/pt\/wp-json\/wp\/v2\/types\/product"}],"version-history":[{"count":1,"href":"https:\/\/zojopackaging.com\/pt\/wp-json\/wp\/v2\/product\/9512\/revisions"}],"predecessor-version":[{"id":9519,"href":"https:\/\/zojopackaging.com\/pt\/wp-json\/wp\/v2\/product\/9512\/revisions\/9519"}],"wp:featuredmedia":[{"embeddable":true,"href":"https:\/\/zojopackaging.com\/pt\/wp-json\/wp\/v2\/media\/9514"}],"wp:attachment":[{"href":"https:\/\/zojopackaging.com\/pt\/wp-json\/wp\/v2\/media?parent=9512"}],"wp:term":[{"taxonomy":"product_brand","embeddable":true,"href":"https:\/\/zojopackaging.com\/pt\/wp-json\/wp\/v2\/product_brand?post=9512"},{"taxonomy":"product_cat","embeddable":true,"href":"https:\/\/zojopackaging.com\/pt\/wp-json\/wp\/v2\/product_cat?post=9512"},{"taxonomy":"product_tag","embeddable":true,"href":"https:\/\/zojopackaging.com\/pt\/wp-json\/wp\/v2\/product_tag?post=9512"}],"curies":[{"name":"wp","href":"https:\/\/api.w.org\/{rel}","templated":true}]}}