{"id":9520,"date":"2025-04-02T19:05:51","date_gmt":"2025-04-02T11:05:51","guid":{"rendered":"https:\/\/zojopackaging.com\/?post_type=product&#038;p=9520"},"modified":"2025-04-02T19:39:56","modified_gmt":"2025-04-02T11:39:56","slug":"flower-chocolate-heart-shaped-paper-gift-boxes-wholesale","status":"publish","type":"product","link":"https:\/\/zojopackaging.com\/pt\/product\/flower-chocolate-heart-shaped-paper-gift-boxes-wholesale\/","title":{"rendered":"Caixas de presente de papel em forma de cora\u00e7\u00e3o de chocolate com flores por atacado"},"content":{"rendered":"<h2 id=\"-i-product-structure-and-process-advantages-\"><strong>1. Estrutura do produto e vantagens do processo<\/strong><\/h2>\n<h3 id=\"1-top-and-bottom-cover-design-\">1.\u00a0<strong>Design da tampa superior e inferior<\/strong>:<\/h3>\n<p>A caixa de oferta adopta uma estrutura de cobertura superior e inferior dividida, sem design complexo de fivela ou dobradi\u00e7a, simplificando o processo de abertura e fecho. A estrutura \u00e9 optimizada atrav\u00e9s de uma disposi\u00e7\u00e3o precisa dos padr\u00f5es, e a taxa de utiliza\u00e7\u00e3o do material pode atingir mais de 82%, o que reduz significativamente os custos de produ\u00e7\u00e3o e reduz as sobras. O processo de produ\u00e7\u00e3o \u00e9 principalmente de corte e estampagem, sem etapas de montagem complexas, adequado para produ\u00e7\u00e3o em massa, e a capacidade de produ\u00e7\u00e3o di\u00e1ria pode chegar a 5.000-10.000 pe\u00e7as (dependendo do ajuste da especifica\u00e7\u00e3o).<\/p>\n<h3 id=\"2-heart-shaped-box-emotional-communication-\">2.\u00a0<strong>Caixa em forma de cora\u00e7\u00e3o comunica\u00e7\u00e3o emocional<\/strong>:<\/h3>\n<p>A forma \u00fanica em forma de cora\u00e7\u00e3o transmite diretamente a atmosfera rom\u00e2ntica atrav\u00e9s de uma est\u00e9tica geom\u00e9trica, que \u00e9 adequada para o Dia dos Namorados (que representa 45% do volume anual de encomendas), casamentos (30%), anivers\u00e1rios (20%) e outras cenas. O corpo da caixa tem linhas suaves e os cantos s\u00e3o arredondados para evitar riscos. \u00c9 combinada com papel especial mate\/perolado para melhorar o toque. Por exemplo, a caixa de presente de papel perolado apresenta um efeito de gradiente sob a luz, o que aumenta o apelo visual.<\/p>\n<h2 id=\"-2-multifunctional-adaptation-and-protection-design-\"><strong>2. Adapta\u00e7\u00e3o multifuncional e conce\u00e7\u00e3o de prote\u00e7\u00e3o<\/strong><\/h2>\n<h3 id=\"3-multi-category-compatibility-\">1. <strong>Compatibilidade com v\u00e1rias categorias<\/strong>:<\/h3>\n<p>O espa\u00e7o interno da caixa de oferta pode ser adaptado de forma flex\u00edvel a flores (altura \u2264 15cm), chocolates (grelhas normais: 6\/12\/18 grelhas), rebu\u00e7ados (capacidade de uma grelha \u00fanica 50-100g), flores de sab\u00e3o, etc., e \"uma caixa para m\u00faltiplas utiliza\u00e7\u00f5es\" pode ser conseguida atrav\u00e9s do ajustamento modular do forro. Por exemplo: uma caixa de presente de chocolate com 18 grelhas pode ser substitu\u00edda por uma combina\u00e7\u00e3o de flores + flores de sab\u00e3o para satisfazer as necessidades de diferentes festivais.<\/p>\n<h3 id=\"4-creative-ribbon-matching-scheme-\">2. <strong>Esquema criativo de combina\u00e7\u00e3o de fitas<\/strong>:<\/h3>\n<p>Fita de cetim normal com 3 cm de largura (12 cores opcionais vermelho\/rosa\/dourado\/prata, etc.), suporte para log\u00f3tipo personalizado de estampagem a quente, padr\u00e3o em relevo ou design de tecido de duas cores. Fornece 6 tutoriais de amarra\u00e7\u00e3o, como la\u00e7os e n\u00f3s de rosa. Por exemplo, os la\u00e7os de camada dupla podem melhorar o sentido tridimensional e as etiquetas met\u00e1licas (como as placas de identifica\u00e7\u00e3o gravadas) podem melhorar o sentido de luxo.<\/p>\n<h2 id=\"-iii-precision-customization-and-safety-guarantee-\"><strong>3. Personaliza\u00e7\u00e3o de precis\u00e3o e garantia de seguran\u00e7a<\/strong><\/h2>\n<h3 id=\"5-precision-protection-system-for-lining-\">1. <strong>Sistema de prote\u00e7\u00e3o de precis\u00e3o para revestimento<\/strong>:<\/h3>\n<p>Utilizando espuma EVA ou forro de papel ondulado, o controlo de erro de \u00b10,1mm \u00e9 conseguido atrav\u00e9s da tecnologia de corte a laser UV, que \u00e9 adequada para produtos com formas especiais (tais como formas irregulares de chocolate). A espessura do revestimento pode ser selecionada entre 3-10mm, e a resist\u00eancia \u00e0 compress\u00e3o \u00e9 de at\u00e9 50kg\/m\u00b2. Foi verificado atrav\u00e9s de testes de transporte simulados que pode resistir a choques log\u00edsticos.<\/p>\n<h3 id=\"6-full-dimensional-customization-service-\">2. <strong>Servi\u00e7o de personaliza\u00e7\u00e3o de dimens\u00f5es completas<\/strong>:<\/h3>\n<ul>\n<li><strong>Tamanho<\/strong>: Suporta qualquer ajuste de especifica\u00e7\u00e3o dentro do intervalo de 8-50cm de di\u00e2metro e 5-70cm de altura. Tamanhos especiais de grandes dimens\u00f5es (como caixas de presente principais de casamento com 60 cm de di\u00e2metro) requerem moldes adicionais.<\/li>\n<li><strong>Material<\/strong>: Fornecer cart\u00e3o branco (250-400g), papel art\u00edstico (imita\u00e7\u00e3o de couro\/gr\u00e3o de madeira), papel de pasta de bambu amigo do ambiente (degrad\u00e1vel) e outras op\u00e7\u00f5es, entre as quais o custo do papel de pasta de bambu \u00e9 15% inferior ao dos materiais tradicionais.<\/li>\n<li><strong>Processo de impress\u00e3o<\/strong>: estampagem a quente opcional\/prata, verniz local UV, impress\u00e3o em relevo 3D, como a caixa de presente do Dia dos Namorados com padr\u00e3o tridimensional de rosas + combina\u00e7\u00e3o de texto de estampagem a quente.<\/li>\n<\/ul>\n<h2 id=\"-fourth-source-factory-service-and-cost-advantage-\"><strong>4. Servi\u00e7o de f\u00e1brica de origem e vantagem de custo<\/strong><\/h2>\n<h3 id=\"7-one-stop-supply-chain-support-\">1. <strong>Apoio \u00e0 cadeia de abastecimento num s\u00f3 local<\/strong>:<\/h3>\n<ul>\n<li><strong>Amostras gr\u00e1tis<\/strong>: Fornecer 3 amostras de vers\u00e3o b\u00e1sica (incluindo o tipo de caixa padr\u00e3o em forma de cora\u00e7\u00e3o \/ 6 grades \/ 12 grades), enviadas dentro de 48 horas.<\/li>\n<li><strong>Servi\u00e7o de design<\/strong>: A equipa profissional apoia a otimiza\u00e7\u00e3o inteligente da disposi\u00e7\u00e3o da IA e fornece 3 conjuntos de solu\u00e7\u00f5es de design (incluindo renderiza\u00e7\u00f5es 3D) no prazo de 3 dias \u00fateis.<\/li>\n<\/ul>","protected":false},"excerpt":{"rendered":"<ol>\n<li><strong>Confirma\u00e7\u00e3o do pedido<\/strong>: Fornecer informa\u00e7\u00f5es b\u00e1sicas, como a dimens\u00e3o do produto, o cen\u00e1rio previsto, o estilo de conce\u00e7\u00e3o, etc.<\/li>\n<li><strong>Conce\u00e7\u00e3o do esquema<\/strong>: Feedback do modelo 3D e or\u00e7amento no prazo de 48 horas.<\/li>\n<li><strong>Confirma\u00e7\u00e3o da amostra<\/strong>: Prova gratuita (1-3 dias \u00fateis)<\/li>\n<li><strong>Produ\u00e7\u00e3o em massa<\/strong>: 5.000.000 de encomendas padr\u00e3o s\u00e3o entregues em 7-10 dias, e o servi\u00e7o expedito \u00e9 suportado.<\/li>\n<\/ol>","protected":false},"featured_media":9537,"template":"","meta":[],"product_brand":[],"product_cat":[30,423,425,31],"product_tag":[728,1201,1200],"class_list":{"0":"post-9520","1":"product","2":"type-product","3":"status-publish","4":"has-post-thumbnail","6":"product_cat-by-industry","7":"product_cat-custom-presentation-boxes-by-industry","8":"product_cat-lid-and-base-gift-box","9":"product_cat-paper-box-style","10":"product_tag-chocolate-gift-boxes","11":"product_tag-flower-gift-boxes-wholesale","12":"product_tag-heart-shaped-gift-boxes","14":"first","15":"instock","16":"shipping-taxable","17":"product-type-grouped"},"_links":{"self":[{"href":"https:\/\/zojopackaging.com\/pt\/wp-json\/wp\/v2\/product\/9520","targetHints":{"allow":["GET"]}}],"collection":[{"href":"https:\/\/zojopackaging.com\/pt\/wp-json\/wp\/v2\/product"}],"about":[{"href":"https:\/\/zojopackaging.com\/pt\/wp-json\/wp\/v2\/types\/product"}],"version-history":[{"count":1,"href":"https:\/\/zojopackaging.com\/pt\/wp-json\/wp\/v2\/product\/9520\/revisions"}],"predecessor-version":[{"id":9538,"href":"https:\/\/zojopackaging.com\/pt\/wp-json\/wp\/v2\/product\/9520\/revisions\/9538"}],"wp:featuredmedia":[{"embeddable":true,"href":"https:\/\/zojopackaging.com\/pt\/wp-json\/wp\/v2\/media\/9537"}],"wp:attachment":[{"href":"https:\/\/zojopackaging.com\/pt\/wp-json\/wp\/v2\/media?parent=9520"}],"wp:term":[{"taxonomy":"product_brand","embeddable":true,"href":"https:\/\/zojopackaging.com\/pt\/wp-json\/wp\/v2\/product_brand?post=9520"},{"taxonomy":"product_cat","embeddable":true,"href":"https:\/\/zojopackaging.com\/pt\/wp-json\/wp\/v2\/product_cat?post=9520"},{"taxonomy":"product_tag","embeddable":true,"href":"https:\/\/zojopackaging.com\/pt\/wp-json\/wp\/v2\/product_tag?post=9520"}],"curies":[{"name":"wp","href":"https:\/\/api.w.org\/{rel}","templated":true}]}}