{"id":9539,"date":"2025-04-02T19:40:09","date_gmt":"2025-04-02T11:40:09","guid":{"rendered":"https:\/\/zojopackaging.com\/?post_type=product&#038;p=9539"},"modified":"2025-04-02T20:05:05","modified_gmt":"2025-04-02T12:05:05","slug":"necklace-earrings-bracelet-ring-packaging-boxes-wholesale","status":"publish","type":"product","link":"https:\/\/zojopackaging.com\/pt\/product\/necklace-earrings-bracelet-ring-packaging-boxes-wholesale\/","title":{"rendered":"Colar Brincos Pulseira Anel Caixas de embalagem por atacado"},"content":{"rendered":"<h2 id=\"-1-luxurious-appearance-design-highlighting-the-high-end-sense-of-jewelry-\"><strong>1. Design de apar\u00eancia luxuosa, real\u00e7ando o sentido de alta qualidade das j\u00f3ias<\/strong><\/h2>\n<ul>\n<li><strong>Combina\u00e7\u00e3o cl\u00e1ssica de cores preto e dourado<\/strong>: O corpo da caixa \u00e9 feito de cart\u00e3o duro preto mate, com linhas decorativas ou log\u00f3tipos da marca gravados a quente a 24K, e o forro \u00e9 feito de veludo dourado de alta densidade ou cart\u00e3o flocado para criar impacto visual e luxo t\u00e1til.<\/li>\n<li><strong>Estrutura especial da caixa<\/strong>: Caixas de exposi\u00e7\u00e3o personaliz\u00e1veis do tipo flip-top, tipo gaveta, com abertura e fecho em forma de livro ou em camadas, atrav\u00e9s de um design de espa\u00e7o tridimensional para melhorar o efeito de exposi\u00e7\u00e3o das j\u00f3ias, tais como suportes para pendurar colares, ranhuras para an\u00e9is, ranhuras para brincos, etc., para aumentar a atratividade do produto.<\/li>\n<\/ul>\n<h2 id=\"-2-highly-customized-service-precise-adaptation-needs-\"><strong>2. Servi\u00e7o altamente personalizado, necessidades de adapta\u00e7\u00e3o precisas<\/strong><\/h2>\n<ul>\n<li><strong>Disposi\u00e7\u00e3o interna flex\u00edvel<\/strong>: De acordo com os diferentes tamanhos de j\u00f3ias, tais como colares, brincos, pulseiras, an\u00e9is, etc., providencie divis\u00f3rias ajust\u00e1veis, suportes interiores de esponja ou estruturas de fixa\u00e7\u00e3o magn\u00e9tica para garantir que o produto \u00e9 est\u00e1vel e intuitivo de expor.<\/li>\n<li><strong>Personaliza\u00e7\u00e3o completa<\/strong>:<\/li>\n<li><strong>Tamanho e tipo de caixa<\/strong>: Suporta uma variedade de especifica\u00e7\u00f5es de 5cm\u00d75cm a 30cm\u00d730cm, satisfazendo as necessidades de embalagem de um \u00fanico produto ou de caixas de oferta de conjuntos.<\/li>\n<li><strong>Material e artesanato<\/strong>: EVA ecol\u00f3gico opcional, papel canelado, papel art\u00edstico e outros substratos, com m\u00e1scara mate\/brilhante, estampagem, estampagem UV e outros processos na superf\u00edcie.<\/li>\n<li><strong>Impress\u00e3o e decora\u00e7\u00e3o<\/strong>: Suporta estampagem a quente\/prata, serigrafia, grava\u00e7\u00e3o a laser e outros processos, e pode personalizar o LOGOTIPO da marca, o padr\u00e3o e o esquema de cores exclusivo.<\/li>\n<\/ul>\n<h2 id=\"-3-hot-stamping-technology-to-enhance-the-high-end-image-of-the-brand-\"><strong>3. Tecnologia de estampagem a quente em folha de ouro para melhorar a imagem de topo de gama da marca<\/strong><\/h2>\n<ul>\n<li>Utilizar folha de estampagem a quente importada e moldes de precis\u00e3o para criar texturas delicadas de brilho met\u00e1lico na tampa da caixa, no rebordo ou no forro, melhorar a textura da embalagem, atrair a aten\u00e7\u00e3o dos consumidores \u00e0 primeira vista e aumentar o reconhecimento da marca.<\/li>\n<\/ul>\n<h2 id=\"-4-environmental-protection-and-sustainable-concept-\"><strong>4. Prote\u00e7\u00e3o do ambiente e conceito sustent\u00e1vel<\/strong><\/h2>\n<ul>\n<li>Todas as mat\u00e9rias-primas s\u00e3o certificadas pelo FSC, cumprem as normas de prote\u00e7\u00e3o ambiental REACH da UE, s\u00e3o n\u00e3o t\u00f3xicas e inofensivas, recicl\u00e1veis e degrad\u00e1veis, ajudando a marca a transmitir um valor verde de alta qualidade.<\/li>\n<\/ul>\n<h2 id=\"-production-and-delivery-guarantee-\"><strong>Garantia de produ\u00e7\u00e3o e de entrega<\/strong><\/h2>\n<ul>\n<li><strong>Produ\u00e7\u00e3o inteligente<\/strong>: O equipamento totalmente autom\u00e1tico de corte e vinco, montagem e estampagem a quente garante a consist\u00eancia do processo, com uma taxa de erro inferior a 0,1%, e as encomendas em lote s\u00e3o entregues em 7-15 dias.<\/li>\n<li><strong>Processo de inspe\u00e7\u00e3o de qualidade rigoroso<\/strong>: Desde o armazenamento da mat\u00e9ria-prima at\u00e9 \u00e0 entrega do produto acabado, s\u00e3o implementadas 6 liga\u00e7\u00f5es de inspe\u00e7\u00e3o de qualidade para garantir que a caixa de embalagem n\u00e3o tem riscos, descolora\u00e7\u00e3o, deforma\u00e7\u00e3o e outros problemas.<\/li>\n<\/ul>\n<h2 id=\"-cooperation-process-\"><strong>Processo de coopera\u00e7\u00e3o<\/strong><\/h2>\n<ol>\n<li><strong>Comunica\u00e7\u00e3o da procura<\/strong>: Fornecer projectos de design ou mandar uma equipa profissional fazer amostras gr\u00e1tis;<\/li>\n<li><strong>Confirma\u00e7\u00e3o do regime<\/strong>: Fornecer renderiza\u00e7\u00f5es em 3D e pormenores do or\u00e7amento no prazo de 3 dias \u00fateis;<\/li>\n<li><strong>Entrega da produ\u00e7\u00e3o<\/strong>: Organizar a produ\u00e7\u00e3o o mais rapidamente poss\u00edvel ap\u00f3s a assinatura do contrato e acompanhar a evolu\u00e7\u00e3o da log\u00edstica ao longo de todo o processo.<\/li>\n<\/ol>","protected":false},"excerpt":{"rendered":"<p>Experi\u00eancia de luxo ao desembalar - Impressione os clientes com uma apresenta\u00e7\u00e3o de alta qualidade.<br \/>\n\ud83d\udee1\ufe0f Prote\u00e7\u00e3o de j\u00f3ias - A estrutura resistente a choques mant\u00e9m os artigos seguros.<br \/>\n\ud83c\udfa8 Impulso da marca - Os exteriores personaliz\u00e1veis amplificam o reconhecimento da marca.<br \/>\n\ud83d\udce6 Escalonamento rent\u00e1vel - Os pre\u00e7os por grosso reduzem os custos por unidade em 40%.<br \/>\nAmigo do ambiente - Os materiais recicl\u00e1veis est\u00e3o em sintonia com os valores sustent\u00e1veis.<\/p>","protected":false},"featured_media":9541,"template":"","meta":[],"product_brand":[],"product_cat":[30,415,428,31],"product_tag":[1203,1202,1025],"class_list":{"0":"post-9539","1":"product","2":"type-product","3":"status-publish","4":"has-post-thumbnail","6":"product_cat-by-industry","7":"product_cat-custom-jewelry-boxes-by-industry","8":"product_cat-irregular-shaped-gift-boxes","9":"product_cat-paper-box-style","10":"product_tag-earrings-boxes-wholesale","11":"product_tag-necklace-bracelet-boxes-wholesale","12":"product_tag-ring-packaging-boxes","14":"first","15":"instock","16":"shipping-taxable","17":"product-type-grouped"},"_links":{"self":[{"href":"https:\/\/zojopackaging.com\/pt\/wp-json\/wp\/v2\/product\/9539","targetHints":{"allow":["GET"]}}],"collection":[{"href":"https:\/\/zojopackaging.com\/pt\/wp-json\/wp\/v2\/product"}],"about":[{"href":"https:\/\/zojopackaging.com\/pt\/wp-json\/wp\/v2\/types\/product"}],"version-history":[{"count":1,"href":"https:\/\/zojopackaging.com\/pt\/wp-json\/wp\/v2\/product\/9539\/revisions"}],"predecessor-version":[{"id":9547,"href":"https:\/\/zojopackaging.com\/pt\/wp-json\/wp\/v2\/product\/9539\/revisions\/9547"}],"wp:featuredmedia":[{"embeddable":true,"href":"https:\/\/zojopackaging.com\/pt\/wp-json\/wp\/v2\/media\/9541"}],"wp:attachment":[{"href":"https:\/\/zojopackaging.com\/pt\/wp-json\/wp\/v2\/media?parent=9539"}],"wp:term":[{"taxonomy":"product_brand","embeddable":true,"href":"https:\/\/zojopackaging.com\/pt\/wp-json\/wp\/v2\/product_brand?post=9539"},{"taxonomy":"product_cat","embeddable":true,"href":"https:\/\/zojopackaging.com\/pt\/wp-json\/wp\/v2\/product_cat?post=9539"},{"taxonomy":"product_tag","embeddable":true,"href":"https:\/\/zojopackaging.com\/pt\/wp-json\/wp\/v2\/product_tag?post=9539"}],"curies":[{"name":"wp","href":"https:\/\/api.w.org\/{rel}","templated":true}]}}