{"id":9548,"date":"2025-04-02T20:05:47","date_gmt":"2025-04-02T12:05:47","guid":{"rendered":"https:\/\/zojopackaging.com\/?post_type=product&#038;p=9548"},"modified":"2025-04-02T20:52:05","modified_gmt":"2025-04-02T12:52:05","slug":"jewelry-necklace-ring-bracelet-earring-packaging-box-supplier","status":"publish","type":"product","link":"https:\/\/zojopackaging.com\/pt\/product\/jewelry-necklace-ring-bracelet-earring-packaging-box-supplier\/","title":{"rendered":"Caixa de embalagem de brincos para colares e an\u00e9is de j\u00f3ias Fornecedor"},"content":{"rendered":"<h2 id=\"-1-convenient-pull-out-box-design-\"><strong>1. Design c\u00f3modo da caixa extra\u00edvel<\/strong><\/h2>\n<ul>\n<li><strong>Estrutura de abertura e fecho deslizante<\/strong>: O corpo da caixa extra\u00edvel \u00e9 feito de moldes de precis\u00e3o, que abre e fecha suavemente e pode ser facilmente operado pelos utilizadores com uma m\u00e3o,\u00a0<strong>poupan\u00e7a de mais de 50% do tempo de abertura<\/strong>e refor\u00e7ando a sensa\u00e7\u00e3o de cerim\u00f3nia e conveni\u00eancia do desembalamento.<\/li>\n<li><strong>Durabilidade e estabilidade<\/strong>: O corpo da caixa combina cart\u00e3o de alta gramagem e tecnologia de refor\u00e7o para garantir que n\u00e3o se deforma ap\u00f3s v\u00e1rias aberturas e fechos e \u00e9 adequado para a utiliza\u00e7\u00e3o a longo prazo de caixas de oferta de j\u00f3ias.<\/li>\n<\/ul>\n<h2 id=\"-2-brand-customized-design-service-\"><strong>2. Servi\u00e7o de design personalizado da marca<\/strong><\/h2>\n<ul>\n<li><strong>Tipo de caixa e personaliza\u00e7\u00e3o visual<\/strong>: Fornecer uma variedade de tipos de caixas, tais como caixas de gavetas, caixas em forma de livro e tampas, suporte\u00a0<strong>tamanho exclusivo, curvatura, janela<\/strong>\u00a0e outros desenhos personalizados, e correspondem exatamente ao tom da marca.<\/li>\n<li><strong>Atualiza\u00e7\u00e3o do processo de superf\u00edcie<\/strong>: Op\u00e7\u00e3o de estampagem a quente\/prata, grava\u00e7\u00e3o em relevo, verniz local UV, serigrafia e outros processos, combinados com a impress\u00e3o a cores diretas Pantone, para melhorar o log\u00f3tipo da marca e o impacto visual.<\/li>\n<\/ul>\n<h2 id=\"-3-eva-flocking-anti-seismic-lining-\"><strong>3. Revestimento antiss\u00edsmico em EVA<\/strong><\/h2>\n<ul>\n<li><strong>Prote\u00e7\u00e3o total<\/strong>: O forro em EVA de alta densidade \u00e9 personalizado para se adaptar ao contorno das j\u00f3ias, e a superf\u00edcie \u00e9 delicada e macia,\u00a0<strong>absorve eficazmente a vibra\u00e7\u00e3o do transporte e o impacto da queda<\/strong>e evitar riscos ou desloca\u00e7\u00f5es do produto.<\/li>\n<li><strong>Atualiza\u00e7\u00e3o visual e t\u00e1til<\/strong>: O revestimento em flocagem proporciona efeitos mate\/brilhantes e est\u00e3o dispon\u00edveis cores luxuosas como o preto, o branco, o dourado e o bordeaux, tendo em conta a prote\u00e7\u00e3o e a beleza da apresenta\u00e7\u00e3o.<\/li>\n<\/ul>\n<h2 id=\"-4-ribbon-accessories-and-detailed-design-\"><strong>4. Acess\u00f3rios para fitas e desenho pormenorizado<\/strong><\/h2>\n<ul>\n<li><strong>Elementos decorativos de alta qualidade<\/strong>: Fitas personalizadas incorporadas (os materiais de musselina, cetim e veludo s\u00e3o opcionais), juntamente com etiquetas com o log\u00f3tipo da marca ou fivelas decorativas de metal, para melhorar a sensa\u00e7\u00e3o de cerim\u00f3nia de desembalagem.<\/li>\n<li><strong>Combina\u00e7\u00e3o de fun\u00e7\u00e3o e est\u00e9tica<\/strong>: O design do la\u00e7o tem em conta o car\u00e1cter pr\u00e1tico da caixa extra\u00edvel, ao mesmo tempo que real\u00e7a o requinte e os atributos de oferta da embalagem,\u00a0<strong>aumentar o valor acrescentado do produto em 20%+<\/strong>.<\/li>\n<\/ul>\n<h2 id=\"-5-flexible-customization-system-\"><strong>5. Sistema de personaliza\u00e7\u00e3o flex\u00edvel<\/strong><\/h2>\n<ul>\n<li><strong>Personaliza\u00e7\u00e3o de todas as dimens\u00f5es<\/strong>: Desde a estrutura da caixa, passando pela divis\u00f3ria do forro, at\u00e9 aos detalhes dos acess\u00f3rios, suporta um design de adapta\u00e7\u00e3o 1:1 de acordo com as categorias de j\u00f3ias (colares, brincos, pulseiras, etc.), satisfazendo diferentes necessidades de posicionamento, tais como artigos de luxo topo de gama, fast fashion de luxo ligeiro, etc.<\/li>\n<li><strong>Op\u00e7\u00f5es de materiais amigos do ambiente<\/strong>: Fornecer materiais amigos do ambiente, tais como papel certificado pelo FSC, EVA degrad\u00e1vel e seda reciclada, para ajudar as marcas a praticarem o conceito de desenvolvimento sustent\u00e1vel.<\/li>\n<\/ul>\n<h2 id=\"-6-intelligent-lining-partition-system-\"><strong>6. Sistema inteligente de divis\u00f3rias de revestimento<\/strong><\/h2>\n<ul>\n<li><strong>Fixa\u00e7\u00e3o precisa do produto<\/strong>: Conceber ranhuras para cart\u00f5es, ranhuras ou tiras el\u00e1sticas independentes, de acordo com o tamanho das j\u00f3ias, para garantir que n\u00e3o haja trepida\u00e7\u00e3o durante o transporte, ao mesmo tempo que se consegue uma apresenta\u00e7\u00e3o ordenada ao n\u00edvel do expositor.<\/li>\n<li><strong>Camadas multifuncionais<\/strong>: Suporta uma estrutura de camadas destac\u00e1veis, adapta-se a embalagens combinadas de j\u00f3ias de v\u00e1rias pe\u00e7as, melhora a praticidade da embalagem e a satisfa\u00e7\u00e3o do cliente.<\/li>\n<\/ul>\n<h2 id=\"-production-and-service-guarantee-\"><strong>Garantia de produ\u00e7\u00e3o e de servi\u00e7o<\/strong><\/h2>\n<ul>\n<li><strong>Controlo de qualidade de todo o processo<\/strong>: Desde a prova do projeto at\u00e9 \u00e0 produ\u00e7\u00e3o em massa, implementamos o sistema de gest\u00e3o da qualidade ISO 9001 para garantir a consist\u00eancia da cor, do material, do processo e dos desenhos.<\/li>\n<li><strong>Entrega de resposta r\u00e1pida<\/strong>: A prototipagem \u00e9 conclu\u00edda em 15 dias, suportando encomendas de pequenos lotes (encomenda m\u00ednima de 500 pe\u00e7as), e o ciclo de entrega de grandes mercadorias \u00e9 encurtado para 7-14 dias.<\/li>\n<li><strong>Apoio ao transporte global<\/strong>: Fornecemos solu\u00e7\u00f5es log\u00edsticas \u00e0 prova de humidade e de choques e podemos afixar etiquetas de transporte internacional em seu nome para garantir que a embalagem est\u00e1 intacta e chega diretamente ao terminal.<\/li>\n<\/ul>","protected":false},"excerpt":{"rendered":"<p>\u2705\u00a0<strong>Melhoria do pr\u00e9mio da marca<\/strong>: Refor\u00e7ar a competitividade no mercado atrav\u00e9s de um design de embalagem diferenciado;<br \/>\n\u2705\u00a0<strong>Compromisso de taxa de danos zero<\/strong>: Reduzir os custos p\u00f3s-venda com solu\u00e7\u00f5es de prote\u00e7\u00e3o profissional;<br \/>\n\u2705\u00a0<strong>Servi\u00e7o de balc\u00e3o \u00fanico<\/strong>: Sem preocupa\u00e7\u00f5es, desde a conce\u00e7\u00e3o at\u00e9 \u00e0 entrega, ajudando as marcas a concentrarem-se na sua atividade principal.<\/p>","protected":false},"featured_media":9554,"template":"","meta":[],"product_brand":[],"product_cat":[30,415,31,426],"product_tag":[1205,1206,1204],"class_list":{"0":"post-9548","1":"product","2":"type-product","3":"status-publish","4":"has-post-thumbnail","6":"product_cat-by-industry","7":"product_cat-custom-jewelry-boxes-by-industry","8":"product_cat-paper-box-style","9":"product_cat-paper-drawer-boxes","10":"product_tag-custom-necklace-ring-boxes","11":"product_tag-earring-packaging-box-supplier","12":"product_tag-jewelry-packaging-box","14":"first","15":"instock","16":"shipping-taxable","17":"product-type-grouped"},"_links":{"self":[{"href":"https:\/\/zojopackaging.com\/pt\/wp-json\/wp\/v2\/product\/9548","targetHints":{"allow":["GET"]}}],"collection":[{"href":"https:\/\/zojopackaging.com\/pt\/wp-json\/wp\/v2\/product"}],"about":[{"href":"https:\/\/zojopackaging.com\/pt\/wp-json\/wp\/v2\/types\/product"}],"version-history":[{"count":1,"href":"https:\/\/zojopackaging.com\/pt\/wp-json\/wp\/v2\/product\/9548\/revisions"}],"predecessor-version":[{"id":9555,"href":"https:\/\/zojopackaging.com\/pt\/wp-json\/wp\/v2\/product\/9548\/revisions\/9555"}],"wp:featuredmedia":[{"embeddable":true,"href":"https:\/\/zojopackaging.com\/pt\/wp-json\/wp\/v2\/media\/9554"}],"wp:attachment":[{"href":"https:\/\/zojopackaging.com\/pt\/wp-json\/wp\/v2\/media?parent=9548"}],"wp:term":[{"taxonomy":"product_brand","embeddable":true,"href":"https:\/\/zojopackaging.com\/pt\/wp-json\/wp\/v2\/product_brand?post=9548"},{"taxonomy":"product_cat","embeddable":true,"href":"https:\/\/zojopackaging.com\/pt\/wp-json\/wp\/v2\/product_cat?post=9548"},{"taxonomy":"product_tag","embeddable":true,"href":"https:\/\/zojopackaging.com\/pt\/wp-json\/wp\/v2\/product_tag?post=9548"}],"curies":[{"name":"wp","href":"https:\/\/api.w.org\/{rel}","templated":true}]}}