{"id":9556,"date":"2025-04-02T20:52:14","date_gmt":"2025-04-02T12:52:14","guid":{"rendered":"https:\/\/zojopackaging.com\/?post_type=product&#038;p=9556"},"modified":"2025-04-02T21:12:26","modified_gmt":"2025-04-02T13:12:26","slug":"weave-extension-wig-virgin-hair-box-manufacturer-with-ribbon","status":"publish","type":"product","link":"https:\/\/zojopackaging.com\/pt\/product\/weave-extension-wig-virgin-hair-box-manufacturer-with-ribbon\/","title":{"rendered":"Cabeleira de Extens\u00e3o de Tecido Cabelo Virgem Caixa Fabricante com Fita"},"content":{"rendered":"<h2 id=\"-1-convenient-flip-cover-design-optimized-unboxing-experience-\"><strong>1. Design pr\u00e1tico da tampa articulada, experi\u00eancia de desembalagem optimizada<\/strong><\/h2>\n<ul>\n<li><strong>Caixa com tampa flip magn\u00e9tica de um s\u00f3 toque<\/strong>: Com um design de fivela magn\u00e9tica de precis\u00e3o, pode ser aberta e fechada com um simples toque, sem procedimentos de opera\u00e7\u00e3o complicados, proporcionando aos clientes uma experi\u00eancia de desembalagem sem problemas.<\/li>\n<li><strong>Estrutura refor\u00e7ada dos bordos<\/strong>: O cart\u00e3o duro de 1200 g suporta o corpo da caixa, que \u00e9 resistente \u00e0 press\u00e3o e \u00e0 deforma\u00e7\u00e3o, garantindo a seguran\u00e7a do transporte e a possibilidade de reutiliza\u00e7\u00e3o.<\/li>\n<\/ul>\n<h2 id=\"-2-green-ribbon-decoration-to-create-a-gift-level-elegance-\"><strong>2. Decora\u00e7\u00e3o com fita verde para criar uma eleg\u00e2ncia ao n\u00edvel da prenda<\/strong><\/h2>\n<ul>\n<li><strong>Fita verde escura personalizada<\/strong>: A parte superior da tampa da caixa tem uma fita verde mate, que pode ser combinada com a estampagem a quente do LOGOTIPO da marca para aumentar a atratividade da exposi\u00e7\u00e3o a retalho e fazer com que o produto se destaque na prateleira.<\/li>\n<li><strong>Design multifuncional da fita<\/strong>: Pode n\u00e3o s\u00f3 fixar a tampa da caixa, mas tamb\u00e9m ser utilizado como pega ou elemento decorativo, adequado para cenas de presentes de Natal.<\/li>\n<\/ul>\n<h2 id=\"-3-luxurious-silk-lining-gives-the-product-a-sense-of-refinement-\"><strong>3. O luxuoso forro de seda confere ao produto uma sensa\u00e7\u00e3o de requinte<\/strong><\/h2>\n<ul>\n<li><strong>Forro de seda amigo do ambiente<\/strong>: A caixa utiliza tecido de seda reciclado certificado pelo FSC (verde escuro), que \u00e9 macio e delicado ao tato. Permite n\u00e3o s\u00f3 amortecer e proteger a peruca, mas tamb\u00e9m melhorar o n\u00edvel visual atrav\u00e9s do contraste de cores.<\/li>\n<li><strong>Conceito est\u00e9tico vibrante<\/strong>: O verde simboliza a natureza e a renova\u00e7\u00e3o, ecoando o conceito de \"renova\u00e7\u00e3o\" dos produtos wig e estimulando a resson\u00e2ncia emocional dos consumidores.<\/li>\n<\/ul>\n<h2 id=\"-4-double-sided-brand-printing-to-enhance-communication-effect-\"><strong>4. Impress\u00e3o da marca em dupla face para aumentar o efeito de comunica\u00e7\u00e3o<\/strong><\/h2>\n<ul>\n<li><strong>Conce\u00e7\u00e3o exterior<\/strong>: A caixa de fundo branco mate com a vis\u00e3o principal da marca (estampagem a quente\/processo UV) real\u00e7a o posicionamento de topo de gama;<\/li>\n<li><strong>Intelig\u00eancia interior<\/strong>: Depois de abrir a capa, o c\u00f3digo QR das redes sociais (Instagram\/YouTube\/TikTok) \u00e9 impresso no interior para orientar os clientes a digitalizar o c\u00f3digo para intera\u00e7\u00e3o e alargar a liga\u00e7\u00e3o de exposi\u00e7\u00e3o da marca.<\/li>\n<\/ul>\n<h2 id=\"-5-high-end-material-combination-taking-into-account-durability-and-beauty-\"><strong>5. Combina\u00e7\u00e3o de materiais de alta qualidade, tendo em conta a durabilidade e a beleza<\/strong><\/h2>\n<ul>\n<li><strong>Tecnologia de estruturas comp\u00f3sitas<\/strong>:<\/li>\n<li>Camada exterior: Papel revestido C2S de 157 g (pel\u00edcula mate de dupla face), anti-riscos, anti-impress\u00e3o digital, com um brilho delicado;<\/li>\n<li>Camada interior: Cart\u00e3o duro de 1200 g, com forte resist\u00eancia ao impacto, adequado para necessidades de transporte a longa dist\u00e2ncia.<\/li>\n<\/ul>\n<h2 id=\"-6-flexible-customization-service-to-meet-diverse-needs-\"><strong>6. Servi\u00e7o de personaliza\u00e7\u00e3o flex\u00edvel para responder a diversas necessidades<\/strong><\/h2>\n<ul>\n<li><strong>Personaliza\u00e7\u00e3o de todas as dimens\u00f5es<\/strong>:<\/li>\n<li><strong>Tipo de caixa<\/strong>: caixa flip, caixa de gavetas, caixa em forma de livro, etc;<\/li>\n<li><strong>Tamanho<\/strong>: suporta a personaliza\u00e7\u00e3o do comprimento da peruca de 12 \"-24\", corresponde com precis\u00e3o ao volume do produto;<\/li>\n<li><strong>Processo de impress\u00e3o<\/strong>: estampagem a quente, grava\u00e7\u00e3o em relevo, UV local, efeitos de grava\u00e7\u00e3o, etc., para satisfazer as necessidades de diferencia\u00e7\u00e3o da marca.<\/li>\n<\/ul>\n<h2 id=\"-7-environmental-commitment-practice-sustainable-development-\"><strong>7. Compromisso ambiental, pr\u00e1tica do desenvolvimento sustent\u00e1vel<\/strong><\/h2>\n<ul>\n<li><strong>Normas de produ\u00e7\u00e3o ecol\u00f3gica<\/strong>:<\/li>\n<li>Mat\u00e9rias-primas: 100% Cart\u00e3o ecol\u00f3gico certificado pelo FSC, degrad\u00e1vel e recicl\u00e1vel;<\/li>\n<li>Processo de impress\u00e3o: tinta vegetal de soja, n\u00e3o t\u00f3xica e com baixas emiss\u00f5es, em conformidade com as normas ambientais REACH da UE;<\/li>\n<li>Processo de produ\u00e7\u00e3o: passou a certifica\u00e7\u00e3o do sistema de gest\u00e3o ambiental ISO 14001 para reduzir a pegada de carbono.<\/li>\n<\/ul>","protected":false},"excerpt":{"rendered":"<ul>\n<li><strong>Solu\u00e7\u00e3o de embalagem \u00fanica<\/strong>: Desde a conce\u00e7\u00e3o at\u00e9 \u00e0 produ\u00e7\u00e3o em massa, o apoio de uma equipa profissional durante todo o processo;<\/li>\n<li><strong>Resposta r\u00e1pida \u00e0 prova<\/strong>: Fornecer amostras f\u00edsicas no prazo de 3 a 5 dias \u00fateis para garantir a implementa\u00e7\u00e3o exacta do projeto;<\/li>\n<li><strong>Garantia da cadeia de abastecimento global<\/strong>: Apoiar a produ\u00e7\u00e3o flex\u00edvel de pequenos e m\u00e9dios lotes, tendo em conta a efici\u00eancia dos custos e da entrega.<\/li>\n<\/ul>","protected":false},"featured_media":9557,"template":"","meta":[],"product_brand":[],"product_cat":[30,421,424,31],"product_tag":[1209,1207,1208],"class_list":{"0":"post-9556","1":"product","2":"type-product","3":"status-publish","4":"has-post-thumbnail","6":"product_cat-by-industry","7":"product_cat-custom-hair-extension-boxes","8":"product_cat-magnetic-closure-boxes","9":"product_cat-paper-box-style","10":"product_tag-custom-wig-hair-box-manufacturer","11":"product_tag-weave-extension-box","12":"product_tag-wig-virgin-hair-box","14":"first","15":"instock","16":"shipping-taxable","17":"product-type-grouped"},"_links":{"self":[{"href":"https:\/\/zojopackaging.com\/pt\/wp-json\/wp\/v2\/product\/9556","targetHints":{"allow":["GET"]}}],"collection":[{"href":"https:\/\/zojopackaging.com\/pt\/wp-json\/wp\/v2\/product"}],"about":[{"href":"https:\/\/zojopackaging.com\/pt\/wp-json\/wp\/v2\/types\/product"}],"version-history":[{"count":1,"href":"https:\/\/zojopackaging.com\/pt\/wp-json\/wp\/v2\/product\/9556\/revisions"}],"predecessor-version":[{"id":9563,"href":"https:\/\/zojopackaging.com\/pt\/wp-json\/wp\/v2\/product\/9556\/revisions\/9563"}],"wp:featuredmedia":[{"embeddable":true,"href":"https:\/\/zojopackaging.com\/pt\/wp-json\/wp\/v2\/media\/9557"}],"wp:attachment":[{"href":"https:\/\/zojopackaging.com\/pt\/wp-json\/wp\/v2\/media?parent=9556"}],"wp:term":[{"taxonomy":"product_brand","embeddable":true,"href":"https:\/\/zojopackaging.com\/pt\/wp-json\/wp\/v2\/product_brand?post=9556"},{"taxonomy":"product_cat","embeddable":true,"href":"https:\/\/zojopackaging.com\/pt\/wp-json\/wp\/v2\/product_cat?post=9556"},{"taxonomy":"product_tag","embeddable":true,"href":"https:\/\/zojopackaging.com\/pt\/wp-json\/wp\/v2\/product_tag?post=9556"}],"curies":[{"name":"wp","href":"https:\/\/api.w.org\/{rel}","templated":true}]}}