{"id":9564,"date":"2025-04-02T21:12:46","date_gmt":"2025-04-02T13:12:46","guid":{"rendered":"https:\/\/zojopackaging.com\/?post_type=product&#038;p=9564"},"modified":"2025-04-02T21:30:59","modified_gmt":"2025-04-02T13:30:59","slug":"eco-friendly-cosmetic-set-face-cream-paper-tube-packaging","status":"publish","type":"product","link":"https:\/\/zojopackaging.com\/pt\/product\/eco-friendly-cosmetic-set-face-cream-paper-tube-packaging\/","title":{"rendered":"Conjunto de Cosm\u00e9ticos Ecol\u00f3gicos Embalagem de Tubo de Papel para Creme Facial"},"content":{"rendered":"<h2 id=\"-1-aesthetic-design-highlighting-the-brand-s-elegant-style-\"><strong>1. Conce\u00e7\u00e3o est\u00e9tica: real\u00e7ar o estilo elegante da marca<\/strong><\/h2>\n<h3 id=\"-soft-visual-presentation-\">-\u00a0<strong>Apresenta\u00e7\u00e3o visual suave<\/strong><\/h3>\n<p>A caixa de cosm\u00e9ticos redonda utiliza um tom rosa suave como base, com um padr\u00e3o geom\u00e9trico em relevo concebido com precis\u00e3o, combinando a arte moderna com o luxo cl\u00e1ssico, refor\u00e7ando na perfei\u00e7\u00e3o o reconhecimento da marca. A combina\u00e7\u00e3o de textura mate e tecnologia parcial de estampagem a quente\/UV confere \u00e0 embalagem uma experi\u00eancia discreta e requintada de alta gama.<\/p>\n<h3 id=\"-customized-artistic-expression-\">-\u00a0<strong>Express\u00e3o art\u00edstica personalizada<\/strong><\/h3>\n<p>Suporta a personaliza\u00e7\u00e3o completa do tipo de caixa, tamanho e padr\u00e3o, e pode ajustar a cor (correspond\u00eancia exacta do n\u00famero de cor Pantone), a textura e os efeitos de superf\u00edcie (como pel\u00edcula t\u00e1til, relevo, verniz parcial) de acordo com o sistema VI da marca, para garantir que a tonalidade da embalagem e do produto s\u00e3o altamente unificadas.<\/p>\n<h2 id=\"-2-both-environmental-protection-and-protective-performance-\"><strong>2. Prote\u00e7\u00e3o ambiental e desempenho protetor<\/strong><\/h2>\n<h3 id=\"-sustainable-material-selection-\">-\u00a0<strong>Sele\u00e7\u00e3o sustent\u00e1vel de materiais<\/strong><\/h3>\n<ul>\n<li><strong>Material de base<\/strong>: \u00c9 utilizado cart\u00e3o de alta qualidade certificado pelo FSC, com espessura opcional (1,5-3 mm), e o forro pode ser adicionado com l\u00e3 de algod\u00e3o reciclada ou tabuleiro interior moldado com polpa de baga\u00e7o de cana-de-a\u00e7\u00facar para obter uma embalagem com menos pl\u00e1stico.<\/li>\n<li><strong>Op\u00e7\u00f5es de atualiza\u00e7\u00e3o amigas do ambiente<\/strong>: o cart\u00e3o de fibra de bambu, a pel\u00edcula mate degrad\u00e1vel e a impress\u00e3o com tinta ecol\u00f3gica \u00e0 base de \u00e1gua est\u00e3o dispon\u00edveis para cumprir as normas ambientais internacionais, como a EU REACH e a FDA.<\/li>\n<\/ul>\n<h3 id=\"-all-round-protection-design-\">-\u00a0<strong>Conce\u00e7\u00e3o de prote\u00e7\u00e3o a toda a volta<\/strong><\/h3>\n<ul>\n<li><strong>Estrutura resistente \u00e0 compress\u00e3o e aos riscos<\/strong>: O corpo da caixa adopta um processo de lamina\u00e7\u00e3o em cart\u00e3o canelado refor\u00e7ado, com um tratamento de superf\u00edcie em pel\u00edcula mate resistente a riscos para resistir \u00e0 fric\u00e7\u00e3o do transporte e \u00e0s altera\u00e7\u00f5es de humidade, garantindo que o produto chega intacto ao terminal.<\/li>\n<li><strong>Adapta\u00e7\u00e3o precisa do revestimento<\/strong>: Os tabuleiros interiores em EVA\/papel podem ser personalizados de acordo com as formas dos produtos, como frascos de creme e p\u00f3s, para fixar o produto e reduzir a agita\u00e7\u00e3o.<\/li>\n<\/ul>\n<h2 id=\"-3-flexible-and-efficient-production-services-\"><strong>3. Servi\u00e7os de produ\u00e7\u00e3o flex\u00edveis e eficientes<\/strong><\/h2>\n<h3 id=\"-quick-response-and-delivery-\">-\u00a0<strong>Resposta e entrega r\u00e1pidas<\/strong><\/h3>\n<ul>\n<li>Apoiamos encomendas experimentais de pequenos lotes (MOQ 500 pe\u00e7as ou mais), as encomendas de produ\u00e7\u00e3o em massa concluir\u00e3o a produ\u00e7\u00e3o e organizar\u00e3o a log\u00edstica internacional no prazo de 7-14 dias, e as encomendas urgentes podem ser aceleradas para 5 dias.<\/li>\n<li>Fornecer um servi\u00e7o \u00fanico: conce\u00e7\u00e3o-prova-produ\u00e7\u00e3o-inspe\u00e7\u00e3o de qualidade-declara\u00e7\u00e3o de exporta\u00e7\u00e3o, e acompanhamento digital do progresso ao longo do processo.<\/li>\n<\/ul>\n<h3 id=\"-global-export-guarantee-\">-\u00a0<strong>Garantia Global de Exporta\u00e7\u00e3o<\/strong><\/h3>\n<ul>\n<li>Profundamente empenhados no dom\u00ednio da exporta\u00e7\u00e3o de embalagens de cosm\u00e9ticos, familiarizados com os requisitos de desalfandegamento de mercados como a Europa, Am\u00e9rica e Sudeste Asi\u00e1tico, fornecendo solu\u00e7\u00f5es de embalagem que cumprem as normas de teste de transporte ISTA 3A para reduzir os riscos de transporte transfronteiri\u00e7o.<\/li>\n<li>Suporta a inser\u00e7\u00e3o de manuais de instru\u00e7\u00f5es em v\u00e1rias l\u00ednguas, etiquetas anti-contrafa\u00e7\u00e3o e embalagens personalizadas de com\u00e9rcio eletr\u00f3nico transfronteiri\u00e7o (como a conce\u00e7\u00e3o integrada de caixas expresso).<\/li>\n<\/ul>\n<h2 id=\"-4-value-added-services-empowering-brand-value-enhancement-\"><strong>4. Servi\u00e7os de valor acrescentado: potenciar o aumento do valor da marca<\/strong><\/h2>\n<h3 id=\"-scenario-based-packaging-extension-\">-\u00a0<strong>Extens\u00e3o da embalagem baseada em cen\u00e1rios<\/strong><\/h3>\n<ul>\n<li>Pode desenvolver a mesma s\u00e9rie de sacos de oferta, fitas e cart\u00f5es de felicita\u00e7\u00f5es plant\u00e1veis (com sementes de plantas) para refor\u00e7ar o conceito de prote\u00e7\u00e3o ambiental e o sentido de ritual da marca.<\/li>\n<li>Apoiar a implanta\u00e7\u00e3o de chips RFID, c\u00f3digo QR interativo AR e outras tecnologias de embalagem inteligente para melhorar a experi\u00eancia do consumidor.<\/li>\n<\/ul>\n<h3 id=\"-cost-optimization-strategy-\">-\u00a0<strong>Estrat\u00e9gia de otimiza\u00e7\u00e3o de custos<\/strong><\/h3>\n<ul>\n<li>Reduzir os custos de abertura do molde atrav\u00e9s da conce\u00e7\u00e3o modular da caixa, fornecer um plano de pre\u00e7os escalonado e beneficiar de um desconto de gradiente de 8-15% para encomendas em grandes quantidades.<\/li>\n<\/ul>","protected":false},"excerpt":{"rendered":"<p>\u2705\u00a0<strong>Equil\u00edbrio entre a prote\u00e7\u00e3o do ambiente e o luxo<\/strong>--Utilizar materiais sustent\u00e1veis para obter uma express\u00e3o visual de alta qualidade<br \/>\n\u2705\u00a0<strong>Garantia de entrega global<\/strong>--10 anos de experi\u00eancia em exporta\u00e7\u00e3o, rede de coopera\u00e7\u00e3o log\u00edstica com taxa de atraso de 0<br \/>\n\u2705\u00a0<strong>Grande liberdade de personaliza\u00e7\u00e3o<\/strong>-Do conceito ao produto acabado, apoio exclusivo da equipa durante todo o processo<\/p>","protected":false},"featured_media":9565,"template":"","meta":[],"product_brand":[],"product_cat":[30,390,31,429],"product_tag":[1210,1212,1211],"class_list":{"0":"post-9564","1":"product","2":"type-product","3":"status-publish","4":"has-post-thumbnail","6":"product_cat-by-industry","7":"product_cat-custom-cosmetics-boxes","8":"product_cat-paper-box-style","9":"product_cat-paper-tube-boxes","10":"product_tag-cosmetic-paper-tube-packaging","11":"product_tag-eco-friendly-paper-tube-packaging","12":"product_tag-face-cream-paper-tube","14":"first","15":"instock","16":"shipping-taxable","17":"product-type-grouped"},"_links":{"self":[{"href":"https:\/\/zojopackaging.com\/pt\/wp-json\/wp\/v2\/product\/9564","targetHints":{"allow":["GET"]}}],"collection":[{"href":"https:\/\/zojopackaging.com\/pt\/wp-json\/wp\/v2\/product"}],"about":[{"href":"https:\/\/zojopackaging.com\/pt\/wp-json\/wp\/v2\/types\/product"}],"version-history":[{"count":2,"href":"https:\/\/zojopackaging.com\/pt\/wp-json\/wp\/v2\/product\/9564\/revisions"}],"predecessor-version":[{"id":9572,"href":"https:\/\/zojopackaging.com\/pt\/wp-json\/wp\/v2\/product\/9564\/revisions\/9572"}],"wp:featuredmedia":[{"embeddable":true,"href":"https:\/\/zojopackaging.com\/pt\/wp-json\/wp\/v2\/media\/9565"}],"wp:attachment":[{"href":"https:\/\/zojopackaging.com\/pt\/wp-json\/wp\/v2\/media?parent=9564"}],"wp:term":[{"taxonomy":"product_brand","embeddable":true,"href":"https:\/\/zojopackaging.com\/pt\/wp-json\/wp\/v2\/product_brand?post=9564"},{"taxonomy":"product_cat","embeddable":true,"href":"https:\/\/zojopackaging.com\/pt\/wp-json\/wp\/v2\/product_cat?post=9564"},{"taxonomy":"product_tag","embeddable":true,"href":"https:\/\/zojopackaging.com\/pt\/wp-json\/wp\/v2\/product_tag?post=9564"}],"curies":[{"name":"wp","href":"https:\/\/api.w.org\/{rel}","templated":true}]}}