{"id":9573,"date":"2025-04-02T21:32:07","date_gmt":"2025-04-02T13:32:07","guid":{"rendered":"https:\/\/zojopackaging.com\/?post_type=product&#038;p=9573"},"modified":"2025-04-03T01:41:07","modified_gmt":"2025-04-02T17:41:07","slug":"custom-decorate-chocolate-cookie-tea-candy-gift-box-factory","status":"publish","type":"product","link":"https:\/\/zojopackaging.com\/pt\/product\/custom-decorate-chocolate-cookie-tea-candy-gift-box-factory\/","title":{"rendered":"F\u00e1brica de caixas de presente com decora\u00e7\u00e3o personalizada para bolachas de chocolate e ch\u00e1 e doces"},"content":{"rendered":"<h2 id=\"-i-magnetic-intelligent-structure-design-\"><strong>1. Conce\u00e7\u00e3o da estrutura magn\u00e9tica inteligente<\/strong><\/h2>\n<p>A caixa de oferta adopta\u00a0<strong>sistema magn\u00e9tico de abertura e fecho incorporado<\/strong>e realiza um ajuste perfeito entre a tampa da caixa e o corpo da caixa atrav\u00e9s dos \u00edmanes de neod\u00edmio ferro boro dispostos com precis\u00e3o.<\/p>\n<ul>\n<li><strong>Oculta\u00e7\u00e3o<\/strong>: Os \u00edmanes est\u00e3o integrados na tampa da caixa e no corpo da caixa, sem estrutura exposta, mantendo o aspeto simples e elegante.<\/li>\n<li><strong>Conveni\u00eancia<\/strong>: Pode ser aberta e fechada com uma \u00fanica press\u00e3o manual, e o curso magn\u00e9tico \u00e9 controlado a 0,3-0,5 mm, com um feedback t\u00e1til claro.<\/li>\n<li><strong>Durabilidade<\/strong>: A estrutura magn\u00e9tica foi testada durante 5000 vezes para abrir e fechar, e a estabilidade \u00e9 superior a 98%.<\/li>\n<\/ul>\n<h2 id=\"-ii-fresh-and-elegant-visual-style-\"><strong>2. Estilo visual fresco e elegante<\/strong><\/h2>\n<p><strong>Correspond\u00eancia de cores<\/strong>:<\/p>\n<ul>\n<li><strong>Conce\u00e7\u00e3o externa<\/strong>: O fundo verde claro \u00e9 combinado com o padr\u00e3o de cisne em relevo, e o material ecol\u00f3gico de textura mate \u00e9 utilizado para apresentar um tom visual calmo e natural.<\/li>\n<li><strong>Conce\u00e7\u00e3o interna<\/strong>: O forro em azul-marinho profundo forma um contraste n\u00edtido com a caixa exterior, refor\u00e7ando o sentido de hierarquia; o compartimento divis\u00f3rio branco refor\u00e7a a funcionalidade e a sofistica\u00e7\u00e3o.\u00a0<strong>Tecnologia de padr\u00f5es<\/strong>:<\/li>\n<li><strong>Estampagem a quente de cisnes<\/strong>: O padr\u00e3o de cisne no corpo da caixa adopta a tecnologia de estampagem a quente em folha de ouro de 24K, com uma precis\u00e3o de 0,1 mm, apresentando um efeito iridescente din\u00e2mico \u00e0 luz.<\/li>\n<li><strong>Log\u00f3tipo da marca<\/strong>: Suporta a tecnologia de estampagem a quente\/laser do LOGOTIPO personalizado para aumentar o reconhecimento da marca e o valor acrescentado.<\/li>\n<\/ul>\n<h2 id=\"-three-environmentally-friendly-materials-and-sustainable-design-\"><strong>3. Materiais amigos do ambiente e conce\u00e7\u00e3o sustent\u00e1vel<\/strong><\/h2>\n<ul>\n<li><strong>Material principal<\/strong>: \u00c9 selecionado um cart\u00e3o branco certificado pelo FSC ou um cart\u00e3o ecol\u00f3gico de polpa de bambu, com uma pel\u00edcula mate degrad\u00e1vel na superf\u00edcie, e passou a certifica\u00e7\u00e3o ambiental ISO14001.<\/li>\n<li><strong>Otimiza\u00e7\u00e3o estrutural<\/strong>: A tampa da caixa e o corpo da caixa adotam a tecnologia de moldagem de uma pe\u00e7a, o erro de costura \u00e9 \u22640,2 mm e a resist\u00eancia \u00e0 compress\u00e3o \u00e9 superior a 50 kg, o que \u00e9 adequado para transporte de longa dist\u00e2ncia.<\/li>\n<li><strong>Tratamento de superf\u00edcie<\/strong>: Impress\u00e3o com tinta ecol\u00f3gica \u00e0 base de \u00e1gua, combinada com tecnologia de cura UV, para garantir que a cor dura e n\u00e3o se desvanece (o teste de resist\u00eancia \u00e0 fric\u00e7\u00e3o atinge o n\u00edvel 4 ou superior).<\/li>\n<\/ul>\n<h2 id=\"-fourth-value-added-services-and-customization-advantages-\"><strong>4. Servi\u00e7os de valor acrescentado e vantagens de personaliza\u00e7\u00e3o<\/strong><\/h2>\n<p>Como a f\u00e1brica de origem na China, n\u00f3s fornecemos todo o apoio:<\/p>\n<h3 id=\"1-free-samples-\">1.\u00a0<strong>Amostras gr\u00e1tis<\/strong>:<\/h3>\n<p>As amostras f\u00edsicas ser\u00e3o enviadas no prazo de 3 dias \u00fateis, incluindo pe\u00e7as de teste da estrutura magn\u00e9tica e pel\u00edculas de demonstra\u00e7\u00e3o do processo de estampagem a quente.<\/p>\n<h3 id=\"2-personalized-design-\">2.\u00a0<strong>Design personalizado<\/strong>:<\/h3>\n<p>A equipa profissional apoia a personaliza\u00e7\u00e3o do padr\u00e3o, tamanho e estrutura do forro, com um ciclo de resposta de \u226448 horas e um n\u00famero ilimitado de modifica\u00e7\u00f5es no projeto de design.<\/p>\n<h3 id=\"3-cost-advantage-\">3.\u00a0<strong>Vantagem em termos de custos<\/strong>:<\/h3>\n<p>A produ\u00e7\u00e3o em grande escala combinada com a sua pr\u00f3pria cadeia de abastecimento de mat\u00e9rias-primas, a cota\u00e7\u00e3o \u00e9 20%-30% inferior ao pre\u00e7o m\u00e9dio do mercado.<\/p>\n<h3 id=\"4-certification-guarantee-\">4.\u00a0<strong>Garantia de certifica\u00e7\u00e3o<\/strong>:<\/h3>\n<p>A f\u00e1brica passou as certifica\u00e7\u00f5es ISO9001 e FSC, e fornece relat\u00f3rios de inspe\u00e7\u00e3o de qualidade e documentos de qualifica\u00e7\u00e3o ambiental.<\/p>","protected":false},"excerpt":{"rendered":"<ul>\n<li><strong>Alimentos de alta qualidade<\/strong>: chocolate, bolachas, ch\u00e1 e outras embalagens de lembran\u00e7as, para aumentar o espa\u00e7o de pr\u00e9mio do produto (a tecnologia de estampagem a quente aumenta o pre\u00e7o do terminal em 15%-20%).<\/li>\n<li><strong>Marketing da marca<\/strong>: edi\u00e7\u00f5es limitadas de f\u00e9rias, personaliza\u00e7\u00e3o de marcas conjuntas e experi\u00eancia de abertura e fecho magn\u00e9ticos para melhorar a intera\u00e7\u00e3o do utilizador e os pontos de mem\u00f3ria.<\/li>\n<li><strong>Imagem sustent\u00e1vel<\/strong>materiais amigos do ambiente e conce\u00e7\u00e3o reutiliz\u00e1vel (por exemplo, caixas de arruma\u00e7\u00e3o para utiliza\u00e7\u00e3o secund\u00e1ria)<\/li>\n<\/ul>","protected":false},"featured_media":9574,"template":"","meta":[],"product_brand":[],"product_cat":[30,422,424,31],"product_tag":[],"class_list":{"0":"post-9573","1":"product","2":"type-product","3":"status-publish","4":"has-post-thumbnail","6":"product_cat-by-industry","7":"product_cat-custom-gourmet-boxes-by-industry","8":"product_cat-magnetic-closure-boxes","9":"product_cat-paper-box-style","11":"first","12":"instock","13":"shipping-taxable","14":"product-type-grouped"},"_links":{"self":[{"href":"https:\/\/zojopackaging.com\/pt\/wp-json\/wp\/v2\/product\/9573","targetHints":{"allow":["GET"]}}],"collection":[{"href":"https:\/\/zojopackaging.com\/pt\/wp-json\/wp\/v2\/product"}],"about":[{"href":"https:\/\/zojopackaging.com\/pt\/wp-json\/wp\/v2\/types\/product"}],"version-history":[{"count":2,"href":"https:\/\/zojopackaging.com\/pt\/wp-json\/wp\/v2\/product\/9573\/revisions"}],"predecessor-version":[{"id":9632,"href":"https:\/\/zojopackaging.com\/pt\/wp-json\/wp\/v2\/product\/9573\/revisions\/9632"}],"wp:featuredmedia":[{"embeddable":true,"href":"https:\/\/zojopackaging.com\/pt\/wp-json\/wp\/v2\/media\/9574"}],"wp:attachment":[{"href":"https:\/\/zojopackaging.com\/pt\/wp-json\/wp\/v2\/media?parent=9573"}],"wp:term":[{"taxonomy":"product_brand","embeddable":true,"href":"https:\/\/zojopackaging.com\/pt\/wp-json\/wp\/v2\/product_brand?post=9573"},{"taxonomy":"product_cat","embeddable":true,"href":"https:\/\/zojopackaging.com\/pt\/wp-json\/wp\/v2\/product_cat?post=9573"},{"taxonomy":"product_tag","embeddable":true,"href":"https:\/\/zojopackaging.com\/pt\/wp-json\/wp\/v2\/product_tag?post=9573"}],"curies":[{"name":"wp","href":"https:\/\/api.w.org\/{rel}","templated":true}]}}