{"id":9581,"date":"2025-04-02T23:41:30","date_gmt":"2025-04-02T15:41:30","guid":{"rendered":"https:\/\/zojopackaging.com\/?post_type=product&#038;p=9581"},"modified":"2025-04-02T23:58:02","modified_gmt":"2025-04-02T15:58:02","slug":"custom-pre-roll-boxes-eco-friendly-packaging-small-slide-out-box-wholesale","status":"publish","type":"product","link":"https:\/\/zojopackaging.com\/pt\/product\/custom-pre-roll-boxes-eco-friendly-packaging-small-slide-out-box-wholesale\/","title":{"rendered":"Caixas de pr\u00e9-enrolamento personalizadas Embalagem ecol\u00f3gica Caixa deslizante pequena por atacado"},"content":{"rendered":"<h3 id=\"1-environmentally-friendly-materials-adaptable-to-multiple-scenarios-\">1.\u00a0<strong>Materiais amigos do ambiente, adapt\u00e1veis a v\u00e1rios cen\u00e1rios<\/strong><\/h3>\n<p>Adotar\u00a0<strong>Papel revestido de 157 g + cart\u00e3o cinzento de 1200 g<\/strong>\u00a0estrutura composta, com elevada resist\u00eancia e propriedades de prote\u00e7\u00e3o ambiental. A superf\u00edcie do papel revestido \u00e9 delicada e pode apresentar efeitos de impress\u00e3o requintados; a camada de cart\u00e3o cinzento proporciona um suporte est\u00e1vel para garantir a resist\u00eancia \u00e0 press\u00e3o e ao choque durante o transporte. O material cumpre as normas ambientais internacionais, \u00e9 recicl\u00e1vel e degrad\u00e1vel, e est\u00e1 em conformidade com o conceito de desenvolvimento sustent\u00e1vel da marca.<\/p>\n<h3 id=\"2-pull-out-design-to-enhance-user-experience-\">2. Deslizar<strong>-Design de sa\u00edda para melhorar a experi\u00eancia do utilizador<\/strong><\/h3>\n<p>O original\u00a0<strong>um puxar e pegar<\/strong>\u00a0A estrutura deslizante permite a remo\u00e7\u00e3o f\u00e1cil dos pr\u00e9-rolos sem opera\u00e7\u00f5es complicadas. O processo de extra\u00e7\u00e3o \u00e9 suave e silencioso, com um sentido de ritual e divers\u00e3o, melhorando a perce\u00e7\u00e3o dos consumidores da qualidade do produto. O design patenteado evita a abertura acidental, garantindo privacidade e estabilidade.<\/p>\n<h3 id=\"3-exclusive-for-adults-accurately-positioned-in-the-high-end-market-\">3.\u00a0<strong>Exclusivo para adultos, posicionado com precis\u00e3o no mercado topo de gama<\/strong><\/h3>\n<p>N\u00e3o est\u00e1 equipado com fun\u00e7\u00e3o de prote\u00e7\u00e3o para crian\u00e7as e foi concebido para cenas de adultos. \u00c9 adequado para\u00a0<strong>tabaco de alta qualidade, ch\u00e1 fino, charutos de cole\u00e7\u00e3o<\/strong>\u00a0e outros produtos que precisam de mostrar estilo. Transmite o tom da marca atrav\u00e9s de uma apar\u00eancia simples e luxuosa para satisfazer as expectativas dos utilizadores de topo de gama relativamente a embalagens requintadas.<\/p>\n<h3 id=\"4-internal-cardboard-orderly-storage-\">4.\u00a0<strong>Cart\u00e3o interior, arruma\u00e7\u00e3o ordenada<\/strong><\/h3>\n<p>A caixa est\u00e1 equipada com\u00a0<strong>divis\u00f3rias em cart\u00e3o personalizadas<\/strong>\u00a0para separar e fixar os 5 pr\u00e9-rolos, a fim de evitar aban\u00f5es e colis\u00f5es durante o transporte. As divis\u00f3rias podem ser impressas com log\u00f3tipos de marcas ou padr\u00f5es decorativos e podem ser apresentadas de forma organizada quando a caixa \u00e9 aberta, o que aumenta a sensa\u00e7\u00e3o de qualidade do produto e a satisfa\u00e7\u00e3o do utilizador ao abrir a caixa.<\/p>\n<h3 id=\"5-full-dimensional-customization-empowering-brand-creativity-\">5.\u00a0<strong>Personaliza\u00e7\u00e3o total, permitindo a criatividade da marca<\/strong><\/h3>\n<p>Apoio\u00a0<strong>servi\u00e7o de personaliza\u00e7\u00e3o completa no interior e no exterior<\/strong>: -\u00a0<strong>Apar\u00eancia<\/strong>: A superf\u00edcie do papel revestido pode ser impressa com padr\u00f5es de alta precis\u00e3o, cores gradientes, tecnologia de estampagem a quente\/prata quente, e \u00e9 adequada para o sistema VI da marca\u00a0<strong>Estrutura<\/strong>: O tamanho e a disposi\u00e7\u00e3o da calha de extra\u00e7\u00e3o e da divis\u00f3ria podem ser ajustados para satisfazer os requisitos de diferentes especifica\u00e7\u00f5es de pr\u00e9-rolos; -\u00a0<strong>Fun\u00e7\u00e3o<\/strong>: Adicionar elementos de valor acrescentado, como o c\u00f3digo QR da hist\u00f3ria da marca e etiquetas anti-contrafa\u00e7\u00e3o, para aumentar a interatividade e a seguran\u00e7a.<\/p>\n<h3 id=\"6-flexible-production-efficient-delivery-\">6.\u00a0<strong>Produ\u00e7\u00e3o flex\u00edvel, entrega eficiente<\/strong><\/h3>\n<p>-\u00a0<strong>Personaliza\u00e7\u00e3o de pequenos lotes<\/strong>: Suporta 500 unidades de encomenda m\u00ednima, prova r\u00e1pida e entrega no prazo de 10 dias \u00fateis, adequado para testes de novos produtos ou vendas limitadas\u00a0<strong>Produ\u00e7\u00e3o em massa em grande escala<\/strong>: Com base em linhas de produ\u00e7\u00e3o automatizadas, a capacidade de produ\u00e7\u00e3o de um \u00fanico lote atinge 100.000 pe\u00e7as, garantindo vantagens de pre\u00e7o e estabilidade de fornecimento.<\/p>\n<h3 id=\"7-owned-factory-quality-assurance-\">7.\u00a0<strong>F\u00e1brica pr\u00f3pria, garantia de qualidade<\/strong><\/h3>\n<p>Temos um\u00a0<strong>5320\u33a1 base de produ\u00e7\u00e3o moderna<\/strong>A nossa empresa est\u00e1 equipada com equipamento avan\u00e7ado, como m\u00e1quinas de impress\u00e3o Heidelberg e m\u00e1quinas de corte e vinco totalmente autom\u00e1ticas, e controlo de qualidade desde a conce\u00e7\u00e3o at\u00e9 \u00e0 produ\u00e7\u00e3o. Seguimos rigorosamente o sistema de gest\u00e3o da qualidade ISO para garantir que cada liga\u00e7\u00e3o cumpre as normas internacionais de embalagem.<\/p>","protected":false},"excerpt":{"rendered":"<p><strong>\u00a0 \u00a0Porqu\u00ea escolher a ZOJO Print?<\/strong><\/p>\n<ul>\n<li><strong>A prote\u00e7\u00e3o do ambiente em primeiro lugar<\/strong>: os materiais s\u00e3o rastre\u00e1veis e s\u00e3o fornecidos relat\u00f3rios sobre a pegada de carbono;<\/li>\n<li><strong>Orientado para a conce\u00e7\u00e3o<\/strong>: Mais de 30 equipas de designers s\u00e9nior, que produzem solu\u00e7\u00f5es originais;<\/li>\n<li><strong>Servi\u00e7o sem preocupa\u00e7\u00f5es<\/strong>: acompanhamento individualizado do servi\u00e7o ao cliente, apoio \u00e0 log\u00edstica e \u00e0 distribui\u00e7\u00e3o a n\u00edvel mundial.<\/li>\n<\/ul>\n<p><strong>Cen\u00e1rios de aplica\u00e7\u00e3o<\/strong>: caixas de oferta de tabaco topo de gama, conjuntos de degusta\u00e7\u00e3o de ch\u00e1, caixas de charutos de edi\u00e7\u00e3o limitada e embalagens de acess\u00f3rios de tabaco ao n\u00edvel da cole\u00e7\u00e3o.<\/p>","protected":false},"featured_media":9586,"template":"","meta":[],"product_brand":[],"product_cat":[30,420,31,426],"product_tag":[1213,1215,1214],"class_list":{"0":"post-9581","1":"product","2":"type-product","3":"status-publish","4":"has-post-thumbnail","6":"product_cat-by-industry","7":"product_cat-custom-cannabis-boxes","8":"product_cat-paper-box-style","9":"product_cat-paper-drawer-boxes","10":"product_tag-custom-pre-roll-boxes","11":"product_tag-eco-friendly-packaging","12":"product_tag-slide-out-box-wholesale","14":"first","15":"instock","16":"shipping-taxable","17":"product-type-simple"},"_links":{"self":[{"href":"https:\/\/zojopackaging.com\/pt\/wp-json\/wp\/v2\/product\/9581","targetHints":{"allow":["GET"]}}],"collection":[{"href":"https:\/\/zojopackaging.com\/pt\/wp-json\/wp\/v2\/product"}],"about":[{"href":"https:\/\/zojopackaging.com\/pt\/wp-json\/wp\/v2\/types\/product"}],"version-history":[{"count":2,"href":"https:\/\/zojopackaging.com\/pt\/wp-json\/wp\/v2\/product\/9581\/revisions"}],"predecessor-version":[{"id":9589,"href":"https:\/\/zojopackaging.com\/pt\/wp-json\/wp\/v2\/product\/9581\/revisions\/9589"}],"wp:featuredmedia":[{"embeddable":true,"href":"https:\/\/zojopackaging.com\/pt\/wp-json\/wp\/v2\/media\/9586"}],"wp:attachment":[{"href":"https:\/\/zojopackaging.com\/pt\/wp-json\/wp\/v2\/media?parent=9581"}],"wp:term":[{"taxonomy":"product_brand","embeddable":true,"href":"https:\/\/zojopackaging.com\/pt\/wp-json\/wp\/v2\/product_brand?post=9581"},{"taxonomy":"product_cat","embeddable":true,"href":"https:\/\/zojopackaging.com\/pt\/wp-json\/wp\/v2\/product_cat?post=9581"},{"taxonomy":"product_tag","embeddable":true,"href":"https:\/\/zojopackaging.com\/pt\/wp-json\/wp\/v2\/product_tag?post=9581"}],"curies":[{"name":"wp","href":"https:\/\/api.w.org\/{rel}","templated":true}]}}