{"id":9590,"date":"2025-04-02T23:58:37","date_gmt":"2025-04-02T15:58:37","guid":{"rendered":"https:\/\/zojopackaging.com\/?post_type=product&#038;p=9590"},"modified":"2025-04-03T00:06:35","modified_gmt":"2025-04-02T16:06:35","slug":"customized-pre-roll-drawer-box-vaping-packaging-manufacturer","status":"publish","type":"product","link":"https:\/\/zojopackaging.com\/pt\/product\/customized-pre-roll-drawer-box-vaping-packaging-manufacturer\/","title":{"rendered":"Caixa de gaveta pr\u00e9-rolamento personalizada - Fabricante de embalagens para vaporiza\u00e7\u00e3o"},"content":{"rendered":"<h3 id=\"1-intelligent-child-proof-lock-design-guarding-the-bottom-line-of-safety-\">1.\u00a0<strong>Design inteligente do cadeado \u00e0 prova de crian\u00e7as, protegendo a linha de fundo da seguran\u00e7a<\/strong><\/h3>\n<p>A caixa de extra\u00e7\u00e3o tem uma\u00a0<strong>cadeado para crian\u00e7as em conformidade com a norma internacional ISO 8317<\/strong>. Atrav\u00e9s da estrutura de duplo seguro das fivelas internas e externas (como a combina\u00e7\u00e3o de fivelas externas e blocos em cunha), garante-se que as crian\u00e7as com menos de 5 anos de idade n\u00e3o a podem abrir, enquanto os adultos podem oper\u00e1-la facilmente. O desbloqueio requer tr\u00eas pux\u00f5es consecutivos e r\u00e1pidos no espa\u00e7o de 2 segundos, o que reduz eficazmente o risco de toque acidental e cumpre integralmente os requisitos da \"Norma Nacional Obrigat\u00f3ria para Cigarros Electr\u00f3nicos\".<\/p>\n<h3 id=\"2-environmentally-friendly-materials-sturdy-and-durable-\">2.\u00a0<strong>Materiais amigos do ambiente, robustos e duradouros<\/strong><\/h3>\n<p>Adotar\u00a0<strong>Papel revestido de 157 g + cart\u00e3o cinzento de 1200 g<\/strong>\u00a0Com uma estrutura composta, a superf\u00edcie do papel revestido \u00e9 delicada e suporta a impress\u00e3o de alta defini\u00e7\u00e3o, e a camada de cart\u00e3o cinzento proporciona prote\u00e7\u00e3o contra compress\u00e3o e choques para garantir que o pr\u00e9-rolo se mant\u00e9m est\u00e1vel e intacto durante o transporte. O material passou a certifica\u00e7\u00e3o ambiental RoHS, \u00e9 recicl\u00e1vel e degrad\u00e1vel e est\u00e1 em conformidade com os objectivos de desenvolvimento sustent\u00e1vel da marca.<\/p>\n<h3 id=\"3-four-color-printing-laminating-process-visual-and-texture-coexist-\">3.\u00a0<strong>Impress\u00e3o a quatro cores + processo de lamina\u00e7\u00e3o, coexist\u00eancia de visual e textura<\/strong><\/h3>\n<p>-\u00a0<strong>Impress\u00e3o a quatro cores<\/strong>: Adoptando a tecnologia de sobreimpress\u00e3o de alta precis\u00e3o em ciano, magenta, amarelo e preto (CMYK), a taxa de reprodu\u00e7\u00e3o de cores \u00e9 superior a 95% e suporta efeitos complexos, como gradientes e cores diretas\u00a0<strong>Processo de lamina\u00e7\u00e3o<\/strong>: Lamina\u00e7\u00e3o opcional mate\/brilhante para melhorar a resist\u00eancia \u00e0 humidade e ao desgaste, melhorando simultaneamente o toque e o n\u00edvel visual, tornando a embalagem mais sofisticada e requintada.<\/p>\n<h3 id=\"4-modular-cardboard-design-orderly-storage-\">4.\u00a0<strong>Design modular em cart\u00e3o, arruma\u00e7\u00e3o ordenada<\/strong><\/h3>\n<p>A caixa est\u00e1 equipada com\u00a0<strong>divis\u00f3rias em cart\u00e3o personalizadas<\/strong>que pode separar 5 pr\u00e9-rolos de forma flex\u00edvel para evitar aban\u00f5es e colis\u00f5es durante o transporte. A divis\u00f3ria suporta a impress\u00e3o do LOGOTIPO da marca, informa\u00e7\u00f5es sobre o produto ou padr\u00f5es decorativos, e a apresenta\u00e7\u00e3o clara pode ser vista quando a caixa \u00e9 aberta, o que melhora a experi\u00eancia do utilizador e a qualidade do produto.<\/p>\n<h3 id=\"5-full-dimensional-customization-service-unleashing-brand-creativity-\">5.\u00a0<strong>Servi\u00e7o de personaliza\u00e7\u00e3o de todas as dimens\u00f5es, libertando a criatividade da marca<\/strong><\/h3>\n<p>-\u00a0<strong>Personaliza\u00e7\u00e3o do aspeto<\/strong>: A superf\u00edcie do papel revestido pode ser impressa com padr\u00f5es de alta precis\u00e3o, estampagem a quente\/prata quente, grava\u00e7\u00e3o UV e outros processos, adaptados ao sistema VI da marca; -\u00a0<strong>Personaliza\u00e7\u00e3o de fun\u00e7\u00f5es<\/strong>: Permite acrescentar etiquetas anti-contrafa\u00e7\u00e3o, rastreabilidade por c\u00f3digo QR, forro amov\u00edvel e outros desenhos de valor acrescentado; -\u00a0<strong>Personaliza\u00e7\u00e3o da estrutura<\/strong>: O comprimento da calha de extra\u00e7\u00e3o, o tamanho da divis\u00f3ria e a disposi\u00e7\u00e3o podem ser ajustados para corresponder a diferentes especifica\u00e7\u00f5es de pr\u00e9-rolos.<\/p>\n<h3 id=\"6-fully-automated-production-line-efficient-and-worry-free-delivery-\">6.\u00a0<strong>Linha de produ\u00e7\u00e3o totalmente automatizada, entrega eficiente e sem preocupa\u00e7\u00f5es<\/strong><\/h3>\n<p>Confiar em\u00a0<strong>m\u00e1quinas de corte e vinco totalmente autom\u00e1ticas, linhas de impress\u00e3o de alta velocidade<\/strong>\u00a0e outros equipamentos avan\u00e7ados, consegue-se uma liga\u00e7\u00e3o perfeita desde a conce\u00e7\u00e3o at\u00e9 \u00e0 produ\u00e7\u00e3o em massa: -\u00a0<strong>Personaliza\u00e7\u00e3o de pequenos lotes<\/strong>: Encomenda m\u00ednima de 500 unidades, entrega no prazo de 10 dias \u00fateis, apoio \u00e0 prova r\u00e1pida e revis\u00e3o flex\u00edvel; -\u00a0<strong>Produ\u00e7\u00e3o em massa em grande escala<\/strong>: capacidade de produ\u00e7\u00e3o de um \u00fanico lote superior a 100.000 pe\u00e7as, prazo de entrega est\u00e1vel e custo control\u00e1vel.<\/p>\n<h3 id=\"7-16-years-of-industry-experience-one-stop-service-guarantee-\">7.\u00a0<strong>16 anos de experi\u00eancia no sector, garantia de servi\u00e7o \u00fanico<\/strong><\/h3>\n<p>Como fabricante s\u00e9nior com\u00a0<strong>16 anos de experi\u00eancia no fabrico de caixas extra\u00edveis<\/strong>, ZOJO Print oferece: -\u00a0<strong>Apoio \u00e0 conce\u00e7\u00e3o<\/strong>: Uma equipa profissional de 30 pessoas assegura a conce\u00e7\u00e3o de casos completos, tais como modela\u00e7\u00e3o 3D e otimiza\u00e7\u00e3o estrutural; -\u00a0<strong>Sistema de controlo da qualidade<\/strong>: Passou a certifica\u00e7\u00e3o ISO 9001, inspe\u00e7\u00e3o de qualidade de processo completo para garantir o envio sem defeitos; -\u00a0<strong>Log\u00edstica global<\/strong>: Armazenagem pr\u00f3pria + rede log\u00edstica cooperativa, abrangendo mais de 50 pa\u00edses, apoiando os termos DDP\/DDU.<\/p>","protected":false},"excerpt":{"rendered":"<p><strong> Porqu\u00ea escolher a ZOJO Print?\u00a0<\/strong><\/p>\n<p>-\u00a0<strong>Seguran\u00e7a e conformidade<\/strong>: Obteve certifica\u00e7\u00f5es internacionais, como CE e FCC, e forneceu relat\u00f3rios de teste de bloqueio para crian\u00e7as;<\/p>\n<p>-<strong>\u00a0Compromisso ambiental:<\/strong> Os materiais s\u00e3o rastre\u00e1veis e apoiam solu\u00e7\u00f5es de embalagem neutras em termos de carbono;<\/p>\n<p><strong>- Resposta \u00e1gil:<\/strong> Servi\u00e7o de apoio ao cliente em linha 24 horas por dia, produ\u00e7\u00e3o acelerada em 48 horas para encomendas urgentes.<\/p>","protected":false},"featured_media":9596,"template":"","meta":[],"product_brand":[],"product_cat":[30,420,31,426],"product_tag":[1216,1217,1218],"class_list":{"0":"post-9590","1":"product","2":"type-product","3":"status-publish","4":"has-post-thumbnail","6":"product_cat-by-industry","7":"product_cat-custom-cannabis-boxes","8":"product_cat-paper-box-style","9":"product_cat-paper-drawer-boxes","10":"product_tag-customized-pre-roll-drawer-box","11":"product_tag-pre-roll-drawer-box","12":"product_tag-vaping-packaging","14":"first","15":"instock","16":"shipping-taxable","17":"product-type-simple"},"_links":{"self":[{"href":"https:\/\/zojopackaging.com\/pt\/wp-json\/wp\/v2\/product\/9590","targetHints":{"allow":["GET"]}}],"collection":[{"href":"https:\/\/zojopackaging.com\/pt\/wp-json\/wp\/v2\/product"}],"about":[{"href":"https:\/\/zojopackaging.com\/pt\/wp-json\/wp\/v2\/types\/product"}],"version-history":[{"count":1,"href":"https:\/\/zojopackaging.com\/pt\/wp-json\/wp\/v2\/product\/9590\/revisions"}],"predecessor-version":[{"id":9597,"href":"https:\/\/zojopackaging.com\/pt\/wp-json\/wp\/v2\/product\/9590\/revisions\/9597"}],"wp:featuredmedia":[{"embeddable":true,"href":"https:\/\/zojopackaging.com\/pt\/wp-json\/wp\/v2\/media\/9596"}],"wp:attachment":[{"href":"https:\/\/zojopackaging.com\/pt\/wp-json\/wp\/v2\/media?parent=9590"}],"wp:term":[{"taxonomy":"product_brand","embeddable":true,"href":"https:\/\/zojopackaging.com\/pt\/wp-json\/wp\/v2\/product_brand?post=9590"},{"taxonomy":"product_cat","embeddable":true,"href":"https:\/\/zojopackaging.com\/pt\/wp-json\/wp\/v2\/product_cat?post=9590"},{"taxonomy":"product_tag","embeddable":true,"href":"https:\/\/zojopackaging.com\/pt\/wp-json\/wp\/v2\/product_tag?post=9590"}],"curies":[{"name":"wp","href":"https:\/\/api.w.org\/{rel}","templated":true}]}}