{"id":9598,"date":"2025-04-03T00:07:05","date_gmt":"2025-04-02T16:07:05","guid":{"rendered":"https:\/\/zojopackaging.com\/?post_type=product&#038;p=9598"},"modified":"2025-04-03T00:17:29","modified_gmt":"2025-04-02T16:17:29","slug":"custom-paper-pre-roll-slider-box-packaging-manufacturer-in-china","status":"publish","type":"product","link":"https:\/\/zojopackaging.com\/pt\/product\/custom-paper-pre-roll-slider-box-packaging-manufacturer-in-china\/","title":{"rendered":"Fabricante de embalagem de caixa deslizante pr\u00e9-laminada de papel personalizado na China"},"content":{"rendered":"<h3 id=\"1-environmentally-friendly-materials-texture-and-sustainability-are-equally-important-\">1.\u00a0<strong>Os materiais amigos do ambiente, a textura e a sustentabilidade s\u00e3o igualmente importantes<\/strong><\/h3>\n<p>A caixa de extens\u00e3o adopta uma\u00a0<strong>Papel revestido de 157 g + cart\u00e3o cinzento de 1200 g<\/strong>\u00a0estrutura composta. A superf\u00edcie fina do papel revestido suporta a impress\u00e3o de alta defini\u00e7\u00e3o, e a camada de cart\u00e3o cinzento proporciona prote\u00e7\u00e3o contra compress\u00e3o e choques para garantir que o pr\u00e9-rolo se mant\u00e9m est\u00e1vel e intacto durante o transporte. O material foi aprovado\u00a0<strong>Certifica\u00e7\u00e3o florestal FSC<\/strong>\u00a0e\u00a0<strong>Normas de prote\u00e7\u00e3o ambiental RoHS<\/strong>e pode ser totalmente reciclado e degradado, o que est\u00e1 em conformidade com a \"proibi\u00e7\u00e3o do pl\u00e1stico\" da China e com a tend\u00eancia mundial de redu\u00e7\u00e3o do pl\u00e1stico.<\/p>\n<h3 id=\"2-ergonomic-design-balance-of-portability-and-aesthetics-\">2.\u00a0<strong>Design ergon\u00f3mico, equil\u00edbrio entre portabilidade e est\u00e9tica<\/strong><\/h3>\n<p>A caixa de extens\u00e3o adopta uma\u00a0<strong>estrutura retangular de propor\u00e7\u00e3o \u00e1urea<\/strong>Com uma espessura inferior a 2,5 cm e um peso de apenas 150 g, pode ser facilmente colocado num bolso ou numa mala de m\u00e3o. A superf\u00edcie utiliza\u00a0<strong>impress\u00e3o a quatro cores + estampagem UV parcial<\/strong>\u00a0suporta efeitos complexos, como gradientes e estampagem a quente, e apresenta instantaneamente a tens\u00e3o visual da marca quando \u00e9 aberta e fechada, melhorando a primeira impress\u00e3o dos consumidores.<\/p>\n<h3 id=\"3-convenient-access-system-optimize-user-experience-\">3.\u00a0<strong>Sistema de acesso conveniente, otimizar a experi\u00eancia do utilizador<\/strong><\/h3>\n<p>-\u00a0<strong>Tra\u00e7\u00e3o e extra\u00e7\u00e3o da fita<\/strong>: Fita de nylon de alta densidade incorporada, a resist\u00eancia ao deslizamento \u00e9 reduzida em 60%, e os mini pr\u00e9-rolos podem ser retirados rapidamente com uma m\u00e3o; -\u00a0<strong>Tabuleiro interior personalizado<\/strong>: As divis\u00f3rias de material PP de qualidade alimentar podem separar 5-10 pr\u00e9-rolos para evitar aban\u00f5es e colis\u00f5es durante o transporte, e ficam bem vis\u00edveis quando a caixa \u00e9 aberta.<\/p>\n<h3 id=\"4-full-dimensional-customization-empowering-brand-differentiation-\">4.\u00a0<strong>Personaliza\u00e7\u00e3o total, permitindo a diferencia\u00e7\u00e3o da marca<\/strong><\/h3>\n<p>-\u00a0<strong>Personaliza\u00e7\u00e3o do tamanho<\/strong>: Suporta especifica\u00e7\u00f5es m\u00ednimas de 5cm\u00d73cm a m\u00e1ximas de 12cm\u00d78cm, adaptando-se a diferentes di\u00e2metros e quantidades de pr\u00e9-rolos\u00a0<strong>Personaliza\u00e7\u00e3o de fun\u00e7\u00f5es<\/strong>: Adicionar desenhos de valor acrescentado, tais como etiquetas anti-contrafa\u00e7\u00e3o, chips NFC e revestimentos amov\u00edveis; -\u00a0<strong>Capacita\u00e7\u00e3o cultural<\/strong>: Incorporar elementos como a tinta chinesa e os padr\u00f5es do patrim\u00f3nio cultural imaterial na impress\u00e3o para criar modelos conjuntos de PI cultural.<\/p>\n<h3 id=\"5-16-years-of-manufacturing-experience-quality-control-system-\">5.\u00a0<strong>16 anos de experi\u00eancia de fabrico, sistema de controlo de qualidade<\/strong><\/h3>\n<p>Desde a sua cria\u00e7\u00e3o em 2009, a ZOJO Print produziu mais de 20 milh\u00f5es de caixas extra\u00edveis e estabeleceu\u00a0<strong>Sistema de gest\u00e3o da qualidade ISO 9001<\/strong>. Desde o teste da mat\u00e9ria-prima at\u00e9 \u00e0 amostragem do produto acabado, 23 processos s\u00e3o totalmente rastre\u00e1veis. A taxa de recompra dos clientes \u00e9 de 82%, e a taxa de devolu\u00e7\u00e3o \u00e9 inferior a 0,3%.<\/p>\n<h3 id=\"6-smart-equipment-cluster-efficiency-and-precision-guarantee-\">6.\u00a0<strong>Conjunto de equipamentos inteligentes, garantia de efici\u00eancia e precis\u00e3o<\/strong><\/h3>\n<p>A f\u00e1brica est\u00e1 equipada com\u00a0<strong>M\u00e1quina de impress\u00e3o alem\u00e3 Heidelberg CD102-8<\/strong>\u00a0(precis\u00e3o \u00b10,02mm),\u00a0<strong>m\u00e1quina de corte e vinco totalmente autom\u00e1tica<\/strong>\u00a0(velocidade 12.000 folhas\/hora) e\u00a0<strong>m\u00e1quina de grava\u00e7\u00e3o a laser<\/strong>que suporta o corte de formas especiais de alta densidade e o processamento de microfuros, com uma abertura m\u00ednima de 0,5 mm, satisfazendo as necessidades das embalagens de luxo.<\/p>\n<h3 id=\"7-one-stop-service-full-link-solution-\">7.\u00a0<strong>Servi\u00e7o de balc\u00e3o \u00fanico, solu\u00e7\u00e3o de liga\u00e7\u00e3o completa<\/strong><\/h3>\n<p>De\u00a0<strong>conce\u00e7\u00e3o concetual<\/strong>\u00a0(fornecendo modela\u00e7\u00e3o 3D e provas) para\u00a0<strong>entrega de produ\u00e7\u00e3o em massa<\/strong>\u00a0(com uma encomenda m\u00ednima de 500 unidades, prova r\u00e1pida de 15 dias), com\u00a0<strong>log\u00edstica e armazenagem<\/strong>\u00a0(5.000 metros quadrados de armaz\u00e9ns pr\u00f3prios) e\u00a0<strong>desalfandegamento transfronteiri\u00e7o<\/strong>\u00a0servi\u00e7os, abrangendo a China continental, Hong Kong, Macau, Taiwan e os mercados do Sudeste Asi\u00e1tico.<\/p>","protected":false},"excerpt":{"rendered":"<p><strong>Porqu\u00ea escolher a ZOJO Print?\u00a0<\/strong><\/p>\n<p>-\u00a0<strong>Certifica\u00e7\u00e3o de conformidade<\/strong>: Aprovado no teste de material de contacto alimentar da FDA e na certifica\u00e7\u00e3o de seguran\u00e7a de embalagem CE;<\/p>\n<p>-\u00a0<strong>Vantagem em termos de custos<\/strong>: A produ\u00e7\u00e3o centralizada reduz os custos log\u00edsticos em 30% e permite a personaliza\u00e7\u00e3o de pequenos lotes.<\/p>","protected":false},"featured_media":9600,"template":"","meta":[],"product_brand":[],"product_cat":[30,420,31,426],"product_tag":[1220,1219,1221],"class_list":{"0":"post-9598","1":"product","2":"type-product","3":"status-publish","4":"has-post-thumbnail","6":"product_cat-by-industry","7":"product_cat-custom-cannabis-boxes","8":"product_cat-paper-box-style","9":"product_cat-paper-drawer-boxes","10":"product_tag-custom-paper-pre-roll-slider-box","11":"product_tag-packaging-manufacturer","12":"product_tag-pre-roll-slider-box","14":"first","15":"instock","16":"shipping-taxable","17":"product-type-simple"},"_links":{"self":[{"href":"https:\/\/zojopackaging.com\/pt\/wp-json\/wp\/v2\/product\/9598","targetHints":{"allow":["GET"]}}],"collection":[{"href":"https:\/\/zojopackaging.com\/pt\/wp-json\/wp\/v2\/product"}],"about":[{"href":"https:\/\/zojopackaging.com\/pt\/wp-json\/wp\/v2\/types\/product"}],"version-history":[{"count":1,"href":"https:\/\/zojopackaging.com\/pt\/wp-json\/wp\/v2\/product\/9598\/revisions"}],"predecessor-version":[{"id":9605,"href":"https:\/\/zojopackaging.com\/pt\/wp-json\/wp\/v2\/product\/9598\/revisions\/9605"}],"wp:featuredmedia":[{"embeddable":true,"href":"https:\/\/zojopackaging.com\/pt\/wp-json\/wp\/v2\/media\/9600"}],"wp:attachment":[{"href":"https:\/\/zojopackaging.com\/pt\/wp-json\/wp\/v2\/media?parent=9598"}],"wp:term":[{"taxonomy":"product_brand","embeddable":true,"href":"https:\/\/zojopackaging.com\/pt\/wp-json\/wp\/v2\/product_brand?post=9598"},{"taxonomy":"product_cat","embeddable":true,"href":"https:\/\/zojopackaging.com\/pt\/wp-json\/wp\/v2\/product_cat?post=9598"},{"taxonomy":"product_tag","embeddable":true,"href":"https:\/\/zojopackaging.com\/pt\/wp-json\/wp\/v2\/product_tag?post=9598"}],"curies":[{"name":"wp","href":"https:\/\/api.w.org\/{rel}","templated":true}]}}